{"id":1479,"date":"2020-05-08T18:57:34","date_gmt":"2020-05-08T18:57:34","guid":{"rendered":"https:\/\/new.deschenaux.me\/?page_id=1479"},"modified":"2021-08-18T18:28:00","modified_gmt":"2021-08-18T18:28:00","slug":"investors","status":"publish","type":"page","link":"https:\/\/chateauentertainment.co\/de\/investors\/","title":{"rendered":"Investoren"},"content":{"rendered":"<div data-elementor-type=\"wp-page\" data-elementor-id=\"1479\" class=\"elementor elementor-1479\" data-elementor-post-type=\"page\">\n\t\t\t\t\t\t<section class=\"elementor-section elementor-top-section elementor-element elementor-element-34478bd elementor-section-boxed elementor-section-height-default elementor-section-height-default\" data-id=\"34478bd\" data-element_type=\"section\">\n\t\t\t\t\t\t<div class=\"elementor-container elementor-column-gap-default\">\n\t\t\t\t\t<div class=\"elementor-column elementor-col-100 elementor-top-column elementor-element elementor-element-6d898d1\" data-id=\"6d898d1\" data-element_type=\"column\">\n\t\t\t<div class=\"elementor-widget-wrap elementor-element-populated\">\n\t\t\t\t\t\t<div class=\"elementor-element elementor-element-5db9fe4 elementor-widget elementor-widget-heading\" data-id=\"5db9fe4\" data-element_type=\"widget\" data-widget_type=\"heading.default\">\n\t\t\t\t<div class=\"elementor-widget-container\">\n\t\t\t\t\t<h3 class=\"elementor-heading-title elementor-size-default\">Eine Investitionsm\u00f6glichkeit, die Sie nicht verpassen d\u00fcrfen!<\/h3>\t\t\t\t<\/div>\n\t\t\t\t<\/div>\n\t\t\t\t<div class=\"elementor-element elementor-element-648e04d elementor-widget elementor-widget-text-editor\" data-id=\"648e04d\" data-element_type=\"widget\" data-widget_type=\"text-editor.default\">\n\t\t\t\t<div class=\"elementor-widget-container\">\n\t\t\t\t\t\t\t\t\t<p>Steigern Sie Ihre Gewinne und minimieren Sie gleichzeitig das Risiko. Arbeiten Sie mit Chateau Entertainment zusammen, um hohe Kapitalrenditen zu erzielen. Bei Chateau Entertainment haben wir nach eingehender Branchenforschung und -erkenntnissen sorgf\u00e4ltig ein erfolgreiches Anlageangebot f\u00fcr unsere Investoren ausgearbeitet. Basierend auf den gesammelten Erkenntnissen und Informationen glauben wir, dass jetzt der beste Zeitpunkt ist, in die Unterhaltungsbranche zu investieren und ihren Erfolg neu zu definieren.<\/p><p>Unser Angebot ist einzigartig und profitabel. Wir konzentrieren uns auf den Erwerb historischer Wahrzeichen, Burgen und Anwesen. Von mittelalterlichen schottischen Burgen bis hin zu historischen, ikonischen franz\u00f6sischen Schl\u00f6ssern zielen wir darauf ab, alle Arten verlassener historischer Anwesen zu erwerben und ihnen ihren fr\u00fcheren Glanz zur\u00fcckzugeben. Wenn Sie sich fragen, wie Sie davon profitieren k\u00f6nnen, erfahren Sie hier, wie. Erkenntnisse aus unserer Forschung zeigen, dass:<\/p>\t\t\t\t\t\t\t\t<\/div>\n\t\t\t\t<\/div>\n\t\t\t\t<div class=\"elementor-element elementor-element-d5e8c40 elementor-icon-list--layout-traditional elementor-list-item-link-full_width elementor-widget elementor-widget-icon-list\" data-id=\"d5e8c40\" data-element_type=\"widget\" data-widget_type=\"icon-list.default\">\n\t\t\t\t<div class=\"elementor-widget-container\">\n\t\t\t\t\t\t\t<ul class=\"elementor-icon-list-items\">\n\t\t\t\t\t\t\t<li class=\"elementor-icon-list-item\">\n\t\t\t\t\t\t\t\t\t\t\t<span class=\"elementor-icon-list-icon\">\n\t\t\t\t\t\t\t<i aria-hidden=\"true\" class=\"fas fa-hand-point-right\"><\/i>\t\t\t\t\t\t<\/span>\n\t\t\t\t\t\t\t\t\t\t<span class=\"elementor-icon-list-text\">Diese verlassenen historischen Immobilien, deren Geschichte mindestens bis ins Jahr 1850 zur\u00fcckreicht, sind zu g\u00fcnstigen Preisen erh\u00e4ltlich.<\/span>\n\t\t\t\t\t\t\t\t\t<\/li>\n\t\t\t\t\t\t\t\t<li class=\"elementor-icon-list-item\">\n\t\t\t\t\t\t\t\t\t\t\t<span class=\"elementor-icon-list-icon\">\n\t\t\t\t\t\t\t<i aria-hidden=\"true\" class=\"fas fa-hand-point-right\"><\/i>\t\t\t\t\t\t<\/span>\n\t\t\t\t\t\t\t\t\t\t<span class=\"elementor-icon-list-text\">Die Belohnung f\u00fcr die Wiederherstellung eines preiswerten, hundert Jahre alten historischen Herrenhauses in seinen urspr\u00fcnglichen Zustand ist unbezahlbar.<\/span>\n\t\t\t\t\t\t\t\t\t<\/li>\n\t\t\t\t\t\t\t\t<li class=\"elementor-icon-list-item\">\n\t\t\t\t\t\t\t\t\t\t\t<span class=\"elementor-icon-list-icon\">\n\t\t\t\t\t\t\t<i aria-hidden=\"true\" class=\"fas fa-hand-point-right\"><\/i>\t\t\t\t\t\t<\/span>\n\t\t\t\t\t\t\t\t\t\t<span class=\"elementor-icon-list-text\">Es wird f\u00fcr die Leute nicht nur unglaublich reizvoll sein, es zu besuchen und zu erkunden, sondern sie werden hier auch den besten Zugang zu Unterhaltung haben, da wir planen, es an Entertainer und K\u00fcnstler zu vermieten.<\/span>\n\t\t\t\t\t\t\t\t\t<\/li>\n\t\t\t\t\t\t\t\t<li class=\"elementor-icon-list-item\">\n\t\t\t\t\t\t\t\t\t\t\t<span class=\"elementor-icon-list-icon\">\n\t\t\t\t\t\t\t<i aria-hidden=\"true\" class=\"fas fa-hand-point-right\"><\/i>\t\t\t\t\t\t<\/span>\n\t\t\t\t\t\t\t\t\t\t<span class=\"elementor-icon-list-text\">Auch die Nachfrage nach Schloss-Mietobjekten steigt.<\/span>\n\t\t\t\t\t\t\t\t\t<\/li>\n\t\t\t\t\t\t<\/ul>\n\t\t\t\t\t\t<\/div>\n\t\t\t\t<\/div>\n\t\t\t\t<div class=\"elementor-element elementor-element-eda5f19 elementor-widget elementor-widget-text-editor\" data-id=\"eda5f19\" data-element_type=\"widget\" data-widget_type=\"text-editor.default\">\n\t\t\t\t<div class=\"elementor-widget-container\">\n\t\t\t\t\t\t\t\t\t<p>Abgesehen davon gibt es f\u00fcr unsere potenziellen Investoren eine weitere spannende Neuigkeit: Viele Entertainer aus der Branche, darunter Top-Zauberer und K\u00fcnstler wie Mark Setteducati, Jeff Sheridan und Oliver, sind daran interessiert, restaurierte Schl\u00f6sser zu vermieten. Das zeigt ihr Vertrauen in unser Angebot. Sie sind schon seit Langem in der Unterhaltungsbranche t\u00e4tig und k\u00f6nnen erkennen, wie unser Angebot darauf abzielt, die Spannung und Begeisterung in die Live-Unterhaltung zur\u00fcckzubringen.<\/p><p>Ebenso haben sich viele Investoren mit uns zusammengetan, um uns zu unterst\u00fctzen. Da es sich jedoch um ein riesiges und einzigartiges Investitionsprojekt handelt, w\u00fcrden wir uns w\u00fcnschen, dass sich mehr Investoren uns anschlie\u00dfen, um unsere Vision Wirklichkeit werden zu lassen. Wir laden auch Sie ein. Begleiten Sie uns bei diesem Vorhaben und werden Sie Teil eines Investitionsprojekts, das Geschichte schreiben wird. Erzielen Sie Gewinne f\u00fcr Ihr Anlageportfolio bei minimalem Risiko.<\/p>\t\t\t\t\t\t\t\t<\/div>\n\t\t\t\t<\/div>\n\t\t\t\t<div class=\"elementor-element elementor-element-cbc765a elementor-align-center elementor-widget elementor-widget-button\" data-id=\"cbc765a\" data-element_type=\"widget\" data-widget_type=\"button.default\">\n\t\t\t\t<div class=\"elementor-widget-container\">\n\t\t\t\t\t\t\t\t\t<div class=\"elementor-button-wrapper\">\n\t\t\t\t\t<a class=\"elementor-button elementor-button-link elementor-size-lg\" href=\"\/de\/contact\/\">\n\t\t\t\t\t\t<span class=\"elementor-button-content-wrapper\">\n\t\t\t\t\t\t\t\t\t<span class=\"elementor-button-text\">Buchen Sie noch heute ein Meeting.<\/span>\n\t\t\t\t\t<\/span>\n\t\t\t\t\t<\/a>\n\t\t\t\t<\/div>\n\t\t\t\t\t\t\t\t<\/div>\n\t\t\t\t<\/div>\n\t\t\t\t\t<\/div>\n\t\t<\/div>\n\t\t\t\t\t<\/div>\n\t\t<\/section>\n\t\t\t\t<\/div>","protected":false},"excerpt":{"rendered":"<p>Eine Investitionsm\u00f6glichkeit, die Sie nicht verpassen d\u00fcrfen! Steigern Sie Ihre Gewinne und minimieren Sie gleichzeitig das Risiko. Arbeiten Sie mit Chateau Entertainment zusammen, um hohe Kapitalrenditen zu erzielen. Bei Chateau Entertainment haben wir nach eingehender Branchenforschung und -erkenntnissen sorgf\u00e4ltig ein erfolgreiches Investitionsangebot f\u00fcr unsere Investoren ausgearbeitet. Basierend auf den gesammelten Erkenntnissen und Informationen glauben wir, dass jetzt der beste Zeitpunkt ist \u2026 <a title=\"Investoren\" class=\"read-more\" href=\"https:\/\/chateauentertainment.co\/de\/investors\/\" aria-label=\"Mehr Informationen \u00fcber Investors\">Weiterlesen<\/a><\/p>","protected":false},"author":1,"featured_media":0,"parent":0,"menu_order":9,"comment_status":"closed","ping_status":"closed","template":"","meta":{"footnotes":""},"class_list":["post-1479","page","type-page","status-publish"],"_links":{"self":[{"href":"https:\/\/chateauentertainment.co\/de\/wp-json\/wp\/v2\/pages\/1479","targetHints":{"allow":["GET"]}}],"collection":[{"href":"https:\/\/chateauentertainment.co\/de\/wp-json\/wp\/v2\/pages"}],"about":[{"href":"https:\/\/chateauentertainment.co\/de\/wp-json\/wp\/v2\/types\/page"}],"author":[{"embeddable":true,"href":"https:\/\/chateauentertainment.co\/de\/wp-json\/wp\/v2\/users\/1"}],"replies":[{"embeddable":true,"href":"https:\/\/chateauentertainment.co\/de\/wp-json\/wp\/v2\/comments?post=1479"}],"version-history":[{"count":0,"href":"https:\/\/chateauentertainment.co\/de\/wp-json\/wp\/v2\/pages\/1479\/revisions"}],"wp:attachment":[{"href":"https:\/\/chateauentertainment.co\/de\/wp-json\/wp\/v2\/media?parent=1479"}],"curies":[{"name":"wp","href":"https:\/\/api.w.org\/{rel}","templated":true}]}}