{"id":1819,"date":"2020-05-10T12:45:20","date_gmt":"2020-05-10T12:45:20","guid":{"rendered":"https:\/\/new.deschenaux.me\/?page_id=1819"},"modified":"2021-09-09T11:00:19","modified_gmt":"2021-09-09T11:00:19","slug":"ipo","status":"publish","type":"page","link":"https:\/\/chateauentertainment.co\/de\/ipo\/","title":{"rendered":"B\u00f6rsengang"},"content":{"rendered":"<div data-elementor-type=\"wp-page\" data-elementor-id=\"1819\" class=\"elementor elementor-1819\" data-elementor-post-type=\"page\">\n\t\t\t\t\t\t<section class=\"elementor-section elementor-top-section elementor-element elementor-element-1b4ac44 elementor-section-stretched elementor-section-boxed elementor-section-height-default elementor-section-height-default\" data-id=\"1b4ac44\" data-element_type=\"section\" data-settings=\"{&quot;stretch_section&quot;:&quot;section-stretched&quot;}\">\n\t\t\t\t\t\t<div class=\"elementor-container elementor-column-gap-default\">\n\t\t\t\t\t<div class=\"elementor-column elementor-col-100 elementor-top-column elementor-element elementor-element-5d6e415\" data-id=\"5d6e415\" data-element_type=\"column\">\n\t\t\t<div class=\"elementor-widget-wrap elementor-element-populated\">\n\t\t\t\t\t\t<div class=\"elementor-element elementor-element-dd0f169 elementor-widget elementor-widget-heading\" data-id=\"dd0f169\" data-element_type=\"widget\" data-widget_type=\"heading.default\">\n\t\t\t\t<div class=\"elementor-widget-container\">\n\t\t\t\t\t<h3 class=\"elementor-heading-title elementor-size-default\">Wir laden potenzielle Kunden und Investoren zu unserem B\u00f6rsengang ein.<\/h3>\t\t\t\t<\/div>\n\t\t\t\t<\/div>\n\t\t\t\t<div class=\"elementor-element elementor-element-914c1ed elementor-widget elementor-widget-text-editor\" data-id=\"914c1ed\" data-element_type=\"widget\" data-widget_type=\"text-editor.default\">\n\t\t\t\t<div class=\"elementor-widget-container\">\n\t\t\t\t\t\t\t\t\t<p>Der <strong>Covid-19 Pandemie<\/strong> war eine schwere Gesundheitskrise. Sie hat jeden Aspekt der Weltwirtschaft betroffen, einschlie\u00dflich der Unterhaltungsindustrie. Die Pandemie f\u00fchrte zu einem gro\u00dfen Umbruch, der dazu f\u00fchrte, dass Theater und Kinos vollst\u00e4ndig geschlossen wurden, w\u00e4hrend keine Veranstaltungen wie Konzerte, Shows und Auff\u00fchrungen erlaubt waren. Dies war der Zeitpunkt, als Online-Streaming-Dienste sprunghaft anstiegen. Obwohl Online-Streaming bei <strong>Unterhaltung im Schloss<\/strong>, wir glauben, dass es keinen Ersatz f\u00fcr Live-Unterhaltung gibt.<\/p><p>Die Herausforderung, der sich die Unterhaltungsbranche nach der Pandemie stellen muss, besteht jedoch darin, ein Publikum f\u00fcr Live-Unterhaltungsshows zu gewinnen. Hier hat Chateau Entertainment einen Vorschlag unterbreitet, um bei Menschen jeden Alters Aufregung und Nervenkitzel zu wecken und die Begeisterung f\u00fcr Live-Unterhaltung neu zu entfachen.<\/p><p>Wir verstehen, dass wir uns angesichts der starken Konkurrenz etwas Au\u00dfergew\u00f6hnliches einfallen lassen m\u00fcssen. Genau aus diesem Grund planen wir, verlassene historische Wahrzeichen und Schl\u00f6sser in idyllischer Umgebung mit den gro\u00dfartigsten historischen Geschichten zu erwerben, die die Aufmerksamkeit des Publikums fesseln und es dazu verleiten werden, Live-Unterhaltung vom Feinsten zu genie\u00dfen. Sobald diese Immobilien restauriert sind, werden wir sie an Entertainer vermieten, um eine breite Palette von Aktivit\u00e4ten auszurichten, wie z. B. <strong>Veranstaltungen<\/strong>, <strong>zeigt an<\/strong>, <strong>Theater<\/strong>, <strong>Filme<\/strong>, Und <strong>Konzerte<\/strong>, das ganze Jahr \u00fcber.<\/p>\t\t\t\t\t\t\t\t<\/div>\n\t\t\t\t<\/div>\n\t\t\t\t<div class=\"elementor-element elementor-element-016c06b elementor-widget elementor-widget-heading\" data-id=\"016c06b\" data-element_type=\"widget\" data-widget_type=\"heading.default\">\n\t\t\t\t<div class=\"elementor-widget-container\">\n\t\t\t\t\t<h2 class=\"elementor-heading-title elementor-size-default\">Fokussiert auf die schnelle Erzielung eines hohen ROIs<\/h2>\t\t\t\t<\/div>\n\t\t\t\t<\/div>\n\t\t\t\t<div class=\"elementor-element elementor-element-ffea936 elementor-widget elementor-widget-text-editor\" data-id=\"ffea936\" data-element_type=\"widget\" data-widget_type=\"text-editor.default\">\n\t\t\t\t<div class=\"elementor-widget-container\">\n\t\t\t\t\t\t\t\t\t<p>Wir m\u00f6chten das Charisma, die Kraft und die Aufregung zur\u00fcckbringen, die man beim Kauf von Tickets und beim pers\u00f6nlichen Besuch eines Konzerts, einer Zaubershow oder eines Theaters versp\u00fcrt. Da die Menschen unsere Geb\u00e4ude jeden Tag und das ganze Jahr \u00fcber besuchen werden, um Unterhaltung zu suchen und sch\u00f6ne Erinnerungen mit Freunden und Familie zu schaffen, werden die Entertainer kontinuierliche Einnahmequellen generieren. Dies wiederum wird unseren Investoren und Partnern zugutekommen, da es ihnen hilft, schnell hohe Kapitalrenditen zu erzielen.<\/p><p>Um jedoch mit dem Erwerb historischer Wahrzeichen und Schl\u00f6sser beginnen zu k\u00f6nnen, ben\u00f6tigen wir Mittel, um bestimmte Kapitalanforderungen zu erf\u00fcllen. Wir planen, dies \u00fcber unseren B\u00f6rsengang (IPO) zu tun.<\/p><p>Wir laden Partner und interessierte Investoren ein, sich f\u00fcr unseren <strong>B\u00f6rsengang<\/strong> (IPO). Ihre Teilnahme an unserer <strong>B\u00f6rsengang<\/strong> wird unser Vorhaben und die Unterhaltungsindustrie unterst\u00fctzen und Ihnen eine gro\u00dfartige Gelegenheit bieten, einen hohen ROI zu erzielen und Ihre Gewinnmargen zu steigern.<\/p>\t\t\t\t\t\t\t\t<\/div>\n\t\t\t\t<\/div>\n\t\t\t\t<div class=\"elementor-element elementor-element-d3d4058 elementor-widget-divider--view-line_text elementor-widget-divider--element-align-center elementor-widget elementor-widget-divider\" data-id=\"d3d4058\" data-element_type=\"widget\" data-widget_type=\"divider.default\">\n\t\t\t\t<div class=\"elementor-widget-container\">\n\t\t\t\t\t\t\t<div class=\"elementor-divider\">\n\t\t\t<span class=\"elementor-divider-separator\">\n\t\t\t\t\t\t\t<span class=\"elementor-divider__text elementor-divider__element\">\n\t\t\t\tWenn Sie weitere Informationen w\u00fcnschen oder in unseren B\u00f6rsengang investieren m\u00f6chten, f\u00fcllen Sie bitte das unten stehende Formular mit Ihren relevanten Daten aus.\t\t\t\t<\/span>\n\t\t\t\t\t\t<\/span>\n\t\t<\/div>\n\t\t\t\t\t\t<\/div>\n\t\t\t\t<\/div>\n\t\t\t\t\t<\/div>\n\t\t<\/div>\n\t\t\t\t\t<\/div>\n\t\t<\/section>\n\t\t\t\t<section class=\"elementor-section elementor-top-section elementor-element elementor-element-88d4e0b elementor-section-content-middle elementor-section-boxed elementor-section-height-default elementor-section-height-default\" data-id=\"88d4e0b\" data-element_type=\"section\" data-settings=\"{&quot;background_background&quot;:&quot;classic&quot;}\">\n\t\t\t\t\t\t<div class=\"elementor-container elementor-column-gap-no\">\n\t\t\t\t\t<div class=\"elementor-column elementor-col-50 elementor-top-column elementor-element elementor-element-26ba938\" data-id=\"26ba938\" data-element_type=\"column\" data-settings=\"{&quot;background_background&quot;:&quot;classic&quot;}\">\n\t\t\t<div class=\"elementor-widget-wrap elementor-element-populated\">\n\t\t\t\t\t\t<div class=\"elementor-element elementor-element-9cac183 elementor-view-default elementor-position-top elementor-mobile-position-top elementor-widget elementor-widget-icon-box\" data-id=\"9cac183\" data-element_type=\"widget\" data-widget_type=\"icon-box.default\">\n\t\t\t\t<div class=\"elementor-widget-container\">\n\t\t\t\t\t\t\t<div class=\"elementor-icon-box-wrapper\">\n\n\t\t\t\t\t\t<div class=\"elementor-icon-box-icon\">\n\t\t\t\t<span  class=\"elementor-icon elementor-animation-grow\">\n\t\t\t\t<i aria-hidden=\"true\" class=\"fas fa-clipboard-list\"><\/i>\t\t\t\t<\/span>\n\t\t\t<\/div>\n\t\t\t\n\t\t\t\t\t\t<div class=\"elementor-icon-box-content\">\n\n\t\t\t\t\t\t\t\t\t<h3 class=\"elementor-icon-box-title\">\n\t\t\t\t\t\t<span  >\n\t\t\t\t\t\t\tIPO-Pr\u00e4sentation\t\t\t\t\t\t<\/span>\n\t\t\t\t\t<\/h3>\n\t\t\t\t\n\t\t\t\t\t\t\t\t\t<p class=\"elementor-icon-box-description\">\n\t\t\t\t\t\tDetails zu unserem B\u00f6rsengang, wie Gesch\u00e4ftsmodell und Angebot\t\t\t\t\t<\/p>\n\t\t\t\t\n\t\t\t<\/div>\n\t\t\t\n\t\t<\/div>\n\t\t\t\t\t\t<\/div>\n\t\t\t\t<\/div>\n\t\t\t\t<div class=\"elementor-element elementor-element-3190c23 elementor-align-center elementor-widget elementor-widget-button\" data-id=\"3190c23\" data-element_type=\"widget\" data-widget_type=\"button.default\">\n\t\t\t\t<div class=\"elementor-widget-container\">\n\t\t\t\t\t\t\t\t\t<div class=\"elementor-button-wrapper\">\n\t\t\t\t\t<a class=\"elementor-button elementor-button-link elementor-size-sm\" href=\"\/de\/presentations\/\">\n\t\t\t\t\t\t<span class=\"elementor-button-content-wrapper\">\n\t\t\t\t\t\t\t\t\t<span class=\"elementor-button-text\">Registrieren<\/span>\n\t\t\t\t\t<\/span>\n\t\t\t\t\t<\/a>\n\t\t\t\t<\/div>\n\t\t\t\t\t\t\t\t<\/div>\n\t\t\t\t<\/div>\n\t\t\t\t\t<\/div>\n\t\t<\/div>\n\t\t\t\t<div class=\"elementor-column elementor-col-50 elementor-top-column elementor-element elementor-element-eeb0421\" data-id=\"eeb0421\" data-element_type=\"column\" data-settings=\"{&quot;background_background&quot;:&quot;classic&quot;}\">\n\t\t\t<div class=\"elementor-widget-wrap elementor-element-populated\">\n\t\t\t\t\t\t<div class=\"elementor-element elementor-element-0c2657f elementor-view-default elementor-position-top elementor-mobile-position-top elementor-widget elementor-widget-icon-box\" data-id=\"0c2657f\" data-element_type=\"widget\" data-widget_type=\"icon-box.default\">\n\t\t\t\t<div class=\"elementor-widget-container\">\n\t\t\t\t\t\t\t<div class=\"elementor-icon-box-wrapper\">\n\n\t\t\t\t\t\t<div class=\"elementor-icon-box-icon\">\n\t\t\t\t<span  class=\"elementor-icon elementor-animation-grow\">\n\t\t\t\t<i aria-hidden=\"true\" class=\"far fa-newspaper\"><\/i>\t\t\t\t<\/span>\n\t\t\t<\/div>\n\t\t\t\n\t\t\t\t\t\t<div class=\"elementor-icon-box-content\">\n\n\t\t\t\t\t\t\t\t\t<h3 class=\"elementor-icon-box-title\">\n\t\t\t\t\t\t<span  >\n\t\t\t\t\t\t\tIPO-Planung\t\t\t\t\t\t<\/span>\n\t\t\t\t\t<\/h3>\n\t\t\t\t\n\t\t\t\t\t\t\t\t\t<p class=\"elementor-icon-box-description\">\n\t\t\t\t\t\tErfahren Sie mehr \u00fcber unseren IPO-Fahrplan\t\t\t\t\t<\/p>\n\t\t\t\t\n\t\t\t<\/div>\n\t\t\t\n\t\t<\/div>\n\t\t\t\t\t\t<\/div>\n\t\t\t\t<\/div>\n\t\t\t\t<div class=\"elementor-element elementor-element-9061a81 elementor-align-center elementor-widget elementor-widget-button\" data-id=\"9061a81\" data-element_type=\"widget\" data-widget_type=\"button.default\">\n\t\t\t\t<div class=\"elementor-widget-container\">\n\t\t\t\t\t\t\t\t\t<div class=\"elementor-button-wrapper\">\n\t\t\t\t\t<a class=\"elementor-button elementor-button-link elementor-size-sm\" href=\"\/de\/ipo-planning\/\">\n\t\t\t\t\t\t<span class=\"elementor-button-content-wrapper\">\n\t\t\t\t\t\t\t\t\t<span class=\"elementor-button-text\">Registrieren<\/span>\n\t\t\t\t\t<\/span>\n\t\t\t\t\t<\/a>\n\t\t\t\t<\/div>\n\t\t\t\t\t\t\t\t<\/div>\n\t\t\t\t<\/div>\n\t\t\t\t\t<\/div>\n\t\t<\/div>\n\t\t\t\t\t<\/div>\n\t\t<\/section>\n\t\t\t\t<\/div>","protected":false},"excerpt":{"rendered":"<p>Einladung an potenzielle Kunden und Investoren zu unserem B\u00f6rsengang. Die COVID-19-Pandemie war eine schwere Gesundheitskrise. Sie hat jeden Aspekt der Weltwirtschaft betroffen, einschlie\u00dflich der Unterhaltungsindustrie. Die Pandemie f\u00fchrte zu gro\u00dfen Umw\u00e4lzungen, die dazu f\u00fchrten, dass Theater und Kinos vollst\u00e4ndig geschlossen wurden und keine Veranstaltungen wie Konzerte, Shows und Auff\u00fchrungen stattfanden \u2026 <a title=\"B\u00f6rsengang\" class=\"read-more\" href=\"https:\/\/chateauentertainment.co\/de\/ipo\/\" aria-label=\"Mehr Informationen zum IPO\">Weiterlesen<\/a><\/p>","protected":false},"author":1,"featured_media":0,"parent":0,"menu_order":10,"comment_status":"closed","ping_status":"closed","template":"","meta":{"footnotes":""},"class_list":["post-1819","page","type-page","status-publish"],"_links":{"self":[{"href":"https:\/\/chateauentertainment.co\/de\/wp-json\/wp\/v2\/pages\/1819","targetHints":{"allow":["GET"]}}],"collection":[{"href":"https:\/\/chateauentertainment.co\/de\/wp-json\/wp\/v2\/pages"}],"about":[{"href":"https:\/\/chateauentertainment.co\/de\/wp-json\/wp\/v2\/types\/page"}],"author":[{"embeddable":true,"href":"https:\/\/chateauentertainment.co\/de\/wp-json\/wp\/v2\/users\/1"}],"replies":[{"embeddable":true,"href":"https:\/\/chateauentertainment.co\/de\/wp-json\/wp\/v2\/comments?post=1819"}],"version-history":[{"count":0,"href":"https:\/\/chateauentertainment.co\/de\/wp-json\/wp\/v2\/pages\/1819\/revisions"}],"wp:attachment":[{"href":"https:\/\/chateauentertainment.co\/de\/wp-json\/wp\/v2\/media?parent=1819"}],"curies":[{"name":"wp","href":"https:\/\/api.w.org\/{rel}","templated":true}]}}