{"id":2370,"date":"2020-05-10T21:49:25","date_gmt":"2020-05-10T21:49:25","guid":{"rendered":"https:\/\/new.deschenaux.me\/?page_id=2370"},"modified":"2020-05-19T20:13:22","modified_gmt":"2020-05-19T20:13:22","slug":"disclaimer","status":"publish","type":"page","link":"https:\/\/chateauentertainment.co\/de\/disclaimer\/","title":{"rendered":"Haftungsausschluss"},"content":{"rendered":"<div data-elementor-type=\"wp-page\" data-elementor-id=\"2370\" class=\"elementor elementor-2370\" data-elementor-post-type=\"page\">\n\t\t\t\t\t\t<section class=\"elementor-section elementor-top-section elementor-element elementor-element-ae93913 elementor-section-boxed elementor-section-height-default elementor-section-height-default\" data-id=\"ae93913\" data-element_type=\"section\">\n\t\t\t\t\t\t<div class=\"elementor-container elementor-column-gap-default\">\n\t\t\t\t\t<div class=\"elementor-column elementor-col-100 elementor-top-column elementor-element elementor-element-8de4f6d\" data-id=\"8de4f6d\" data-element_type=\"column\">\n\t\t\t<div class=\"elementor-widget-wrap elementor-element-populated\">\n\t\t\t\t\t\t<div class=\"elementor-element elementor-element-f24fc9a elementor-widget elementor-widget-text-editor\" data-id=\"f24fc9a\" data-element_type=\"widget\" data-widget_type=\"text-editor.default\">\n\t\t\t\t<div class=\"elementor-widget-container\">\n\t\t\t\t\t\t\t\t\t<p>Wir tun unser Bestes, um den Inhalt dieser Website vorzubereiten. Chateau Entertainment kann jedoch weder die Ausdr\u00fccke und Vorschl\u00e4ge des Inhalts noch dessen Richtigkeit garantieren. Dar\u00fcber hinaus haftet Chateau Entertainment, soweit gesetzlich zul\u00e4ssig, nicht f\u00fcr Verluste und\/oder Sch\u00e4den, die durch die Verwendung der Informationen auf unserer Website entstehen.\u00a0<\/p><p>Indem Sie unsere Website nutzen, stimmen Sie hiermit unserem Haftungsausschluss zu und akzeptieren dessen Bedingungen.<\/p><p>Die auf unserer Website enthaltenen Links k\u00f6nnen zu externen Websites f\u00fchren, die nur der Benutzerfreundlichkeit halber bereitgestellt werden. Informationen oder Aussagen, die auf diesen Websites erscheinen, werden von Chateau Entertainment weder gesponsert, unterst\u00fctzt noch anderweitig genehmigt. Chateau Entertainment kann f\u00fcr die Verf\u00fcgbarkeit dieser externen Websites oder die dort oder \u00fcber sie verf\u00fcgbaren Inhalte nicht haftbar gemacht werden. Dar\u00fcber hinaus haftet Chateau Entertainment nicht f\u00fcr Verluste oder Sch\u00e4den, die durch die Verwendung dieser Inhalte oder des Internets im Allgemeinen entstehen.<\/p><p>Die Website und ihre Inhalte stellen keine Quelle f\u00fcr Beratung oder Rechtsanalysen dar und die auf dieser Website enthaltenen Informationen und\/oder Dokumente stellen keine Anlage- oder Rechtsberatung dar.<\/p>\t\t\t\t\t\t\t\t<\/div>\n\t\t\t\t<\/div>\n\t\t\t\t\t<\/div>\n\t\t<\/div>\n\t\t\t\t\t<\/div>\n\t\t<\/section>\n\t\t\t\t<\/div>","protected":false},"excerpt":{"rendered":"<p>Wir tun unser Bestes, um den Inhalt dieser Website vorzubereiten. Wir k\u00f6nnen jedoch die Ausdr\u00fccke und Vorschl\u00e4ge des Inhalts sowie dessen Richtigkeit nicht garantieren. Dar\u00fcber hinaus haften wir, soweit gesetzlich zul\u00e4ssig, nicht f\u00fcr Verluste und\/oder Sch\u00e4den, die durch die Verwendung der Informationen auf unserer Website entstehen. \u2026 <a title=\"Haftungsausschluss\" class=\"read-more\" href=\"https:\/\/chateauentertainment.co\/de\/disclaimer\/\" aria-label=\"Mehr Informationen \u00fcber Haftungsausschluss\">Weiterlesen<\/a><\/p>","protected":false},"author":1,"featured_media":0,"parent":0,"menu_order":99,"comment_status":"closed","ping_status":"closed","template":"","meta":{"footnotes":""},"class_list":["post-2370","page","type-page","status-publish"],"_links":{"self":[{"href":"https:\/\/chateauentertainment.co\/de\/wp-json\/wp\/v2\/pages\/2370","targetHints":{"allow":["GET"]}}],"collection":[{"href":"https:\/\/chateauentertainment.co\/de\/wp-json\/wp\/v2\/pages"}],"about":[{"href":"https:\/\/chateauentertainment.co\/de\/wp-json\/wp\/v2\/types\/page"}],"author":[{"embeddable":true,"href":"https:\/\/chateauentertainment.co\/de\/wp-json\/wp\/v2\/users\/1"}],"replies":[{"embeddable":true,"href":"https:\/\/chateauentertainment.co\/de\/wp-json\/wp\/v2\/comments?post=2370"}],"version-history":[{"count":0,"href":"https:\/\/chateauentertainment.co\/de\/wp-json\/wp\/v2\/pages\/2370\/revisions"}],"wp:attachment":[{"href":"https:\/\/chateauentertainment.co\/de\/wp-json\/wp\/v2\/media?parent=2370"}],"curies":[{"name":"wp","href":"https:\/\/api.w.org\/{rel}","templated":true}]}}