{"id":43,"date":"2020-05-06T14:16:21","date_gmt":"2020-05-06T14:16:21","guid":{"rendered":"https:\/\/new.deschenaux.me\/?page_id=43"},"modified":"2021-09-04T13:08:06","modified_gmt":"2021-09-04T13:08:06","slug":"magicians-artists","status":"publish","type":"page","link":"https:\/\/chateauentertainment.co\/de\/magicians-artists\/","title":{"rendered":"Zauberer &amp; Artisten"},"content":{"rendered":"<div data-elementor-type=\"wp-page\" data-elementor-id=\"43\" class=\"elementor elementor-43\" data-elementor-post-type=\"page\">\n\t\t\t\t\t\t<section class=\"elementor-section elementor-top-section elementor-element elementor-element-0bae5cd elementor-section-stretched elementor-section-boxed elementor-section-height-default elementor-section-height-default\" data-id=\"0bae5cd\" data-element_type=\"section\" data-settings=\"{&quot;stretch_section&quot;:&quot;section-stretched&quot;}\">\n\t\t\t\t\t\t<div class=\"elementor-container elementor-column-gap-default\">\n\t\t\t\t\t<div class=\"elementor-column elementor-col-100 elementor-top-column elementor-element elementor-element-f3e4bd2\" data-id=\"f3e4bd2\" data-element_type=\"column\" data-settings=\"{&quot;background_background&quot;:&quot;classic&quot;}\">\n\t\t\t<div class=\"elementor-widget-wrap elementor-element-populated\">\n\t\t\t\t\t\t<div class=\"elementor-element elementor-element-700926e elementor-widget elementor-widget-heading\" data-id=\"700926e\" data-element_type=\"widget\" data-widget_type=\"heading.default\">\n\t\t\t\t<div class=\"elementor-widget-container\">\n\t\t\t\t\t<h3 class=\"elementor-heading-title elementor-size-default\">Alles bereit, um die Leute vor Staunen zum Staunen zu bringen<\/h3>\t\t\t\t<\/div>\n\t\t\t\t<\/div>\n\t\t\t\t<div class=\"elementor-element elementor-element-4012ed8 elementor-widget elementor-widget-text-editor\" data-id=\"4012ed8\" data-element_type=\"widget\" data-widget_type=\"text-editor.default\">\n\t\t\t\t<div class=\"elementor-widget-container\">\n\t\t\t\t\t\t\t\t\t<p>Wir von Chateau Entertainment laden Zauberer und K\u00fcnstler ein, Teil unserer Reise zur Wiederherstellung der Theaterunterhaltungsbranche zu werden, die w\u00e4hrend der Pandemie stark gelitten hat. Wir m\u00f6chten die Magie im wahrsten Sinne des Wortes wieder aufleben lassen und Menschen jeden Alters dazu anregen, die Freude und das Staunen zu erleben, die eine Live-Zaubershow mit sich bringt.<\/p><p>Wenn wir verlassene Schl\u00f6sser restaurieren, bieten wir Zauberern die B\u00fchne, um ihr Talent, ihr K\u00f6nnen und ihre Tricks in den aufregendsten Umgebungen zu zeigen. Die Leute sind fasziniert, etwas \u00fcber Geschichte, Zauberer und Magie zu erfahren. Dies ist der ultimative Weg, um ihre Begeisterung zu steigern und sie an Erfahrungen teilhaben zu lassen, die die Welt noch nie erlebt hat. Unser Angebot ist einzigartig in seiner Art und wird Menschen aus allen Ecken der Welt anziehen, um den Spa\u00df, den Nervenkitzel und das Erstaunen zu genie\u00dfen, die Zaubershows mit sich bringen. Bei Chateau Entertainment sind wir stolz darauf, sagen zu k\u00f6nnen, dass Top-Zauberer und K\u00fcnstler aus der Branche ihr Interesse an unserem Angebot gezeigt und sich mit uns zusammengetan haben. Dazu geh\u00f6ren gro\u00dfe Namen wie:<\/p>\t\t\t\t\t\t\t\t<\/div>\n\t\t\t\t<\/div>\n\t\t\t\t<div class=\"elementor-element elementor-element-22f6a5b elementor-posts__hover-none elementor-grid-3 elementor-grid-tablet-2 elementor-grid-mobile-1 elementor-posts--thumbnail-top elementor-widget elementor-widget-posts\" data-id=\"22f6a5b\" data-element_type=\"widget\" data-settings=\"{&quot;cards_row_gap&quot;:{&quot;unit&quot;:&quot;px&quot;,&quot;size&quot;:15,&quot;sizes&quot;:[]},&quot;cards_columns&quot;:&quot;3&quot;,&quot;cards_columns_tablet&quot;:&quot;2&quot;,&quot;cards_columns_mobile&quot;:&quot;1&quot;,&quot;cards_row_gap_tablet&quot;:{&quot;unit&quot;:&quot;px&quot;,&quot;size&quot;:&quot;&quot;,&quot;sizes&quot;:[]},&quot;cards_row_gap_mobile&quot;:{&quot;unit&quot;:&quot;px&quot;,&quot;size&quot;:&quot;&quot;,&quot;sizes&quot;:[]}}\" data-widget_type=\"posts.cards\">\n\t\t\t\t<div class=\"elementor-widget-container\">\n\t\t\t\t\t\t\t<div class=\"elementor-posts-container elementor-posts elementor-posts--skin-cards elementor-grid\">\n\t\t\t\t<article class=\"elementor-post elementor-grid-item post-622 post type-post status-publish format-standard has-post-thumbnail hentry category-magicians-artisits\">\n\t\t\t<div class=\"elementor-post__card\">\n\t\t\t\t<a class=\"elementor-post__thumbnail__link\" href=\"https:\/\/chateauentertainment.co\/de\/magicians-artisits\/mark-setteducati\/\" tabindex=\"-1\" ><div class=\"elementor-post__thumbnail\"><img fetchpriority=\"high\" decoding=\"async\" width=\"800\" height=\"450\" src=\"https:\/\/chateauentertainment.co\/wp-content\/uploads\/Mr_Mark_Setteducat_.jpg\" class=\"attachment-large size-large wp-image-3057\" alt=\"\" srcset=\"https:\/\/chateauentertainment.co\/wp-content\/uploads\/Mr_Mark_Setteducat_.jpg 800w, https:\/\/chateauentertainment.co\/wp-content\/uploads\/Mr_Mark_Setteducat_-300x169.jpg 300w, https:\/\/chateauentertainment.co\/wp-content\/uploads\/Mr_Mark_Setteducat_-768x432.jpg 768w, https:\/\/chateauentertainment.co\/wp-content\/uploads\/Mr_Mark_Setteducat_-18x10.jpg 18w\" sizes=\"(max-width: 800px) 100vw, 800px\" \/><\/div><\/a>\n\t\t\t\t<div class=\"elementor-post__text\">\n\t\t\t\t<h3 class=\"elementor-post__title\">\n\t\t\t<a href=\"https:\/\/chateauentertainment.co\/de\/magicians-artisits\/mark-setteducati\/\" >\n\t\t\t\tMark Setteducati\t\t\t<\/a>\n\t\t<\/h3>\n\t\t\t\t<div class=\"elementor-post__excerpt\">\n\t\t\t<p>Mark Setteducati ist ein renommierter Zauberer. Er ist der Erfinder von Illusionen, Zauberei, R\u00e4tseln und Spielen. Er<\/p>\n\t\t<\/div>\n\t\t\n\t\t<a class=\"elementor-post__read-more\" href=\"https:\/\/chateauentertainment.co\/de\/magicians-artisits\/mark-setteducati\/\" aria-label=\"Lesen Sie mehr \u00fcber Mark Setteducati\" tabindex=\"-1\" >\n\t\t\tMehr lesen &quot;\t\t<\/a>\n\n\t\t\t\t<\/div>\n\t\t\t\t\t<\/div>\n\t\t<\/article>\n\t\t\t\t<article class=\"elementor-post elementor-grid-item post-623 post type-post status-publish format-standard has-post-thumbnail hentry category-magicians-artisits\">\n\t\t\t<div class=\"elementor-post__card\">\n\t\t\t\t<a class=\"elementor-post__thumbnail__link\" href=\"https:\/\/chateauentertainment.co\/de\/magicians-artisits\/jeff-sheridan\/\" tabindex=\"-1\" ><div class=\"elementor-post__thumbnail\"><img decoding=\"async\" width=\"300\" height=\"169\" src=\"https:\/\/chateauentertainment.co\/wp-content\/uploads\/Mr_Jeff_Sheridan.jpg\" class=\"attachment-large size-large wp-image-3075\" alt=\"Jeff Sheridan\" srcset=\"https:\/\/chateauentertainment.co\/wp-content\/uploads\/Mr_Jeff_Sheridan.jpg 300w, https:\/\/chateauentertainment.co\/wp-content\/uploads\/Mr_Jeff_Sheridan-18x10.jpg 18w\" sizes=\"(max-width: 300px) 100vw, 300px\" \/><\/div><\/a>\n\t\t\t\t<div class=\"elementor-post__text\">\n\t\t\t\t<h3 class=\"elementor-post__title\">\n\t\t\t<a href=\"https:\/\/chateauentertainment.co\/de\/magicians-artisits\/jeff-sheridan\/\" >\n\t\t\t\tJeff Sheridan\t\t\t<\/a>\n\t\t<\/h3>\n\t\t\t\t<div class=\"elementor-post__excerpt\">\n\t\t\t<p>Sheridan ist einer der beliebtesten amerikanischen Zauberk\u00fcnstler, bekannt f\u00fcr seine atemberaubenden Kartenmanipulationen, die<\/p>\n\t\t<\/div>\n\t\t\n\t\t<a class=\"elementor-post__read-more\" href=\"https:\/\/chateauentertainment.co\/de\/magicians-artisits\/jeff-sheridan\/\" aria-label=\"Lesen Sie mehr \u00fcber Jeff Sheridan\" tabindex=\"-1\" >\n\t\t\tMehr lesen &quot;\t\t<\/a>\n\n\t\t\t\t<\/div>\n\t\t\t\t\t<\/div>\n\t\t<\/article>\n\t\t\t\t<article class=\"elementor-post elementor-grid-item post-624 post type-post status-publish format-standard has-post-thumbnail hentry category-magicians-artisits\">\n\t\t\t<div class=\"elementor-post__card\">\n\t\t\t\t<a class=\"elementor-post__thumbnail__link\" href=\"https:\/\/chateauentertainment.co\/de\/magicians-artisits\/olivier\/\" tabindex=\"-1\" ><div class=\"elementor-post__thumbnail\"><img decoding=\"async\" width=\"800\" height=\"450\" src=\"https:\/\/chateauentertainment.co\/wp-content\/uploads\/Mr_Olivier.jpg\" class=\"attachment-large size-large wp-image-3061\" alt=\"\" srcset=\"https:\/\/chateauentertainment.co\/wp-content\/uploads\/Mr_Olivier.jpg 800w, https:\/\/chateauentertainment.co\/wp-content\/uploads\/Mr_Olivier-300x169.jpg 300w, https:\/\/chateauentertainment.co\/wp-content\/uploads\/Mr_Olivier-768x432.jpg 768w, https:\/\/chateauentertainment.co\/wp-content\/uploads\/Mr_Olivier-18x10.jpg 18w\" sizes=\"(max-width: 800px) 100vw, 800px\" \/><\/div><\/a>\n\t\t\t\t<div class=\"elementor-post__text\">\n\t\t\t\t<h3 class=\"elementor-post__title\">\n\t\t\t<a href=\"https:\/\/chateauentertainment.co\/de\/magicians-artisits\/olivier\/\" >\n\t\t\t\tOlivier\t\t\t<\/a>\n\t\t<\/h3>\n\t\t\t\t<div class=\"elementor-post__excerpt\">\n\t\t\t<p>Er ist einer der ber\u00fchmtesten Zauberer, die Zaubertricks mit Wildheit und Leidenschaft durchf\u00fchren, die<\/p>\n\t\t<\/div>\n\t\t\n\t\t<a class=\"elementor-post__read-more\" href=\"https:\/\/chateauentertainment.co\/de\/magicians-artisits\/olivier\/\" aria-label=\"Lesen Sie mehr \u00fcber Olivier\" tabindex=\"-1\" >\n\t\t\tMehr lesen &quot;\t\t<\/a>\n\n\t\t\t\t<\/div>\n\t\t\t\t\t<\/div>\n\t\t<\/article>\n\t\t\t\t<\/div>\n\t\t\n\t\t\t\t\t\t<\/div>\n\t\t\t\t<\/div>\n\t\t\t\t\t<\/div>\n\t\t<\/div>\n\t\t\t\t\t<\/div>\n\t\t<\/section>\n\t\t\t\t<section class=\"elementor-section elementor-top-section elementor-element elementor-element-0acc329 elementor-section-boxed elementor-section-height-default elementor-section-height-default\" data-id=\"0acc329\" data-element_type=\"section\" data-settings=\"{&quot;background_background&quot;:&quot;classic&quot;}\">\n\t\t\t\t\t\t<div class=\"elementor-container elementor-column-gap-default\">\n\t\t\t\t\t<div class=\"elementor-column elementor-col-100 elementor-top-column elementor-element elementor-element-ddd9519\" data-id=\"ddd9519\" data-element_type=\"column\">\n\t\t\t<div class=\"elementor-widget-wrap elementor-element-populated\">\n\t\t\t\t\t\t<div class=\"elementor-element elementor-element-fcce995 elementor-widget elementor-widget-heading\" data-id=\"fcce995\" data-element_type=\"widget\" data-widget_type=\"heading.default\">\n\t\t\t\t<div class=\"elementor-widget-container\">\n\t\t\t\t\t<h3 class=\"elementor-heading-title elementor-size-default\">Wenn Sie weitere Informationen w\u00fcnschen oder Teil unseres Vorhabens werden m\u00f6chten, k\u00f6nnen Sie sich jederzeit an uns wenden.<\/h3>\t\t\t\t<\/div>\n\t\t\t\t<\/div>\n\t\t\t\t<div class=\"elementor-element elementor-element-3e57537 elementor-align-center elementor-widget elementor-widget-button\" data-id=\"3e57537\" data-element_type=\"widget\" data-widget_type=\"button.default\">\n\t\t\t\t<div class=\"elementor-widget-container\">\n\t\t\t\t\t\t\t\t\t<div class=\"elementor-button-wrapper\">\n\t\t\t\t\t<a class=\"elementor-button elementor-button-link elementor-size-sm\" href=\"\/de\/contact\/\">\n\t\t\t\t\t\t<span class=\"elementor-button-content-wrapper\">\n\t\t\t\t\t\t\t\t\t<span class=\"elementor-button-text\">Kontaktieren Sie mich jetzt<\/span>\n\t\t\t\t\t<\/span>\n\t\t\t\t\t<\/a>\n\t\t\t\t<\/div>\n\t\t\t\t\t\t\t\t<\/div>\n\t\t\t\t<\/div>\n\t\t\t\t\t<\/div>\n\t\t<\/div>\n\t\t\t\t\t<\/div>\n\t\t<\/section>\n\t\t\t\t<\/div>","protected":false},"excerpt":{"rendered":"<p>Alles bereit, um die Leute vor Staunen zum Staunen zu bringen. Wir von Chateau Entertainment laden Zauberer und K\u00fcnstler ein, Teil unserer Reise zur Wiederherstellung der Theaterunterhaltungsbranche zu werden, die w\u00e4hrend der Pandemie schwer zu leiden hatte. Wir m\u00f6chten die Magie im wahrsten Sinne des Wortes wieder aufleben lassen und Menschen jeden Alters anziehen, um \u2026 <a title=\"Olivier\" class=\"read-more\" href=\"https:\/\/chateauentertainment.co\/de\/magicians-artisits\/olivier\/\" aria-label=\"Mehr Informationen \u00fcber Olivier\">Weiterlesen<\/a><\/p>","protected":false},"author":1,"featured_media":0,"parent":0,"menu_order":5,"comment_status":"closed","ping_status":"closed","template":"","meta":{"footnotes":""},"class_list":["post-43","page","type-page","status-publish","hentry"],"_links":{"self":[{"href":"https:\/\/chateauentertainment.co\/de\/wp-json\/wp\/v2\/pages\/43","targetHints":{"allow":["GET"]}}],"collection":[{"href":"https:\/\/chateauentertainment.co\/de\/wp-json\/wp\/v2\/pages"}],"about":[{"href":"https:\/\/chateauentertainment.co\/de\/wp-json\/wp\/v2\/types\/page"}],"author":[{"embeddable":true,"href":"https:\/\/chateauentertainment.co\/de\/wp-json\/wp\/v2\/users\/1"}],"replies":[{"embeddable":true,"href":"https:\/\/chateauentertainment.co\/de\/wp-json\/wp\/v2\/comments?post=43"}],"version-history":[{"count":0,"href":"https:\/\/chateauentertainment.co\/de\/wp-json\/wp\/v2\/pages\/43\/revisions"}],"wp:attachment":[{"href":"https:\/\/chateauentertainment.co\/de\/wp-json\/wp\/v2\/media?parent=43"}],"curies":[{"name":"wp","href":"https:\/\/api.w.org\/{rel}","templated":true}]}}