{"id":44,"date":"2020-05-06T14:16:30","date_gmt":"2020-05-06T14:16:30","guid":{"rendered":"https:\/\/new.deschenaux.me\/?page_id=44"},"modified":"2021-09-04T12:55:05","modified_gmt":"2021-09-04T12:55:05","slug":"services","status":"publish","type":"page","link":"https:\/\/chateauentertainment.co\/de\/services\/","title":{"rendered":"Dienstleistungen"},"content":{"rendered":"<div data-elementor-type=\"wp-page\" data-elementor-id=\"44\" class=\"elementor elementor-44\" data-elementor-post-type=\"page\">\n\t\t\t\t\t\t<section class=\"elementor-section elementor-top-section elementor-element elementor-element-f18089f elementor-section-stretched elementor-section-boxed elementor-section-height-default elementor-section-height-default\" data-id=\"f18089f\" data-element_type=\"section\" data-e-type=\"section\" data-settings=\"{&quot;stretch_section&quot;:&quot;section-stretched&quot;}\">\n\t\t\t\t\t\t<div class=\"elementor-container elementor-column-gap-default\">\n\t\t\t\t\t<div class=\"elementor-column elementor-col-100 elementor-top-column elementor-element elementor-element-f164da7\" data-id=\"f164da7\" data-element_type=\"column\" data-e-type=\"column\" data-settings=\"{&quot;background_background&quot;:&quot;classic&quot;}\">\n\t\t\t<div class=\"elementor-widget-wrap elementor-element-populated\">\n\t\t\t\t\t\t<div class=\"elementor-element elementor-element-48044af elementor-widget elementor-widget-text-editor\" data-id=\"48044af\" data-element_type=\"widget\" data-e-type=\"widget\" data-widget_type=\"text-editor.default\">\n\t\t\t\t<div class=\"elementor-widget-container\">\n\t\t\t\t\t\t\t\t\t<p>Unser Ziel bei Chateau Entertainment SPAC ist es, die Unterhaltungsbranche wiederzubeleben, indem wir dem Publikum unvergessliche Erlebnisse bieten, die es immer wieder erleben m\u00f6chte. Mit unserem \u00fcberzeugenden Angebot und unseren exklusiven Dienstleistungen sind wir bestens aufgestellt, dies zu erm\u00f6glichen.<\/p><p>Mit den get\u00e4tigten Investitionen wollen wir verlassene Schl\u00f6sser und historische Wahrzeichen in Unterhaltungszentren umwandeln und dabei ihr historisches Erbe bewahren. Nach der Restaurierung werden diese Schl\u00f6sser und Anwesen an Unterhaltungsk\u00fcnstler aus allen Branchen vermietet, um Dienstleistungen anzubieten, die:<\/p>\t\t\t\t\t\t\t\t<\/div>\n\t\t\t\t<\/div>\n\t\t\t\t<section class=\"elementor-section elementor-inner-section elementor-element elementor-element-23fdc12 elementor-section-boxed elementor-section-height-default elementor-section-height-default\" data-id=\"23fdc12\" data-element_type=\"section\" data-e-type=\"section\">\n\t\t\t\t\t\t<div class=\"elementor-container elementor-column-gap-default\">\n\t\t\t\t\t<div class=\"elementor-column elementor-col-50 elementor-inner-column elementor-element elementor-element-7e45bed\" data-id=\"7e45bed\" data-element_type=\"column\" data-e-type=\"column\">\n\t\t\t<div class=\"elementor-widget-wrap elementor-element-populated\">\n\t\t\t\t\t\t<div class=\"elementor-element elementor-element-3b52741 elementor-icon-list--layout-traditional elementor-list-item-link-full_width elementor-widget elementor-widget-icon-list\" data-id=\"3b52741\" data-element_type=\"widget\" data-e-type=\"widget\" data-widget_type=\"icon-list.default\">\n\t\t\t\t<div class=\"elementor-widget-container\">\n\t\t\t\t\t\t\t<ul class=\"elementor-icon-list-items\">\n\t\t\t\t\t\t\t<li class=\"elementor-icon-list-item\">\n\t\t\t\t\t\t\t\t\t\t\t<span class=\"elementor-icon-list-icon\">\n\t\t\t\t\t\t\t<i aria-hidden=\"true\" class=\"fas fa-dot-circle\"><\/i>\t\t\t\t\t\t<\/span>\n\t\t\t\t\t\t\t\t\t\t<span class=\"elementor-icon-list-text\">Ziehen Sie die ganze Woche \u00fcber regelm\u00e4\u00dfig Massen an<\/span>\n\t\t\t\t\t\t\t\t\t<\/li>\n\t\t\t\t\t\t\t\t<li class=\"elementor-icon-list-item\">\n\t\t\t\t\t\t\t\t\t\t\t<span class=\"elementor-icon-list-icon\">\n\t\t\t\t\t\t\t<i aria-hidden=\"true\" class=\"fas fa-dot-circle\"><\/i>\t\t\t\t\t\t<\/span>\n\t\t\t\t\t\t\t\t\t\t<span class=\"elementor-icon-list-text\">F\u00fcr Aufregung sorgen<\/span>\n\t\t\t\t\t\t\t\t\t<\/li>\n\t\t\t\t\t\t\t\t<li class=\"elementor-icon-list-item\">\n\t\t\t\t\t\t\t\t\t\t\t<span class=\"elementor-icon-list-icon\">\n\t\t\t\t\t\t\t<i aria-hidden=\"true\" class=\"fas fa-dot-circle\"><\/i>\t\t\t\t\t\t<\/span>\n\t\t\t\t\t\t\t\t\t\t<span class=\"elementor-icon-list-text\">Sorgen Sie f\u00fcr Begeisterung<\/span>\n\t\t\t\t\t\t\t\t\t<\/li>\n\t\t\t\t\t\t\t\t<li class=\"elementor-icon-list-item\">\n\t\t\t\t\t\t\t\t\t\t\t<span class=\"elementor-icon-list-icon\">\n\t\t\t\t\t\t\t<i aria-hidden=\"true\" class=\"fas fa-dot-circle\"><\/i>\t\t\t\t\t\t<\/span>\n\t\t\t\t\t\t\t\t\t\t<span class=\"elementor-icon-list-text\">Steigern Sie die Einbindung Ihres Publikums<\/span>\n\t\t\t\t\t\t\t\t\t<\/li>\n\t\t\t\t\t\t\t\t<li class=\"elementor-icon-list-item\">\n\t\t\t\t\t\t\t\t\t\t\t<span class=\"elementor-icon-list-icon\">\n\t\t\t\t\t\t\t<i aria-hidden=\"true\" class=\"fas fa-dot-circle\"><\/i>\t\t\t\t\t\t<\/span>\n\t\t\t\t\t\t\t\t\t\t<span class=\"elementor-icon-list-text\">Bieten Sie unvergessliche Erlebnisse, damit Ihre Kunden immer wieder zur\u00fcckkommen.<\/span>\n\t\t\t\t\t\t\t\t\t<\/li>\n\t\t\t\t\t\t<\/ul>\n\t\t\t\t\t\t<\/div>\n\t\t\t\t<\/div>\n\t\t\t\t\t<\/div>\n\t\t<\/div>\n\t\t\t\t<div class=\"elementor-column elementor-col-50 elementor-inner-column elementor-element elementor-element-c83ee18\" data-id=\"c83ee18\" data-element_type=\"column\" data-e-type=\"column\">\n\t\t\t<div class=\"elementor-widget-wrap\">\n\t\t\t\t\t\t\t<\/div>\n\t\t<\/div>\n\t\t\t\t\t<\/div>\n\t\t<\/section>\n\t\t\t\t<div class=\"elementor-element elementor-element-ad0af40 elementor-widget elementor-widget-text-editor\" data-id=\"ad0af40\" data-element_type=\"widget\" data-e-type=\"widget\" data-widget_type=\"text-editor.default\">\n\t\t\t\t<div class=\"elementor-widget-container\">\n\t\t\t\t\t\t\t\t\t<p>All dies wird den Entertainern laufende Einnahmen bescheren und unseren Investoren hohe Kapitalrenditen bescheren. Die Anziehungskraft der historischen Geb\u00e4ude und das Gef\u00fchl, selbst in einem Schloss zu sein, sind unbeschreiblich. Die Magie liegt im Erlebnis. Und genau das wollen wir durch unsere einzigartigen Dienstleistungen verherrlichen und verkaufen.<\/p><p>Um das Publikum zu fesseln, zu begeistern und zu unterhalten, bieten wir ihm eine Reihe von Dienstleistungen an, die er genie\u00dfen und genie\u00dfen kann. Dazu geh\u00f6ren:<\/p>\t\t\t\t\t\t\t\t<\/div>\n\t\t\t\t<\/div>\n\t\t\t\t<div class=\"elementor-element elementor-element-04e3fc1 elementor-posts__hover-none elementor-grid-3 elementor-grid-tablet-2 elementor-grid-mobile-1 elementor-posts--thumbnail-top elementor-widget elementor-widget-posts\" data-id=\"04e3fc1\" data-element_type=\"widget\" data-e-type=\"widget\" data-settings=\"{&quot;cards_row_gap&quot;:{&quot;unit&quot;:&quot;px&quot;,&quot;size&quot;:15,&quot;sizes&quot;:[]},&quot;cards_columns&quot;:&quot;3&quot;,&quot;cards_columns_tablet&quot;:&quot;2&quot;,&quot;cards_columns_mobile&quot;:&quot;1&quot;,&quot;cards_row_gap_tablet&quot;:{&quot;unit&quot;:&quot;px&quot;,&quot;size&quot;:&quot;&quot;,&quot;sizes&quot;:[]},&quot;cards_row_gap_mobile&quot;:{&quot;unit&quot;:&quot;px&quot;,&quot;size&quot;:&quot;&quot;,&quot;sizes&quot;:[]}}\" data-widget_type=\"posts.cards\">\n\t\t\t\t<div class=\"elementor-widget-container\">\n\t\t\t\t\t\t\t<div class=\"elementor-posts-container elementor-posts elementor-posts--skin-cards elementor-grid\" role=\"list\">\n\t\t\t\t<article class=\"elementor-post elementor-grid-item post-542 post type-post status-publish format-standard has-post-thumbnail hentry category-services\" role=\"listitem\">\n\t\t\t<div class=\"elementor-post__card\">\n\t\t\t\t<a class=\"elementor-post__thumbnail__link\" href=\"https:\/\/chateauentertainment.co\/de\/services\/magic\/\" tabindex=\"-1\" ><div class=\"elementor-post__thumbnail\"><img fetchpriority=\"high\" decoding=\"async\" width=\"600\" height=\"400\" src=\"https:\/\/chateauentertainment.co\/wp-content\/uploads\/services-magic.png\" class=\"attachment-large size-large wp-image-3098\" alt=\"\" srcset=\"https:\/\/chateauentertainment.co\/wp-content\/uploads\/services-magic.png 600w, https:\/\/chateauentertainment.co\/wp-content\/uploads\/services-magic-300x200.png 300w, https:\/\/chateauentertainment.co\/wp-content\/uploads\/services-magic-18x12.png 18w\" sizes=\"(max-width: 600px) 100vw, 600px\" \/><\/div><\/a>\n\t\t\t\t<div class=\"elementor-post__text\">\n\t\t\t\t<h3 class=\"elementor-post__title\">\n\t\t\t<a href=\"https:\/\/chateauentertainment.co\/de\/services\/magic\/\" >\n\t\t\t\tMagie\t\t\t<\/a>\n\t\t<\/h3>\n\t\t\t\t<div class=\"elementor-post__excerpt\">\n\t\t\t<p>Magie bringt ein Gef\u00fchl des Staunens und Erstaunens beim Publikum hervor. Und Zauberer, die mit uns zusammenarbeiten, nehmen<\/p>\n\t\t<\/div>\n\t\t\n\t\t<a class=\"elementor-post__read-more\" href=\"https:\/\/chateauentertainment.co\/de\/services\/magic\/\" aria-label=\"Mehr \u00fcber Magic erfahren\" tabindex=\"-1\" >\n\t\t\tMehr lesen &quot;\t\t<\/a>\n\n\t\t\t\t<\/div>\n\t\t\t\t\t<\/div>\n\t\t<\/article>\n\t\t\t\t<article class=\"elementor-post elementor-grid-item post-595 post type-post status-publish format-standard has-post-thumbnail hentry category-services\" role=\"listitem\">\n\t\t\t<div class=\"elementor-post__card\">\n\t\t\t\t<a class=\"elementor-post__thumbnail__link\" href=\"https:\/\/chateauentertainment.co\/de\/services\/music-hall\/\" tabindex=\"-1\" ><div class=\"elementor-post__thumbnail\"><img decoding=\"async\" width=\"960\" height=\"720\" src=\"https:\/\/chateauentertainment.co\/wp-content\/uploads\/musichall.jpg\" class=\"attachment-large size-large wp-image-3345\" alt=\"\" srcset=\"https:\/\/chateauentertainment.co\/wp-content\/uploads\/musichall.jpg 960w, https:\/\/chateauentertainment.co\/wp-content\/uploads\/musichall-300x225.jpg 300w, https:\/\/chateauentertainment.co\/wp-content\/uploads\/musichall-768x576.jpg 768w, https:\/\/chateauentertainment.co\/wp-content\/uploads\/musichall-16x12.jpg 16w\" sizes=\"(max-width: 960px) 100vw, 960px\" \/><\/div><\/a>\n\t\t\t\t<div class=\"elementor-post__text\">\n\t\t\t\t<h3 class=\"elementor-post__title\">\n\t\t\t<a href=\"https:\/\/chateauentertainment.co\/de\/services\/music-hall\/\" >\n\t\t\t\tMusikhalle\t\t\t<\/a>\n\t\t<\/h3>\n\t\t\t\t<div class=\"elementor-post__excerpt\">\n\t\t\t<p>Der Musical Hall Service ist ideal f\u00fcr S\u00e4nger und K\u00fcnstler, um Konzerte in attraktiven Umgebungen zu veranstalten. Wenn Musiker<\/p>\n\t\t<\/div>\n\t\t\n\t\t<a class=\"elementor-post__read-more\" href=\"https:\/\/chateauentertainment.co\/de\/services\/music-hall\/\" aria-label=\"Lesen Sie mehr \u00fcber Music Hall\" tabindex=\"-1\" >\n\t\t\tMehr lesen &quot;\t\t<\/a>\n\n\t\t\t\t<\/div>\n\t\t\t\t\t<\/div>\n\t\t<\/article>\n\t\t\t\t<article class=\"elementor-post elementor-grid-item post-599 post type-post status-publish format-standard has-post-thumbnail hentry category-services\" role=\"listitem\">\n\t\t\t<div class=\"elementor-post__card\">\n\t\t\t\t<a class=\"elementor-post__thumbnail__link\" href=\"https:\/\/chateauentertainment.co\/de\/services\/exclusive-dining-bar\/\" tabindex=\"-1\" ><div class=\"elementor-post__thumbnail\"><img decoding=\"async\" width=\"960\" height=\"640\" src=\"https:\/\/chateauentertainment.co\/wp-content\/uploads\/bar_dining.jpg\" class=\"attachment-large size-large wp-image-3349\" alt=\"\" srcset=\"https:\/\/chateauentertainment.co\/wp-content\/uploads\/bar_dining.jpg 960w, https:\/\/chateauentertainment.co\/wp-content\/uploads\/bar_dining-300x200.jpg 300w, https:\/\/chateauentertainment.co\/wp-content\/uploads\/bar_dining-768x512.jpg 768w, https:\/\/chateauentertainment.co\/wp-content\/uploads\/bar_dining-18x12.jpg 18w\" sizes=\"(max-width: 960px) 100vw, 960px\" \/><\/div><\/a>\n\t\t\t\t<div class=\"elementor-post__text\">\n\t\t\t\t<h3 class=\"elementor-post__title\">\n\t\t\t<a href=\"https:\/\/chateauentertainment.co\/de\/services\/exclusive-dining-bar\/\" >\n\t\t\t\tExklusive Restaurants und Bars\t\t\t<\/a>\n\t\t<\/h3>\n\t\t\t\t<div class=\"elementor-post__excerpt\">\n\t\t\t<p>Was gibt es Sch\u00f6neres, als einen tollen Abend mit einem hervorragenden Abendessen in<\/p>\n\t\t<\/div>\n\t\t\n\t\t<a class=\"elementor-post__read-more\" href=\"https:\/\/chateauentertainment.co\/de\/services\/exclusive-dining-bar\/\" aria-label=\"Lesen Sie mehr \u00fcber Exklusive Restaurants und Bars\" tabindex=\"-1\" >\n\t\t\tMehr lesen &quot;\t\t<\/a>\n\n\t\t\t\t<\/div>\n\t\t\t\t\t<\/div>\n\t\t<\/article>\n\t\t\t\t<\/div>\n\t\t\n\t\t\t\t\t\t<\/div>\n\t\t\t\t<\/div>\n\t\t\t\t\t<\/div>\n\t\t<\/div>\n\t\t\t\t\t<\/div>\n\t\t<\/section>\n\t\t\t\t<\/div>","protected":false},"excerpt":{"rendered":"<p>Bei Chateau Entertainment SPAC ist es unser Ziel, die Unterhaltungsbranche wiederzubeleben, indem wir dem Publikum unvergessliche Erlebnisse bieten, die es immer wieder erleben m\u00f6chte. Mit unserem \u00fcberzeugenden Angebot und unseren exklusiven Dienstleistungen sind wir bestens aufgestellt, dies zu erm\u00f6glichen. Mit den generierten Investitionen wollen wir verlassene Schl\u00f6sser und historische Wahrzeichen wieder in \u2026 verwandeln. <a title=\"Exklusive Restaurants und Bars\" class=\"read-more\" href=\"https:\/\/chateauentertainment.co\/de\/services\/exclusive-dining-bar\/\" aria-label=\"Mehr Informationen \u00fcber Exclusive Dining &amp; Bars\">Weiterlesen<\/a><\/p>","protected":false},"author":1,"featured_media":0,"parent":0,"menu_order":6,"comment_status":"closed","ping_status":"closed","template":"","meta":{"footnotes":""},"class_list":["post-44","page","type-page","status-publish","hentry"],"_links":{"self":[{"href":"https:\/\/chateauentertainment.co\/de\/wp-json\/wp\/v2\/pages\/44","targetHints":{"allow":["GET"]}}],"collection":[{"href":"https:\/\/chateauentertainment.co\/de\/wp-json\/wp\/v2\/pages"}],"about":[{"href":"https:\/\/chateauentertainment.co\/de\/wp-json\/wp\/v2\/types\/page"}],"author":[{"embeddable":true,"href":"https:\/\/chateauentertainment.co\/de\/wp-json\/wp\/v2\/users\/1"}],"replies":[{"embeddable":true,"href":"https:\/\/chateauentertainment.co\/de\/wp-json\/wp\/v2\/comments?post=44"}],"version-history":[{"count":0,"href":"https:\/\/chateauentertainment.co\/de\/wp-json\/wp\/v2\/pages\/44\/revisions"}],"wp:attachment":[{"href":"https:\/\/chateauentertainment.co\/de\/wp-json\/wp\/v2\/media?parent=44"}],"curies":[{"name":"wp","href":"https:\/\/api.w.org\/{rel}","templated":true}]}}