{"id":80,"date":"2020-05-06T14:53:07","date_gmt":"2020-05-06T14:53:07","guid":{"rendered":"https:\/\/new.deschenaux.me\/?page_id=80"},"modified":"2021-09-09T10:39:50","modified_gmt":"2021-09-09T10:39:50","slug":"financials","status":"publish","type":"page","link":"https:\/\/chateauentertainment.co\/de\/financials\/","title":{"rendered":"Finanzen"},"content":{"rendered":"<div data-elementor-type=\"wp-page\" data-elementor-id=\"80\" class=\"elementor elementor-80\" data-elementor-post-type=\"page\">\n\t\t\t\t\t\t<section class=\"elementor-section elementor-top-section elementor-element elementor-element-8972890 elementor-section-stretched elementor-section-boxed elementor-section-height-default elementor-section-height-default\" data-id=\"8972890\" data-element_type=\"section\" data-settings=\"{&quot;stretch_section&quot;:&quot;section-stretched&quot;}\">\n\t\t\t\t\t\t<div class=\"elementor-container elementor-column-gap-default\">\n\t\t\t\t\t<div class=\"elementor-column elementor-col-100 elementor-top-column elementor-element elementor-element-7cb295a\" data-id=\"7cb295a\" data-element_type=\"column\">\n\t\t\t<div class=\"elementor-widget-wrap elementor-element-populated\">\n\t\t\t\t\t\t<div class=\"elementor-element elementor-element-69689ba elementor-widget elementor-widget-heading\" data-id=\"69689ba\" data-element_type=\"widget\" data-widget_type=\"heading.default\">\n\t\t\t\t<div class=\"elementor-widget-container\">\n\t\t\t\t\t<h3 class=\"elementor-heading-title elementor-size-default\">Wir streben nach Gewinngenerierung und gleichzeitig nach Transparenz.<\/h3>\t\t\t\t<\/div>\n\t\t\t\t<\/div>\n\t\t\t\t<div class=\"elementor-element elementor-element-e12b3f3 elementor-widget elementor-widget-text-editor\" data-id=\"e12b3f3\" data-element_type=\"widget\" data-widget_type=\"text-editor.default\">\n\t\t\t\t<div class=\"elementor-widget-container\">\n\t\t\t\t\t\t\t\t\t<p>Bei <strong>Chateau Entertainment SPAC<\/strong>Wir konzentrieren uns strikt auf die Beschaffung von Kapital f\u00fcr den Erwerb verlassener <strong>Schl\u00f6sser<\/strong> Und <strong>historische Sehensw\u00fcrdigkeiten<\/strong> durch unser <strong>B\u00f6rseng\u00e4nge<\/strong>. Unser Ziel ist es, f\u00fcr unsere Investoren und Partner kontinuierliche Gewinnstr\u00f6me zu generieren.<\/p><p>Um profitabel und nachhaltig zu sein, verlassen wir uns auf unser Team. Die langj\u00e4hrige Erfahrung unseres Managementteams in <strong>Finanzielle Angelegenheiten<\/strong>, <strong>Investitionen<\/strong>, <strong>Kapitalbeteiligung<\/strong>, <strong>Bankwesen<\/strong>, Und <strong>Unternehmensfinanzierung<\/strong> erm\u00f6glicht es uns, innovative und ergebnisorientierte IPO-Finanzierungsl\u00f6sungen zu entwickeln.<\/p><p>Da unser Unternehmen durch Investitionen finanziert wird und unser Ziel die Erzielung von Gewinnen f\u00fcr unsere Investoren ist, sorgen wir f\u00fcr Transparenz. Wir geben Ihnen Zugriff auf unsere Finanzberichte, einschlie\u00dflich Bilanzen, Gewinn- und Verlustrechnungen und Pr\u00fcfernotizen. Dies soll Ihnen ein klares und umfassendes Verst\u00e4ndnis davon vermitteln, wie Chateau Entertainment SPAC im Gesch\u00e4ftsjahr abgeschnitten und die f\u00fcr das Jahr gesetzten Ziele erreicht hat.<\/p>\t\t\t\t\t\t\t\t<\/div>\n\t\t\t\t<\/div>\n\t\t\t\t<div class=\"elementor-element elementor-element-6b2ea2b elementor-widget elementor-widget-heading\" data-id=\"6b2ea2b\" data-element_type=\"widget\" data-widget_type=\"heading.default\">\n\t\t\t\t<div class=\"elementor-widget-container\">\n\t\t\t\t\t<h2 class=\"elementor-heading-title elementor-size-default\">Bleiben Sie auf dem Laufenden und informiert \u2013 treffen Sie Anlageentscheidungen mit absolutem Vertrauen<\/h2>\t\t\t\t<\/div>\n\t\t\t\t<\/div>\n\t\t\t\t<div class=\"elementor-element elementor-element-138dcd6 elementor-widget elementor-widget-text-editor\" data-id=\"138dcd6\" data-element_type=\"widget\" data-widget_type=\"text-editor.default\">\n\t\t\t\t<div class=\"elementor-widget-container\">\n\t\t\t\t\t\t\t\t\t<p>Unsere Finanzberichte sind vertraulich und werden nur an unsere Investoren und Partner weitergegeben. Mit Zugriff auf diese Berichte k\u00f6nnen Sie den Finanzstatus, die Unternehmens\u00e4nderungen und die Leistung von Chateau Entertainment SPAC problemlos bewerten. Wir stellen Ihnen vollst\u00e4ndige Einzelheiten zu unseren Finanzaktivit\u00e4ten zur Verf\u00fcgung, damit Sie genau wissen, wo und wie wir die eingeworbenen Mittel investieren und welche Aktivit\u00e4ten wir durchf\u00fchren, um Gewinne f\u00fcr die Investoren zu erzielen.<\/p><p>Dar\u00fcber hinaus liefern diese Finanzberichte umfassende Informationen \u00fcber die Einnahmen, Ausgaben, Schuldenlast, Rentabilit\u00e4t und F\u00e4higkeit unseres Unternehmens, unsere kurzfristigen und langfristigen Finanz- und Akquisitionsziele zu erreichen. All diese Informationen helfen Investoren und Partnern au\u00dferdem dabei, kritische und zuk\u00fcnftige Investitionsentscheidungen sicher zu treffen und gleichzeitig unser Vorhaben zu finanzieren, um sicherzustellen, dass Kapitalbedarf und angestrebte Ziele erfolgreich erreicht werden.<\/p><p>Dar\u00fcber hinaus geben wir Annahmen und Prognosen zu Ihren finanziellen Zukunftsaussichten weiter, damit wir \u00fcber die besten Anlagem\u00f6glichkeiten informiert sind und die fundierten Entscheidungen treffen k\u00f6nnen, die f\u00fcr die Diversifizierung Ihres Anlageportfolios bei gleichzeitiger Risikominimierung dringend erforderlich sind.<\/p>\t\t\t\t\t\t\t\t<\/div>\n\t\t\t\t<\/div>\n\t\t\t\t\t<\/div>\n\t\t<\/div>\n\t\t\t\t\t<\/div>\n\t\t<\/section>\n\t\t\t\t<section class=\"elementor-section elementor-top-section elementor-element elementor-element-8feeb75 elementor-section-boxed elementor-section-height-default elementor-section-height-default\" data-id=\"8feeb75\" data-element_type=\"section\" data-settings=\"{&quot;background_background&quot;:&quot;classic&quot;}\">\n\t\t\t\t\t\t<div class=\"elementor-container elementor-column-gap-default\">\n\t\t\t\t\t<div class=\"elementor-column elementor-col-100 elementor-top-column elementor-element elementor-element-dcdfc7d\" data-id=\"dcdfc7d\" data-element_type=\"column\">\n\t\t\t<div class=\"elementor-widget-wrap elementor-element-populated\">\n\t\t\t\t\t\t<div class=\"elementor-element elementor-element-e96862f elementor-widget elementor-widget-heading\" data-id=\"e96862f\" data-element_type=\"widget\" data-widget_type=\"heading.default\">\n\t\t\t\t<div class=\"elementor-widget-container\">\n\t\t\t\t\t<h3 class=\"elementor-heading-title elementor-size-default\">Wenn Sie weitere Informationen w\u00fcnschen oder unsere Finanzberichte anfordern m\u00f6chten, kontaktieren Sie uns noch heute.<\/h3>\t\t\t\t<\/div>\n\t\t\t\t<\/div>\n\t\t\t\t<div class=\"elementor-element elementor-element-2f9ac27 elementor-align-center elementor-widget elementor-widget-button\" data-id=\"2f9ac27\" data-element_type=\"widget\" data-widget_type=\"button.default\">\n\t\t\t\t<div class=\"elementor-widget-container\">\n\t\t\t\t\t\t\t\t\t<div class=\"elementor-button-wrapper\">\n\t\t\t\t\t<a class=\"elementor-button elementor-button-link elementor-size-sm\" href=\"\/de\/contact\/\">\n\t\t\t\t\t\t<span class=\"elementor-button-content-wrapper\">\n\t\t\t\t\t\t\t\t\t<span class=\"elementor-button-text\">Kontaktieren Sie mich jetzt<\/span>\n\t\t\t\t\t<\/span>\n\t\t\t\t\t<\/a>\n\t\t\t\t<\/div>\n\t\t\t\t\t\t\t\t<\/div>\n\t\t\t\t<\/div>\n\t\t\t\t\t<\/div>\n\t\t<\/div>\n\t\t\t\t\t<\/div>\n\t\t<\/section>\n\t\t\t\t<\/div>","protected":false},"excerpt":{"rendered":"<p>Wir streben nach Gewinngenerierung und gleichzeitig nach Transparenz. Bei Chateau Entertainment SPAC konzentrieren wir uns strikt darauf, durch unsere B\u00f6rseng\u00e4nge Kapital f\u00fcr den Erwerb verlassener Schl\u00f6sser und historischer Wahrzeichen zu beschaffen. Unser Ziel ist es, f\u00fcr unsere Investoren und Partner kontinuierliche Gewinnstr\u00f6me zu generieren. Um profitabel und nachhaltig zu sein, verlassen wir uns auf unser Team. \u2026 <a title=\"Finanzen\" class=\"read-more\" href=\"https:\/\/chateauentertainment.co\/de\/financials\/\" aria-label=\"Mehr Informationen \u00fcber Financials\">Weiterlesen<\/a><\/p>","protected":false},"author":1,"featured_media":0,"parent":0,"menu_order":13,"comment_status":"closed","ping_status":"closed","template":"","meta":{"footnotes":""},"class_list":["post-80","page","type-page","status-publish"],"_links":{"self":[{"href":"https:\/\/chateauentertainment.co\/de\/wp-json\/wp\/v2\/pages\/80","targetHints":{"allow":["GET"]}}],"collection":[{"href":"https:\/\/chateauentertainment.co\/de\/wp-json\/wp\/v2\/pages"}],"about":[{"href":"https:\/\/chateauentertainment.co\/de\/wp-json\/wp\/v2\/types\/page"}],"author":[{"embeddable":true,"href":"https:\/\/chateauentertainment.co\/de\/wp-json\/wp\/v2\/users\/1"}],"replies":[{"embeddable":true,"href":"https:\/\/chateauentertainment.co\/de\/wp-json\/wp\/v2\/comments?post=80"}],"version-history":[{"count":0,"href":"https:\/\/chateauentertainment.co\/de\/wp-json\/wp\/v2\/pages\/80\/revisions"}],"wp:attachment":[{"href":"https:\/\/chateauentertainment.co\/de\/wp-json\/wp\/v2\/media?parent=80"}],"curies":[{"name":"wp","href":"https:\/\/api.w.org\/{rel}","templated":true}]}}