{"id":81,"date":"2020-05-06T14:53:39","date_gmt":"2020-05-06T14:53:39","guid":{"rendered":"https:\/\/new.deschenaux.me\/?page_id=81"},"modified":"2022-09-07T15:41:10","modified_gmt":"2022-09-07T15:41:10","slug":"news","status":"publish","type":"page","link":"https:\/\/chateauentertainment.co\/de\/news\/","title":{"rendered":"Nachricht"},"content":{"rendered":"<div data-elementor-type=\"wp-page\" data-elementor-id=\"81\" class=\"elementor elementor-81\" data-elementor-post-type=\"page\">\n\t\t\t\t\t\t<section class=\"elementor-section elementor-top-section elementor-element elementor-element-b6a7089 elementor-section-stretched elementor-section-boxed elementor-section-height-default elementor-section-height-default\" data-id=\"b6a7089\" data-element_type=\"section\" data-settings=\"{&quot;stretch_section&quot;:&quot;section-stretched&quot;}\">\n\t\t\t\t\t\t<div class=\"elementor-container elementor-column-gap-default\">\n\t\t\t\t\t<div class=\"elementor-column elementor-col-100 elementor-top-column elementor-element elementor-element-341ddaf\" data-id=\"341ddaf\" data-element_type=\"column\" data-settings=\"{&quot;background_background&quot;:&quot;classic&quot;}\">\n\t\t\t<div class=\"elementor-widget-wrap elementor-element-populated\">\n\t\t\t\t\t\t<div class=\"elementor-element elementor-element-d1b3fd7 elementor-widget elementor-widget-heading\" data-id=\"d1b3fd7\" data-element_type=\"widget\" data-widget_type=\"heading.default\">\n\t\t\t\t<div class=\"elementor-widget-container\">\n\t\t\t\t\t<h3 class=\"elementor-heading-title elementor-size-default\">Bleiben Sie auf dem Laufenden. Gut informiert.<\/h3>\t\t\t\t<\/div>\n\t\t\t\t<\/div>\n\t\t\t\t<div class=\"elementor-element elementor-element-3c54445 elementor-widget elementor-widget-text-editor\" data-id=\"3c54445\" data-element_type=\"widget\" data-widget_type=\"text-editor.default\">\n\t\t\t\t<div class=\"elementor-widget-container\">\n\t\t\t\t\t\t\t\t\t<p>Die Unterhaltungsbranche ist volatil und hochdynamisch. Sie war eine der am st\u00e4rksten betroffenen Branchen w\u00e4hrend der Pandemie, da alle M\u00f6glichkeiten f\u00fcr Live-Unterhaltung geschlossen wurden. Nach der Pandemie haben wir einen neuen Wandel mit einem zunehmenden Wachstum der Online-Konkurrenten erlebt.<\/p><p>Wir bei Chateau Entertainment sind jedoch der Meinung, dass es keinen Ersatz f\u00fcr Live- und B\u00fchnenunterhaltung gibt. Daher haben wir uns vorgenommen, die Branche wiederzubeleben, indem wir historischen und denkmalgesch\u00fctzten Schl\u00f6ssern Leben einhauchen und sie dann an Entertainer vermieten, um Publikum anzuziehen und Gewinne f\u00fcr unsere Investoren zu erwirtschaften.<\/p><p>Angesichts der neuen Wettbewerber, die auf den Markt kommen, und der Strategien, die zur Wiederbelebung der Branche nach der Pandemie umgesetzt werden, ist es f\u00fcr alle, die mit der Branche zu tun haben, von entscheidender Bedeutung, auf dem Laufenden zu bleiben, um fundierte Entscheidungen treffen zu k\u00f6nnen. Daher empfehlen wir Ihnen, unseren Nachrichtenbereich regelm\u00e4\u00dfig zu besuchen, um sicherzustellen, dass Sie \u00fcber die neuesten Entwicklungen in der Branche informiert sind.<\/p><p>Bei Chateau Entertainment halten wir unsere Investoren, Partner, Zauberer und K\u00fcnstler \u00fcber unseren Nachrichtenbereich \u00fcber unser SPAC-Projekt, neue Meilensteine, Investitionsm\u00f6glichkeiten und allgemeine Branchenentwicklungen auf dem Laufenden. Wir teilen Ihnen alle Neuigkeiten zu folgenden Themen mit:<\/p>\t\t\t\t\t\t\t\t<\/div>\n\t\t\t\t<\/div>\n\t\t\t\t<div class=\"elementor-element elementor-element-058ff79 elementor-icon-list--layout-traditional elementor-list-item-link-full_width elementor-widget elementor-widget-icon-list\" data-id=\"058ff79\" data-element_type=\"widget\" data-widget_type=\"icon-list.default\">\n\t\t\t\t<div class=\"elementor-widget-container\">\n\t\t\t\t\t\t\t<ul class=\"elementor-icon-list-items\">\n\t\t\t\t\t\t\t<li class=\"elementor-icon-list-item\">\n\t\t\t\t\t\t\t\t\t\t\t<span class=\"elementor-icon-list-icon\">\n\t\t\t\t\t\t\t<i aria-hidden=\"true\" class=\"fas fa-dot-circle\"><\/i>\t\t\t\t\t\t<\/span>\n\t\t\t\t\t\t\t\t\t\t<span class=\"elementor-icon-list-text\">Neuerwerbungen (z. B. Standort und Namen der verlassenen Burgen und historischen Geb\u00e4ude, die wir weiterhin erwerben und sanieren)<\/span>\n\t\t\t\t\t\t\t\t\t<\/li>\n\t\t\t\t\t\t\t\t<li class=\"elementor-icon-list-item\">\n\t\t\t\t\t\t\t\t\t\t\t<span class=\"elementor-icon-list-icon\">\n\t\t\t\t\t\t\t<i aria-hidden=\"true\" class=\"fas fa-dot-circle\"><\/i>\t\t\t\t\t\t<\/span>\n\t\t\t\t\t\t\t\t\t\t<span class=\"elementor-icon-list-text\">Partnerschaften (neue Partner, die sich zusammenschlie\u00dfen, darunter sowohl Investoren als auch Entertainer)<\/span>\n\t\t\t\t\t\t\t\t\t<\/li>\n\t\t\t\t\t\t\t\t<li class=\"elementor-icon-list-item\">\n\t\t\t\t\t\t\t\t\t\t\t<span class=\"elementor-icon-list-icon\">\n\t\t\t\t\t\t\t<i aria-hidden=\"true\" class=\"fas fa-dot-circle\"><\/i>\t\t\t\t\t\t<\/span>\n\t\t\t\t\t\t\t\t\t\t<span class=\"elementor-icon-list-text\">Kapitalfinanzierung (woher und wie bereitgestellte Mittel sowie ben\u00f6tigtes Kapital)<\/span>\n\t\t\t\t\t\t\t\t\t<\/li>\n\t\t\t\t\t\t\t\t<li class=\"elementor-icon-list-item\">\n\t\t\t\t\t\t\t\t\t\t\t<span class=\"elementor-icon-list-icon\">\n\t\t\t\t\t\t\t<i aria-hidden=\"true\" class=\"fas fa-dot-circle\"><\/i>\t\t\t\t\t\t<\/span>\n\t\t\t\t\t\t\t\t\t\t<span class=\"elementor-icon-list-text\">Restaurierungsarbeiten (ausstehende, laufende oder abgeschlossene Arbeiten)<\/span>\n\t\t\t\t\t\t\t\t\t<\/li>\n\t\t\t\t\t\t\t\t<li class=\"elementor-icon-list-item\">\n\t\t\t\t\t\t\t\t\t\t\t<span class=\"elementor-icon-list-icon\">\n\t\t\t\t\t\t\t<i aria-hidden=\"true\" class=\"fas fa-dot-circle\"><\/i>\t\t\t\t\t\t<\/span>\n\t\t\t\t\t\t\t\t\t\t<span class=\"elementor-icon-list-text\">Transaktionen (Transaktionen, auf die wir uns freuen und die wir erfolgreich abgeschlossen haben)<\/span>\n\t\t\t\t\t\t\t\t\t<\/li>\n\t\t\t\t\t\t\t\t<li class=\"elementor-icon-list-item\">\n\t\t\t\t\t\t\t\t\t\t\t<span class=\"elementor-icon-list-icon\">\n\t\t\t\t\t\t\t<i aria-hidden=\"true\" class=\"fas fa-dot-circle\"><\/i>\t\t\t\t\t\t<\/span>\n\t\t\t\t\t\t\t\t\t\t<span class=\"elementor-icon-list-text\">Investitionsm\u00f6glichkeiten (profitable M\u00f6glichkeiten zur Diversifizierung und Erweiterung Ihres Portfolios)<\/span>\n\t\t\t\t\t\t\t\t\t<\/li>\n\t\t\t\t\t\t<\/ul>\n\t\t\t\t\t\t<\/div>\n\t\t\t\t<\/div>\n\t\t\t\t<div class=\"elementor-element elementor-element-d103b55 elementor-widget elementor-widget-text-editor\" data-id=\"d103b55\" data-element_type=\"widget\" data-widget_type=\"text-editor.default\">\n\t\t\t\t<div class=\"elementor-widget-container\">\n\t\t\t\t\t\t\t\t\t<p>Wir stellen sicher, dass Sie \u00fcber authentische und genaue Informationen verf\u00fcgen, sodass Sie in Echtzeit die richtigen Anlageentscheidungen treffen und so Ihr Portfolio vergr\u00f6\u00dfern und gleichzeitig das Risiko minimieren k\u00f6nnen.<\/p><p>In diesem Abschnitt stellen wir Ressourcen, Anlageleitf\u00e4den, Pressemitteilungen, Branchennachrichten, Finanzberichte und vieles mehr zur Verf\u00fcgung. Wir werden Sie weiterhin in Echtzeit \u00fcber alle aktuellen Ereignisse auf dem Laufenden halten.<\/p>\t\t\t\t\t\t\t\t<\/div>\n\t\t\t\t<\/div>\n\t\t\t\t<div class=\"elementor-element elementor-element-b6e7ab0 elementor-posts__hover-none elementor-hidden-desktop elementor-hidden-tablet elementor-hidden-mobile elementor-grid-3 elementor-grid-tablet-2 elementor-grid-mobile-1 elementor-posts--thumbnail-top elementor-widget elementor-widget-posts\" data-id=\"b6e7ab0\" data-element_type=\"widget\" data-settings=\"{&quot;cards_row_gap&quot;:{&quot;unit&quot;:&quot;px&quot;,&quot;size&quot;:15,&quot;sizes&quot;:[]},&quot;cards_columns&quot;:&quot;3&quot;,&quot;cards_columns_tablet&quot;:&quot;2&quot;,&quot;cards_columns_mobile&quot;:&quot;1&quot;,&quot;cards_row_gap_tablet&quot;:{&quot;unit&quot;:&quot;px&quot;,&quot;size&quot;:&quot;&quot;,&quot;sizes&quot;:[]},&quot;cards_row_gap_mobile&quot;:{&quot;unit&quot;:&quot;px&quot;,&quot;size&quot;:&quot;&quot;,&quot;sizes&quot;:[]}}\" data-widget_type=\"posts.cards\">\n\t\t\t\t<div class=\"elementor-widget-container\">\n\t\t\t\t\t\t\t<div class=\"elementor-posts-container elementor-posts elementor-posts--skin-cards elementor-grid\">\n\t\t\t\t<article class=\"elementor-post elementor-grid-item post-1020 post type-post status-publish format-standard has-post-thumbnail hentry category-news\">\n\t\t\t<div class=\"elementor-post__card\">\n\t\t\t\t<a class=\"elementor-post__thumbnail__link\" href=\"https:\/\/chateauentertainment.co\/de\/news\/news-1\/\" tabindex=\"-1\" ><div class=\"elementor-post__thumbnail\"><img fetchpriority=\"high\" decoding=\"async\" width=\"900\" height=\"600\" src=\"https:\/\/chateauentertainment.co\/wp-content\/uploads\/2020\/05\/initial-advice.jpg\" class=\"attachment-large size-large wp-image-35\" alt=\"\" srcset=\"https:\/\/chateauentertainment.co\/wp-content\/uploads\/2020\/05\/initial-advice.jpg 900w, https:\/\/chateauentertainment.co\/wp-content\/uploads\/2020\/05\/initial-advice-600x400.jpg 600w, https:\/\/chateauentertainment.co\/wp-content\/uploads\/2020\/05\/initial-advice-300x200.jpg 300w, https:\/\/chateauentertainment.co\/wp-content\/uploads\/2020\/05\/initial-advice-768x512.jpg 768w\" sizes=\"(max-width: 900px) 100vw, 900px\" \/><\/div><\/a>\n\t\t\t\t<div class=\"elementor-post__text\">\n\t\t\t\t<h3 class=\"elementor-post__title\">\n\t\t\t<a href=\"https:\/\/chateauentertainment.co\/de\/news\/news-1\/\" >\n\t\t\t\tNeuigkeiten 1\t\t\t<\/a>\n\t\t<\/h3>\n\t\t\t\t<div class=\"elementor-post__excerpt\">\n\t\t\t<p>Hier erscheinen die ersten S\u00e4tze des Artikels von Post 1. Sie k\u00f6nnen diese innerhalb des<\/p>\n\t\t<\/div>\n\t\t\n\t\t<a class=\"elementor-post__read-more\" href=\"https:\/\/chateauentertainment.co\/de\/news\/news-1\/\" aria-label=\"Mehr erfahren \u00fcber News 1\" tabindex=\"-1\" >\n\t\t\tMehr lesen &quot;\t\t<\/a>\n\n\t\t\t\t<\/div>\n\t\t\t\t\t<\/div>\n\t\t<\/article>\n\t\t\t\t<article class=\"elementor-post elementor-grid-item post-1019 post type-post status-publish format-standard has-post-thumbnail hentry category-news\">\n\t\t\t<div class=\"elementor-post__card\">\n\t\t\t\t<a class=\"elementor-post__thumbnail__link\" href=\"https:\/\/chateauentertainment.co\/de\/news\/news-2\/\" tabindex=\"-1\" ><div class=\"elementor-post__thumbnail\"><img decoding=\"async\" width=\"600\" height=\"450\" src=\"https:\/\/chateauentertainment.co\/wp-content\/uploads\/2020\/05\/companies.jpg\" class=\"attachment-large size-large wp-image-34\" alt=\"\" srcset=\"https:\/\/chateauentertainment.co\/wp-content\/uploads\/2020\/05\/companies.jpg 600w, https:\/\/chateauentertainment.co\/wp-content\/uploads\/2020\/05\/companies-300x225.jpg 300w\" sizes=\"(max-width: 600px) 100vw, 600px\" \/><\/div><\/a>\n\t\t\t\t<div class=\"elementor-post__text\">\n\t\t\t\t<h3 class=\"elementor-post__title\">\n\t\t\t<a href=\"https:\/\/chateauentertainment.co\/de\/news\/news-2\/\" >\n\t\t\t\tNachrichten 2\t\t\t<\/a>\n\t\t<\/h3>\n\t\t\t\t<div class=\"elementor-post__excerpt\">\n\t\t\t<p>Hier erscheinen die ersten S\u00e4tze des Artikels von Post 2. Sie k\u00f6nnen diese innerhalb des<\/p>\n\t\t<\/div>\n\t\t\n\t\t<a class=\"elementor-post__read-more\" href=\"https:\/\/chateauentertainment.co\/de\/news\/news-2\/\" aria-label=\"Mehr zu News 2\" tabindex=\"-1\" >\n\t\t\tMehr lesen &quot;\t\t<\/a>\n\n\t\t\t\t<\/div>\n\t\t\t\t\t<\/div>\n\t\t<\/article>\n\t\t\t\t<article class=\"elementor-post elementor-grid-item post-1017 post type-post status-publish format-standard has-post-thumbnail hentry category-news\">\n\t\t\t<div class=\"elementor-post__card\">\n\t\t\t\t<a class=\"elementor-post__thumbnail__link\" href=\"https:\/\/chateauentertainment.co\/de\/news\/news-3\/\" tabindex=\"-1\" ><div class=\"elementor-post__thumbnail\"><img decoding=\"async\" width=\"600\" height=\"450\" src=\"https:\/\/chateauentertainment.co\/wp-content\/uploads\/2020\/05\/invididuals.jpg\" class=\"attachment-large size-large wp-image-33\" alt=\"\" srcset=\"https:\/\/chateauentertainment.co\/wp-content\/uploads\/2020\/05\/invididuals.jpg 600w, https:\/\/chateauentertainment.co\/wp-content\/uploads\/2020\/05\/invididuals-300x225.jpg 300w\" sizes=\"(max-width: 600px) 100vw, 600px\" \/><\/div><\/a>\n\t\t\t\t<div class=\"elementor-post__text\">\n\t\t\t\t<h3 class=\"elementor-post__title\">\n\t\t\t<a href=\"https:\/\/chateauentertainment.co\/de\/news\/news-3\/\" >\n\t\t\t\tNachrichten 3\t\t\t<\/a>\n\t\t<\/h3>\n\t\t\t\t<div class=\"elementor-post__excerpt\">\n\t\t\t<p>Hier erscheinen die ersten S\u00e4tze des Artikels. Sie k\u00f6nnen diese innerhalb des<\/p>\n\t\t<\/div>\n\t\t\n\t\t<a class=\"elementor-post__read-more\" href=\"https:\/\/chateauentertainment.co\/de\/news\/news-3\/\" aria-label=\"Mehr zu News 3\" tabindex=\"-1\" >\n\t\t\tMehr lesen &quot;\t\t<\/a>\n\n\t\t\t\t<\/div>\n\t\t\t\t\t<\/div>\n\t\t<\/article>\n\t\t\t\t<\/div>\n\t\t\n\t\t\t\t\t\t<\/div>\n\t\t\t\t<\/div>\n\t\t\t\t\t<\/div>\n\t\t<\/div>\n\t\t\t\t\t<\/div>\n\t\t<\/section>\n\t\t\t\t<\/div>","protected":false},"excerpt":{"rendered":"<p>Bleiben Sie auf dem Laufenden. Gut informiert. Die Unterhaltungsbranche ist volatil und hochdynamisch. Sie war eine der am st\u00e4rksten betroffenen Branchen w\u00e4hrend der Pandemie, da alle M\u00f6glichkeiten f\u00fcr Live-Unterhaltung geschlossen wurden. Nach der Pandemie haben wir einen neuen Wandel mit einem zunehmenden Wachstum der Online-Konkurrenten erlebt. Bei Chateau Entertainment glauben wir jedoch, dass es \u2026 <a title=\"Nachrichten 3\" class=\"read-more\" href=\"https:\/\/chateauentertainment.co\/de\/news\/news-3\/\" aria-label=\"Mehr Informationen \u00fcber News 3\">Weiterlesen<\/a><\/p>","protected":false},"author":1,"featured_media":0,"parent":0,"menu_order":20,"comment_status":"closed","ping_status":"closed","template":"","meta":{"footnotes":""},"class_list":["post-81","page","type-page","status-publish","hentry"],"_links":{"self":[{"href":"https:\/\/chateauentertainment.co\/de\/wp-json\/wp\/v2\/pages\/81","targetHints":{"allow":["GET"]}}],"collection":[{"href":"https:\/\/chateauentertainment.co\/de\/wp-json\/wp\/v2\/pages"}],"about":[{"href":"https:\/\/chateauentertainment.co\/de\/wp-json\/wp\/v2\/types\/page"}],"author":[{"embeddable":true,"href":"https:\/\/chateauentertainment.co\/de\/wp-json\/wp\/v2\/users\/1"}],"replies":[{"embeddable":true,"href":"https:\/\/chateauentertainment.co\/de\/wp-json\/wp\/v2\/comments?post=81"}],"version-history":[{"count":0,"href":"https:\/\/chateauentertainment.co\/de\/wp-json\/wp\/v2\/pages\/81\/revisions"}],"wp:attachment":[{"href":"https:\/\/chateauentertainment.co\/de\/wp-json\/wp\/v2\/media?parent=81"}],"curies":[{"name":"wp","href":"https:\/\/api.w.org\/{rel}","templated":true}]}}