{"id":83,"date":"2020-05-06T14:53:32","date_gmt":"2020-05-06T14:53:32","guid":{"rendered":"https:\/\/new.deschenaux.me\/?page_id=83"},"modified":"2022-08-07T20:27:11","modified_gmt":"2022-08-07T20:27:11","slug":"team","status":"publish","type":"page","link":"https:\/\/chateauentertainment.co\/de\/team\/","title":{"rendered":"Team"},"content":{"rendered":"<div data-elementor-type=\"wp-page\" data-elementor-id=\"83\" class=\"elementor elementor-83\" data-elementor-post-type=\"page\">\n\t\t\t\t\t\t<section class=\"elementor-section elementor-top-section elementor-element elementor-element-4c09c46 elementor-section-stretched elementor-section-boxed elementor-section-height-default elementor-section-height-default\" data-id=\"4c09c46\" data-element_type=\"section\" data-settings=\"{&quot;stretch_section&quot;:&quot;section-stretched&quot;}\">\n\t\t\t\t\t\t<div class=\"elementor-container elementor-column-gap-default\">\n\t\t\t\t\t<div class=\"elementor-column elementor-col-100 elementor-top-column elementor-element elementor-element-6a4d63a\" data-id=\"6a4d63a\" data-element_type=\"column\">\n\t\t\t<div class=\"elementor-widget-wrap elementor-element-populated\">\n\t\t\t\t\t\t<div class=\"elementor-element elementor-element-3576b00 elementor-widget elementor-widget-heading\" data-id=\"3576b00\" data-element_type=\"widget\" data-widget_type=\"heading.default\">\n\t\t\t\t<div class=\"elementor-widget-container\">\n\t\t\t\t\t<h3 class=\"elementor-heading-title elementor-size-default\">Leidenschaftlich. Erfahren. Zielstrebig.<\/h3>\t\t\t\t<\/div>\n\t\t\t\t<\/div>\n\t\t\t\t<div class=\"elementor-element elementor-element-646c58f elementor-widget elementor-widget-text-editor\" data-id=\"646c58f\" data-element_type=\"widget\" data-widget_type=\"text-editor.default\">\n\t\t\t\t<div class=\"elementor-widget-container\">\n\t\t\t\t\t\t\t\t\t<p>Chateau Entertainment ist stolz darauf, ein Team aus Gleichgesinnten zu haben, die erfahren, leidenschaftlich und motiviert sind, den Erfolg seiner Investoren und Partner voranzutreiben. Unser Team wird von Marc Deschenaux geleitet, dem Gr\u00fcndungspartner von Swiss Financiers und einem weltbekannten Experten f\u00fcr Unternehmensfinanzierung. Deschenaux verf\u00fcgt \u00fcber umfangreiche Erfahrung in den Bereichen Management, Innovation, F\u00fchrung und Governance. Diese Erfahrung, kombiniert mit seiner Expertise in den Bereichen Investitionen und Risikokapital, garantiert, dass der Erfolg unvermeidlich ist.<\/p><p>Bei Chateau Entertainment konzentriert sich unser Team unter der starken F\u00fchrung und Leitung von Marc Deschenaux darauf, unseren Investoren gewinnbringende Investitionsm\u00f6glichkeiten zu bieten und ihre Portfolios zu erweitern.<\/p><p>Wir suchen aktiv nach verlassenen Schl\u00f6ssern und historischen Anwesen und erwerben diese zu erschwinglichen Preisen. Nach der \u00dcbernahme durch Chateau Entertainment SPAC gehen wir zur n\u00e4chsten Phase \u00fcber, in der wir diese Anwesen verj\u00fcngen, ihre optische Attraktivit\u00e4t wiederherstellen und gleichzeitig ihr Erbe bewahren. Unser Team h\u00f6rt hier nicht auf.<\/p><p>Die Wiederbelebung dieser verlassenen Immobilien wird ihre Nachfrage sofort erh\u00f6hen. Wir m\u00f6chten jedoch die hohe Nachfrage nach diesen Immobilien im besten Interesse unserer Investoren und Partner nutzen, indem wir sie an Entertainer, Zauberer und K\u00fcnstler vermieten, die \u00fcber die Kunst und das Handwerk verf\u00fcgen, um Massen anzuziehen und kontinuierliche Einnahmequellen zu generieren. Mit zunehmender Popularit\u00e4t werden auch die Gewinne unserer Investoren steigen. Auf diese Weise bem\u00fcht sich unser Team, hohe Kapitalrenditen zu erzielen.<\/p><p>Wir arbeiten weiterhin flei\u00dfig und organisieren Kapitalmittel f\u00fcr neue Immobilienk\u00e4ufe. F\u00fcr unser Team ist es ein Unterfangen, das die Unterhaltungsindustrie wiederbeleben, verlassenen und historischen Geb\u00e4uden neues Leben einhauchen und sich f\u00fcr unsere Investoren als gewinnbringende Quelle erweisen wird. Wir sind bereit, Geschichte zu schreiben.<\/p>\t\t\t\t\t\t\t\t<\/div>\n\t\t\t\t<\/div>\n\t\t\t\t\t<\/div>\n\t\t<\/div>\n\t\t\t\t\t<\/div>\n\t\t<\/section>\n\t\t\t\t<section class=\"elementor-section elementor-top-section elementor-element elementor-element-65d2e74c elementor-section-content-middle elementor-section-stretched elementor-section-boxed elementor-section-height-default elementor-section-height-default\" data-id=\"65d2e74c\" data-element_type=\"section\" data-settings=\"{&quot;stretch_section&quot;:&quot;section-stretched&quot;,&quot;background_background&quot;:&quot;classic&quot;}\">\n\t\t\t\t\t\t<div class=\"elementor-container elementor-column-gap-narrow\">\n\t\t\t\t\t<div class=\"elementor-column elementor-col-100 elementor-top-column elementor-element elementor-element-2d50462\" data-id=\"2d50462\" data-element_type=\"column\">\n\t\t\t<div class=\"elementor-widget-wrap elementor-element-populated\">\n\t\t\t\t\t\t<div class=\"elementor-element elementor-element-c67c9b0 elementor-posts--align-center elementor-grid-3 elementor-grid-tablet-2 elementor-grid-mobile-1 elementor-posts--thumbnail-top elementor-widget elementor-widget-posts\" data-id=\"c67c9b0\" data-element_type=\"widget\" data-settings=\"{&quot;classic_row_gap&quot;:{&quot;unit&quot;:&quot;px&quot;,&quot;size&quot;:15,&quot;sizes&quot;:[]},&quot;classic_columns&quot;:&quot;3&quot;,&quot;classic_columns_tablet&quot;:&quot;2&quot;,&quot;classic_columns_mobile&quot;:&quot;1&quot;,&quot;classic_row_gap_tablet&quot;:{&quot;unit&quot;:&quot;px&quot;,&quot;size&quot;:&quot;&quot;,&quot;sizes&quot;:[]},&quot;classic_row_gap_mobile&quot;:{&quot;unit&quot;:&quot;px&quot;,&quot;size&quot;:&quot;&quot;,&quot;sizes&quot;:[]}}\" data-widget_type=\"posts.classic\">\n\t\t\t\t<div class=\"elementor-widget-container\">\n\t\t\t\t\t\t\t<div class=\"elementor-posts-container elementor-posts elementor-posts--skin-classic elementor-grid\">\n\t\t\t\t<article class=\"elementor-post elementor-grid-item post-3471 post type-post status-publish format-standard has-post-thumbnail hentry category-board-of-directors category-management category-team\">\n\t\t\t\t<a class=\"elementor-post__thumbnail__link\" href=\"https:\/\/chateauentertainment.co\/de\/team\/mark-setteducati-2\/\" tabindex=\"-1\" >\n\t\t\t<div class=\"elementor-post__thumbnail\"><img fetchpriority=\"high\" decoding=\"async\" width=\"1024\" height=\"682\" src=\"https:\/\/chateauentertainment.co\/wp-content\/uploads\/Mark_Setteducati-1024x682.jpeg\" class=\"attachment-large size-large wp-image-3488\" alt=\"Mark Setteducati\" \/><\/div>\n\t\t<\/a>\n\t\t\t\t<div class=\"elementor-post__text\">\n\t\t\t\t<h3 class=\"elementor-post__title\">\n\t\t\t<a href=\"https:\/\/chateauentertainment.co\/de\/team\/mark-setteducati-2\/\" >\n\t\t\t\tMark Setteducati\t\t\t<\/a>\n\t\t<\/h3>\n\t\t\t\t<div class=\"elementor-post__excerpt\">\n\t\t\t<h3>Pr\u00e4sident<\/h3>\n<p style=\"text-align:justify;\">Mark Setteducati (* 1. November 1955) ist ein US-amerikanischer Zauberer und Erfinder von Zauberei, Illusionen, Spielen und R\u00e4tseln. Er ist auch Autor, bekannt f\u00fcr das Buch \u201eThe Magic Show\u201c, und war bei PBS Inventors zu sehen. Setteducati wurde in New York City, NY, geboren und wuchs in Emerson, New Jersey, auf.<\/p>\n<p>&nbsp;<br \/>\n<a class=\"elementor-icon elementor-social-icon elementor-social-icon-linkedin elementor-repeater-item-c605892\" href=\"https:\/\/www.linkedin.com\/in\/mark-setteducati-3519a027\/\" target=\"_blank\" rel=\"noopener noreferrer\"><i class=\"fab fa-linkedin\"><\/i><\/a><\/p>\n\t\t<\/div>\n\t\t\n\t\t<a class=\"elementor-post__read-more\" href=\"https:\/\/chateauentertainment.co\/de\/team\/mark-setteducati-2\/\" aria-label=\"Lesen Sie mehr \u00fcber Mark Setteducati\" tabindex=\"-1\" >\n\t\t\tMehr wissen &quot;\t\t<\/a>\n\n\t\t\t\t<\/div>\n\t\t\t\t<\/article>\n\t\t\t\t<article class=\"elementor-post elementor-grid-item post-2791 post type-post status-publish format-standard has-post-thumbnail hentry category-board-of-directors category-management category-team\">\n\t\t\t\t<a class=\"elementor-post__thumbnail__link\" href=\"https:\/\/chateauentertainment.co\/de\/team\/marc-deschenaux\/\" tabindex=\"-1\" >\n\t\t\t<div class=\"elementor-post__thumbnail\"><img decoding=\"async\" width=\"585\" height=\"585\" src=\"https:\/\/chateauentertainment.co\/wp-content\/uploads\/Marc-Deschenaux_CFO.jpg\" class=\"attachment-large size-large wp-image-3506\" alt=\"Marc Deschenaux\" srcset=\"https:\/\/chateauentertainment.co\/wp-content\/uploads\/Marc-Deschenaux_CFO.jpg 585w, https:\/\/chateauentertainment.co\/wp-content\/uploads\/Marc-Deschenaux_CFO-300x300.jpg 300w, https:\/\/chateauentertainment.co\/wp-content\/uploads\/Marc-Deschenaux_CFO-150x150.jpg 150w, https:\/\/chateauentertainment.co\/wp-content\/uploads\/Marc-Deschenaux_CFO-12x12.jpg 12w\" sizes=\"(max-width: 585px) 100vw, 585px\" \/><\/div>\n\t\t<\/a>\n\t\t\t\t<div class=\"elementor-post__text\">\n\t\t\t\t<h3 class=\"elementor-post__title\">\n\t\t\t<a href=\"https:\/\/chateauentertainment.co\/de\/team\/marc-deschenaux\/\" >\n\t\t\t\tMarc Deschenaux\t\t\t<\/a>\n\t\t<\/h3>\n\t\t\t\t<div class=\"elementor-post__excerpt\">\n\t\t\t<h3>Finanzvorstand<\/h3>\n<p style=\"text-align:justify;\">Marc Deschenaux ist ein weltweiter Experte f\u00fcr Unternehmensfinanzierung, von privaten Angeboten bis zu B\u00f6rseng\u00e4ngen (IPOs). Er hat f\u00fcr Unternehmen auf der ganzen Welt privates und \u00f6ffentliches Eigenkapital und Fremdkapital beschafft. Er hat auch verschiedene Arten von Operationen finanziert, von Import-\/Exporttransaktionen bis zu Immobilieninvestmentfonds und organisierten Regierungsdarlehen.<\/p>\n<p>&nbsp;<br \/>\n<a class=\"elementor-icon elementor-social-icon elementor-social-icon-linkedin elementor-repeater-item-c605892\" href=\"https:\/\/www.linkedin.com\/in\/marcdeschenaux\/\" target=\"_blank\" rel=\"noopener noreferrer\"><i class=\"fab fa-linkedin\"><\/i><\/a><\/p>\n\t\t<\/div>\n\t\t\n\t\t<a class=\"elementor-post__read-more\" href=\"https:\/\/chateauentertainment.co\/de\/team\/marc-deschenaux\/\" aria-label=\"Lesen Sie mehr \u00fcber Marc Deschenaux\" tabindex=\"-1\" >\n\t\t\tMehr wissen &quot;\t\t<\/a>\n\n\t\t\t\t<\/div>\n\t\t\t\t<\/article>\n\t\t\t\t<\/div>\n\t\t\n\t\t\t\t\t\t<\/div>\n\t\t\t\t<\/div>\n\t\t\t\t\t<\/div>\n\t\t<\/div>\n\t\t\t\t\t<\/div>\n\t\t<\/section>\n\t\t\t\t<\/div>","protected":false},"excerpt":{"rendered":"<p>Leidenschaftlich. Erfahren. Zielstrebig. Chateau Entertainment ist stolz darauf, ein Team von Gleichgesinnten zu haben, die erfahren, leidenschaftlich und zielstrebig sind, den Erfolg seiner Investoren und Partner zu sichern. Unser Team wird von Marc Deschenaux geleitet, dem Gr\u00fcndungspartner von Swiss Financiers und einem weltbekannten Experten f\u00fcr Unternehmensfinanzierung. Deschenaux verf\u00fcgt \u00fcber einen gro\u00dfen Erfahrungsschatz \u2026 <a title=\"Marc Deschenaux\" class=\"read-more\" href=\"https:\/\/chateauentertainment.co\/de\/team\/marc-deschenaux\/\" aria-label=\"Mehr Informationen \u00fcber Marc Deschenaux\">Weiterlesen<\/a><\/p>","protected":false},"author":1,"featured_media":0,"parent":0,"menu_order":24,"comment_status":"closed","ping_status":"closed","template":"","meta":{"footnotes":""},"class_list":["post-83","page","type-page","status-publish","hentry"],"_links":{"self":[{"href":"https:\/\/chateauentertainment.co\/de\/wp-json\/wp\/v2\/pages\/83","targetHints":{"allow":["GET"]}}],"collection":[{"href":"https:\/\/chateauentertainment.co\/de\/wp-json\/wp\/v2\/pages"}],"about":[{"href":"https:\/\/chateauentertainment.co\/de\/wp-json\/wp\/v2\/types\/page"}],"author":[{"embeddable":true,"href":"https:\/\/chateauentertainment.co\/de\/wp-json\/wp\/v2\/users\/1"}],"replies":[{"embeddable":true,"href":"https:\/\/chateauentertainment.co\/de\/wp-json\/wp\/v2\/comments?post=83"}],"version-history":[{"count":0,"href":"https:\/\/chateauentertainment.co\/de\/wp-json\/wp\/v2\/pages\/83\/revisions"}],"wp:attachment":[{"href":"https:\/\/chateauentertainment.co\/de\/wp-json\/wp\/v2\/media?parent=83"}],"curies":[{"name":"wp","href":"https:\/\/api.w.org\/{rel}","templated":true}]}}