{"id":1479,"date":"2020-05-08T18:57:34","date_gmt":"2020-05-08T18:57:34","guid":{"rendered":"https:\/\/new.deschenaux.me\/?page_id=1479"},"modified":"2021-08-18T18:28:00","modified_gmt":"2021-08-18T18:28:00","slug":"investors","status":"publish","type":"page","link":"https:\/\/chateauentertainment.co\/es\/investors\/","title":{"rendered":"Inversores"},"content":{"rendered":"<div data-elementor-type=\"wp-page\" data-elementor-id=\"1479\" class=\"elementor elementor-1479\" data-elementor-post-type=\"page\">\n\t\t\t\t\t\t<section class=\"elementor-section elementor-top-section elementor-element elementor-element-34478bd elementor-section-boxed elementor-section-height-default elementor-section-height-default\" data-id=\"34478bd\" data-element_type=\"section\">\n\t\t\t\t\t\t<div class=\"elementor-container elementor-column-gap-default\">\n\t\t\t\t\t<div class=\"elementor-column elementor-col-100 elementor-top-column elementor-element elementor-element-6d898d1\" data-id=\"6d898d1\" data-element_type=\"column\">\n\t\t\t<div class=\"elementor-widget-wrap elementor-element-populated\">\n\t\t\t\t\t\t<div class=\"elementor-element elementor-element-5db9fe4 elementor-widget elementor-widget-heading\" data-id=\"5db9fe4\" data-element_type=\"widget\" data-widget_type=\"heading.default\">\n\t\t\t\t<div class=\"elementor-widget-container\">\n\t\t\t\t\t<h3 class=\"elementor-heading-title elementor-size-default\">\u00a1Una oportunidad de inversi\u00f3n que no te puedes perder!<\/h3>\t\t\t\t<\/div>\n\t\t\t\t<\/div>\n\t\t\t\t<div class=\"elementor-element elementor-element-648e04d elementor-widget elementor-widget-text-editor\" data-id=\"648e04d\" data-element_type=\"widget\" data-widget_type=\"text-editor.default\">\n\t\t\t\t<div class=\"elementor-widget-container\">\n\t\t\t\t\t\t\t\t\t<p>Aumente sus ganancias mientras mitiga el riesgo. \u00danase a Chateau Entertainment para obtener altos rendimientos de las inversiones. En Chateau Entertainment, hemos ideado cuidadosamente una propuesta de inversi\u00f3n ganadora para nuestros inversores despu\u00e9s de investigaciones y hallazgos en profundidad de la industria. Seg\u00fan los conocimientos y la informaci\u00f3n recopilados, creemos que ahora es el mejor momento para invertir en la industria del entretenimiento y redefinir su \u00e9xito.<\/p><p>Nuestra propuesta es \u00fanica y rentable. Estamos enfocados en adquirir monumentos hist\u00f3ricos, castillos y propiedades. Desde castillos medievales escoceses hasta ic\u00f3nicos castillos franceses, nuestro objetivo es adquirir todo tipo de propiedades hist\u00f3ricas abandonadas y restaurarlas a su antiguo esplendor. Si se pregunta c\u00f3mo le beneficiar\u00e1 esto, aqu\u00ed le explicamos c\u00f3mo. Los conocimientos de nuestra investigaci\u00f3n muestran que:<\/p>\t\t\t\t\t\t\t\t<\/div>\n\t\t\t\t<\/div>\n\t\t\t\t<div class=\"elementor-element elementor-element-d5e8c40 elementor-icon-list--layout-traditional elementor-list-item-link-full_width elementor-widget elementor-widget-icon-list\" data-id=\"d5e8c40\" data-element_type=\"widget\" data-widget_type=\"icon-list.default\">\n\t\t\t\t<div class=\"elementor-widget-container\">\n\t\t\t\t\t\t\t<ul class=\"elementor-icon-list-items\">\n\t\t\t\t\t\t\t<li class=\"elementor-icon-list-item\">\n\t\t\t\t\t\t\t\t\t\t\t<span class=\"elementor-icon-list-icon\">\n\t\t\t\t\t\t\t<i aria-hidden=\"true\" class=\"fas fa-hand-point-right\"><\/i>\t\t\t\t\t\t<\/span>\n\t\t\t\t\t\t\t\t\t\t<span class=\"elementor-icon-list-text\">Estas propiedades hist\u00f3ricas abandonadas que datan al menos de 1850 est\u00e1n disponibles a precios bajos.<\/span>\n\t\t\t\t\t\t\t\t\t<\/li>\n\t\t\t\t\t\t\t\t<li class=\"elementor-icon-list-item\">\n\t\t\t\t\t\t\t\t\t\t\t<span class=\"elementor-icon-list-icon\">\n\t\t\t\t\t\t\t<i aria-hidden=\"true\" class=\"fas fa-hand-point-right\"><\/i>\t\t\t\t\t\t<\/span>\n\t\t\t\t\t\t\t\t\t\t<span class=\"elementor-icon-list-text\">Las recompensas de restaurar una mansi\u00f3n hist\u00f3rica centenaria y barata a su estado anterior no tienen precio.<\/span>\n\t\t\t\t\t\t\t\t\t<\/li>\n\t\t\t\t\t\t\t\t<li class=\"elementor-icon-list-item\">\n\t\t\t\t\t\t\t\t\t\t\t<span class=\"elementor-icon-list-icon\">\n\t\t\t\t\t\t\t<i aria-hidden=\"true\" class=\"fas fa-hand-point-right\"><\/i>\t\t\t\t\t\t<\/span>\n\t\t\t\t\t\t\t\t\t\t<span class=\"elementor-icon-list-text\">No solo ser\u00e1 incre\u00edblemente existente para que la gente lo visite y explore, sino que tambi\u00e9n tendr\u00e1 el mejor acceso al entretenimiento aqu\u00ed, ya que planeamos alquilarlo a animadores y artistas.<\/span>\n\t\t\t\t\t\t\t\t\t<\/li>\n\t\t\t\t\t\t\t\t<li class=\"elementor-icon-list-item\">\n\t\t\t\t\t\t\t\t\t\t\t<span class=\"elementor-icon-list-icon\">\n\t\t\t\t\t\t\t<i aria-hidden=\"true\" class=\"fas fa-hand-point-right\"><\/i>\t\t\t\t\t\t<\/span>\n\t\t\t\t\t\t\t\t\t\t<span class=\"elementor-icon-list-text\">Adem\u00e1s, la demanda de alquiler de castillos va en aumento.<\/span>\n\t\t\t\t\t\t\t\t\t<\/li>\n\t\t\t\t\t\t<\/ul>\n\t\t\t\t\t\t<\/div>\n\t\t\t\t<\/div>\n\t\t\t\t<div class=\"elementor-element elementor-element-eda5f19 elementor-widget elementor-widget-text-editor\" data-id=\"eda5f19\" data-element_type=\"widget\" data-widget_type=\"text-editor.default\">\n\t\t\t\t<div class=\"elementor-widget-container\">\n\t\t\t\t\t\t\t\t\t<p>Aparte de esto, otra noticia interesante para nuestros inversores potenciales es que muchos artistas de la industria, incluidos magos y artistas de primer nivel como Mark Setteducati, Jeff Sheridan y Oliver, est\u00e1n interesados en alquilar castillos una vez restaurados. Esto demuestra su fe en nuestra propuesta. Llevan m\u00e1s tiempo en la industria del entretenimiento y pueden ver c\u00f3mo nuestra propuesta pretende devolverle la emoci\u00f3n y el entusiasmo al entretenimiento en vivo.<\/p><p>Del mismo modo, muchos inversores se han unido a nosotros para apoyarnos. Sin embargo, dado que se trata de un proyecto de inversi\u00f3n enorme y \u00fanico en su tipo, nos gustar\u00eda que m\u00e1s inversores se unieran a nosotros para hacer realidad nuestra visi\u00f3n. Nosotros tambi\u00e9n te invitamos. \u00danase a nosotros en este emprendimiento y sea parte de un proyecto de inversi\u00f3n que har\u00e1 historia. Genere ganancias para su cartera de inversiones con un riesgo m\u00ednimo.<\/p>\t\t\t\t\t\t\t\t<\/div>\n\t\t\t\t<\/div>\n\t\t\t\t<div class=\"elementor-element elementor-element-cbc765a elementor-align-center elementor-widget elementor-widget-button\" data-id=\"cbc765a\" data-element_type=\"widget\" data-widget_type=\"button.default\">\n\t\t\t\t<div class=\"elementor-widget-container\">\n\t\t\t\t\t\t\t\t\t<div class=\"elementor-button-wrapper\">\n\t\t\t\t\t<a class=\"elementor-button elementor-button-link elementor-size-lg\" href=\"\/es\/contact\/\">\n\t\t\t\t\t\t<span class=\"elementor-button-content-wrapper\">\n\t\t\t\t\t\t\t\t\t<span class=\"elementor-button-text\">Reserve una reuni\u00f3n hoy.<\/span>\n\t\t\t\t\t<\/span>\n\t\t\t\t\t<\/a>\n\t\t\t\t<\/div>\n\t\t\t\t\t\t\t\t<\/div>\n\t\t\t\t<\/div>\n\t\t\t\t\t<\/div>\n\t\t<\/div>\n\t\t\t\t\t<\/div>\n\t\t<\/section>\n\t\t\t\t<\/div>","protected":false},"excerpt":{"rendered":"<p>\u00a1Una oportunidad de inversi\u00f3n que no puede dejar pasar! Aumente sus ganancias mientras mitiga el riesgo. \u00danase a Chateau Entertainment para obtener altos rendimientos de las inversiones. En Chateau Entertainment, hemos dise\u00f1ado cuidadosamente una propuesta de inversi\u00f3n ganadora para nuestros inversores despu\u00e9s de una investigaci\u00f3n y hallazgos en profundidad de la industria. Con base en los conocimientos y la informaci\u00f3n recopilados, creemos que ahora es el mejor momento \u2026 <a title=\"Inversores\" class=\"read-more\" href=\"https:\/\/chateauentertainment.co\/es\/investors\/\" aria-label=\"Leer m\u00e1s sobre Inversionistas\">Leer m\u00e1s<\/a><\/p>","protected":false},"author":1,"featured_media":0,"parent":0,"menu_order":9,"comment_status":"closed","ping_status":"closed","template":"","meta":{"footnotes":""},"class_list":["post-1479","page","type-page","status-publish"],"_links":{"self":[{"href":"https:\/\/chateauentertainment.co\/es\/wp-json\/wp\/v2\/pages\/1479","targetHints":{"allow":["GET"]}}],"collection":[{"href":"https:\/\/chateauentertainment.co\/es\/wp-json\/wp\/v2\/pages"}],"about":[{"href":"https:\/\/chateauentertainment.co\/es\/wp-json\/wp\/v2\/types\/page"}],"author":[{"embeddable":true,"href":"https:\/\/chateauentertainment.co\/es\/wp-json\/wp\/v2\/users\/1"}],"replies":[{"embeddable":true,"href":"https:\/\/chateauentertainment.co\/es\/wp-json\/wp\/v2\/comments?post=1479"}],"version-history":[{"count":0,"href":"https:\/\/chateauentertainment.co\/es\/wp-json\/wp\/v2\/pages\/1479\/revisions"}],"wp:attachment":[{"href":"https:\/\/chateauentertainment.co\/es\/wp-json\/wp\/v2\/media?parent=1479"}],"curies":[{"name":"wp","href":"https:\/\/api.w.org\/{rel}","templated":true}]}}