{"id":1819,"date":"2020-05-10T12:45:20","date_gmt":"2020-05-10T12:45:20","guid":{"rendered":"https:\/\/new.deschenaux.me\/?page_id=1819"},"modified":"2021-09-09T11:00:19","modified_gmt":"2021-09-09T11:00:19","slug":"ipo","status":"publish","type":"page","link":"https:\/\/chateauentertainment.co\/es\/ipo\/","title":{"rendered":"OPI"},"content":{"rendered":"<div data-elementor-type=\"wp-page\" data-elementor-id=\"1819\" class=\"elementor elementor-1819\" data-elementor-post-type=\"page\">\n\t\t\t\t\t\t<section class=\"elementor-section elementor-top-section elementor-element elementor-element-1b4ac44 elementor-section-stretched elementor-section-boxed elementor-section-height-default elementor-section-height-default\" data-id=\"1b4ac44\" data-element_type=\"section\" data-settings=\"{&quot;stretch_section&quot;:&quot;section-stretched&quot;}\">\n\t\t\t\t\t\t<div class=\"elementor-container elementor-column-gap-default\">\n\t\t\t\t\t<div class=\"elementor-column elementor-col-100 elementor-top-column elementor-element elementor-element-5d6e415\" data-id=\"5d6e415\" data-element_type=\"column\">\n\t\t\t<div class=\"elementor-widget-wrap elementor-element-populated\">\n\t\t\t\t\t\t<div class=\"elementor-element elementor-element-dd0f169 elementor-widget elementor-widget-heading\" data-id=\"dd0f169\" data-element_type=\"widget\" data-widget_type=\"heading.default\">\n\t\t\t\t<div class=\"elementor-widget-container\">\n\t\t\t\t\t<h3 class=\"elementor-heading-title elementor-size-default\">Invitando a clientes e inversores potenciales a nuestra oferta p\u00fablica inicial.<\/h3>\t\t\t\t<\/div>\n\t\t\t\t<\/div>\n\t\t\t\t<div class=\"elementor-element elementor-element-914c1ed elementor-widget elementor-widget-text-editor\" data-id=\"914c1ed\" data-element_type=\"widget\" data-widget_type=\"text-editor.default\">\n\t\t\t\t<div class=\"elementor-widget-container\">\n\t\t\t\t\t\t\t\t\t<p>El <strong>Pandemia de COVID-19<\/strong> Ha habido una grave crisis sanitaria. Ha afectado todas las facetas de la econom\u00eda global, incluida la industria del entretenimiento. La pandemia provoc\u00f3 una gran agitaci\u00f3n que provoc\u00f3 el cierre total de teatros y cines y no se permitieron eventos como conciertos, espect\u00e1culos y actuaciones. Fue entonces cuando los servicios de streaming online crecieron a pasos agigantados. Aunque la transmisi\u00f3n en l\u00ednea est\u00e1 ganando popularidad en <strong>Entretenimiento en el castillo<\/strong>, creemos que no hay sustituto para el entretenimiento en vivo.<\/p><p>Sin embargo, el desaf\u00edo que enfrenta la industria del entretenimiento despu\u00e9s de la pandemia es atraer y atraer una audiencia para disfrutar de espect\u00e1culos de entretenimiento en vivo. Aqu\u00ed es donde Chateau Entertainment ha dado un paso adelante con una propuesta para generar entusiasmo y reavivar la locura del entretenimiento en vivo en personas de todas las edades.<\/p><p>Entendemos que como la competencia es agresiva, necesitamos encontrar algo extraordinario. Esta es precisamente la raz\u00f3n por la que planeamos adquirir monumentos hist\u00f3ricos abandonados y castillos ubicados en entornos id\u00edlicos con las mejores historias hist\u00f3ricas que seguramente captar\u00e1n la atenci\u00f3n de la audiencia y los atraer\u00e1n a disfrutar y experimentar el entretenimiento en vivo en su m\u00e1xima expresi\u00f3n. Una vez que estas propiedades sean restauradas, les alquilaremos animadores para albergar una amplia gama de actividades como <strong>eventos<\/strong>, <strong>muestra<\/strong>, <strong>teatro<\/strong>, <strong>pel\u00edculas<\/strong>, y <strong>conciertos<\/strong>, todo el a\u00f1o.<\/p>\t\t\t\t\t\t\t\t<\/div>\n\t\t\t\t<\/div>\n\t\t\t\t<div class=\"elementor-element elementor-element-016c06b elementor-widget elementor-widget-heading\" data-id=\"016c06b\" data-element_type=\"widget\" data-widget_type=\"heading.default\">\n\t\t\t\t<div class=\"elementor-widget-container\">\n\t\t\t\t\t<h2 class=\"elementor-heading-title elementor-size-default\">Centrado en generar altos retornos de la inversi\u00f3n r\u00e1pidamente<\/h2>\t\t\t\t<\/div>\n\t\t\t\t<\/div>\n\t\t\t\t<div class=\"elementor-element elementor-element-ffea936 elementor-widget elementor-widget-text-editor\" data-id=\"ffea936\" data-element_type=\"widget\" data-widget_type=\"text-editor.default\">\n\t\t\t\t<div class=\"elementor-widget-container\">\n\t\t\t\t\t\t\t\t\t<p>Nos esforzamos en recuperar el carisma, el poder y la emoci\u00f3n de comprar entradas y disfrutar en persona de un concierto, espect\u00e1culo de magia y teatros. Dado que la gente visitar\u00e1 nuestros edificios todos los d\u00edas y durante todo el a\u00f1o en busca de entretenimiento y crear hermosos recuerdos con amigos y familiares, los artistas generar\u00e1n flujos de ingresos continuos. Esto, a su vez, beneficiar\u00e1 a nuestros inversores y socios, ya que les ayudar\u00e1 a obtener r\u00e1pidamente altos rendimientos de sus inversiones.<\/p><p>Sin embargo, para empezar a adquirir castillos y monumentos hist\u00f3ricos, necesitamos fondos para cumplir con ciertos requisitos de capital. Planeamos hacer esto a trav\u00e9s de nuestra oferta p\u00fablica inicial (IPO).<\/p><p>Invitamos a socios e inversores interesados a registrarse en nuestro <strong>oferta p\u00fablica inicial<\/strong> (OPI). Su participaci\u00f3n en nuestro <strong>OPI<\/strong> respaldar\u00e1 nuestra empresa y la industria del entretenimiento y le brindar\u00e1 una gran oportunidad de obtener un alto retorno de la inversi\u00f3n (ROI) y aumentar los m\u00e1rgenes de ganancias.<\/p>\t\t\t\t\t\t\t\t<\/div>\n\t\t\t\t<\/div>\n\t\t\t\t<div class=\"elementor-element elementor-element-d3d4058 elementor-widget-divider--view-line_text elementor-widget-divider--element-align-center elementor-widget elementor-widget-divider\" data-id=\"d3d4058\" data-element_type=\"widget\" data-widget_type=\"divider.default\">\n\t\t\t\t<div class=\"elementor-widget-container\">\n\t\t\t\t\t\t\t<div class=\"elementor-divider\">\n\t\t\t<span class=\"elementor-divider-separator\">\n\t\t\t\t\t\t\t<span class=\"elementor-divider__text elementor-divider__element\">\n\t\t\t\tPara obtener m\u00e1s informaci\u00f3n o invertir en nuestra oferta p\u00fablica inicial, complete el formulario que figura a continuaci\u00f3n con sus datos relevantes.\t\t\t\t<\/span>\n\t\t\t\t\t\t<\/span>\n\t\t<\/div>\n\t\t\t\t\t\t<\/div>\n\t\t\t\t<\/div>\n\t\t\t\t\t<\/div>\n\t\t<\/div>\n\t\t\t\t\t<\/div>\n\t\t<\/section>\n\t\t\t\t<section class=\"elementor-section elementor-top-section elementor-element elementor-element-88d4e0b elementor-section-content-middle elementor-section-boxed elementor-section-height-default elementor-section-height-default\" data-id=\"88d4e0b\" data-element_type=\"section\" data-settings=\"{&quot;background_background&quot;:&quot;classic&quot;}\">\n\t\t\t\t\t\t<div class=\"elementor-container elementor-column-gap-no\">\n\t\t\t\t\t<div class=\"elementor-column elementor-col-50 elementor-top-column elementor-element elementor-element-26ba938\" data-id=\"26ba938\" data-element_type=\"column\" data-settings=\"{&quot;background_background&quot;:&quot;classic&quot;}\">\n\t\t\t<div class=\"elementor-widget-wrap elementor-element-populated\">\n\t\t\t\t\t\t<div class=\"elementor-element elementor-element-9cac183 elementor-view-default elementor-position-top elementor-mobile-position-top elementor-widget elementor-widget-icon-box\" data-id=\"9cac183\" data-element_type=\"widget\" data-widget_type=\"icon-box.default\">\n\t\t\t\t<div class=\"elementor-widget-container\">\n\t\t\t\t\t\t\t<div class=\"elementor-icon-box-wrapper\">\n\n\t\t\t\t\t\t<div class=\"elementor-icon-box-icon\">\n\t\t\t\t<span  class=\"elementor-icon elementor-animation-grow\">\n\t\t\t\t<i aria-hidden=\"true\" class=\"fas fa-clipboard-list\"><\/i>\t\t\t\t<\/span>\n\t\t\t<\/div>\n\t\t\t\n\t\t\t\t\t\t<div class=\"elementor-icon-box-content\">\n\n\t\t\t\t\t\t\t\t\t<h3 class=\"elementor-icon-box-title\">\n\t\t\t\t\t\t<span  >\n\t\t\t\t\t\t\tPresentaci\u00f3n de salida a bolsa\t\t\t\t\t\t<\/span>\n\t\t\t\t\t<\/h3>\n\t\t\t\t\n\t\t\t\t\t\t\t\t\t<p class=\"elementor-icon-box-description\">\n\t\t\t\t\t\tDetalles sobre nuestra oferta p\u00fablica inicial, como el modelo de negocio y la oferta\t\t\t\t\t<\/p>\n\t\t\t\t\n\t\t\t<\/div>\n\t\t\t\n\t\t<\/div>\n\t\t\t\t\t\t<\/div>\n\t\t\t\t<\/div>\n\t\t\t\t<div class=\"elementor-element elementor-element-3190c23 elementor-align-center elementor-widget elementor-widget-button\" data-id=\"3190c23\" data-element_type=\"widget\" data-widget_type=\"button.default\">\n\t\t\t\t<div class=\"elementor-widget-container\">\n\t\t\t\t\t\t\t\t\t<div class=\"elementor-button-wrapper\">\n\t\t\t\t\t<a class=\"elementor-button elementor-button-link elementor-size-sm\" href=\"\/es\/presentations\/\">\n\t\t\t\t\t\t<span class=\"elementor-button-content-wrapper\">\n\t\t\t\t\t\t\t\t\t<span class=\"elementor-button-text\">Registro<\/span>\n\t\t\t\t\t<\/span>\n\t\t\t\t\t<\/a>\n\t\t\t\t<\/div>\n\t\t\t\t\t\t\t\t<\/div>\n\t\t\t\t<\/div>\n\t\t\t\t\t<\/div>\n\t\t<\/div>\n\t\t\t\t<div class=\"elementor-column elementor-col-50 elementor-top-column elementor-element elementor-element-eeb0421\" data-id=\"eeb0421\" data-element_type=\"column\" data-settings=\"{&quot;background_background&quot;:&quot;classic&quot;}\">\n\t\t\t<div class=\"elementor-widget-wrap elementor-element-populated\">\n\t\t\t\t\t\t<div class=\"elementor-element elementor-element-0c2657f elementor-view-default elementor-position-top elementor-mobile-position-top elementor-widget elementor-widget-icon-box\" data-id=\"0c2657f\" data-element_type=\"widget\" data-widget_type=\"icon-box.default\">\n\t\t\t\t<div class=\"elementor-widget-container\">\n\t\t\t\t\t\t\t<div class=\"elementor-icon-box-wrapper\">\n\n\t\t\t\t\t\t<div class=\"elementor-icon-box-icon\">\n\t\t\t\t<span  class=\"elementor-icon elementor-animation-grow\">\n\t\t\t\t<i aria-hidden=\"true\" class=\"far fa-newspaper\"><\/i>\t\t\t\t<\/span>\n\t\t\t<\/div>\n\t\t\t\n\t\t\t\t\t\t<div class=\"elementor-icon-box-content\">\n\n\t\t\t\t\t\t\t\t\t<h3 class=\"elementor-icon-box-title\">\n\t\t\t\t\t\t<span  >\n\t\t\t\t\t\t\tPlanificaci\u00f3n de OPI\t\t\t\t\t\t<\/span>\n\t\t\t\t\t<\/h3>\n\t\t\t\t\n\t\t\t\t\t\t\t\t\t<p class=\"elementor-icon-box-description\">\n\t\t\t\t\t\tObtenga m\u00e1s informaci\u00f3n sobre nuestra hoja de ruta de IPO\t\t\t\t\t<\/p>\n\t\t\t\t\n\t\t\t<\/div>\n\t\t\t\n\t\t<\/div>\n\t\t\t\t\t\t<\/div>\n\t\t\t\t<\/div>\n\t\t\t\t<div class=\"elementor-element elementor-element-9061a81 elementor-align-center elementor-widget elementor-widget-button\" data-id=\"9061a81\" data-element_type=\"widget\" data-widget_type=\"button.default\">\n\t\t\t\t<div class=\"elementor-widget-container\">\n\t\t\t\t\t\t\t\t\t<div class=\"elementor-button-wrapper\">\n\t\t\t\t\t<a class=\"elementor-button elementor-button-link elementor-size-sm\" href=\"\/es\/ipo-planning\/\">\n\t\t\t\t\t\t<span class=\"elementor-button-content-wrapper\">\n\t\t\t\t\t\t\t\t\t<span class=\"elementor-button-text\">Registro<\/span>\n\t\t\t\t\t<\/span>\n\t\t\t\t\t<\/a>\n\t\t\t\t<\/div>\n\t\t\t\t\t\t\t\t<\/div>\n\t\t\t\t<\/div>\n\t\t\t\t\t<\/div>\n\t\t<\/div>\n\t\t\t\t\t<\/div>\n\t\t<\/section>\n\t\t\t\t<\/div>","protected":false},"excerpt":{"rendered":"<p>Invitamos a posibles clientes e inversores a nuestra oferta p\u00fablica inicial. La pandemia de COVID-19 ha sido una grave crisis sanitaria. Ha afectado a todas las facetas de la econom\u00eda mundial, incluida la industria del entretenimiento. La pandemia provoc\u00f3 una gran conmoci\u00f3n que provoc\u00f3 el cierre total de teatros y cines, mientras que no se celebraron eventos como conciertos, espect\u00e1culos y actuaciones\u2026 <a title=\"OPI\" class=\"read-more\" href=\"https:\/\/chateauentertainment.co\/es\/ipo\/\" aria-label=\"Leer m\u00e1s sobre IPO\">Leer m\u00e1s<\/a><\/p>","protected":false},"author":1,"featured_media":0,"parent":0,"menu_order":10,"comment_status":"closed","ping_status":"closed","template":"","meta":{"footnotes":""},"class_list":["post-1819","page","type-page","status-publish"],"_links":{"self":[{"href":"https:\/\/chateauentertainment.co\/es\/wp-json\/wp\/v2\/pages\/1819","targetHints":{"allow":["GET"]}}],"collection":[{"href":"https:\/\/chateauentertainment.co\/es\/wp-json\/wp\/v2\/pages"}],"about":[{"href":"https:\/\/chateauentertainment.co\/es\/wp-json\/wp\/v2\/types\/page"}],"author":[{"embeddable":true,"href":"https:\/\/chateauentertainment.co\/es\/wp-json\/wp\/v2\/users\/1"}],"replies":[{"embeddable":true,"href":"https:\/\/chateauentertainment.co\/es\/wp-json\/wp\/v2\/comments?post=1819"}],"version-history":[{"count":0,"href":"https:\/\/chateauentertainment.co\/es\/wp-json\/wp\/v2\/pages\/1819\/revisions"}],"wp:attachment":[{"href":"https:\/\/chateauentertainment.co\/es\/wp-json\/wp\/v2\/media?parent=1819"}],"curies":[{"name":"wp","href":"https:\/\/api.w.org\/{rel}","templated":true}]}}