{"id":2370,"date":"2020-05-10T21:49:25","date_gmt":"2020-05-10T21:49:25","guid":{"rendered":"https:\/\/new.deschenaux.me\/?page_id=2370"},"modified":"2020-05-19T20:13:22","modified_gmt":"2020-05-19T20:13:22","slug":"disclaimer","status":"publish","type":"page","link":"https:\/\/chateauentertainment.co\/es\/disclaimer\/","title":{"rendered":"Descargo de responsabilidad"},"content":{"rendered":"<div data-elementor-type=\"wp-page\" data-elementor-id=\"2370\" class=\"elementor elementor-2370\" data-elementor-post-type=\"page\">\n\t\t\t\t\t\t<section class=\"elementor-section elementor-top-section elementor-element elementor-element-ae93913 elementor-section-boxed elementor-section-height-default elementor-section-height-default\" data-id=\"ae93913\" data-element_type=\"section\">\n\t\t\t\t\t\t<div class=\"elementor-container elementor-column-gap-default\">\n\t\t\t\t\t<div class=\"elementor-column elementor-col-100 elementor-top-column elementor-element elementor-element-8de4f6d\" data-id=\"8de4f6d\" data-element_type=\"column\">\n\t\t\t<div class=\"elementor-widget-wrap elementor-element-populated\">\n\t\t\t\t\t\t<div class=\"elementor-element elementor-element-f24fc9a elementor-widget elementor-widget-text-editor\" data-id=\"f24fc9a\" data-element_type=\"widget\" data-widget_type=\"text-editor.default\">\n\t\t\t\t<div class=\"elementor-widget-container\">\n\t\t\t\t\t\t\t\t\t<p>Estamos haciendo todo lo posible para preparar el contenido de este sitio. Sin embargo, Chateau Entertainment no puede garantizar las expresiones y sugerencias de los contenidos, as\u00ed como su exactitud. Adem\u00e1s, en la medida permitida por la ley, Chateau Entertainment no ser\u00e1 responsable de ninguna p\u00e9rdida y\/o da\u00f1o debido al uso de la informaci\u00f3n en nuestro sitio web.\u00a0<\/p><p>Al utilizar nuestro sitio web, por la presente usted acepta nuestra exenci\u00f3n de responsabilidad y acepta sus t\u00e9rminos.<\/p><p>Los enlaces contenidos en nuestro sitio web pueden conducir a sitios externos, que se proporcionan \u00fanicamente para su comodidad. Cualquier informaci\u00f3n o declaraci\u00f3n que aparezca en estos sitios no est\u00e1 patrocinada, respaldada ni aprobada de otro modo por Chateau Entertainment. Para estos sitios externos, Chateau Entertainment no se hace responsable de la disponibilidad o del contenido ubicado en ellos o a trav\u00e9s de ellos. Adem\u00e1s, cualquier p\u00e9rdida o da\u00f1o se produjo por el uso de estos contenidos o de Internet en general.<\/p><p>El sitio web y cualquier parte de su contenido no pretenden ser una fuente de asesoramiento o an\u00e1lisis legal, y la informaci\u00f3n y\/o documentos contenidos en este sitio web no constituyen inversi\u00f3n o asesoramiento legal.<\/p>\t\t\t\t\t\t\t\t<\/div>\n\t\t\t\t<\/div>\n\t\t\t\t\t<\/div>\n\t\t<\/div>\n\t\t\t\t\t<\/div>\n\t\t<\/section>\n\t\t\t\t<\/div>","protected":false},"excerpt":{"rendered":"<p>Hacemos todo lo posible para preparar el contenido de este sitio. Sin embargo, no podemos garantizar las expresiones y sugerencias de los contenidos, as\u00ed como su exactitud. Adem\u00e1s, en la medida en que lo permita la ley, no seremos responsables de ninguna p\u00e9rdida y\/o da\u00f1o debido al uso de la informaci\u00f3n en nuestro sitio web. <a title=\"Descargo de responsabilidad\" class=\"read-more\" href=\"https:\/\/chateauentertainment.co\/es\/disclaimer\/\" aria-label=\"Leer m\u00e1s sobre Descargo de responsabilidad\">Leer m\u00e1s<\/a><\/p>","protected":false},"author":1,"featured_media":0,"parent":0,"menu_order":99,"comment_status":"closed","ping_status":"closed","template":"","meta":{"footnotes":""},"class_list":["post-2370","page","type-page","status-publish"],"_links":{"self":[{"href":"https:\/\/chateauentertainment.co\/es\/wp-json\/wp\/v2\/pages\/2370","targetHints":{"allow":["GET"]}}],"collection":[{"href":"https:\/\/chateauentertainment.co\/es\/wp-json\/wp\/v2\/pages"}],"about":[{"href":"https:\/\/chateauentertainment.co\/es\/wp-json\/wp\/v2\/types\/page"}],"author":[{"embeddable":true,"href":"https:\/\/chateauentertainment.co\/es\/wp-json\/wp\/v2\/users\/1"}],"replies":[{"embeddable":true,"href":"https:\/\/chateauentertainment.co\/es\/wp-json\/wp\/v2\/comments?post=2370"}],"version-history":[{"count":0,"href":"https:\/\/chateauentertainment.co\/es\/wp-json\/wp\/v2\/pages\/2370\/revisions"}],"wp:attachment":[{"href":"https:\/\/chateauentertainment.co\/es\/wp-json\/wp\/v2\/media?parent=2370"}],"curies":[{"name":"wp","href":"https:\/\/api.w.org\/{rel}","templated":true}]}}