{"id":3,"date":"2020-05-05T13:37:41","date_gmt":"2020-05-05T13:37:41","guid":{"rendered":"https:\/\/new.deschenaux.me\/?page_id=3"},"modified":"2020-08-12T06:37:02","modified_gmt":"2020-08-12T06:37:02","slug":"privacy-policy","status":"publish","type":"page","link":"https:\/\/chateauentertainment.co\/es\/privacy-policy\/","title":{"rendered":"pol\u00edtica de privacidad"},"content":{"rendered":"<div data-elementor-type=\"wp-page\" data-elementor-id=\"3\" class=\"elementor elementor-3\" data-elementor-post-type=\"page\">\n\t\t\t\t\t\t<section class=\"elementor-section elementor-top-section elementor-element elementor-element-7d9baf5b elementor-section-boxed elementor-section-height-default elementor-section-height-default\" data-id=\"7d9baf5b\" data-element_type=\"section\">\n\t\t\t\t\t\t<div class=\"elementor-container elementor-column-gap-default\">\n\t\t\t\t\t<div class=\"elementor-column elementor-col-100 elementor-top-column elementor-element elementor-element-46b8d89f\" data-id=\"46b8d89f\" data-element_type=\"column\">\n\t\t\t<div class=\"elementor-widget-wrap elementor-element-populated\">\n\t\t\t\t\t\t<div class=\"elementor-element elementor-element-6af4a87b elementor-widget elementor-widget-text-editor\" data-id=\"6af4a87b\" data-element_type=\"widget\" data-widget_type=\"text-editor.default\">\n\t\t\t\t<div class=\"elementor-widget-container\">\n\t\t\t\t\t\t\t\t\t<p>Chateau Entertainment (\u201cnosotros\u201d, \u201ca nosotros\u201d o \u201cnuestro\u201d) opera dicho \u201cServicio\u201d, que es el siguiente sitio web: https:\/\/chateauentertainment.co<\/p><p>Esta p\u00e1gina le informa sobre nuestras pol\u00edticas con respecto a la recopilaci\u00f3n, uso y divulgaci\u00f3n de datos personales cuando utiliza nuestro Servicio y las opciones que tiene asociadas con esos datos.<\/p><p>Utilizamos sus datos para proporcionar y mejorar el Servicio. Al utilizar el Servicio, usted acepta la recopilaci\u00f3n y el uso de informaci\u00f3n de acuerdo con esta pol\u00edtica. A menos que se defina lo contrario en esta Pol\u00edtica de Privacidad, los t\u00e9rminos utilizados en esta Pol\u00edtica de Privacidad tienen el mismo significado que en nuestros T\u00e9rminos y Condiciones, accesibles desde https:\/\/chateauentertainment.co<\/p><p><strong>DEFINICIONES<\/strong><\/p><p><strong>Servicio<\/strong><\/p><p>El servicio es el sitio web https:\/\/chateauentertainment.co operado por Chateau Entertainment.<\/p><p><strong>Informaci\u00f3n personal<\/strong><\/p><p>Datos personales significa datos sobre una persona viva que puede identificarse a partir de esos datos (o de esa y otra informaci\u00f3n que est\u00e9 en nuestro poder o que probablemente llegue a estar en nuestro poder).<\/p><p><strong>Datos de uso<\/strong><\/p><p>Los Datos de uso son datos recopilados autom\u00e1ticamente, ya sea generados por el uso del Servicio o por la propia infraestructura del Servicio (por ejemplo, la duraci\u00f3n de una visita a una p\u00e1gina).<\/p><p><strong>Galletas<\/strong><\/p><p>Las cookies son peque\u00f1os archivos almacenados en su dispositivo (ordenador o dispositivo m\u00f3vil).<\/p><p><strong>Controlador de datos<\/strong><\/p><p>Controlador de datos significa la persona f\u00edsica o jur\u00eddica que (ya sea sola o conjuntamente o en com\u00fan con otras personas) determina los fines y la manera en que se procesa o se procesar\u00e1 cualquier informaci\u00f3n personal.<\/p><p>A los efectos de esta Pol\u00edtica de Privacidad, somos un Controlador de Datos de sus Datos Personales.<\/p><p><strong>Procesadores de datos (o proveedores de servicios)<\/strong><\/p><p>Procesador de datos (o Proveedor de servicios) significa cualquier persona f\u00edsica o jur\u00eddica que procesa los datos en nombre del Controlador de datos.<\/p><p>Podemos utilizar los servicios de varios proveedores de servicios para procesar sus datos de manera m\u00e1s efectiva.<\/p><p><strong>Usuario<\/strong><\/p><p>El Sujeto de los Datos es cualquier individuo vivo que utiliza nuestro Servicio y es el sujeto de Datos Personales.<\/p><p><strong>\u00a0<\/strong><\/p><p><strong>RECOPILACI\u00d3N Y USO DE INFORMACI\u00d3N<\/strong><\/p><p>Recopilamos varios tipos diferentes de informaci\u00f3n para diversos fines para proporcionar y mejorar nuestra<\/p><p>Servicio para usted.<\/p><p><strong>\u00a0<\/strong><\/p><p><strong>Tipos de datos recopilados<\/strong><\/p><p><strong>\u00a0<\/strong><\/p><p><strong>Informaci\u00f3n personal<\/strong><\/p><p>Mientras utiliza nuestro Servicio, es posible que le solicitemos que nos proporcione cierta informaci\u00f3n de identificaci\u00f3n personal que pueda usarse para contactarlo o identificarlo (\u201cDatos personales\u201d). La informaci\u00f3n de identificaci\u00f3n personal puede incluir, entre otras:<\/p><p>Direcci\u00f3n de correo electr\u00f3nico<\/p><p>Nombre y apellido<\/p><p>N\u00famero de tel\u00e9fono<\/p><p>Direcci\u00f3n, Estado, Provincia, C\u00f3digo Postal, Ciudad<\/p><p><strong>\u00a0<\/strong><\/p><p><strong>Cookies y datos de uso<\/strong><\/p><p>Podemos utilizar sus Datos personales para comunicarnos con usted con boletines informativos, materiales promocionales o de marketing y otra informaci\u00f3n que pueda ser de su inter\u00e9s.<\/p><p>Puede optar por no recibir alguna o todas estas comunicaciones nuestras siguiendo el enlace para cancelar la suscripci\u00f3n o las instrucciones proporcionadas en cualquier correo electr\u00f3nico que le enviemos.<\/p><p><strong>\u00a0<\/strong><\/p><p><strong>Datos de uso<\/strong><\/p><p>Tambi\u00e9n podemos recopilar informaci\u00f3n sobre c\u00f3mo se accede y utiliza el Servicio (&quot;Datos de uso&quot;). Estos Datos de uso pueden incluir informaci\u00f3n como la direcci\u00f3n de Protocolo de Internet de su computadora (por ejemplo, direcci\u00f3n IP), tipo de navegador, versi\u00f3n del navegador, las p\u00e1ginas de nuestro Servicio que visita, la hora y fecha de su visita, el tiempo dedicado a esas p\u00e1ginas, informaci\u00f3n \u00fanica identificadores de dispositivos y otros datos de diagn\u00f3stico.<\/p><p><strong>\u00a0<\/strong><\/p><p><strong>Datos de seguimiento y cookies<\/strong><\/p><p>Utilizamos cookies y tecnolog\u00edas de seguimiento similares para rastrear la actividad en nuestro Servicio y conservamos cierta informaci\u00f3n.<\/p><p>Las cookies son ficheros con una peque\u00f1a cantidad de datos que pueden incluir un identificador \u00fanico an\u00f3nimo. Las cookies se env\u00edan a su navegador desde un sitio web y se almacenan en su dispositivo. Tambi\u00e9n se utilizan otras tecnolog\u00edas de seguimiento, como balizas, etiquetas y scripts, para recopilar y rastrear informaci\u00f3n y mejorar y analizar nuestro Servicio.<\/p><p>Puede indicarle a su navegador que rechace todas las cookies o que indique cu\u00e1ndo se env\u00eda una cookie. Sin embargo, si no acepta las cookies, es posible que no pueda utilizar algunas partes de nuestro Servicio.<\/p><p>Ejemplos de cookies que utilizamos:<\/p><p>Cookies de sesi\u00f3n. Utilizamos cookies de sesi\u00f3n para operar nuestro Servicio.<\/p><p>Cookies de preferencia. Utilizamos cookies de preferencias para recordar sus preferencias y diversas configuraciones.<\/p><p>Cookies de seguridad. Utilizamos cookies de seguridad por motivos de seguridad.<\/p><p><strong>\u00a0<\/strong><\/p><p><strong>Uso de datos<\/strong><\/p><p>Chateau Entertainment utiliza los datos recopilados para diversos fines:<\/p><ul><li>Para proporcionar y mantener nuestro Servicio<\/li><li>Para notificarle sobre cambios en nuestro Servicio<\/li><li>Para permitirle participar en funciones interactivas de nuestro Servicio cuando usted elija hacerlo<\/li><li>Para brindar atenci\u00f3n al cliente<\/li><li>Para recopilar an\u00e1lisis o informaci\u00f3n valiosa para que podamos mejorar nuestro Servicio.<\/li><li>Para monitorear el uso de nuestro Servicio<\/li><li>Detectar, prevenir y abordar problemas t\u00e9cnicos.<\/li><li>Para brindarle noticias, ofertas especiales e informaci\u00f3n general sobre otros bienes, servicios y eventos que ofrecemos que son similares a los que ya compr\u00f3 o sobre los que ya realiz\u00f3 consultas, a menos que haya optado por no recibir dicha informaci\u00f3n.<\/li><\/ul><p><strong>\u00a0<\/strong><\/p><p><strong>Base legal para el procesamiento de datos personales seg\u00fan el Reglamento general de protecci\u00f3n de datos (GDPR)<\/strong><\/p><p>Si usted es del Espacio Econ\u00f3mico Europeo (EEE), la base legal de Chateau Entertainment para recopilar y utilizar la informaci\u00f3n personal descrita en esta Pol\u00edtica de Privacidad depende de los Datos Personales que recopilamos y del contexto espec\u00edfico en el que los recopilamos.<\/p><p>Chateau Entertainment puede procesar sus Datos personales porque:<\/p><ul><li>Necesitamos realizar un contrato con usted.<\/li><li>Nos has dado permiso para hacerlo.<\/li><li>El procesamiento responde a nuestros intereses leg\u00edtimos y sus derechos no lo anulan.<\/li><li>Para fines de procesamiento de pagos<\/li><li>Para cumplir con la ley<\/li><\/ul><p><strong>\u00a0<\/strong><\/p><p><strong>Retenci\u00f3n de datos<\/strong><\/p><p>Chateau Entertainment conservar\u00e1 sus Datos personales solo durante el tiempo necesario para los fines establecidos en esta Pol\u00edtica de privacidad. Conservaremos y utilizaremos sus Datos personales en la medida necesaria para cumplir con nuestras obligaciones legales (por ejemplo, si debemos conservar sus datos para cumplir con las leyes aplicables), resolver disputas y hacer cumplir nuestros acuerdos y pol\u00edticas legales.<\/p><p>Chateau Entertainment SIN FRONTERAS FEDERACI\u00d3N tambi\u00e9n conservar\u00e1 los Datos de uso para fines de an\u00e1lisis interno. Los datos de uso generalmente se conservan durante un per\u00edodo de tiempo m\u00e1s corto, excepto cuando estos datos se utilizan para reforzar la seguridad o mejorar la funcionalidad de nuestro servicio, o estamos legalmente obligados a conservar estos datos durante per\u00edodos m\u00e1s largos.<\/p><p><strong>\u00a0<\/strong><\/p><p><strong>Transferencia de datos<\/strong><\/p><p>Su informaci\u00f3n, incluidos los Datos personales, puede transferirse y mantenerse en computadoras ubicadas fuera de su estado, provincia, pa\u00eds u otra jurisdicci\u00f3n gubernamental donde las leyes de protecci\u00f3n de datos pueden diferir de las de su jurisdicci\u00f3n.<\/p><p>Si se encuentra fuera de Suiza y decide proporcionarnos informaci\u00f3n, tenga en cuenta que transferimos los datos, incluidos los datos personales, a Suiza y los procesamos all\u00ed.<\/p><p>Su consentimiento a esta Pol\u00edtica de Privacidad seguido del env\u00edo de dicha informaci\u00f3n representa su aceptaci\u00f3n de esa transferencia.<\/p><p>Chateau Entertainment tomar\u00e1 todas las medidas razonablemente necesarias para garantizar que sus datos sean tratados de forma segura y de acuerdo con esta Pol\u00edtica de Privacidad y no se realizar\u00e1 ninguna transferencia de sus Datos Personales a una organizaci\u00f3n o pa\u00eds a menos que existan controles adecuados establecidos, incluida la seguridad. de sus datos y otra informaci\u00f3n personal.<\/p><p><strong>\u00a0<\/strong><\/p><p><strong>Divulgaci\u00f3n de datos<\/strong><\/p><p><strong>\u00a0<\/strong><\/p><p><strong>Transacci\u00f3n de negocios<\/strong><\/p><p>Si Chateau Entertainment participa en una fusi\u00f3n, adquisici\u00f3n o venta de activos, sus datos personales pueden transferirse. Le avisaremos antes de que sus Datos personales se transfieran y queden sujetos a una Pol\u00edtica de privacidad diferente.<\/p><p><strong>\u00a0<\/strong><\/p><p><strong>Divulgaci\u00f3n para el cumplimiento de la ley<\/strong><\/p><p>En determinadas circunstancias, es posible que Chateau Entertainment deba revelar sus datos personales si as\u00ed lo exige la ley o en respuesta.<\/p><p>a solicitudes v\u00e1lidas de autoridades p\u00fablicas (por ejemplo, un tribunal o una agencia gubernamental).<\/p><p><strong>\u00a0<\/strong><\/p><p><strong>Requerimientos legales<\/strong><\/p><p>Chateau Entertainment puede divulgar sus Datos personales de buena fe cuando considere que dicha acci\u00f3n es necesaria para lo siguiente:<\/p><ul><li>Para cumplir con una obligaci\u00f3n legal<\/li><li>Para proteger y defender los derechos o propiedad de Chateau Entertainment<\/li><li>Para prevenir o investigar posibles irregularidades en relaci\u00f3n con el Servicio<\/li><li>Para proteger la seguridad personal de los usuarios del Servicio o del p\u00fablico.<\/li><li>Para protegerse contra la responsabilidad legal<\/li><\/ul><p><strong>\u00a0<\/strong><\/p><p><strong>Seguridad de los datos<\/strong><\/p><p>La seguridad de sus datos es importante para nosotros, pero recuerde que ning\u00fan m\u00e9todo de transmisi\u00f3n a trav\u00e9s de Internet o m\u00e9todo de almacenamiento electr\u00f3nico es 100% seguro. Si bien nos esforzamos por utilizar medios comercialmente aceptables para proteger sus Datos personales, no podemos garantizar su seguridad absoluta.<\/p><p>Nuestra pol\u00edtica sobre se\u00f1ales de \u201cno rastrear\u201d seg\u00fan la Ley de protecci\u00f3n en l\u00ednea de California (CalOPPA)<\/p><p>No admitimos No realizar seguimiento (\u201cDNT\u201d). No rastrear es una preferencia que puede configurar en su navegador web para informar a los sitios web que no desea que lo rastreen. Puede habilitar o deshabilitar No rastrear visitando la p\u00e1gina Preferencias o Configuraci\u00f3n de su navegador web.<\/p><p><strong>\u00a0<\/strong><\/p><p><strong>Sus derechos de protecci\u00f3n de datos seg\u00fan el Reglamento General de Protecci\u00f3n de Datos (GDPR)<\/strong><\/p><p>Si es residente del Espacio Econ\u00f3mico Europeo (EEE), tiene ciertos derechos de protecci\u00f3n de datos. Chateau Entertainment pretende tomar medidas razonables para permitirle corregir, modificar, eliminar o limitar el uso de sus Datos personales.<\/p><p>Si desea ser informado sobre qu\u00e9 Datos personales tenemos sobre usted y si desea que se eliminen de nuestros sistemas, comun\u00edquese con nosotros.<\/p><p>En determinadas circunstancias, usted tiene los siguientes derechos en materia de protecci\u00f3n de datos:<\/p><p>El derecho a acceder, actualizar o eliminar la informaci\u00f3n que tenemos sobre usted. Siempre que sea posible, puede acceder, actualizar o solicitar la eliminaci\u00f3n de sus Datos personales directamente desde la secci\u00f3n de configuraci\u00f3n de su cuenta. Si no puede realizar estas acciones usted mismo, comun\u00edquese con nosotros para ayudarlo.<\/p><p>El derecho de rectificaci\u00f3n. Tiene derecho a que se rectifique su informaci\u00f3n si esa informaci\u00f3n es inexacta o est\u00e1 incompleta.<\/p><p>El derecho a oponerse. Tiene derecho a oponerse a nuestro procesamiento de sus datos personales.<\/p><p>El derecho de restricci\u00f3n. Tiene derecho a solicitar que restrinjamos el procesamiento de su informaci\u00f3n personal.<\/p><p>El derecho a la portabilidad de los datos. Tiene derecho a que se le proporcione una copia de la informaci\u00f3n que tenemos sobre usted en un formato estructurado, legible por m\u00e1quina y de uso com\u00fan.<\/p><p>Derecho a retirar el consentimiento. Tambi\u00e9n tiene derecho a retirar su consentimiento en cualquier momento cuando Chateau Entertainment haya confiado en su consentimiento para procesar su informaci\u00f3n personal.<\/p><p>Tenga en cuenta que podemos pedirle que verifique su identidad antes de responder a dichas solicitudes.<\/p><p>Tiene derecho a presentar una queja ante una Autoridad de Protecci\u00f3n de Datos sobre nuestra recopilaci\u00f3n y uso de sus Datos personales. Para obtener m\u00e1s informaci\u00f3n, comun\u00edquese con su autoridad local de protecci\u00f3n de datos en el Espacio Econ\u00f3mico Europeo (EEE).<\/p><p><strong>\u00a0<\/strong><\/p><p><strong>Transacci\u00f3n de negocios<\/strong><\/p><p>Si Chateau Entertainment participa en una fusi\u00f3n, adquisici\u00f3n o venta de activos, sus datos personales pueden transferirse. Le avisaremos antes de que sus Datos personales se transfieran y queden sujetos a una Pol\u00edtica de privacidad diferente.<\/p><p><strong>\u00a0<\/strong><\/p><p><strong>Divulgaci\u00f3n para el cumplimiento de la ley<\/strong><\/p><p>En determinadas circunstancias, es posible que Chateau Entertainment deba revelar sus datos personales si as\u00ed lo exige la ley o en respuesta.<\/p><p>a solicitudes v\u00e1lidas de autoridades p\u00fablicas (por ejemplo, un tribunal o una agencia gubernamental).<\/p><p><strong>\u00a0<\/strong><\/p><p><strong>PROVEEDORES DE SERVICIO<\/strong><\/p><p>Podemos emplear empresas e individuos de terceros para facilitar nuestro Servicio (\u201cProveedores de servicios\u201d), proporcionar el Servicio en nuestro nombre, realizar servicios relacionados con el Servicio o ayudarnos a analizar c\u00f3mo se utiliza nuestro Servicio.<\/p><p>Estos terceros tienen acceso a sus Datos personales solo para realizar estas tareas en nuestro nombre y est\u00e1n obligados a no divulgarlos ni utilizarlos para ning\u00fan otro prop\u00f3sito.<\/p><p><strong>\u00a0<\/strong><\/p><p><strong>ANAL\u00cdTICA<\/strong><\/p><p>Podemos utilizar proveedores de servicios externos para monitorear y analizar el uso de nuestro Servicio.<\/p><p><strong>Google analitico<\/strong><\/p><p>Google Analytics es un servicio de an\u00e1lisis web ofrecido por Google que rastrea e informa el tr\u00e1fico del sitio web. Google utiliza los datos recopilados para rastrear y monitorear el uso de nuestro Servicio. Estos datos se comparten con otros servicios de Google. Google puede utilizar los datos recopilados para contextualizar y personalizar los anuncios de su propia red publicitaria. Puede optar por no poner su actividad en el Servicio a disposici\u00f3n de Google Analytics instalando el complemento de exclusi\u00f3n voluntaria del navegador de Google Analytics. El complemento evita que el JavaScript de Google Analytics (ga.js, Analytics.js y dc.js) comparta informaci\u00f3n con Google Analytics sobre la actividad de las visitas.<\/p><p>Para obtener m\u00e1s informaci\u00f3n sobre las pr\u00e1cticas de privacidad de Google, visite la p\u00e1gina web T\u00e9rminos y privacidad de Google:\u00a0<a href=\"https:\/\/policies.google.com\/privacy?hl=en\">https:\/\/policies.google.com\/privacy?hl=en<\/a><\/p><p><strong>\u00a0<\/strong><\/p><p><strong>Pagos<\/strong><\/p><p>Podemos proporcionar productos y\/o servicios pagos dentro del Servicio. En ese caso, utilizamos servicios de terceros para el procesamiento de pagos (por ejemplo, procesadores de pagos).<\/p><p>No almacenaremos ni recogeremos los datos de su tarjeta de pago. Esa informaci\u00f3n se proporciona directamente a nuestros procesadores de pagos externos cuyo uso de su informaci\u00f3n personal se rige por su Pol\u00edtica de Privacidad. Estos procesadores de pagos cumplen con los est\u00e1ndares establecidos por PCI-DSS administrados por el PCI Security Standards Council, que es un esfuerzo conjunto de marcas como Visa, MasterCard, American Express y Discover. Los requisitos de PCI-DSS ayudan a garantizar el manejo seguro de la informaci\u00f3n de pago. Podemos utilizar varios proveedores de soluciones de pago diferentes, como Paypal, Postfinance, Stripe y otros. Invitamos a los usuarios a revisar cada pol\u00edtica de privacidad respectiva.<\/p><p><strong>\u00a0<\/strong><\/p><p><strong>Enlaces a otros sitios<\/strong><\/p><p>Nuestro Servicio puede contener enlaces a otros sitios que no son operados por nosotros. Si hace clic en un enlace de un tercero, ser\u00e1 dirigido al sitio de ese tercero. Le recomendamos encarecidamente que revise la Pol\u00edtica de privacidad de cada sitio que visite. No tenemos control ni asumimos ninguna responsabilidad por el contenido, las pol\u00edticas de privacidad o las pr\u00e1cticas de sitios o servicios de terceros.<\/p><p><strong>\u00a0<\/strong><\/p><p><strong>PRIVACIDAD DE LOS NI\u00d1OS<\/strong><\/p><p>Nuestro Servicio no est\u00e1 dirigido a personas menores de 18 a\u00f1os (&quot;Ni\u00f1os&quot;).<\/p><p>No recopilamos intencionalmente informaci\u00f3n de identificaci\u00f3n personal de ninguna persona menor de 18 a\u00f1os. Si usted es padre o tutor y sabe que su hijo nos ha proporcionado datos personales, comun\u00edquese con nosotros. Si nos damos cuenta de que hemos recopilado datos personales de ni\u00f1os sin verificaci\u00f3n del consentimiento de los padres, tomamos medidas para eliminar esa informaci\u00f3n de nuestros servidores.<\/p><p><strong>\u00a0<\/strong><\/p><p><strong>CAMBIOS A ESTA POL\u00cdTICA DE PRIVACIDAD<\/strong><\/p><p>Podemos actualizar nuestra Pol\u00edtica de Privacidad de vez en cuando. Le notificaremos cualquier cambio publicando la nueva Pol\u00edtica de Privacidad en esta p\u00e1gina.<\/p><p>Le informaremos por correo electr\u00f3nico y\/o un aviso destacado en nuestro Servicio, antes de que el cambio entre en vigor y actualizaremos la &quot;fecha de entrada en vigor&quot; en la parte superior de esta Pol\u00edtica de Privacidad.<\/p><p>Se le recomienda revisar esta Pol\u00edtica de Privacidad peri\u00f3dicamente para detectar cualquier cambio. Los cambios a esta Pol\u00edtica de Privacidad entran en vigencia cuando se publican en esta p\u00e1gina.<\/p><p><strong>\u00a0<\/strong><\/p><p><strong>CONT\u00c1CTENOS<\/strong><\/p><p>Si tiene alguna pregunta sobre esta Pol\u00edtica de Privacidad, por favor <a href=\"https:\/\/chateauentertainment.co\/es\/contact\/\">Cont\u00e1ctenos<\/a><\/p>\t\t\t\t\t\t\t\t<\/div>\n\t\t\t\t<\/div>\n\t\t\t\t\t<\/div>\n\t\t<\/div>\n\t\t\t\t\t<\/div>\n\t\t<\/section>\n\t\t\t\t<\/div>","protected":false},"excerpt":{"rendered":"<p>(\u201cnosotros\u201d, \u201cnuestro\u201d) opera dicho \u201cServicio\u201d, que es el siguiente sitio web: Esta p\u00e1gina le informa sobre nuestras pol\u00edticas con respecto a la recopilaci\u00f3n, el uso y la divulgaci\u00f3n de datos personales cuando utiliza nuestro Servicio y las opciones que tiene asociadas con esos datos. Usamos sus datos para brindar y mejorar el Servicio. Al \u2026 <a title=\"pol\u00edtica de privacidad\" class=\"read-more\" href=\"https:\/\/chateauentertainment.co\/es\/privacy-policy\/\" aria-label=\"Leer m\u00e1s sobre Pol\u00edtica de Privacidad\">Leer m\u00e1s<\/a><\/p>","protected":false},"author":1,"featured_media":0,"parent":0,"menu_order":1000,"comment_status":"closed","ping_status":"closed","template":"","meta":{"footnotes":""},"class_list":["post-3","page","type-page","status-publish"],"_links":{"self":[{"href":"https:\/\/chateauentertainment.co\/es\/wp-json\/wp\/v2\/pages\/3","targetHints":{"allow":["GET"]}}],"collection":[{"href":"https:\/\/chateauentertainment.co\/es\/wp-json\/wp\/v2\/pages"}],"about":[{"href":"https:\/\/chateauentertainment.co\/es\/wp-json\/wp\/v2\/types\/page"}],"author":[{"embeddable":true,"href":"https:\/\/chateauentertainment.co\/es\/wp-json\/wp\/v2\/users\/1"}],"replies":[{"embeddable":true,"href":"https:\/\/chateauentertainment.co\/es\/wp-json\/wp\/v2\/comments?post=3"}],"version-history":[{"count":0,"href":"https:\/\/chateauentertainment.co\/es\/wp-json\/wp\/v2\/pages\/3\/revisions"}],"wp:attachment":[{"href":"https:\/\/chateauentertainment.co\/es\/wp-json\/wp\/v2\/media?parent=3"}],"curies":[{"name":"wp","href":"https:\/\/api.w.org\/{rel}","templated":true}]}}