{"id":43,"date":"2020-05-06T14:16:21","date_gmt":"2020-05-06T14:16:21","guid":{"rendered":"https:\/\/new.deschenaux.me\/?page_id=43"},"modified":"2021-09-04T13:08:06","modified_gmt":"2021-09-04T13:08:06","slug":"magicians-artists","status":"publish","type":"page","link":"https:\/\/chateauentertainment.co\/es\/magicians-artists\/","title":{"rendered":"Magos y artistas"},"content":{"rendered":"<div data-elementor-type=\"wp-page\" data-elementor-id=\"43\" class=\"elementor elementor-43\" data-elementor-post-type=\"page\">\n\t\t\t\t\t\t<section class=\"elementor-section elementor-top-section elementor-element elementor-element-0bae5cd elementor-section-stretched elementor-section-boxed elementor-section-height-default elementor-section-height-default\" data-id=\"0bae5cd\" data-element_type=\"section\" data-settings=\"{&quot;stretch_section&quot;:&quot;section-stretched&quot;}\">\n\t\t\t\t\t\t<div class=\"elementor-container elementor-column-gap-default\">\n\t\t\t\t\t<div class=\"elementor-column elementor-col-100 elementor-top-column elementor-element elementor-element-f3e4bd2\" data-id=\"f3e4bd2\" data-element_type=\"column\" data-settings=\"{&quot;background_background&quot;:&quot;classic&quot;}\">\n\t\t\t<div class=\"elementor-widget-wrap elementor-element-populated\">\n\t\t\t\t\t\t<div class=\"elementor-element elementor-element-700926e elementor-widget elementor-widget-heading\" data-id=\"700926e\" data-element_type=\"widget\" data-widget_type=\"heading.default\">\n\t\t\t\t<div class=\"elementor-widget-container\">\n\t\t\t\t\t<h3 class=\"elementor-heading-title elementor-size-default\">Todo listo para dejar a la gente boquiabierta de asombro<\/h3>\t\t\t\t<\/div>\n\t\t\t\t<\/div>\n\t\t\t\t<div class=\"elementor-element elementor-element-4012ed8 elementor-widget elementor-widget-text-editor\" data-id=\"4012ed8\" data-element_type=\"widget\" data-widget_type=\"text-editor.default\">\n\t\t\t\t<div class=\"elementor-widget-container\">\n\t\t\t\t\t\t\t\t\t<p>En Chateau Entertainment estamos invitando a magos y artistas a formar parte de nuestro viaje para restaurar la industria del entretenimiento teatral que pas\u00f3 factura durante la pandemia. Queremos recrear la magia en todos los sentidos de la palabra, atrayendo a personas de todas las edades a experimentar la alegr\u00eda y el asombro de disfrutar en persona de un espect\u00e1culo de magia en vivo.<\/p><p>A medida que restauramos castillos abandonados, se prepara el escenario para que los magos muestren su talento, destreza y trucos en los escenarios m\u00e1s emocionantes. La gente est\u00e1 intrigada por aprender sobre historia, magos y magia. Esta es la mejor manera de aumentar su nivel de entusiasmo e involucrarlos en experiencias que el mundo nunca ha presenciado. Nuestra propuesta es \u00fanica en su tipo y seguramente atraer\u00e1 a personas de todos los rincones del mundo para disfrutar de la diversi\u00f3n, la emoci\u00f3n y el asombro que conllevan los espect\u00e1culos de magia. En Chateau Entertainment, nos enorgullece decir que los mejores magos y artistas de la industria han mostrado su inter\u00e9s en nuestra propuesta y se han unido a nosotros. Estos incluyen grandes nombres como:<\/p>\t\t\t\t\t\t\t\t<\/div>\n\t\t\t\t<\/div>\n\t\t\t\t<div class=\"elementor-element elementor-element-22f6a5b elementor-posts__hover-none elementor-grid-3 elementor-grid-tablet-2 elementor-grid-mobile-1 elementor-posts--thumbnail-top elementor-widget elementor-widget-posts\" data-id=\"22f6a5b\" data-element_type=\"widget\" data-settings=\"{&quot;cards_row_gap&quot;:{&quot;unit&quot;:&quot;px&quot;,&quot;size&quot;:15,&quot;sizes&quot;:[]},&quot;cards_columns&quot;:&quot;3&quot;,&quot;cards_columns_tablet&quot;:&quot;2&quot;,&quot;cards_columns_mobile&quot;:&quot;1&quot;,&quot;cards_row_gap_tablet&quot;:{&quot;unit&quot;:&quot;px&quot;,&quot;size&quot;:&quot;&quot;,&quot;sizes&quot;:[]},&quot;cards_row_gap_mobile&quot;:{&quot;unit&quot;:&quot;px&quot;,&quot;size&quot;:&quot;&quot;,&quot;sizes&quot;:[]}}\" data-widget_type=\"posts.cards\">\n\t\t\t\t<div class=\"elementor-widget-container\">\n\t\t\t\t\t\t\t<div class=\"elementor-posts-container elementor-posts elementor-posts--skin-cards elementor-grid\">\n\t\t\t\t<article class=\"elementor-post elementor-grid-item post-622 post type-post status-publish format-standard has-post-thumbnail hentry category-magicians-artisits\">\n\t\t\t<div class=\"elementor-post__card\">\n\t\t\t\t<a class=\"elementor-post__thumbnail__link\" href=\"https:\/\/chateauentertainment.co\/es\/magicians-artisits\/mark-setteducati\/\" tabindex=\"-1\" ><div class=\"elementor-post__thumbnail\"><img fetchpriority=\"high\" decoding=\"async\" width=\"800\" height=\"450\" src=\"https:\/\/chateauentertainment.co\/wp-content\/uploads\/Mr_Mark_Setteducat_.jpg\" class=\"attachment-large size-large wp-image-3057\" alt=\"\" srcset=\"https:\/\/chateauentertainment.co\/wp-content\/uploads\/Mr_Mark_Setteducat_.jpg 800w, https:\/\/chateauentertainment.co\/wp-content\/uploads\/Mr_Mark_Setteducat_-300x169.jpg 300w, https:\/\/chateauentertainment.co\/wp-content\/uploads\/Mr_Mark_Setteducat_-768x432.jpg 768w, https:\/\/chateauentertainment.co\/wp-content\/uploads\/Mr_Mark_Setteducat_-18x10.jpg 18w\" sizes=\"(max-width: 800px) 100vw, 800px\" \/><\/div><\/a>\n\t\t\t\t<div class=\"elementor-post__text\">\n\t\t\t\t<h3 class=\"elementor-post__title\">\n\t\t\t<a href=\"https:\/\/chateauentertainment.co\/es\/magicians-artisits\/mark-setteducati\/\" >\n\t\t\t\tMarcos Setteducati\t\t\t<\/a>\n\t\t<\/h3>\n\t\t\t\t<div class=\"elementor-post__excerpt\">\n\t\t\t<p>Mark Setteducati es un reputado mago. Es el inventor de las ilusiones, la magia, los rompecabezas y los juegos. \u00c9l<\/p>\n\t\t<\/div>\n\t\t\n\t\t<a class=\"elementor-post__read-more\" href=\"https:\/\/chateauentertainment.co\/es\/magicians-artisits\/mark-setteducati\/\" aria-label=\"M\u00e1s informaci\u00f3n sobre Mark Setteducati\" tabindex=\"-1\" >\n\t\t\tLeer m\u00e1s &quot;\t\t<\/a>\n\n\t\t\t\t<\/div>\n\t\t\t\t\t<\/div>\n\t\t<\/article>\n\t\t\t\t<article class=\"elementor-post elementor-grid-item post-623 post type-post status-publish format-standard has-post-thumbnail hentry category-magicians-artisits\">\n\t\t\t<div class=\"elementor-post__card\">\n\t\t\t\t<a class=\"elementor-post__thumbnail__link\" href=\"https:\/\/chateauentertainment.co\/es\/magicians-artisits\/jeff-sheridan\/\" tabindex=\"-1\" ><div class=\"elementor-post__thumbnail\"><img decoding=\"async\" width=\"300\" height=\"169\" src=\"https:\/\/chateauentertainment.co\/wp-content\/uploads\/Mr_Jeff_Sheridan.jpg\" class=\"attachment-large size-large wp-image-3075\" alt=\"Jeff Sheridan\" srcset=\"https:\/\/chateauentertainment.co\/wp-content\/uploads\/Mr_Jeff_Sheridan.jpg 300w, https:\/\/chateauentertainment.co\/wp-content\/uploads\/Mr_Jeff_Sheridan-18x10.jpg 18w\" sizes=\"(max-width: 300px) 100vw, 300px\" \/><\/div><\/a>\n\t\t\t\t<div class=\"elementor-post__text\">\n\t\t\t\t<h3 class=\"elementor-post__title\">\n\t\t\t<a href=\"https:\/\/chateauentertainment.co\/es\/magicians-artisits\/jeff-sheridan\/\" >\n\t\t\t\tJeff Sheridan\t\t\t<\/a>\n\t\t<\/h3>\n\t\t\t\t<div class=\"elementor-post__excerpt\">\n\t\t\t<p>Sheridan es uno de los magos estadounidenses m\u00e1s populares, conocido por sus asombrosas manipulaciones de cartas que dejan<\/p>\n\t\t<\/div>\n\t\t\n\t\t<a class=\"elementor-post__read-more\" href=\"https:\/\/chateauentertainment.co\/es\/magicians-artisits\/jeff-sheridan\/\" aria-label=\"M\u00e1s informaci\u00f3n sobre Jeff Sheridan\" tabindex=\"-1\" >\n\t\t\tLeer m\u00e1s &quot;\t\t<\/a>\n\n\t\t\t\t<\/div>\n\t\t\t\t\t<\/div>\n\t\t<\/article>\n\t\t\t\t<article class=\"elementor-post elementor-grid-item post-624 post type-post status-publish format-standard has-post-thumbnail hentry category-magicians-artisits\">\n\t\t\t<div class=\"elementor-post__card\">\n\t\t\t\t<a class=\"elementor-post__thumbnail__link\" href=\"https:\/\/chateauentertainment.co\/es\/magicians-artisits\/olivier\/\" tabindex=\"-1\" ><div class=\"elementor-post__thumbnail\"><img decoding=\"async\" width=\"800\" height=\"450\" src=\"https:\/\/chateauentertainment.co\/wp-content\/uploads\/Mr_Olivier.jpg\" class=\"attachment-large size-large wp-image-3061\" alt=\"\" srcset=\"https:\/\/chateauentertainment.co\/wp-content\/uploads\/Mr_Olivier.jpg 800w, https:\/\/chateauentertainment.co\/wp-content\/uploads\/Mr_Olivier-300x169.jpg 300w, https:\/\/chateauentertainment.co\/wp-content\/uploads\/Mr_Olivier-768x432.jpg 768w, https:\/\/chateauentertainment.co\/wp-content\/uploads\/Mr_Olivier-18x10.jpg 18w\" sizes=\"(max-width: 800px) 100vw, 800px\" \/><\/div><\/a>\n\t\t\t\t<div class=\"elementor-post__text\">\n\t\t\t\t<h3 class=\"elementor-post__title\">\n\t\t\t<a href=\"https:\/\/chateauentertainment.co\/es\/magicians-artisits\/olivier\/\" >\n\t\t\t\tolivier\t\t\t<\/a>\n\t\t<\/h3>\n\t\t\t\t<div class=\"elementor-post__excerpt\">\n\t\t\t<p>Es uno de los magos m\u00e1s famosos que realiza trucos de magia con ferocidad y pasi\u00f3n que<\/p>\n\t\t<\/div>\n\t\t\n\t\t<a class=\"elementor-post__read-more\" href=\"https:\/\/chateauentertainment.co\/es\/magicians-artisits\/olivier\/\" aria-label=\"M\u00e1s informaci\u00f3n sobre Olivier\" tabindex=\"-1\" >\n\t\t\tLeer m\u00e1s &quot;\t\t<\/a>\n\n\t\t\t\t<\/div>\n\t\t\t\t\t<\/div>\n\t\t<\/article>\n\t\t\t\t<\/div>\n\t\t\n\t\t\t\t\t\t<\/div>\n\t\t\t\t<\/div>\n\t\t\t\t\t<\/div>\n\t\t<\/div>\n\t\t\t\t\t<\/div>\n\t\t<\/section>\n\t\t\t\t<section class=\"elementor-section elementor-top-section elementor-element elementor-element-0acc329 elementor-section-boxed elementor-section-height-default elementor-section-height-default\" data-id=\"0acc329\" data-element_type=\"section\" data-settings=\"{&quot;background_background&quot;:&quot;classic&quot;}\">\n\t\t\t\t\t\t<div class=\"elementor-container elementor-column-gap-default\">\n\t\t\t\t\t<div class=\"elementor-column elementor-col-100 elementor-top-column elementor-element elementor-element-ddd9519\" data-id=\"ddd9519\" data-element_type=\"column\">\n\t\t\t<div class=\"elementor-widget-wrap elementor-element-populated\">\n\t\t\t\t\t\t<div class=\"elementor-element elementor-element-fcce995 elementor-widget elementor-widget-heading\" data-id=\"fcce995\" data-element_type=\"widget\" data-widget_type=\"heading.default\">\n\t\t\t\t<div class=\"elementor-widget-container\">\n\t\t\t\t\t<h3 class=\"elementor-heading-title elementor-size-default\">Para obtener m\u00e1s informaci\u00f3n o ser parte de nuestra empresa, no dude en contactarnos.<\/h3>\t\t\t\t<\/div>\n\t\t\t\t<\/div>\n\t\t\t\t<div class=\"elementor-element elementor-element-3e57537 elementor-align-center elementor-widget elementor-widget-button\" data-id=\"3e57537\" data-element_type=\"widget\" data-widget_type=\"button.default\">\n\t\t\t\t<div class=\"elementor-widget-container\">\n\t\t\t\t\t\t\t\t\t<div class=\"elementor-button-wrapper\">\n\t\t\t\t\t<a class=\"elementor-button elementor-button-link elementor-size-sm\" href=\"\/es\/contact\/\">\n\t\t\t\t\t\t<span class=\"elementor-button-content-wrapper\">\n\t\t\t\t\t\t\t\t\t<span class=\"elementor-button-text\">Contacta ahora<\/span>\n\t\t\t\t\t<\/span>\n\t\t\t\t\t<\/a>\n\t\t\t\t<\/div>\n\t\t\t\t\t\t\t\t<\/div>\n\t\t\t\t<\/div>\n\t\t\t\t\t<\/div>\n\t\t<\/div>\n\t\t\t\t\t<\/div>\n\t\t<\/section>\n\t\t\t\t<\/div>","protected":false},"excerpt":{"rendered":"<p>Todo listo para dejar a la gente boquiabierta de asombro En Chateau Entertainment estamos invitando a magos y artistas a formar parte de nuestro viaje para restaurar la industria del entretenimiento teatral que se vio afectada durante la pandemia. Queremos recrear la magia en todos los sentidos de la palabra atrayendo a personas de todas las edades a \u2026 <a title=\"olivier\" class=\"read-more\" href=\"https:\/\/chateauentertainment.co\/es\/magicians-artisits\/olivier\/\" aria-label=\"Leer m\u00e1s sobre Olivier\">Leer m\u00e1s<\/a><\/p>","protected":false},"author":1,"featured_media":0,"parent":0,"menu_order":5,"comment_status":"closed","ping_status":"closed","template":"","meta":{"footnotes":""},"class_list":["post-43","page","type-page","status-publish","hentry"],"_links":{"self":[{"href":"https:\/\/chateauentertainment.co\/es\/wp-json\/wp\/v2\/pages\/43","targetHints":{"allow":["GET"]}}],"collection":[{"href":"https:\/\/chateauentertainment.co\/es\/wp-json\/wp\/v2\/pages"}],"about":[{"href":"https:\/\/chateauentertainment.co\/es\/wp-json\/wp\/v2\/types\/page"}],"author":[{"embeddable":true,"href":"https:\/\/chateauentertainment.co\/es\/wp-json\/wp\/v2\/users\/1"}],"replies":[{"embeddable":true,"href":"https:\/\/chateauentertainment.co\/es\/wp-json\/wp\/v2\/comments?post=43"}],"version-history":[{"count":0,"href":"https:\/\/chateauentertainment.co\/es\/wp-json\/wp\/v2\/pages\/43\/revisions"}],"wp:attachment":[{"href":"https:\/\/chateauentertainment.co\/es\/wp-json\/wp\/v2\/media?parent=43"}],"curies":[{"name":"wp","href":"https:\/\/api.w.org\/{rel}","templated":true}]}}