{"id":505,"date":"2020-05-07T16:51:10","date_gmt":"2020-05-07T16:51:10","guid":{"rendered":"https:\/\/new.deschenaux.me\/?page_id=505"},"modified":"2021-09-09T11:14:12","modified_gmt":"2021-09-09T11:14:12","slug":"partners","status":"publish","type":"page","link":"https:\/\/chateauentertainment.co\/es\/partners\/","title":{"rendered":"Socios"},"content":{"rendered":"<div data-elementor-type=\"wp-page\" data-elementor-id=\"505\" class=\"elementor elementor-505\" data-elementor-post-type=\"page\">\n\t\t\t\t\t\t<section class=\"elementor-section elementor-top-section elementor-element elementor-element-95e4df3 elementor-section-stretched elementor-section-boxed elementor-section-height-default elementor-section-height-default\" data-id=\"95e4df3\" data-element_type=\"section\" data-settings=\"{&quot;stretch_section&quot;:&quot;section-stretched&quot;}\">\n\t\t\t\t\t\t<div class=\"elementor-container elementor-column-gap-default\">\n\t\t\t\t\t<div class=\"elementor-column elementor-col-100 elementor-top-column elementor-element elementor-element-8f3d384\" data-id=\"8f3d384\" data-element_type=\"column\">\n\t\t\t<div class=\"elementor-widget-wrap elementor-element-populated\">\n\t\t\t\t\t\t<div class=\"elementor-element elementor-element-6220489 elementor-widget elementor-widget-heading\" data-id=\"6220489\" data-element_type=\"widget\" data-widget_type=\"heading.default\">\n\t\t\t\t<div class=\"elementor-widget-container\">\n\t\t\t\t\t<h3 class=\"elementor-heading-title elementor-size-default\">Centrados en construir asociaciones estrat\u00e9gicas de largo plazo y de valor agregado<\/h3>\t\t\t\t<\/div>\n\t\t\t\t<\/div>\n\t\t\t\t<div class=\"elementor-element elementor-element-f1cafc2 elementor-widget elementor-widget-text-editor\" data-id=\"f1cafc2\" data-element_type=\"widget\" data-widget_type=\"text-editor.default\">\n\t\t\t\t<div class=\"elementor-widget-container\">\n\t\t\t\t\t\t\t\t\t<p>En Chateau Entertainment, valoramos a nuestros inversores y socios. Creemos que recaudar fondos es la mitad del \u00e9xito de nuestro SPAC, mientras que la otra mitad depende de c\u00f3mo colaboramos con nuestros socios y utilizamos el capital recaudado para adquirir propiedades espec\u00edficas. Por lo tanto, nos esforzamos por trabajar con socios con ideas afines y valores de trabajo similares a los de nuestra empresa. Como sus valores son similares y sus objetivos est\u00e1n alineados con los nuestros, las colaboraciones son posibles, lo que resulta en beneficios mutuos.<\/p><p>Chateau Entertainment se enfoca en construir asociaciones estrat\u00e9gicas de valor agregado a largo plazo para alcanzar nuestros objetivos de adquirir castillos y edificios hist\u00f3ricos abandonados. Cada socio desempe\u00f1a un papel fundamental a la hora de impulsar a Chateau Entertainment SPAC hacia un mayor \u00e9xito. Al tener socios comerciales, ya no operamos de forma aislada.<\/p><p><strong>Nuestros socios nos dan acceso a:<\/strong><\/p>\t\t\t\t\t\t\t\t<\/div>\n\t\t\t\t<\/div>\n\t\t\t\t<div class=\"elementor-element elementor-element-6c1d813 elementor-icon-list--layout-traditional elementor-list-item-link-full_width elementor-widget elementor-widget-icon-list\" data-id=\"6c1d813\" data-element_type=\"widget\" data-widget_type=\"icon-list.default\">\n\t\t\t\t<div class=\"elementor-widget-container\">\n\t\t\t\t\t\t\t<ul class=\"elementor-icon-list-items\">\n\t\t\t\t\t\t\t<li class=\"elementor-icon-list-item\">\n\t\t\t\t\t\t\t\t\t\t\t<span class=\"elementor-icon-list-icon\">\n\t\t\t\t\t\t\t<i aria-hidden=\"true\" class=\"fas fa-magic\"><\/i>\t\t\t\t\t\t<\/span>\n\t\t\t\t\t\t\t\t\t\t<span class=\"elementor-icon-list-text\">M\u00e1s conocimiento<\/span>\n\t\t\t\t\t\t\t\t\t<\/li>\n\t\t\t\t\t\t\t\t<li class=\"elementor-icon-list-item\">\n\t\t\t\t\t\t\t\t\t\t\t<span class=\"elementor-icon-list-icon\">\n\t\t\t\t\t\t\t<i aria-hidden=\"true\" class=\"fas fa-magic\"><\/i>\t\t\t\t\t\t<\/span>\n\t\t\t\t\t\t\t\t\t\t<span class=\"elementor-icon-list-text\">Mayor experiencia<\/span>\n\t\t\t\t\t\t\t\t\t<\/li>\n\t\t\t\t\t\t\t\t<li class=\"elementor-icon-list-item\">\n\t\t\t\t\t\t\t\t\t\t\t<span class=\"elementor-icon-list-icon\">\n\t\t\t\t\t\t\t<i aria-hidden=\"true\" class=\"fas fa-magic\"><\/i>\t\t\t\t\t\t<\/span>\n\t\t\t\t\t\t\t\t\t\t<span class=\"elementor-icon-list-text\">Fondos cuando sea necesario<\/span>\n\t\t\t\t\t\t\t\t\t<\/li>\n\t\t\t\t\t\t<\/ul>\n\t\t\t\t\t\t<\/div>\n\t\t\t\t<\/div>\n\t\t\t\t<div class=\"elementor-element elementor-element-c95669b elementor-widget elementor-widget-text-editor\" data-id=\"c95669b\" data-element_type=\"widget\" data-widget_type=\"text-editor.default\">\n\t\t\t\t<div class=\"elementor-widget-container\">\n\t\t\t\t\t\t\t\t\t<p>Adem\u00e1s, nuestros socios ofrecen apoyo y mejoran nuestras fortalezas, muy necesarias para ayudar a nuestro negocio a lograr resultados y objetivos clave. En Chateau Entertainment, continuamos construyendo alianzas estrat\u00e9gicas perfectas que complementan nuestras actividades y nos permiten crecer y avanzar.<\/p>\t\t\t\t\t\t\t\t<\/div>\n\t\t\t\t<\/div>\n\t\t\t\t<div class=\"elementor-element elementor-element-486de7e elementor-widget elementor-widget-heading\" data-id=\"486de7e\" data-element_type=\"widget\" data-widget_type=\"heading.default\">\n\t\t\t\t<div class=\"elementor-widget-container\">\n\t\t\t\t\t<h2 class=\"elementor-heading-title elementor-size-default\">Red de socios confiables en r\u00e1pido crecimiento<\/h2>\t\t\t\t<\/div>\n\t\t\t\t<\/div>\n\t\t\t\t<div class=\"elementor-element elementor-element-7523ef8 elementor-widget elementor-widget-text-editor\" data-id=\"7523ef8\" data-element_type=\"widget\" data-widget_type=\"text-editor.default\">\n\t\t\t\t<div class=\"elementor-widget-container\">\n\t\t\t\t\t\t\t\t\t<p>Estamos orgullosos de contar con nombres l\u00edderes en la industria como nuestros socios de confianza. \u00c9stas incluyen <strong>Financieros suizos<\/strong>, <strong>Instituto IPO<\/strong>, y <strong>Greenberg, Hornblower, Deschenaux &amp; Partners, LLP<\/strong>. Creemos que nuestros fuertes v\u00ednculos con nuestros socios nos ayudar\u00e1n a avanzar con \u00e9xito.<\/p><p>Sin embargo, como nuestra empresa para adquirir castillos abandonados y propiedades hist\u00f3ricas es enorme, necesitaremos m\u00e1s socios para alcanzar nuestros objetivos a corto y largo plazo de adquirir y restaurar propiedades cr\u00edticas para alquilarlas a artistas para la reactivaci\u00f3n de la industria del entretenimiento.<\/p><p>Por lo tanto, estamos buscando nuevas asociaciones y le invitamos a unirse a nosotros en nuestra misi\u00f3n de volver a dar vida a los lugares hist\u00f3ricos para brindarles a los artistas las mejores v\u00edas para montar un espect\u00e1culo y atraer grandes masas para experimentar las artes y el entretenimiento como nunca antes.<\/p>\t\t\t\t\t\t\t\t<\/div>\n\t\t\t\t<\/div>\n\t\t\t\t\t<\/div>\n\t\t<\/div>\n\t\t\t\t\t<\/div>\n\t\t<\/section>\n\t\t\t\t<section class=\"elementor-section elementor-top-section elementor-element elementor-element-70d85dd elementor-section-stretched elementor-section-boxed elementor-section-height-default elementor-section-height-default\" data-id=\"70d85dd\" data-element_type=\"section\" data-settings=\"{&quot;stretch_section&quot;:&quot;section-stretched&quot;}\">\n\t\t\t\t\t\t<div class=\"elementor-container elementor-column-gap-default\">\n\t\t\t\t\t<div class=\"elementor-column elementor-col-100 elementor-top-column elementor-element elementor-element-18927e0\" data-id=\"18927e0\" data-element_type=\"column\" data-settings=\"{&quot;background_background&quot;:&quot;classic&quot;}\">\n\t\t\t<div class=\"elementor-widget-wrap elementor-element-populated\">\n\t\t\t\t\t\t<div class=\"elementor-element elementor-element-0f7e59b elementor-posts__hover-none elementor-grid-3 elementor-grid-tablet-2 elementor-grid-mobile-1 elementor-posts--thumbnail-top elementor-widget elementor-widget-posts\" data-id=\"0f7e59b\" data-element_type=\"widget\" data-settings=\"{&quot;cards_row_gap&quot;:{&quot;unit&quot;:&quot;px&quot;,&quot;size&quot;:15,&quot;sizes&quot;:[]},&quot;cards_columns&quot;:&quot;3&quot;,&quot;cards_columns_tablet&quot;:&quot;2&quot;,&quot;cards_columns_mobile&quot;:&quot;1&quot;,&quot;cards_row_gap_tablet&quot;:{&quot;unit&quot;:&quot;px&quot;,&quot;size&quot;:&quot;&quot;,&quot;sizes&quot;:[]},&quot;cards_row_gap_mobile&quot;:{&quot;unit&quot;:&quot;px&quot;,&quot;size&quot;:&quot;&quot;,&quot;sizes&quot;:[]}}\" data-widget_type=\"posts.cards\">\n\t\t\t\t<div class=\"elementor-widget-container\">\n\t\t\t\t\t\t\t<div class=\"elementor-posts-container elementor-posts elementor-posts--skin-cards elementor-grid\">\n\t\t\t\t<article class=\"elementor-post elementor-grid-item post-1046 post type-post status-publish format-standard has-post-thumbnail hentry category-partners\">\n\t\t\t<div class=\"elementor-post__card\">\n\t\t\t\t<a class=\"elementor-post__thumbnail__link\" href=\"https:\/\/chateauentertainment.co\/es\/partners\/swiss-financiers\/\" tabindex=\"-1\" ><div class=\"elementor-post__thumbnail\"><img fetchpriority=\"high\" decoding=\"async\" width=\"800\" height=\"450\" src=\"https:\/\/chateauentertainment.co\/wp-content\/uploads\/swiss-financiers-img.jpg\" class=\"attachment-large size-large wp-image-3261\" alt=\"\" srcset=\"https:\/\/chateauentertainment.co\/wp-content\/uploads\/swiss-financiers-img.jpg 800w, https:\/\/chateauentertainment.co\/wp-content\/uploads\/swiss-financiers-img-300x169.jpg 300w, https:\/\/chateauentertainment.co\/wp-content\/uploads\/swiss-financiers-img-768x432.jpg 768w, https:\/\/chateauentertainment.co\/wp-content\/uploads\/swiss-financiers-img-18x10.jpg 18w\" sizes=\"(max-width: 800px) 100vw, 800px\" \/><\/div><\/a>\n\t\t\t\t<div class=\"elementor-post__text\">\n\t\t\t\t<h3 class=\"elementor-post__title\">\n\t\t\t<a href=\"https:\/\/chateauentertainment.co\/es\/partners\/swiss-financiers\/\" >\n\t\t\t\tFinancieros suizos\t\t\t<\/a>\n\t\t<\/h3>\n\t\t\t\t<div class=\"elementor-post__excerpt\">\n\t\t\t<p>El equipo de financieros suizos tiene una trayectoria comprobada en la salida a bolsa de empresas, garantizando una propuesta de valor transparente y generadora de valor junto...<br \/>\n&nbsp;<\/p>\n<div>\n<div style=\"float:left; width=50%;\">\n<a class=\"elementor-post__read-more\" href=\"\/es\/partners\/swiss-financiers\/\">Leer m\u00e1s &quot;<\/a>\n        <\/div>\n<div style=\"float:right; width=50%;\">\n<a href=\"https:\/\/swissfinanciers.com\/\" target=\"_blank\" class=\"elementor-button-link elementor-button elementor-size-xs\" role=\"button\" rel=\"noopener\"><span class=\"elementor-button-content-wrapper\"><span class=\"elementor-button-text\">Visita el sitio web<\/span><\/span><\/a>\n        <\/div>\n<div style=\"clear:both;\"><\/div>\n<\/div>\n\t\t<\/div>\n\t\t\t\t<\/div>\n\t\t\t\t\t<\/div>\n\t\t<\/article>\n\t\t\t\t<article class=\"elementor-post elementor-grid-item post-1055 post type-post status-publish format-standard has-post-thumbnail hentry category-partners\">\n\t\t\t<div class=\"elementor-post__card\">\n\t\t\t\t<a class=\"elementor-post__thumbnail__link\" href=\"https:\/\/chateauentertainment.co\/es\/partners\/ipo-institute\/\" tabindex=\"-1\" ><div class=\"elementor-post__thumbnail\"><img decoding=\"async\" width=\"800\" height=\"450\" src=\"https:\/\/chateauentertainment.co\/wp-content\/uploads\/ipoi-img.jpg\" class=\"attachment-large size-large wp-image-3267\" alt=\"\" srcset=\"https:\/\/chateauentertainment.co\/wp-content\/uploads\/ipoi-img.jpg 800w, https:\/\/chateauentertainment.co\/wp-content\/uploads\/ipoi-img-300x169.jpg 300w, https:\/\/chateauentertainment.co\/wp-content\/uploads\/ipoi-img-768x432.jpg 768w, https:\/\/chateauentertainment.co\/wp-content\/uploads\/ipoi-img-18x10.jpg 18w\" sizes=\"(max-width: 800px) 100vw, 800px\" \/><\/div><\/a>\n\t\t\t\t<div class=\"elementor-post__text\">\n\t\t\t\t<h3 class=\"elementor-post__title\">\n\t\t\t<a href=\"https:\/\/chateauentertainment.co\/es\/partners\/ipo-institute\/\" >\n\t\t\t\tInstituto IPO\t\t\t<\/a>\n\t\t<\/h3>\n\t\t\t\t<div class=\"elementor-post__excerpt\">\n\t\t\t<p>Un centro de especializaci\u00f3n sobre la IPO, que ense\u00f1a conocimientos reales, aporta opiniones, acaba con los mitos o la informaci\u00f3n falsa y ofrece IPO reales...<br \/>\n&nbsp;<\/p>\n<div>\n<div style=\"float:left; width=50%;\">\n<a class=\"elementor-post__read-more\" href=\"\/es\/partners\/ipo-institute\/\">Leer m\u00e1s &quot;<\/a>\n        <\/div>\n<div style=\"float:right; width=50%;\">\n<a href=\"https:\/\/ipoinstitute.com\/\" target=\"_blank\" class=\"elementor-button-link elementor-button elementor-size-xs\" role=\"button\" rel=\"noopener\"><span class=\"elementor-button-content-wrapper\"><span class=\"elementor-button-text\">Visita el sitio web<\/span><\/span><\/a>\n        <\/div>\n<div style=\"clear:both;\"><\/div>\n<\/div>\n\t\t<\/div>\n\t\t\t\t<\/div>\n\t\t\t\t\t<\/div>\n\t\t<\/article>\n\t\t\t\t<article class=\"elementor-post elementor-grid-item post-1056 post type-post status-publish format-standard has-post-thumbnail hentry category-partners\">\n\t\t\t<div class=\"elementor-post__card\">\n\t\t\t\t<a class=\"elementor-post__thumbnail__link\" href=\"https:\/\/chateauentertainment.co\/es\/partners\/deschenaux-partners-llp\/\" tabindex=\"-1\" ><div class=\"elementor-post__thumbnail\"><img decoding=\"async\" width=\"800\" height=\"450\" src=\"https:\/\/chateauentertainment.co\/wp-content\/uploads\/ghd-img.jpg\" class=\"attachment-large size-large wp-image-3271\" alt=\"\" srcset=\"https:\/\/chateauentertainment.co\/wp-content\/uploads\/ghd-img.jpg 800w, https:\/\/chateauentertainment.co\/wp-content\/uploads\/ghd-img-300x169.jpg 300w, https:\/\/chateauentertainment.co\/wp-content\/uploads\/ghd-img-768x432.jpg 768w, https:\/\/chateauentertainment.co\/wp-content\/uploads\/ghd-img-18x10.jpg 18w\" sizes=\"(max-width: 800px) 100vw, 800px\" \/><\/div><\/a>\n\t\t\t\t<div class=\"elementor-post__text\">\n\t\t\t\t<h3 class=\"elementor-post__title\">\n\t\t\t<a href=\"https:\/\/chateauentertainment.co\/es\/partners\/deschenaux-partners-llp\/\" >\n\t\t\t\tDeschenaux &amp; Partners, LLP\t\t\t<\/a>\n\t\t<\/h3>\n\t\t\t\t<div class=\"elementor-post__excerpt\">\n\t\t\t<p>Somos juristas financieros internacionales porque creemos que litigar ya es un fracaso. No creemos en\u2026<br \/>\n&nbsp;<\/p>\n<div>\n<div style=\"float:left; width=50%;\">\n<a class=\"elementor-post__read-more\" href=\"\/es\/partners\/greenberg-hornblower-deschenaux-partners-llp\/\">Leer m\u00e1s &quot;<\/a>\n        <\/div>\n<div style=\"float:right; width=50%;\">\n<a href=\"https:\/\/ghd-llp.com\/\" target=\"_blank\" class=\"elementor-button-link elementor-button elementor-size-xs\" role=\"button\" rel=\"noopener\"><span class=\"elementor-button-content-wrapper\"><span class=\"elementor-button-text\">Visita el sitio web<\/span><\/span><\/a>\n        <\/div>\n<div style=\"clear:both;\"><\/div>\n<\/div>\n\t\t<\/div>\n\t\t\t\t<\/div>\n\t\t\t\t\t<\/div>\n\t\t<\/article>\n\t\t\t\t<\/div>\n\t\t\n\t\t\t\t\t\t<\/div>\n\t\t\t\t<\/div>\n\t\t\t\t\t<\/div>\n\t\t<\/div>\n\t\t\t\t\t<\/div>\n\t\t<\/section>\n\t\t\t\t<section class=\"elementor-section elementor-top-section elementor-element elementor-element-2db091b elementor-section-boxed elementor-section-height-default elementor-section-height-default\" data-id=\"2db091b\" data-element_type=\"section\" data-settings=\"{&quot;background_background&quot;:&quot;classic&quot;}\">\n\t\t\t\t\t\t<div class=\"elementor-container elementor-column-gap-default\">\n\t\t\t\t\t<div class=\"elementor-column elementor-col-100 elementor-top-column elementor-element elementor-element-9c2a521\" data-id=\"9c2a521\" data-element_type=\"column\">\n\t\t\t<div class=\"elementor-widget-wrap elementor-element-populated\">\n\t\t\t\t\t\t<div class=\"elementor-element elementor-element-9734ffd elementor-widget elementor-widget-heading\" data-id=\"9734ffd\" data-element_type=\"widget\" data-widget_type=\"heading.default\">\n\t\t\t\t<div class=\"elementor-widget-container\">\n\t\t\t\t\t<h3 class=\"elementor-heading-title elementor-size-default\">Para obtener m\u00e1s informaci\u00f3n sobre Chateau Entertainment o para asociarse con nosotros, cont\u00e1ctenos hoy.<\/h3>\t\t\t\t<\/div>\n\t\t\t\t<\/div>\n\t\t\t\t<div class=\"elementor-element elementor-element-3db00c3 elementor-widget elementor-widget-heading\" data-id=\"3db00c3\" data-element_type=\"widget\" data-widget_type=\"heading.default\">\n\t\t\t\t<div class=\"elementor-widget-container\">\n\t\t\t\t\t<h3 class=\"elementor-heading-title elementor-size-default\">Hagamos historia juntos.<\/h3>\t\t\t\t<\/div>\n\t\t\t\t<\/div>\n\t\t\t\t<div class=\"elementor-element elementor-element-e48e867 elementor-align-center elementor-widget elementor-widget-button\" data-id=\"e48e867\" data-element_type=\"widget\" data-widget_type=\"button.default\">\n\t\t\t\t<div class=\"elementor-widget-container\">\n\t\t\t\t\t\t\t\t\t<div class=\"elementor-button-wrapper\">\n\t\t\t\t\t<a class=\"elementor-button elementor-button-link elementor-size-sm\" href=\"\/es\/contact\/\">\n\t\t\t\t\t\t<span class=\"elementor-button-content-wrapper\">\n\t\t\t\t\t\t\t\t\t<span class=\"elementor-button-text\">Contacta ahora<\/span>\n\t\t\t\t\t<\/span>\n\t\t\t\t\t<\/a>\n\t\t\t\t<\/div>\n\t\t\t\t\t\t\t\t<\/div>\n\t\t\t\t<\/div>\n\t\t\t\t\t<\/div>\n\t\t<\/div>\n\t\t\t\t\t<\/div>\n\t\t<\/section>\n\t\t\t\t<\/div>","protected":false},"excerpt":{"rendered":"<p>Centrados en la creaci\u00f3n de alianzas estrat\u00e9gicas a largo plazo que agreguen valor En Chateau Entertainment, valoramos a nuestros inversores y socios. Creemos que la recaudaci\u00f3n de fondos es la mitad del \u00e9xito de nuestra SPAC, mientras que la otra mitad depende de c\u00f3mo colaboramos con nuestros socios y utilizamos el capital recaudado para adquirir propiedades espec\u00edficas. Por lo tanto, nos esforzamos por trabajar con \u2026 <a title=\"Deschenaux &amp; Partners, LLP\" class=\"read-more\" href=\"https:\/\/chateauentertainment.co\/es\/partners\/deschenaux-partners-llp\/\" aria-label=\"Leer m\u00e1s sobre Deschenaux &amp; Partners, LLP\">Leer m\u00e1s<\/a><\/p>","protected":false},"author":1,"featured_media":0,"parent":0,"menu_order":25,"comment_status":"closed","ping_status":"closed","template":"","meta":{"footnotes":""},"class_list":["post-505","page","type-page","status-publish","hentry"],"_links":{"self":[{"href":"https:\/\/chateauentertainment.co\/es\/wp-json\/wp\/v2\/pages\/505","targetHints":{"allow":["GET"]}}],"collection":[{"href":"https:\/\/chateauentertainment.co\/es\/wp-json\/wp\/v2\/pages"}],"about":[{"href":"https:\/\/chateauentertainment.co\/es\/wp-json\/wp\/v2\/types\/page"}],"author":[{"embeddable":true,"href":"https:\/\/chateauentertainment.co\/es\/wp-json\/wp\/v2\/users\/1"}],"replies":[{"embeddable":true,"href":"https:\/\/chateauentertainment.co\/es\/wp-json\/wp\/v2\/comments?post=505"}],"version-history":[{"count":0,"href":"https:\/\/chateauentertainment.co\/es\/wp-json\/wp\/v2\/pages\/505\/revisions"}],"wp:attachment":[{"href":"https:\/\/chateauentertainment.co\/es\/wp-json\/wp\/v2\/media?parent=505"}],"curies":[{"name":"wp","href":"https:\/\/api.w.org\/{rel}","templated":true}]}}