{"id":80,"date":"2020-05-06T14:53:07","date_gmt":"2020-05-06T14:53:07","guid":{"rendered":"https:\/\/new.deschenaux.me\/?page_id=80"},"modified":"2021-09-09T10:39:50","modified_gmt":"2021-09-09T10:39:50","slug":"financials","status":"publish","type":"page","link":"https:\/\/chateauentertainment.co\/es\/financials\/","title":{"rendered":"Finanzas"},"content":{"rendered":"<div data-elementor-type=\"wp-page\" data-elementor-id=\"80\" class=\"elementor elementor-80\" data-elementor-post-type=\"page\">\n\t\t\t\t\t\t<section class=\"elementor-section elementor-top-section elementor-element elementor-element-8972890 elementor-section-stretched elementor-section-boxed elementor-section-height-default elementor-section-height-default\" data-id=\"8972890\" data-element_type=\"section\" data-settings=\"{&quot;stretch_section&quot;:&quot;section-stretched&quot;}\">\n\t\t\t\t\t\t<div class=\"elementor-container elementor-column-gap-default\">\n\t\t\t\t\t<div class=\"elementor-column elementor-col-100 elementor-top-column elementor-element elementor-element-7cb295a\" data-id=\"7cb295a\" data-element_type=\"column\">\n\t\t\t<div class=\"elementor-widget-wrap elementor-element-populated\">\n\t\t\t\t\t\t<div class=\"elementor-element elementor-element-69689ba elementor-widget elementor-widget-heading\" data-id=\"69689ba\" data-element_type=\"widget\" data-widget_type=\"heading.default\">\n\t\t\t\t<div class=\"elementor-widget-container\">\n\t\t\t\t\t<h3 class=\"elementor-heading-title elementor-size-default\">Nos esforzamos por generar ganancias manteniendo la transparencia.<\/h3>\t\t\t\t<\/div>\n\t\t\t\t<\/div>\n\t\t\t\t<div class=\"elementor-element elementor-element-e12b3f3 elementor-widget elementor-widget-text-editor\" data-id=\"e12b3f3\" data-element_type=\"widget\" data-widget_type=\"text-editor.default\">\n\t\t\t\t<div class=\"elementor-widget-container\">\n\t\t\t\t\t\t\t\t\t<p>En <strong>Chateau Entretenimiento SPAC<\/strong>, estamos estrictamente enfocados en recaudar capital para adquirir abandonados <strong>castillos<\/strong> y <strong>hitos historicos<\/strong> a trav\u00e9s de nuestro <strong>ofertas publicas iniciales<\/strong>. Nuestro objetivo es generar flujos continuos de ganancias para nuestros inversores y socios.<\/p><p>Para ser rentables y sostenibles, confiamos en nuestro equipo. La amplia experiencia de nuestro equipo directivo en <strong>Asuntos financieros<\/strong>, <strong>inversiones<\/strong>, <strong>capital riesgo<\/strong>, <strong>bancario<\/strong>, y <strong>Finanzas corporativas<\/strong> nos permite encontrar soluciones de financiaci\u00f3n de IPO innovadoras y centradas en resultados.<\/p><p>Como nuestra empresa se financia mediante inversiones y nuestro objetivo es la generaci\u00f3n de beneficios para nuestros inversores, mantenemos las cosas transparentes. Le damos acceso a nuestros informes financieros, incluidos balances, declaraciones de p\u00e9rdidas y ganancias y notas del auditor. Esto es para brindarle una comprensi\u00f3n clara y profunda de c\u00f3mo se desempe\u00f1\u00f3 Chateau Entertainment SPAC durante el a\u00f1o financiero y logr\u00f3 los objetivos marcados para el a\u00f1o.<\/p>\t\t\t\t\t\t\t\t<\/div>\n\t\t\t\t<\/div>\n\t\t\t\t<div class=\"elementor-element elementor-element-6b2ea2b elementor-widget elementor-widget-heading\" data-id=\"6b2ea2b\" data-element_type=\"widget\" data-widget_type=\"heading.default\">\n\t\t\t\t<div class=\"elementor-widget-container\">\n\t\t\t\t\t<h2 class=\"elementor-heading-title elementor-size-default\">Mant\u00e9ngase actualizado e informado: tome decisiones de inversi\u00f3n con absoluta confianza<\/h2>\t\t\t\t<\/div>\n\t\t\t\t<\/div>\n\t\t\t\t<div class=\"elementor-element elementor-element-138dcd6 elementor-widget elementor-widget-text-editor\" data-id=\"138dcd6\" data-element_type=\"widget\" data-widget_type=\"text-editor.default\">\n\t\t\t\t<div class=\"elementor-widget-container\">\n\t\t\t\t\t\t\t\t\t<p>Nuestros informes financieros son confidenciales y solo se comparten con nuestros inversores y socios. Con acceso a estos informes, puede evaluar f\u00e1cilmente el estado financiero, los cambios de entidad y el desempe\u00f1o de Chateau Entertainment SPAC. Le proporcionamos detalles completos de nuestras actividades financieras para que sepa d\u00f3nde y c\u00f3mo invertimos los fondos recaudados y las actividades que realizamos para generar ganancias para los inversores.<\/p><p>Adem\u00e1s, estos informes financieros brindan enorme informaci\u00f3n sobre los ingresos, gastos, carga de deuda, rentabilidad y la capacidad de nuestra empresa para cumplir con nuestros objetivos financieros y de adquisiciones a corto y largo plazo. Toda esta informaci\u00f3n ayuda a\u00fan m\u00e1s a los inversores y socios a tomar con confianza decisiones de inversi\u00f3n cr\u00edticas y futuras mientras financia nuestra empresa para garantizar que las necesidades de capital y los objetivos espec\u00edficos se cumplan con \u00e9xito.<\/p><p>Adem\u00e1s, compartimos suposiciones y proyecciones financieras futuras para que conozcamos las mejores oportunidades de inversi\u00f3n y podamos tomar decisiones informadas muy necesarias para diversificar su cartera de inversiones y al mismo tiempo mitigar el riesgo.<\/p>\t\t\t\t\t\t\t\t<\/div>\n\t\t\t\t<\/div>\n\t\t\t\t\t<\/div>\n\t\t<\/div>\n\t\t\t\t\t<\/div>\n\t\t<\/section>\n\t\t\t\t<section class=\"elementor-section elementor-top-section elementor-element elementor-element-8feeb75 elementor-section-boxed elementor-section-height-default elementor-section-height-default\" data-id=\"8feeb75\" data-element_type=\"section\" data-settings=\"{&quot;background_background&quot;:&quot;classic&quot;}\">\n\t\t\t\t\t\t<div class=\"elementor-container elementor-column-gap-default\">\n\t\t\t\t\t<div class=\"elementor-column elementor-col-100 elementor-top-column elementor-element elementor-element-dcdfc7d\" data-id=\"dcdfc7d\" data-element_type=\"column\">\n\t\t\t<div class=\"elementor-widget-wrap elementor-element-populated\">\n\t\t\t\t\t\t<div class=\"elementor-element elementor-element-e96862f elementor-widget elementor-widget-heading\" data-id=\"e96862f\" data-element_type=\"widget\" data-widget_type=\"heading.default\">\n\t\t\t\t<div class=\"elementor-widget-container\">\n\t\t\t\t\t<h3 class=\"elementor-heading-title elementor-size-default\">Para obtener m\u00e1s informaci\u00f3n o para obtener nuestros informes financieros, cont\u00e1ctenos hoy.<\/h3>\t\t\t\t<\/div>\n\t\t\t\t<\/div>\n\t\t\t\t<div class=\"elementor-element elementor-element-2f9ac27 elementor-align-center elementor-widget elementor-widget-button\" data-id=\"2f9ac27\" data-element_type=\"widget\" data-widget_type=\"button.default\">\n\t\t\t\t<div class=\"elementor-widget-container\">\n\t\t\t\t\t\t\t\t\t<div class=\"elementor-button-wrapper\">\n\t\t\t\t\t<a class=\"elementor-button elementor-button-link elementor-size-sm\" href=\"\/es\/contact\/\">\n\t\t\t\t\t\t<span class=\"elementor-button-content-wrapper\">\n\t\t\t\t\t\t\t\t\t<span class=\"elementor-button-text\">Contacta ahora<\/span>\n\t\t\t\t\t<\/span>\n\t\t\t\t\t<\/a>\n\t\t\t\t<\/div>\n\t\t\t\t\t\t\t\t<\/div>\n\t\t\t\t<\/div>\n\t\t\t\t\t<\/div>\n\t\t<\/div>\n\t\t\t\t\t<\/div>\n\t\t<\/section>\n\t\t\t\t<\/div>","protected":false},"excerpt":{"rendered":"<p>Nos esforzamos por generar ganancias manteniendo la transparencia. En Chateau Entertainment SPAC, nos centramos estrictamente en recaudar capital para adquirir castillos abandonados y monumentos hist\u00f3ricos a trav\u00e9s de nuestras ofertas p\u00fablicas iniciales. Nuestro objetivo es generar flujos continuos de ganancias para nuestros inversores y socios. Para ser rentables y sostenibles, confiamos en nuestro equipo. \u2026 <a title=\"Finanzas\" class=\"read-more\" href=\"https:\/\/chateauentertainment.co\/es\/financials\/\" aria-label=\"Leer m\u00e1s sobre Finanzas\">Leer m\u00e1s<\/a><\/p>","protected":false},"author":1,"featured_media":0,"parent":0,"menu_order":13,"comment_status":"closed","ping_status":"closed","template":"","meta":{"footnotes":""},"class_list":["post-80","page","type-page","status-publish"],"_links":{"self":[{"href":"https:\/\/chateauentertainment.co\/es\/wp-json\/wp\/v2\/pages\/80","targetHints":{"allow":["GET"]}}],"collection":[{"href":"https:\/\/chateauentertainment.co\/es\/wp-json\/wp\/v2\/pages"}],"about":[{"href":"https:\/\/chateauentertainment.co\/es\/wp-json\/wp\/v2\/types\/page"}],"author":[{"embeddable":true,"href":"https:\/\/chateauentertainment.co\/es\/wp-json\/wp\/v2\/users\/1"}],"replies":[{"embeddable":true,"href":"https:\/\/chateauentertainment.co\/es\/wp-json\/wp\/v2\/comments?post=80"}],"version-history":[{"count":0,"href":"https:\/\/chateauentertainment.co\/es\/wp-json\/wp\/v2\/pages\/80\/revisions"}],"wp:attachment":[{"href":"https:\/\/chateauentertainment.co\/es\/wp-json\/wp\/v2\/media?parent=80"}],"curies":[{"name":"wp","href":"https:\/\/api.w.org\/{rel}","templated":true}]}}