{"id":81,"date":"2020-05-06T14:53:39","date_gmt":"2020-05-06T14:53:39","guid":{"rendered":"https:\/\/new.deschenaux.me\/?page_id=81"},"modified":"2022-09-07T15:41:10","modified_gmt":"2022-09-07T15:41:10","slug":"news","status":"publish","type":"page","link":"https:\/\/chateauentertainment.co\/es\/news\/","title":{"rendered":"Noticias"},"content":{"rendered":"<div data-elementor-type=\"wp-page\" data-elementor-id=\"81\" class=\"elementor elementor-81\" data-elementor-post-type=\"page\">\n\t\t\t\t\t\t<section class=\"elementor-section elementor-top-section elementor-element elementor-element-b6a7089 elementor-section-stretched elementor-section-boxed elementor-section-height-default elementor-section-height-default\" data-id=\"b6a7089\" data-element_type=\"section\" data-settings=\"{&quot;stretch_section&quot;:&quot;section-stretched&quot;}\">\n\t\t\t\t\t\t<div class=\"elementor-container elementor-column-gap-default\">\n\t\t\t\t\t<div class=\"elementor-column elementor-col-100 elementor-top-column elementor-element elementor-element-341ddaf\" data-id=\"341ddaf\" data-element_type=\"column\" data-settings=\"{&quot;background_background&quot;:&quot;classic&quot;}\">\n\t\t\t<div class=\"elementor-widget-wrap elementor-element-populated\">\n\t\t\t\t\t\t<div class=\"elementor-element elementor-element-d1b3fd7 elementor-widget elementor-widget-heading\" data-id=\"d1b3fd7\" data-element_type=\"widget\" data-widget_type=\"heading.default\">\n\t\t\t\t<div class=\"elementor-widget-container\">\n\t\t\t\t\t<h3 class=\"elementor-heading-title elementor-size-default\">Mantente actualizado. Bien informado.<\/h3>\t\t\t\t<\/div>\n\t\t\t\t<\/div>\n\t\t\t\t<div class=\"elementor-element elementor-element-3c54445 elementor-widget elementor-widget-text-editor\" data-id=\"3c54445\" data-element_type=\"widget\" data-widget_type=\"text-editor.default\">\n\t\t\t\t<div class=\"elementor-widget-container\">\n\t\t\t\t\t\t\t\t\t<p>La industria del entretenimiento es vol\u00e1til y muy din\u00e1mica. Fue una de las industrias m\u00e1s afectadas durante la pandemia, ya que se cerraron todas las v\u00edas de entretenimiento en vivo. Despu\u00e9s de la pandemia, hemos sido testigos de un nuevo cambio con un crecimiento cada vez mayor de los competidores en l\u00ednea.<\/p><p>Sin embargo, en Chateau Entertainment creemos que no existe sustituto para el entretenimiento en vivo y en el escenario. Por lo tanto, hemos decidido reactivar la industria dando vida a castillos hist\u00f3ricos y emblem\u00e1ticos y luego alquil\u00e1ndolos a artistas para atraer audiencia y generar ganancias para nuestros inversores.<\/p><p>Con la entrada de nuevos competidores al mercado y la implementaci\u00f3n de estrategias para reactivar la industria despu\u00e9s de la pandemia, es crucial que todos los asociados con la industria se mantengan al tanto de las \u00faltimas novedades para poder tomar decisiones informadas. Por lo tanto, le recomendamos que visite nuestra secci\u00f3n de noticias peri\u00f3dicamente para asegurarse de estar al tanto de las \u00faltimas novedades de la industria.<\/p><p>En Chateau Entertainment, a trav\u00e9s de nuestra secci\u00f3n de noticias, mantenemos a nuestros inversores, socios, magos y artistas actualizados sobre nuestro proyecto SPAC, nuevos hitos, oportunidades de inversi\u00f3n y desarrollos generales de la industria. Compartiremos contigo todas las novedades relacionadas con nuestro:<\/p>\t\t\t\t\t\t\t\t<\/div>\n\t\t\t\t<\/div>\n\t\t\t\t<div class=\"elementor-element elementor-element-058ff79 elementor-icon-list--layout-traditional elementor-list-item-link-full_width elementor-widget elementor-widget-icon-list\" data-id=\"058ff79\" data-element_type=\"widget\" data-widget_type=\"icon-list.default\">\n\t\t\t\t<div class=\"elementor-widget-container\">\n\t\t\t\t\t\t\t<ul class=\"elementor-icon-list-items\">\n\t\t\t\t\t\t\t<li class=\"elementor-icon-list-item\">\n\t\t\t\t\t\t\t\t\t\t\t<span class=\"elementor-icon-list-icon\">\n\t\t\t\t\t\t\t<i aria-hidden=\"true\" class=\"fas fa-dot-circle\"><\/i>\t\t\t\t\t\t<\/span>\n\t\t\t\t\t\t\t\t\t\t<span class=\"elementor-icon-list-text\">Nuevas adquisiciones (como la ubicaci\u00f3n y los nombres de los castillos abandonados y las propiedades hist\u00f3ricas que continuamos adquiriendo y rejuveneciendo)<\/span>\n\t\t\t\t\t\t\t\t\t<\/li>\n\t\t\t\t\t\t\t\t<li class=\"elementor-icon-list-item\">\n\t\t\t\t\t\t\t\t\t\t\t<span class=\"elementor-icon-list-icon\">\n\t\t\t\t\t\t\t<i aria-hidden=\"true\" class=\"fas fa-dot-circle\"><\/i>\t\t\t\t\t\t<\/span>\n\t\t\t\t\t\t\t\t\t\t<span class=\"elementor-icon-list-text\">Asociaciones (nuevos socios que se unen, incluidos inversores y artistas por igual)<\/span>\n\t\t\t\t\t\t\t\t\t<\/li>\n\t\t\t\t\t\t\t\t<li class=\"elementor-icon-list-item\">\n\t\t\t\t\t\t\t\t\t\t\t<span class=\"elementor-icon-list-icon\">\n\t\t\t\t\t\t\t<i aria-hidden=\"true\" class=\"fas fa-dot-circle\"><\/i>\t\t\t\t\t\t<\/span>\n\t\t\t\t\t\t\t\t\t\t<span class=\"elementor-icon-list-text\">Financiamiento de capital (fondos obtenidos desde d\u00f3nde y c\u00f3mo, y capital requerido)<\/span>\n\t\t\t\t\t\t\t\t\t<\/li>\n\t\t\t\t\t\t\t\t<li class=\"elementor-icon-list-item\">\n\t\t\t\t\t\t\t\t\t\t\t<span class=\"elementor-icon-list-icon\">\n\t\t\t\t\t\t\t<i aria-hidden=\"true\" class=\"fas fa-dot-circle\"><\/i>\t\t\t\t\t\t<\/span>\n\t\t\t\t\t\t\t\t\t\t<span class=\"elementor-icon-list-text\">Trabajos de restauraci\u00f3n (trabajos pendientes, en ejecuci\u00f3n o proyectos finalizados)<\/span>\n\t\t\t\t\t\t\t\t\t<\/li>\n\t\t\t\t\t\t\t\t<li class=\"elementor-icon-list-item\">\n\t\t\t\t\t\t\t\t\t\t\t<span class=\"elementor-icon-list-icon\">\n\t\t\t\t\t\t\t<i aria-hidden=\"true\" class=\"fas fa-dot-circle\"><\/i>\t\t\t\t\t\t<\/span>\n\t\t\t\t\t\t\t\t\t\t<span class=\"elementor-icon-list-text\">Negociaciones (acuerdos que esperamos con ansias y que hemos completado con \u00e9xito)<\/span>\n\t\t\t\t\t\t\t\t\t<\/li>\n\t\t\t\t\t\t\t\t<li class=\"elementor-icon-list-item\">\n\t\t\t\t\t\t\t\t\t\t\t<span class=\"elementor-icon-list-icon\">\n\t\t\t\t\t\t\t<i aria-hidden=\"true\" class=\"fas fa-dot-circle\"><\/i>\t\t\t\t\t\t<\/span>\n\t\t\t\t\t\t\t\t\t\t<span class=\"elementor-icon-list-text\">Oportunidades de inversi\u00f3n (v\u00edas rentables para diversificar y hacer crecer su cartera)<\/span>\n\t\t\t\t\t\t\t\t\t<\/li>\n\t\t\t\t\t\t<\/ul>\n\t\t\t\t\t\t<\/div>\n\t\t\t\t<\/div>\n\t\t\t\t<div class=\"elementor-element elementor-element-d103b55 elementor-widget elementor-widget-text-editor\" data-id=\"d103b55\" data-element_type=\"widget\" data-widget_type=\"text-editor.default\">\n\t\t\t\t<div class=\"elementor-widget-container\">\n\t\t\t\t\t\t\t\t\t<p>Nos aseguramos de que tenga informaci\u00f3n aut\u00e9ntica y precisa para que est\u00e9 informado para tomar las decisiones de inversi\u00f3n correctas en tiempo real, haciendo crecer su cartera y mitigando el riesgo.<\/p><p>En esta secci\u00f3n, compartiremos recursos, gu\u00edas de inversi\u00f3n, comunicados de prensa, noticias de la industria, informes financieros y mucho m\u00e1s. Continuaremos inform\u00e1ndole sobre los \u00faltimos acontecimientos en tiempo real.<\/p>\t\t\t\t\t\t\t\t<\/div>\n\t\t\t\t<\/div>\n\t\t\t\t<div class=\"elementor-element elementor-element-b6e7ab0 elementor-posts__hover-none elementor-hidden-desktop elementor-hidden-tablet elementor-hidden-mobile elementor-grid-3 elementor-grid-tablet-2 elementor-grid-mobile-1 elementor-posts--thumbnail-top elementor-widget elementor-widget-posts\" data-id=\"b6e7ab0\" data-element_type=\"widget\" data-settings=\"{&quot;cards_row_gap&quot;:{&quot;unit&quot;:&quot;px&quot;,&quot;size&quot;:15,&quot;sizes&quot;:[]},&quot;cards_columns&quot;:&quot;3&quot;,&quot;cards_columns_tablet&quot;:&quot;2&quot;,&quot;cards_columns_mobile&quot;:&quot;1&quot;,&quot;cards_row_gap_tablet&quot;:{&quot;unit&quot;:&quot;px&quot;,&quot;size&quot;:&quot;&quot;,&quot;sizes&quot;:[]},&quot;cards_row_gap_mobile&quot;:{&quot;unit&quot;:&quot;px&quot;,&quot;size&quot;:&quot;&quot;,&quot;sizes&quot;:[]}}\" data-widget_type=\"posts.cards\">\n\t\t\t\t<div class=\"elementor-widget-container\">\n\t\t\t\t\t\t\t<div class=\"elementor-posts-container elementor-posts elementor-posts--skin-cards elementor-grid\">\n\t\t\t\t<article class=\"elementor-post elementor-grid-item post-1020 post type-post status-publish format-standard has-post-thumbnail hentry category-news\">\n\t\t\t<div class=\"elementor-post__card\">\n\t\t\t\t<a class=\"elementor-post__thumbnail__link\" href=\"https:\/\/chateauentertainment.co\/es\/news\/news-1\/\" tabindex=\"-1\" ><div class=\"elementor-post__thumbnail\"><img fetchpriority=\"high\" decoding=\"async\" width=\"900\" height=\"600\" src=\"https:\/\/chateauentertainment.co\/wp-content\/uploads\/2020\/05\/initial-advice.jpg\" class=\"attachment-large size-large wp-image-35\" alt=\"\" srcset=\"https:\/\/chateauentertainment.co\/wp-content\/uploads\/2020\/05\/initial-advice.jpg 900w, https:\/\/chateauentertainment.co\/wp-content\/uploads\/2020\/05\/initial-advice-600x400.jpg 600w, https:\/\/chateauentertainment.co\/wp-content\/uploads\/2020\/05\/initial-advice-300x200.jpg 300w, https:\/\/chateauentertainment.co\/wp-content\/uploads\/2020\/05\/initial-advice-768x512.jpg 768w\" sizes=\"(max-width: 900px) 100vw, 900px\" \/><\/div><\/a>\n\t\t\t\t<div class=\"elementor-post__text\">\n\t\t\t\t<h3 class=\"elementor-post__title\">\n\t\t\t<a href=\"https:\/\/chateauentertainment.co\/es\/news\/news-1\/\" >\n\t\t\t\tNoticias 1\t\t\t<\/a>\n\t\t<\/h3>\n\t\t\t\t<div class=\"elementor-post__excerpt\">\n\t\t\t<p>Las primeras frases del art\u00edculo aparecer\u00e1n aqu\u00ed, y puedes modificarlas dentro del<\/p>\n\t\t<\/div>\n\t\t\n\t\t<a class=\"elementor-post__read-more\" href=\"https:\/\/chateauentertainment.co\/es\/news\/news-1\/\" aria-label=\"M\u00e1s informaci\u00f3n sobre Noticias 1\" tabindex=\"-1\" >\n\t\t\tLeer m\u00e1s &quot;\t\t<\/a>\n\n\t\t\t\t<\/div>\n\t\t\t\t\t<\/div>\n\t\t<\/article>\n\t\t\t\t<article class=\"elementor-post elementor-grid-item post-1019 post type-post status-publish format-standard has-post-thumbnail hentry category-news\">\n\t\t\t<div class=\"elementor-post__card\">\n\t\t\t\t<a class=\"elementor-post__thumbnail__link\" href=\"https:\/\/chateauentertainment.co\/es\/news\/news-2\/\" tabindex=\"-1\" ><div class=\"elementor-post__thumbnail\"><img decoding=\"async\" width=\"600\" height=\"450\" src=\"https:\/\/chateauentertainment.co\/wp-content\/uploads\/2020\/05\/companies.jpg\" class=\"attachment-large size-large wp-image-34\" alt=\"\" srcset=\"https:\/\/chateauentertainment.co\/wp-content\/uploads\/2020\/05\/companies.jpg 600w, https:\/\/chateauentertainment.co\/wp-content\/uploads\/2020\/05\/companies-300x225.jpg 300w\" sizes=\"(max-width: 600px) 100vw, 600px\" \/><\/div><\/a>\n\t\t\t\t<div class=\"elementor-post__text\">\n\t\t\t\t<h3 class=\"elementor-post__title\">\n\t\t\t<a href=\"https:\/\/chateauentertainment.co\/es\/news\/news-2\/\" >\n\t\t\t\tNoticias 2\t\t\t<\/a>\n\t\t<\/h3>\n\t\t\t\t<div class=\"elementor-post__excerpt\">\n\t\t\t<p>Las 2 primeras frases del art\u00edculo aparecer\u00e1n aqu\u00ed y podr\u00e1s modificarlas dentro del<\/p>\n\t\t<\/div>\n\t\t\n\t\t<a class=\"elementor-post__read-more\" href=\"https:\/\/chateauentertainment.co\/es\/news\/news-2\/\" aria-label=\"M\u00e1s informaci\u00f3n sobre Noticias 2\" tabindex=\"-1\" >\n\t\t\tLeer m\u00e1s &quot;\t\t<\/a>\n\n\t\t\t\t<\/div>\n\t\t\t\t\t<\/div>\n\t\t<\/article>\n\t\t\t\t<article class=\"elementor-post elementor-grid-item post-1017 post type-post status-publish format-standard has-post-thumbnail hentry category-news\">\n\t\t\t<div class=\"elementor-post__card\">\n\t\t\t\t<a class=\"elementor-post__thumbnail__link\" href=\"https:\/\/chateauentertainment.co\/es\/news\/news-3\/\" tabindex=\"-1\" ><div class=\"elementor-post__thumbnail\"><img decoding=\"async\" width=\"600\" height=\"450\" src=\"https:\/\/chateauentertainment.co\/wp-content\/uploads\/2020\/05\/invididuals.jpg\" class=\"attachment-large size-large wp-image-33\" alt=\"\" srcset=\"https:\/\/chateauentertainment.co\/wp-content\/uploads\/2020\/05\/invididuals.jpg 600w, https:\/\/chateauentertainment.co\/wp-content\/uploads\/2020\/05\/invididuals-300x225.jpg 300w\" sizes=\"(max-width: 600px) 100vw, 600px\" \/><\/div><\/a>\n\t\t\t\t<div class=\"elementor-post__text\">\n\t\t\t\t<h3 class=\"elementor-post__title\">\n\t\t\t<a href=\"https:\/\/chateauentertainment.co\/es\/news\/news-3\/\" >\n\t\t\t\tNoticias 3\t\t\t<\/a>\n\t\t<\/h3>\n\t\t\t\t<div class=\"elementor-post__excerpt\">\n\t\t\t<p>Las 3 primeras frases del art\u00edculo aparecer\u00e1n aqu\u00ed y podr\u00e1s modificarlas dentro del<\/p>\n\t\t<\/div>\n\t\t\n\t\t<a class=\"elementor-post__read-more\" href=\"https:\/\/chateauentertainment.co\/es\/news\/news-3\/\" aria-label=\"M\u00e1s informaci\u00f3n sobre Noticias 3\" tabindex=\"-1\" >\n\t\t\tLeer m\u00e1s &quot;\t\t<\/a>\n\n\t\t\t\t<\/div>\n\t\t\t\t\t<\/div>\n\t\t<\/article>\n\t\t\t\t<\/div>\n\t\t\n\t\t\t\t\t\t<\/div>\n\t\t\t\t<\/div>\n\t\t\t\t\t<\/div>\n\t\t<\/div>\n\t\t\t\t\t<\/div>\n\t\t<\/section>\n\t\t\t\t<\/div>","protected":false},"excerpt":{"rendered":"<p>Mant\u00e9ngase actualizado. Bien informado. La industria del entretenimiento es vol\u00e1til y muy din\u00e1mica. Fue una de las industrias m\u00e1s afectadas durante la pandemia, ya que se cerraron todas las v\u00edas para el entretenimiento en vivo. Despu\u00e9s de la pandemia, hemos sido testigos de un nuevo cambio con un crecimiento creciente de los competidores en l\u00ednea. Sin embargo, en Chateau Entertainment, creemos que hay \u2026 <a title=\"Noticias 3\" class=\"read-more\" href=\"https:\/\/chateauentertainment.co\/es\/news\/news-3\/\" aria-label=\"Leer m\u00e1s sobre Noticias 3\">Leer m\u00e1s<\/a><\/p>","protected":false},"author":1,"featured_media":0,"parent":0,"menu_order":20,"comment_status":"closed","ping_status":"closed","template":"","meta":{"footnotes":""},"class_list":["post-81","page","type-page","status-publish","hentry"],"_links":{"self":[{"href":"https:\/\/chateauentertainment.co\/es\/wp-json\/wp\/v2\/pages\/81","targetHints":{"allow":["GET"]}}],"collection":[{"href":"https:\/\/chateauentertainment.co\/es\/wp-json\/wp\/v2\/pages"}],"about":[{"href":"https:\/\/chateauentertainment.co\/es\/wp-json\/wp\/v2\/types\/page"}],"author":[{"embeddable":true,"href":"https:\/\/chateauentertainment.co\/es\/wp-json\/wp\/v2\/users\/1"}],"replies":[{"embeddable":true,"href":"https:\/\/chateauentertainment.co\/es\/wp-json\/wp\/v2\/comments?post=81"}],"version-history":[{"count":0,"href":"https:\/\/chateauentertainment.co\/es\/wp-json\/wp\/v2\/pages\/81\/revisions"}],"wp:attachment":[{"href":"https:\/\/chateauentertainment.co\/es\/wp-json\/wp\/v2\/media?parent=81"}],"curies":[{"name":"wp","href":"https:\/\/api.w.org\/{rel}","templated":true}]}}