{"id":83,"date":"2020-05-06T14:53:32","date_gmt":"2020-05-06T14:53:32","guid":{"rendered":"https:\/\/new.deschenaux.me\/?page_id=83"},"modified":"2022-08-07T20:27:11","modified_gmt":"2022-08-07T20:27:11","slug":"team","status":"publish","type":"page","link":"https:\/\/chateauentertainment.co\/es\/team\/","title":{"rendered":"Equipo"},"content":{"rendered":"<div data-elementor-type=\"wp-page\" data-elementor-id=\"83\" class=\"elementor elementor-83\" data-elementor-post-type=\"page\">\n\t\t\t\t\t\t<section class=\"elementor-section elementor-top-section elementor-element elementor-element-4c09c46 elementor-section-stretched elementor-section-boxed elementor-section-height-default elementor-section-height-default\" data-id=\"4c09c46\" data-element_type=\"section\" data-settings=\"{&quot;stretch_section&quot;:&quot;section-stretched&quot;}\">\n\t\t\t\t\t\t<div class=\"elementor-container elementor-column-gap-default\">\n\t\t\t\t\t<div class=\"elementor-column elementor-col-100 elementor-top-column elementor-element elementor-element-6a4d63a\" data-id=\"6a4d63a\" data-element_type=\"column\">\n\t\t\t<div class=\"elementor-widget-wrap elementor-element-populated\">\n\t\t\t\t\t\t<div class=\"elementor-element elementor-element-3576b00 elementor-widget elementor-widget-heading\" data-id=\"3576b00\" data-element_type=\"widget\" data-widget_type=\"heading.default\">\n\t\t\t\t<div class=\"elementor-widget-container\">\n\t\t\t\t\t<h3 class=\"elementor-heading-title elementor-size-default\">Apasionado. Experimentado. Impulsado.<\/h3>\t\t\t\t<\/div>\n\t\t\t\t<\/div>\n\t\t\t\t<div class=\"elementor-element elementor-element-646c58f elementor-widget elementor-widget-text-editor\" data-id=\"646c58f\" data-element_type=\"widget\" data-widget_type=\"text-editor.default\">\n\t\t\t\t<div class=\"elementor-widget-container\">\n\t\t\t\t\t\t\t\t\t<p>Chateau Entertainment se enorgullece de contar con un equipo de personas con ideas afines, experimentadas, apasionadas y motivadas para lograr el \u00e9xito de sus inversores y socios. Nuestro equipo est\u00e1 dirigido por Marc Deschenaux, socio fundador de Swiss Financiers y experto en finanzas corporativas de renombre mundial. Deschenaux tiene una gran experiencia en gesti\u00f3n, innovaci\u00f3n, liderazgo y gobernanza en su haber. Esta experiencia, combinada con su experiencia en inversiones y capital de riesgo, garantiza que el \u00e9xito sea inevitable.<\/p><p>En Chateau Entertainment, nuestro equipo, bajo el s\u00f3lido liderazgo y orientaci\u00f3n de Marc Deschenaux, se centra en brindar oportunidades de inversi\u00f3n generadoras de ganancias a nuestros inversores y hacer crecer sus carteras.<\/p><p>Buscamos y adquirimos activamente castillos abandonados y propiedades hist\u00f3ricas a precios asequibles. Una vez adquirida por Chateau Entertainment SPAC, pasaremos a la siguiente etapa, rejuveneciendo estas propiedades y restaurando su atractivo visual manteniendo intacto su legado. Nuestro equipo no se detiene aqu\u00ed.<\/p><p>La reactivaci\u00f3n de estas propiedades abandonadas aumentar\u00e1 instant\u00e1neamente su demanda. Sin embargo, nuestro objetivo es aprovechar la alta demanda de estas propiedades en el mejor inter\u00e9s de nuestros inversores y socios, alquil\u00e1ndolas a artistas, magos y artistas que tienen el arte y el oficio para atraer masas y generar flujos continuos de ingresos. A medida que crezca la popularidad, tambi\u00e9n lo har\u00e1n las ganancias de nuestros inversores. As\u00ed es como nuestro equipo se esfuerza por ofrecer altos rendimientos de las inversiones.<\/p><p>Seguimos trabajando diligentemente y organizando financiaci\u00f3n de capital para nuevas adquisiciones de propiedades. Para nuestro equipo, es una empresa que revivir\u00e1 la industria del entretenimiento, dar\u00e1 vida a propiedades hist\u00f3ricas y abandonadas y demostrar\u00e1 ser una fuente de ganancias para nuestros inversores. Estamos listos para hacer historia.<\/p>\t\t\t\t\t\t\t\t<\/div>\n\t\t\t\t<\/div>\n\t\t\t\t\t<\/div>\n\t\t<\/div>\n\t\t\t\t\t<\/div>\n\t\t<\/section>\n\t\t\t\t<section class=\"elementor-section elementor-top-section elementor-element elementor-element-65d2e74c elementor-section-content-middle elementor-section-stretched elementor-section-boxed elementor-section-height-default elementor-section-height-default\" data-id=\"65d2e74c\" data-element_type=\"section\" data-settings=\"{&quot;stretch_section&quot;:&quot;section-stretched&quot;,&quot;background_background&quot;:&quot;classic&quot;}\">\n\t\t\t\t\t\t<div class=\"elementor-container elementor-column-gap-narrow\">\n\t\t\t\t\t<div class=\"elementor-column elementor-col-100 elementor-top-column elementor-element elementor-element-2d50462\" data-id=\"2d50462\" data-element_type=\"column\">\n\t\t\t<div class=\"elementor-widget-wrap elementor-element-populated\">\n\t\t\t\t\t\t<div class=\"elementor-element elementor-element-c67c9b0 elementor-posts--align-center elementor-grid-3 elementor-grid-tablet-2 elementor-grid-mobile-1 elementor-posts--thumbnail-top elementor-widget elementor-widget-posts\" data-id=\"c67c9b0\" data-element_type=\"widget\" data-settings=\"{&quot;classic_row_gap&quot;:{&quot;unit&quot;:&quot;px&quot;,&quot;size&quot;:15,&quot;sizes&quot;:[]},&quot;classic_columns&quot;:&quot;3&quot;,&quot;classic_columns_tablet&quot;:&quot;2&quot;,&quot;classic_columns_mobile&quot;:&quot;1&quot;,&quot;classic_row_gap_tablet&quot;:{&quot;unit&quot;:&quot;px&quot;,&quot;size&quot;:&quot;&quot;,&quot;sizes&quot;:[]},&quot;classic_row_gap_mobile&quot;:{&quot;unit&quot;:&quot;px&quot;,&quot;size&quot;:&quot;&quot;,&quot;sizes&quot;:[]}}\" data-widget_type=\"posts.classic\">\n\t\t\t\t<div class=\"elementor-widget-container\">\n\t\t\t\t\t\t\t<div class=\"elementor-posts-container elementor-posts elementor-posts--skin-classic elementor-grid\">\n\t\t\t\t<article class=\"elementor-post elementor-grid-item post-3471 post type-post status-publish format-standard has-post-thumbnail hentry category-board-of-directors category-management category-team\">\n\t\t\t\t<a class=\"elementor-post__thumbnail__link\" href=\"https:\/\/chateauentertainment.co\/es\/team\/mark-setteducati-2\/\" tabindex=\"-1\" >\n\t\t\t<div class=\"elementor-post__thumbnail\"><img fetchpriority=\"high\" decoding=\"async\" width=\"1024\" height=\"682\" src=\"https:\/\/chateauentertainment.co\/wp-content\/uploads\/Mark_Setteducati-1024x682.jpeg\" class=\"attachment-large size-large wp-image-3488\" alt=\"Mark Setteducati\" \/><\/div>\n\t\t<\/a>\n\t\t\t\t<div class=\"elementor-post__text\">\n\t\t\t\t<h3 class=\"elementor-post__title\">\n\t\t\t<a href=\"https:\/\/chateauentertainment.co\/es\/team\/mark-setteducati-2\/\" >\n\t\t\t\tMarcos Setteducati\t\t\t<\/a>\n\t\t<\/h3>\n\t\t\t\t<div class=\"elementor-post__excerpt\">\n\t\t\t<h3>Presidente<\/h3>\n<p style=\"text-align:justify;\">Mark Setteducati (nacido el 1 de noviembre de 1955) es un mago estadounidense e inventor de la magia, las ilusiones, los juegos y los rompecabezas. Tambi\u00e9n es autor, conocido por el libro The Magic Show y presentado en PBS Inventors. Setteducati naci\u00f3 en la ciudad de Nueva York, Nueva York y creci\u00f3 en Emerson, Nueva Jersey.<\/p>\n<p>&nbsp;<br \/>\n<a class=\"elementor-icon elementor-social-icon elementor-social-icon-linkedin elementor-repeater-item-c605892\" href=\"https:\/\/www.linkedin.com\/in\/mark-setteducati-3519a027\/\" target=\"_blank\" rel=\"noopener noreferrer\"><i class=\"fab fa-linkedin\"><\/i><\/a><\/p>\n\t\t<\/div>\n\t\t\n\t\t<a class=\"elementor-post__read-more\" href=\"https:\/\/chateauentertainment.co\/es\/team\/mark-setteducati-2\/\" aria-label=\"M\u00e1s informaci\u00f3n sobre Mark Setteducati\" tabindex=\"-1\" >\n\t\t\tSaber m\u00e1s &quot;\t\t<\/a>\n\n\t\t\t\t<\/div>\n\t\t\t\t<\/article>\n\t\t\t\t<article class=\"elementor-post elementor-grid-item post-2791 post type-post status-publish format-standard has-post-thumbnail hentry category-board-of-directors category-management category-team\">\n\t\t\t\t<a class=\"elementor-post__thumbnail__link\" href=\"https:\/\/chateauentertainment.co\/es\/team\/marc-deschenaux\/\" tabindex=\"-1\" >\n\t\t\t<div class=\"elementor-post__thumbnail\"><img decoding=\"async\" width=\"585\" height=\"585\" src=\"https:\/\/chateauentertainment.co\/wp-content\/uploads\/Marc-Deschenaux_CFO.jpg\" class=\"attachment-large size-large wp-image-3506\" alt=\"Marc Deschenaux\" srcset=\"https:\/\/chateauentertainment.co\/wp-content\/uploads\/Marc-Deschenaux_CFO.jpg 585w, https:\/\/chateauentertainment.co\/wp-content\/uploads\/Marc-Deschenaux_CFO-300x300.jpg 300w, https:\/\/chateauentertainment.co\/wp-content\/uploads\/Marc-Deschenaux_CFO-150x150.jpg 150w, https:\/\/chateauentertainment.co\/wp-content\/uploads\/Marc-Deschenaux_CFO-12x12.jpg 12w\" sizes=\"(max-width: 585px) 100vw, 585px\" \/><\/div>\n\t\t<\/a>\n\t\t\t\t<div class=\"elementor-post__text\">\n\t\t\t\t<h3 class=\"elementor-post__title\">\n\t\t\t<a href=\"https:\/\/chateauentertainment.co\/es\/team\/marc-deschenaux\/\" >\n\t\t\t\tMarc Deschenaux\t\t\t<\/a>\n\t\t<\/h3>\n\t\t\t\t<div class=\"elementor-post__excerpt\">\n\t\t\t<h3>Director financiero<\/h3>\n<p style=\"text-align:justify;\">Marc Deschenaux es un experto mundial en Finanzas Corporativas, desde ofertas privadas hasta Ofertas P\u00fablicas Iniciales (IPO). Recaud\u00f3 fondos p\u00fablicos y privados, capital y deuda para empresas a nivel internacional. Tambi\u00e9n financi\u00f3 diversos tipos de operaciones, desde transacciones de importaci\u00f3n\/exportaci\u00f3n hasta Fideicomisos de Inversi\u00f3n en Bienes Ra\u00edces y pr\u00e9stamos gubernamentales organizados.<\/p>\n<p>&nbsp;<br \/>\n<a class=\"elementor-icon elementor-social-icon elementor-social-icon-linkedin elementor-repeater-item-c605892\" href=\"https:\/\/www.linkedin.com\/in\/marcdeschenaux\/\" target=\"_blank\" rel=\"noopener noreferrer\"><i class=\"fab fa-linkedin\"><\/i><\/a><\/p>\n\t\t<\/div>\n\t\t\n\t\t<a class=\"elementor-post__read-more\" href=\"https:\/\/chateauentertainment.co\/es\/team\/marc-deschenaux\/\" aria-label=\"M\u00e1s informaci\u00f3n sobre Marc Deschenaux\" tabindex=\"-1\" >\n\t\t\tSaber m\u00e1s &quot;\t\t<\/a>\n\n\t\t\t\t<\/div>\n\t\t\t\t<\/article>\n\t\t\t\t<\/div>\n\t\t\n\t\t\t\t\t\t<\/div>\n\t\t\t\t<\/div>\n\t\t\t\t\t<\/div>\n\t\t<\/div>\n\t\t\t\t\t<\/div>\n\t\t<\/section>\n\t\t\t\t<\/div>","protected":false},"excerpt":{"rendered":"<p>Apasionados. Experimentados. Motivados. Chateau Entertainment se enorgullece de contar con un equipo de personas con ideas afines, experimentadas, apasionadas y motivadas para lograr el \u00e9xito de sus inversores y socios. Nuestro equipo est\u00e1 dirigido por Marc Deschenaux, socio fundador de Swiss Financiers y un experto de renombre mundial en finanzas corporativas. Deschenaux tiene una gran experiencia... <a title=\"Marc Deschenaux\" class=\"read-more\" href=\"https:\/\/chateauentertainment.co\/es\/team\/marc-deschenaux\/\" aria-label=\"Leer m\u00e1s sobre Marc Deschenaux\">Leer m\u00e1s<\/a><\/p>","protected":false},"author":1,"featured_media":0,"parent":0,"menu_order":24,"comment_status":"closed","ping_status":"closed","template":"","meta":{"footnotes":""},"class_list":["post-83","page","type-page","status-publish","hentry"],"_links":{"self":[{"href":"https:\/\/chateauentertainment.co\/es\/wp-json\/wp\/v2\/pages\/83","targetHints":{"allow":["GET"]}}],"collection":[{"href":"https:\/\/chateauentertainment.co\/es\/wp-json\/wp\/v2\/pages"}],"about":[{"href":"https:\/\/chateauentertainment.co\/es\/wp-json\/wp\/v2\/types\/page"}],"author":[{"embeddable":true,"href":"https:\/\/chateauentertainment.co\/es\/wp-json\/wp\/v2\/users\/1"}],"replies":[{"embeddable":true,"href":"https:\/\/chateauentertainment.co\/es\/wp-json\/wp\/v2\/comments?post=83"}],"version-history":[{"count":0,"href":"https:\/\/chateauentertainment.co\/es\/wp-json\/wp\/v2\/pages\/83\/revisions"}],"wp:attachment":[{"href":"https:\/\/chateauentertainment.co\/es\/wp-json\/wp\/v2\/media?parent=83"}],"curies":[{"name":"wp","href":"https:\/\/api.w.org\/{rel}","templated":true}]}}