{"id":1479,"date":"2020-05-08T18:57:34","date_gmt":"2020-05-08T18:57:34","guid":{"rendered":"https:\/\/new.deschenaux.me\/?page_id=1479"},"modified":"2021-08-18T18:28:00","modified_gmt":"2021-08-18T18:28:00","slug":"investors","status":"publish","type":"page","link":"https:\/\/chateauentertainment.co\/fr\/investors\/","title":{"rendered":"Investisseurs"},"content":{"rendered":"<div data-elementor-type=\"wp-page\" data-elementor-id=\"1479\" class=\"elementor elementor-1479\" data-elementor-post-type=\"page\">\n\t\t\t\t\t\t<section class=\"elementor-section elementor-top-section elementor-element elementor-element-34478bd elementor-section-boxed elementor-section-height-default elementor-section-height-default\" data-id=\"34478bd\" data-element_type=\"section\">\n\t\t\t\t\t\t<div class=\"elementor-container elementor-column-gap-default\">\n\t\t\t\t\t<div class=\"elementor-column elementor-col-100 elementor-top-column elementor-element elementor-element-6d898d1\" data-id=\"6d898d1\" data-element_type=\"column\">\n\t\t\t<div class=\"elementor-widget-wrap elementor-element-populated\">\n\t\t\t\t\t\t<div class=\"elementor-element elementor-element-5db9fe4 elementor-widget elementor-widget-heading\" data-id=\"5db9fe4\" data-element_type=\"widget\" data-widget_type=\"heading.default\">\n\t\t\t\t<div class=\"elementor-widget-container\">\n\t\t\t\t\t<h3 class=\"elementor-heading-title elementor-size-default\">Une opportunit\u00e9 d&#039;investissement \u00e0 ne pas manquer !<\/h3>\t\t\t\t<\/div>\n\t\t\t\t<\/div>\n\t\t\t\t<div class=\"elementor-element elementor-element-648e04d elementor-widget elementor-widget-text-editor\" data-id=\"648e04d\" data-element_type=\"widget\" data-widget_type=\"text-editor.default\">\n\t\t\t\t<div class=\"elementor-widget-container\">\n\t\t\t\t\t\t\t\t\t<p>Augmentez vos b\u00e9n\u00e9fices tout en att\u00e9nuant les risques. Joignez-vous \u00e0 Chateau Entertainment pour obtenir des retours sur investissements \u00e9lev\u00e9s. Chez Chateau Entertainment, nous avons soigneusement con\u00e7u une proposition d&#039;investissement gagnante pour nos investisseurs apr\u00e8s des recherches et des conclusions approfondies sur l&#039;industrie. Sur la base des id\u00e9es et des informations recueillies, nous pensons que c\u2019est le meilleur moment pour investir dans l\u2019industrie du divertissement et red\u00e9finir son succ\u00e8s.<\/p><p>Notre proposition est unique et rentable. Nous nous concentrons sur l\u2019acquisition de monuments historiques, de ch\u00e2teaux et de propri\u00e9t\u00e9s. Des ch\u00e2teaux m\u00e9di\u00e9vaux \u00e9cossais aux ch\u00e2teaux historiques fran\u00e7ais embl\u00e9matiques, notre objectif est d&#039;acqu\u00e9rir tous les types de propri\u00e9t\u00e9s historiques abandonn\u00e9es et de leur redonner leur gloire d&#039;antan. Si vous vous demandez comment cela vous sera b\u00e9n\u00e9fique, voici comment. Les r\u00e9sultats de nos recherches montrent que\u00a0:<\/p>\t\t\t\t\t\t\t\t<\/div>\n\t\t\t\t<\/div>\n\t\t\t\t<div class=\"elementor-element elementor-element-d5e8c40 elementor-icon-list--layout-traditional elementor-list-item-link-full_width elementor-widget elementor-widget-icon-list\" data-id=\"d5e8c40\" data-element_type=\"widget\" data-widget_type=\"icon-list.default\">\n\t\t\t\t<div class=\"elementor-widget-container\">\n\t\t\t\t\t\t\t<ul class=\"elementor-icon-list-items\">\n\t\t\t\t\t\t\t<li class=\"elementor-icon-list-item\">\n\t\t\t\t\t\t\t\t\t\t\t<span class=\"elementor-icon-list-icon\">\n\t\t\t\t\t\t\t<i aria-hidden=\"true\" class=\"fas fa-hand-point-right\"><\/i>\t\t\t\t\t\t<\/span>\n\t\t\t\t\t\t\t\t\t\t<span class=\"elementor-icon-list-text\">Ces propri\u00e9t\u00e9s historiques abandonn\u00e9es datant d&#039;au moins 1850 sont disponibles \u00e0 bas prix.<\/span>\n\t\t\t\t\t\t\t\t\t<\/li>\n\t\t\t\t\t\t\t\t<li class=\"elementor-icon-list-item\">\n\t\t\t\t\t\t\t\t\t\t\t<span class=\"elementor-icon-list-icon\">\n\t\t\t\t\t\t\t<i aria-hidden=\"true\" class=\"fas fa-hand-point-right\"><\/i>\t\t\t\t\t\t<\/span>\n\t\t\t\t\t\t\t\t\t\t<span class=\"elementor-icon-list-text\">Les r\u00e9compenses de la restauration d\u2019un manoir historique bon march\u00e9 et centenaire dans son \u00e9tat d\u2019origine sont inestimables.<\/span>\n\t\t\t\t\t\t\t\t\t<\/li>\n\t\t\t\t\t\t\t\t<li class=\"elementor-icon-list-item\">\n\t\t\t\t\t\t\t\t\t\t\t<span class=\"elementor-icon-list-icon\">\n\t\t\t\t\t\t\t<i aria-hidden=\"true\" class=\"fas fa-hand-point-right\"><\/i>\t\t\t\t\t\t<\/span>\n\t\t\t\t\t\t\t\t\t\t<span class=\"elementor-icon-list-text\">Non seulement il sera incroyablement existant pour que les gens puissent le visiter et l&#039;explorer, mais ils auront \u00e9galement le meilleur acc\u00e8s aux divertissements ici puisque nous pr\u00e9voyons de les louer \u00e0 des artistes et des artistes.<\/span>\n\t\t\t\t\t\t\t\t\t<\/li>\n\t\t\t\t\t\t\t\t<li class=\"elementor-icon-list-item\">\n\t\t\t\t\t\t\t\t\t\t\t<span class=\"elementor-icon-list-icon\">\n\t\t\t\t\t\t\t<i aria-hidden=\"true\" class=\"fas fa-hand-point-right\"><\/i>\t\t\t\t\t\t<\/span>\n\t\t\t\t\t\t\t\t\t\t<span class=\"elementor-icon-list-text\">En outre, la demande de location de ch\u00e2teaux est en augmentation.<\/span>\n\t\t\t\t\t\t\t\t\t<\/li>\n\t\t\t\t\t\t<\/ul>\n\t\t\t\t\t\t<\/div>\n\t\t\t\t<\/div>\n\t\t\t\t<div class=\"elementor-element elementor-element-eda5f19 elementor-widget elementor-widget-text-editor\" data-id=\"eda5f19\" data-element_type=\"widget\" data-widget_type=\"text-editor.default\">\n\t\t\t\t<div class=\"elementor-widget-container\">\n\t\t\t\t\t\t\t\t\t<p>En dehors de cela, une autre nouvelle int\u00e9ressante pour nos investisseurs potentiels est que de nombreux artistes du secteur, notamment des magiciens et des artistes de renom comme Mark Setteducati, Jeff Sheridan et Oliver, sont int\u00e9ress\u00e9s par la location de ch\u00e2teaux une fois restaur\u00e9s. Cela montre leur confiance dans notre proposition. Ils travaillent dans l&#039;industrie du divertissement depuis tr\u00e8s longtemps et ils peuvent voir comment notre proposition vise \u00e0 redonner l&#039;enthousiasme et l&#039;enthousiasme pour le divertissement en direct.<\/p><p>De m\u00eame, de nombreux investisseurs se sont joints \u00e0 nous pour nous soutenir. Cependant, comme il s&#039;agit d&#039;un projet d&#039;investissement massif et unique en son genre, nous aimerions que davantage d&#039;investisseurs se joignent \u00e0 nous pour faire de notre vision une r\u00e9alit\u00e9. Nous vous invitons \u00e9galement. Rejoignez-nous dans cette aventure et faites partie d&#039;un projet d&#039;investissement qui marquera l&#039;histoire. R\u00e9investissez les b\u00e9n\u00e9fices dans votre portefeuille d\u2019investissement avec un risque minimal.<\/p>\t\t\t\t\t\t\t\t<\/div>\n\t\t\t\t<\/div>\n\t\t\t\t<div class=\"elementor-element elementor-element-cbc765a elementor-align-center elementor-widget elementor-widget-button\" data-id=\"cbc765a\" data-element_type=\"widget\" data-widget_type=\"button.default\">\n\t\t\t\t<div class=\"elementor-widget-container\">\n\t\t\t\t\t\t\t\t\t<div class=\"elementor-button-wrapper\">\n\t\t\t\t\t<a class=\"elementor-button elementor-button-link elementor-size-lg\" href=\"\/fr\/contact\/\">\n\t\t\t\t\t\t<span class=\"elementor-button-content-wrapper\">\n\t\t\t\t\t\t\t\t\t<span class=\"elementor-button-text\">R\u00e9servez une r\u00e9union aujourd&#039;hui.<\/span>\n\t\t\t\t\t<\/span>\n\t\t\t\t\t<\/a>\n\t\t\t\t<\/div>\n\t\t\t\t\t\t\t\t<\/div>\n\t\t\t\t<\/div>\n\t\t\t\t\t<\/div>\n\t\t<\/div>\n\t\t\t\t\t<\/div>\n\t\t<\/section>\n\t\t\t\t<\/div>","protected":false},"excerpt":{"rendered":"<p>Une opportunit\u00e9 d&#039;investissement \u00e0 ne pas manquer ! Augmentez vos profits tout en att\u00e9nuant les risques. Rejoignez Chateau Entertainment pour des retours sur investissement \u00e9lev\u00e9s. Chez Chateau Entertainment, nous avons soigneusement con\u00e7u une proposition d&#039;investissement gagnante pour nos investisseurs apr\u00e8s des recherches et des conclusions approfondies sur le secteur. Sur la base des id\u00e9es et des informations recueillies, nous pensons que le moment est venu\u2026 <a title=\"Investisseurs\" class=\"read-more\" href=\"https:\/\/chateauentertainment.co\/fr\/investors\/\" aria-label=\"En savoir plus sur Investors\">Lire la suite<\/a><\/p>","protected":false},"author":1,"featured_media":0,"parent":0,"menu_order":9,"comment_status":"closed","ping_status":"closed","template":"","meta":{"footnotes":""},"class_list":["post-1479","page","type-page","status-publish"],"_links":{"self":[{"href":"https:\/\/chateauentertainment.co\/fr\/wp-json\/wp\/v2\/pages\/1479","targetHints":{"allow":["GET"]}}],"collection":[{"href":"https:\/\/chateauentertainment.co\/fr\/wp-json\/wp\/v2\/pages"}],"about":[{"href":"https:\/\/chateauentertainment.co\/fr\/wp-json\/wp\/v2\/types\/page"}],"author":[{"embeddable":true,"href":"https:\/\/chateauentertainment.co\/fr\/wp-json\/wp\/v2\/users\/1"}],"replies":[{"embeddable":true,"href":"https:\/\/chateauentertainment.co\/fr\/wp-json\/wp\/v2\/comments?post=1479"}],"version-history":[{"count":0,"href":"https:\/\/chateauentertainment.co\/fr\/wp-json\/wp\/v2\/pages\/1479\/revisions"}],"wp:attachment":[{"href":"https:\/\/chateauentertainment.co\/fr\/wp-json\/wp\/v2\/media?parent=1479"}],"curies":[{"name":"wp","href":"https:\/\/api.w.org\/{rel}","templated":true}]}}