{"id":1819,"date":"2020-05-10T12:45:20","date_gmt":"2020-05-10T12:45:20","guid":{"rendered":"https:\/\/new.deschenaux.me\/?page_id=1819"},"modified":"2021-09-09T11:00:19","modified_gmt":"2021-09-09T11:00:19","slug":"ipo","status":"publish","type":"page","link":"https:\/\/chateauentertainment.co\/fr\/ipo\/","title":{"rendered":"Introduction en bourse"},"content":{"rendered":"<div data-elementor-type=\"wp-page\" data-elementor-id=\"1819\" class=\"elementor elementor-1819\" data-elementor-post-type=\"page\">\n\t\t\t\t\t\t<section class=\"elementor-section elementor-top-section elementor-element elementor-element-1b4ac44 elementor-section-stretched elementor-section-boxed elementor-section-height-default elementor-section-height-default\" data-id=\"1b4ac44\" data-element_type=\"section\" data-settings=\"{&quot;stretch_section&quot;:&quot;section-stretched&quot;}\">\n\t\t\t\t\t\t<div class=\"elementor-container elementor-column-gap-default\">\n\t\t\t\t\t<div class=\"elementor-column elementor-col-100 elementor-top-column elementor-element elementor-element-5d6e415\" data-id=\"5d6e415\" data-element_type=\"column\">\n\t\t\t<div class=\"elementor-widget-wrap elementor-element-populated\">\n\t\t\t\t\t\t<div class=\"elementor-element elementor-element-dd0f169 elementor-widget elementor-widget-heading\" data-id=\"dd0f169\" data-element_type=\"widget\" data-widget_type=\"heading.default\">\n\t\t\t\t<div class=\"elementor-widget-container\">\n\t\t\t\t\t<h3 class=\"elementor-heading-title elementor-size-default\">Inviter des clients et des investisseurs potentiels pour notre introduction en bourse.<\/h3>\t\t\t\t<\/div>\n\t\t\t\t<\/div>\n\t\t\t\t<div class=\"elementor-element elementor-element-914c1ed elementor-widget elementor-widget-text-editor\" data-id=\"914c1ed\" data-element_type=\"widget\" data-widget_type=\"text-editor.default\">\n\t\t\t\t<div class=\"elementor-widget-container\">\n\t\t\t\t\t\t\t\t\t<p>Le <strong>Pand\u00e9mie de covid-19<\/strong> a \u00e9t\u00e9 une grave crise sanitaire. Elle a touch\u00e9 toutes les facettes de l\u2019\u00e9conomie mondiale, y compris l\u2019industrie du divertissement. La pand\u00e9mie a provoqu\u00e9 un bouleversement majeur entra\u00eenant la fermeture totale des th\u00e9\u00e2tres et des cin\u00e9mas alors qu\u2019aucun \u00e9v\u00e9nement comme les concerts, les spectacles et les repr\u00e9sentations n\u2019\u00e9tait autoris\u00e9. C\u2019est \u00e0 cette \u00e9poque que les services de streaming en ligne se sont d\u00e9velopp\u00e9s \u00e0 pas de g\u00e9ant. M\u00eame si le streaming en ligne gagne en popularit\u00e9 <strong>Ch\u00e2teau Divertissement<\/strong>, nous pensons que rien ne remplace le divertissement en direct.<\/p><p>Cependant, le d\u00e9fi auquel l\u2019industrie du divertissement est confront\u00e9e apr\u00e8s la pand\u00e9mie est d\u2019attirer et d\u2019attirer un public vers des spectacles de divertissement en direct. C&#039;est l\u00e0 que Chateau Entertainment est intervenu avec une proposition visant \u00e0 susciter l&#039;enthousiasme, le frisson et \u00e0 relancer l&#039;engouement pour le divertissement en direct chez les personnes de tous \u00e2ges.<\/p><p>Nous comprenons que la concurrence \u00e9tant agressive, nous devons proposer quelque chose d&#039;extraordinaire. C&#039;est pr\u00e9cis\u00e9ment pourquoi nous pr\u00e9voyons d&#039;acqu\u00e9rir des monuments historiques abandonn\u00e9s et des ch\u00e2teaux situ\u00e9s dans des cadres idylliques avec les plus grandes histoires historiques qui ne manqueront pas de capter l&#039;attention du public et de l&#039;inciter \u00e0 s&#039;adonner et \u00e0 vivre le meilleur du divertissement en direct. Une fois ces propri\u00e9t\u00e9s restaur\u00e9es, nous les louerons \u00e0 des animateurs pour organiser un large \u00e9ventail d&#039;activit\u00e9s comme <strong>\u00e9v\u00e9nements<\/strong>, <strong>montre<\/strong>, <strong>th\u00e9\u00e2tre<\/strong>, <strong>films<\/strong>, et <strong>concerts<\/strong>, toute l&#039;ann\u00e9e.<\/p>\t\t\t\t\t\t\t\t<\/div>\n\t\t\t\t<\/div>\n\t\t\t\t<div class=\"elementor-element elementor-element-016c06b elementor-widget elementor-widget-heading\" data-id=\"016c06b\" data-element_type=\"widget\" data-widget_type=\"heading.default\">\n\t\t\t\t<div class=\"elementor-widget-container\">\n\t\t\t\t\t<h2 class=\"elementor-heading-title elementor-size-default\">Ax\u00e9 sur la g\u00e9n\u00e9ration rapide de retours sur investissement \u00e9lev\u00e9s<\/h2>\t\t\t\t<\/div>\n\t\t\t\t<\/div>\n\t\t\t\t<div class=\"elementor-element elementor-element-ffea936 elementor-widget elementor-widget-text-editor\" data-id=\"ffea936\" data-element_type=\"widget\" data-widget_type=\"text-editor.default\">\n\t\t\t\t<div class=\"elementor-widget-container\">\n\t\t\t\t\t\t\t\t\t<p>Nous nous effor\u00e7ons de ramener le charisme, le pouvoir et l\u2019excitation li\u00e9s \u00e0 l\u2019achat de billets et \u00e0 la participation \u00e0 un concert, \u00e0 un spectacle de magie et \u00e0 des th\u00e9\u00e2tres en personne. Alors que les gens visiteront nos b\u00e2timents tous les jours et toute l\u2019ann\u00e9e pour se divertir et cr\u00e9er de beaux souvenirs avec leurs amis et leur famille, les artistes g\u00e9n\u00e9reront des sources de revenus continues. Cela profitera \u00e0 son tour \u00e0 nos investisseurs et partenaires, car cela les aidera \u00e0 obtenir rapidement des retours sur investissement \u00e9lev\u00e9s.<\/p><p>Cependant, pour commencer \u00e0 acqu\u00e9rir des monuments et des ch\u00e2teaux historiques, nous avons besoin de fonds pour r\u00e9pondre \u00e0 certaines exigences en mati\u00e8re de capital. Nous pr\u00e9voyons de le faire via notre introduction en bourse (IPO).<\/p><p>Nous invitons les partenaires et les investisseurs int\u00e9ress\u00e9s \u00e0 s&#039;inscrire \u00e0 notre <strong>offre publique initiale<\/strong> (IPO). Votre participation \u00e0 notre <strong>Introduction en bourse<\/strong> soutiendra notre entreprise et l&#039;industrie du divertissement et vous offrira une excellente opportunit\u00e9 d&#039;obtenir un retour sur investissement \u00e9lev\u00e9 et d&#039;augmenter vos marges b\u00e9n\u00e9ficiaires.<\/p>\t\t\t\t\t\t\t\t<\/div>\n\t\t\t\t<\/div>\n\t\t\t\t<div class=\"elementor-element elementor-element-d3d4058 elementor-widget-divider--view-line_text elementor-widget-divider--element-align-center elementor-widget elementor-widget-divider\" data-id=\"d3d4058\" data-element_type=\"widget\" data-widget_type=\"divider.default\">\n\t\t\t\t<div class=\"elementor-widget-container\">\n\t\t\t\t\t\t\t<div class=\"elementor-divider\">\n\t\t\t<span class=\"elementor-divider-separator\">\n\t\t\t\t\t\t\t<span class=\"elementor-divider__text elementor-divider__element\">\n\t\t\t\tPour plus d\u2019informations ou pour investir dans notre introduction en bourse, remplissez le formulaire ci-dessous avec vos coordonn\u00e9es pertinentes.\t\t\t\t<\/span>\n\t\t\t\t\t\t<\/span>\n\t\t<\/div>\n\t\t\t\t\t\t<\/div>\n\t\t\t\t<\/div>\n\t\t\t\t\t<\/div>\n\t\t<\/div>\n\t\t\t\t\t<\/div>\n\t\t<\/section>\n\t\t\t\t<section class=\"elementor-section elementor-top-section elementor-element elementor-element-88d4e0b elementor-section-content-middle elementor-section-boxed elementor-section-height-default elementor-section-height-default\" data-id=\"88d4e0b\" data-element_type=\"section\" data-settings=\"{&quot;background_background&quot;:&quot;classic&quot;}\">\n\t\t\t\t\t\t<div class=\"elementor-container elementor-column-gap-no\">\n\t\t\t\t\t<div class=\"elementor-column elementor-col-50 elementor-top-column elementor-element elementor-element-26ba938\" data-id=\"26ba938\" data-element_type=\"column\" data-settings=\"{&quot;background_background&quot;:&quot;classic&quot;}\">\n\t\t\t<div class=\"elementor-widget-wrap elementor-element-populated\">\n\t\t\t\t\t\t<div class=\"elementor-element elementor-element-9cac183 elementor-view-default elementor-position-top elementor-mobile-position-top elementor-widget elementor-widget-icon-box\" data-id=\"9cac183\" data-element_type=\"widget\" data-widget_type=\"icon-box.default\">\n\t\t\t\t<div class=\"elementor-widget-container\">\n\t\t\t\t\t\t\t<div class=\"elementor-icon-box-wrapper\">\n\n\t\t\t\t\t\t<div class=\"elementor-icon-box-icon\">\n\t\t\t\t<span  class=\"elementor-icon elementor-animation-grow\">\n\t\t\t\t<i aria-hidden=\"true\" class=\"fas fa-clipboard-list\"><\/i>\t\t\t\t<\/span>\n\t\t\t<\/div>\n\t\t\t\n\t\t\t\t\t\t<div class=\"elementor-icon-box-content\">\n\n\t\t\t\t\t\t\t\t\t<h3 class=\"elementor-icon-box-title\">\n\t\t\t\t\t\t<span  >\n\t\t\t\t\t\t\tPr\u00e9sentation de l&#039;introduction en bourse\t\t\t\t\t\t<\/span>\n\t\t\t\t\t<\/h3>\n\t\t\t\t\n\t\t\t\t\t\t\t\t\t<p class=\"elementor-icon-box-description\">\n\t\t\t\t\t\tD\u00e9tails sur notre introduction en bourse, tels que le mod\u00e8le commercial et l&#039;offre\t\t\t\t\t<\/p>\n\t\t\t\t\n\t\t\t<\/div>\n\t\t\t\n\t\t<\/div>\n\t\t\t\t\t\t<\/div>\n\t\t\t\t<\/div>\n\t\t\t\t<div class=\"elementor-element elementor-element-3190c23 elementor-align-center elementor-widget elementor-widget-button\" data-id=\"3190c23\" data-element_type=\"widget\" data-widget_type=\"button.default\">\n\t\t\t\t<div class=\"elementor-widget-container\">\n\t\t\t\t\t\t\t\t\t<div class=\"elementor-button-wrapper\">\n\t\t\t\t\t<a class=\"elementor-button elementor-button-link elementor-size-sm\" href=\"\/fr\/presentations\/\">\n\t\t\t\t\t\t<span class=\"elementor-button-content-wrapper\">\n\t\t\t\t\t\t\t\t\t<span class=\"elementor-button-text\">Registre<\/span>\n\t\t\t\t\t<\/span>\n\t\t\t\t\t<\/a>\n\t\t\t\t<\/div>\n\t\t\t\t\t\t\t\t<\/div>\n\t\t\t\t<\/div>\n\t\t\t\t\t<\/div>\n\t\t<\/div>\n\t\t\t\t<div class=\"elementor-column elementor-col-50 elementor-top-column elementor-element elementor-element-eeb0421\" data-id=\"eeb0421\" data-element_type=\"column\" data-settings=\"{&quot;background_background&quot;:&quot;classic&quot;}\">\n\t\t\t<div class=\"elementor-widget-wrap elementor-element-populated\">\n\t\t\t\t\t\t<div class=\"elementor-element elementor-element-0c2657f elementor-view-default elementor-position-top elementor-mobile-position-top elementor-widget elementor-widget-icon-box\" data-id=\"0c2657f\" data-element_type=\"widget\" data-widget_type=\"icon-box.default\">\n\t\t\t\t<div class=\"elementor-widget-container\">\n\t\t\t\t\t\t\t<div class=\"elementor-icon-box-wrapper\">\n\n\t\t\t\t\t\t<div class=\"elementor-icon-box-icon\">\n\t\t\t\t<span  class=\"elementor-icon elementor-animation-grow\">\n\t\t\t\t<i aria-hidden=\"true\" class=\"far fa-newspaper\"><\/i>\t\t\t\t<\/span>\n\t\t\t<\/div>\n\t\t\t\n\t\t\t\t\t\t<div class=\"elementor-icon-box-content\">\n\n\t\t\t\t\t\t\t\t\t<h3 class=\"elementor-icon-box-title\">\n\t\t\t\t\t\t<span  >\n\t\t\t\t\t\t\tPlanification de l&#039;introduction en bourse\t\t\t\t\t\t<\/span>\n\t\t\t\t\t<\/h3>\n\t\t\t\t\n\t\t\t\t\t\t\t\t\t<p class=\"elementor-icon-box-description\">\n\t\t\t\t\t\tEn savoir plus sur notre feuille de route pour l&#039;introduction en bourse\t\t\t\t\t<\/p>\n\t\t\t\t\n\t\t\t<\/div>\n\t\t\t\n\t\t<\/div>\n\t\t\t\t\t\t<\/div>\n\t\t\t\t<\/div>\n\t\t\t\t<div class=\"elementor-element elementor-element-9061a81 elementor-align-center elementor-widget elementor-widget-button\" data-id=\"9061a81\" data-element_type=\"widget\" data-widget_type=\"button.default\">\n\t\t\t\t<div class=\"elementor-widget-container\">\n\t\t\t\t\t\t\t\t\t<div class=\"elementor-button-wrapper\">\n\t\t\t\t\t<a class=\"elementor-button elementor-button-link elementor-size-sm\" href=\"\/fr\/ipo-planning\/\">\n\t\t\t\t\t\t<span class=\"elementor-button-content-wrapper\">\n\t\t\t\t\t\t\t\t\t<span class=\"elementor-button-text\">Registre<\/span>\n\t\t\t\t\t<\/span>\n\t\t\t\t\t<\/a>\n\t\t\t\t<\/div>\n\t\t\t\t\t\t\t\t<\/div>\n\t\t\t\t<\/div>\n\t\t\t\t\t<\/div>\n\t\t<\/div>\n\t\t\t\t\t<\/div>\n\t\t<\/section>\n\t\t\t\t<\/div>","protected":false},"excerpt":{"rendered":"<p>Invitation aux clients et investisseurs potentiels pour notre introduction en bourse. La pand\u00e9mie de COVID-19 a \u00e9t\u00e9 une grave crise sanitaire. Elle a touch\u00e9 toutes les facettes de l&#039;\u00e9conomie mondiale, y compris l&#039;industrie du divertissement. La pand\u00e9mie a entra\u00een\u00e9 un bouleversement majeur, entra\u00eenant la fermeture totale des th\u00e9\u00e2tres et des cin\u00e9mas, tandis qu&#039;aucun \u00e9v\u00e9nement tel que des concerts, des spectacles et des performances n&#039;a eu lieu\u2026 <a title=\"Introduction en bourse\" class=\"read-more\" href=\"https:\/\/chateauentertainment.co\/fr\/ipo\/\" aria-label=\"En savoir plus sur IPO\">Lire la suite<\/a><\/p>","protected":false},"author":1,"featured_media":0,"parent":0,"menu_order":10,"comment_status":"closed","ping_status":"closed","template":"","meta":{"footnotes":""},"class_list":["post-1819","page","type-page","status-publish"],"_links":{"self":[{"href":"https:\/\/chateauentertainment.co\/fr\/wp-json\/wp\/v2\/pages\/1819","targetHints":{"allow":["GET"]}}],"collection":[{"href":"https:\/\/chateauentertainment.co\/fr\/wp-json\/wp\/v2\/pages"}],"about":[{"href":"https:\/\/chateauentertainment.co\/fr\/wp-json\/wp\/v2\/types\/page"}],"author":[{"embeddable":true,"href":"https:\/\/chateauentertainment.co\/fr\/wp-json\/wp\/v2\/users\/1"}],"replies":[{"embeddable":true,"href":"https:\/\/chateauentertainment.co\/fr\/wp-json\/wp\/v2\/comments?post=1819"}],"version-history":[{"count":0,"href":"https:\/\/chateauentertainment.co\/fr\/wp-json\/wp\/v2\/pages\/1819\/revisions"}],"wp:attachment":[{"href":"https:\/\/chateauentertainment.co\/fr\/wp-json\/wp\/v2\/media?parent=1819"}],"curies":[{"name":"wp","href":"https:\/\/api.w.org\/{rel}","templated":true}]}}