{"id":2370,"date":"2020-05-10T21:49:25","date_gmt":"2020-05-10T21:49:25","guid":{"rendered":"https:\/\/new.deschenaux.me\/?page_id=2370"},"modified":"2020-05-19T20:13:22","modified_gmt":"2020-05-19T20:13:22","slug":"disclaimer","status":"publish","type":"page","link":"https:\/\/chateauentertainment.co\/fr\/disclaimer\/","title":{"rendered":"Clause de non-responsabilit\u00e9"},"content":{"rendered":"<div data-elementor-type=\"wp-page\" data-elementor-id=\"2370\" class=\"elementor elementor-2370\" data-elementor-post-type=\"page\">\n\t\t\t\t\t\t<section class=\"elementor-section elementor-top-section elementor-element elementor-element-ae93913 elementor-section-boxed elementor-section-height-default elementor-section-height-default\" data-id=\"ae93913\" data-element_type=\"section\">\n\t\t\t\t\t\t<div class=\"elementor-container elementor-column-gap-default\">\n\t\t\t\t\t<div class=\"elementor-column elementor-col-100 elementor-top-column elementor-element elementor-element-8de4f6d\" data-id=\"8de4f6d\" data-element_type=\"column\">\n\t\t\t<div class=\"elementor-widget-wrap elementor-element-populated\">\n\t\t\t\t\t\t<div class=\"elementor-element elementor-element-f24fc9a elementor-widget elementor-widget-text-editor\" data-id=\"f24fc9a\" data-element_type=\"widget\" data-widget_type=\"text-editor.default\">\n\t\t\t\t<div class=\"elementor-widget-container\">\n\t\t\t\t\t\t\t\t\t<p>Nous faisons de notre mieux pour pr\u00e9parer le contenu de ce site. Cependant, Chateau Entertainment ne peut garantir les expressions et suggestions du contenu, ainsi que son exactitude. De plus, dans la mesure permise par la loi, Chateau Entertainment ne sera pas responsable des pertes et\/ou dommages dus \u00e0 l&#039;utilisation des informations sur notre site Web.\u00a0<\/p><p>En utilisant notre site Web, vous consentez par la pr\u00e9sente \u00e0 notre clause de non-responsabilit\u00e9 et acceptez ses conditions.<\/p><p>Les liens contenus sur notre site Web peuvent conduire vers des sites externes, qui sont fournis uniquement \u00e0 titre de commodit\u00e9. Aucune information ou d\u00e9claration apparaissant sur ces sites n&#039;est sponsoris\u00e9e, approuv\u00e9e ou autrement approuv\u00e9e par Chateau Entertainment. Pour ces sites externes, Chateau Entertainment ne peut \u00eatre tenu responsable de la disponibilit\u00e9 ou du contenu situ\u00e9 sur ou via ceux-ci. De plus, toute perte ou tout dommage survenu lors de l\u2019utilisation de ces contenus ou d\u2019Internet en g\u00e9n\u00e9ral.<\/p><p>Le site Web et toute partie de son contenu ne sont pas destin\u00e9s \u00e0 \u00eatre une source de conseils ou d&#039;analyses juridiques, et les informations et\/ou documents contenus dans ce site Web ne constituent pas des conseils d&#039;investissement ou juridiques.<\/p>\t\t\t\t\t\t\t\t<\/div>\n\t\t\t\t<\/div>\n\t\t\t\t\t<\/div>\n\t\t<\/div>\n\t\t\t\t\t<\/div>\n\t\t<\/section>\n\t\t\t\t<\/div>","protected":false},"excerpt":{"rendered":"<p>Nous faisons de notre mieux pour pr\u00e9parer le contenu de ce site. Cependant, nous ne pouvons garantir les expressions et suggestions du contenu, ainsi que son exactitude. De plus, dans la mesure permise par la loi, nous ne serons pas responsables des pertes et\/ou dommages dus \u00e0 l\u2019utilisation des informations pr\u00e9sentes sur notre site Web. <a title=\"Clause de non-responsabilit\u00e9\" class=\"read-more\" href=\"https:\/\/chateauentertainment.co\/fr\/disclaimer\/\" aria-label=\"En savoir plus sur Disclaimer\">Lire la suite<\/a><\/p>","protected":false},"author":1,"featured_media":0,"parent":0,"menu_order":99,"comment_status":"closed","ping_status":"closed","template":"","meta":{"footnotes":""},"class_list":["post-2370","page","type-page","status-publish"],"_links":{"self":[{"href":"https:\/\/chateauentertainment.co\/fr\/wp-json\/wp\/v2\/pages\/2370","targetHints":{"allow":["GET"]}}],"collection":[{"href":"https:\/\/chateauentertainment.co\/fr\/wp-json\/wp\/v2\/pages"}],"about":[{"href":"https:\/\/chateauentertainment.co\/fr\/wp-json\/wp\/v2\/types\/page"}],"author":[{"embeddable":true,"href":"https:\/\/chateauentertainment.co\/fr\/wp-json\/wp\/v2\/users\/1"}],"replies":[{"embeddable":true,"href":"https:\/\/chateauentertainment.co\/fr\/wp-json\/wp\/v2\/comments?post=2370"}],"version-history":[{"count":0,"href":"https:\/\/chateauentertainment.co\/fr\/wp-json\/wp\/v2\/pages\/2370\/revisions"}],"wp:attachment":[{"href":"https:\/\/chateauentertainment.co\/fr\/wp-json\/wp\/v2\/media?parent=2370"}],"curies":[{"name":"wp","href":"https:\/\/api.w.org\/{rel}","templated":true}]}}