{"id":41,"date":"2020-05-06T14:15:50","date_gmt":"2020-05-06T14:15:50","guid":{"rendered":"https:\/\/new.deschenaux.me\/?page_id=41"},"modified":"2021-08-18T17:49:45","modified_gmt":"2021-08-18T17:49:45","slug":"about","status":"publish","type":"page","link":"https:\/\/chateauentertainment.co\/fr\/about\/","title":{"rendered":"\u00c0 propos"},"content":{"rendered":"<div data-elementor-type=\"wp-page\" data-elementor-id=\"41\" class=\"elementor elementor-41\" data-elementor-post-type=\"page\">\n\t\t\t\t\t\t<section class=\"elementor-section elementor-top-section elementor-element elementor-element-af2275f elementor-section-stretched elementor-section-boxed elementor-section-height-default elementor-section-height-default\" data-id=\"af2275f\" data-element_type=\"section\" data-settings=\"{&quot;stretch_section&quot;:&quot;section-stretched&quot;}\">\n\t\t\t\t\t\t<div class=\"elementor-container elementor-column-gap-default\">\n\t\t\t\t\t<div class=\"elementor-column elementor-col-100 elementor-top-column elementor-element elementor-element-313ef7e\" data-id=\"313ef7e\" data-element_type=\"column\">\n\t\t\t<div class=\"elementor-widget-wrap elementor-element-populated\">\n\t\t\t\t\t\t<div class=\"elementor-element elementor-element-e95adad elementor-widget elementor-widget-heading\" data-id=\"e95adad\" data-element_type=\"widget\" data-widget_type=\"heading.default\">\n\t\t\t\t<div class=\"elementor-widget-container\">\n\t\t\t\t\t<h2 class=\"elementor-heading-title elementor-size-default\">Pourquoi Ch\u00e2teau Entertainment ?<\/h2>\t\t\t\t<\/div>\n\t\t\t\t<\/div>\n\t\t\t\t<div class=\"elementor-element elementor-element-a86ad56 elementor-widget elementor-widget-text-editor\" data-id=\"a86ad56\" data-element_type=\"widget\" data-widget_type=\"text-editor.default\">\n\t\t\t\t<div class=\"elementor-widget-container\">\n\t\t\t\t\t\t\t\t\t<p>Parrain\u00e9 par les financiers suisses de Chateau Entertainment, nous sommes tous pr\u00eats \u00e0 relancer l&#039;industrie du divertissement th\u00e9\u00e2tral avec une proposition de maximisation des profits pour nos investisseurs. Pendant la COVID, l\u2019industrie du divertissement th\u00e9\u00e2tral a \u00e9t\u00e9 l\u2019une des industries les plus durement touch\u00e9es au monde.<\/p>\t\t\t\t\t\t\t\t<\/div>\n\t\t\t\t<\/div>\n\t\t\t\t<div class=\"elementor-element elementor-element-494eebc elementor-widget elementor-widget-heading\" data-id=\"494eebc\" data-element_type=\"widget\" data-widget_type=\"heading.default\">\n\t\t\t\t<div class=\"elementor-widget-container\">\n\t\t\t\t\t<h3 class=\"elementor-heading-title elementor-size-default\">Voici comment:<\/h3>\t\t\t\t<\/div>\n\t\t\t\t<\/div>\n\t\t\t\t<section class=\"elementor-section elementor-inner-section elementor-element elementor-element-eea9daa elementor-section-boxed elementor-section-height-default elementor-section-height-default\" data-id=\"eea9daa\" data-element_type=\"section\" data-settings=\"{&quot;shape_divider_bottom&quot;:&quot;arrow&quot;,&quot;shape_divider_bottom_negative&quot;:&quot;yes&quot;}\">\n\t\t\t\t\t<div class=\"elementor-shape elementor-shape-bottom\" data-negative=\"true\">\n\t\t\t<svg xmlns=\"http:\/\/www.w3.org\/2000\/svg\" viewbox=\"0 0 700 10\" preserveaspectratio=\"none\">\n\t<path class=\"elementor-shape-fill\" d=\"M360 0L350 9.9 340 0 0 0 0 10 700 10 700 0\"\/>\n<\/svg>\t\t<\/div>\n\t\t\t\t\t<div class=\"elementor-container elementor-column-gap-default\">\n\t\t\t\t\t<div class=\"elementor-column elementor-col-16 elementor-inner-column elementor-element elementor-element-a597e01\" data-id=\"a597e01\" data-element_type=\"column\">\n\t\t\t<div class=\"elementor-widget-wrap\">\n\t\t\t\t\t\t\t<\/div>\n\t\t<\/div>\n\t\t\t\t<div class=\"elementor-column elementor-col-66 elementor-inner-column elementor-element elementor-element-ae476f4\" data-id=\"ae476f4\" data-element_type=\"column\" data-settings=\"{&quot;background_background&quot;:&quot;classic&quot;}\">\n\t\t\t<div class=\"elementor-widget-wrap elementor-element-populated\">\n\t\t\t\t\t\t<div class=\"elementor-element elementor-element-8185eac elementor-widget elementor-widget-text-editor\" data-id=\"8185eac\" data-element_type=\"widget\" data-widget_type=\"text-editor.default\">\n\t\t\t\t<div class=\"elementor-widget-container\">\n\t\t\t\t\t\t\t\t\tLes revenus des salles de cin\u00e9ma \u00e0 l&#039;\u00e9chelle mondiale ont diminu\u00e9 \u00e0 $12 milliards en 2020, contre $ 42,3 milliards en 2019.\t\t\t\t\t\t\t\t<\/div>\n\t\t\t\t<\/div>\n\t\t\t\t\t<\/div>\n\t\t<\/div>\n\t\t\t\t<div class=\"elementor-column elementor-col-16 elementor-inner-column elementor-element elementor-element-c3a8c24\" data-id=\"c3a8c24\" data-element_type=\"column\">\n\t\t\t<div class=\"elementor-widget-wrap\">\n\t\t\t\t\t\t\t<\/div>\n\t\t<\/div>\n\t\t\t\t\t<\/div>\n\t\t<\/section>\n\t\t\t\t<section class=\"elementor-section elementor-inner-section elementor-element elementor-element-d438bb9 elementor-section-boxed elementor-section-height-default elementor-section-height-default\" data-id=\"d438bb9\" data-element_type=\"section\">\n\t\t\t\t\t\t<div class=\"elementor-container elementor-column-gap-default\">\n\t\t\t\t\t<div class=\"elementor-column elementor-col-16 elementor-inner-column elementor-element elementor-element-d4868f4\" data-id=\"d4868f4\" data-element_type=\"column\">\n\t\t\t<div class=\"elementor-widget-wrap\">\n\t\t\t\t\t\t\t<\/div>\n\t\t<\/div>\n\t\t\t\t<div class=\"elementor-column elementor-col-66 elementor-inner-column elementor-element elementor-element-d03a41f\" data-id=\"d03a41f\" data-element_type=\"column\" data-settings=\"{&quot;background_background&quot;:&quot;classic&quot;}\">\n\t\t\t<div class=\"elementor-widget-wrap elementor-element-populated\">\n\t\t\t\t\t\t<div class=\"elementor-element elementor-element-1189c5f elementor-widget elementor-widget-text-editor\" data-id=\"1189c5f\" data-element_type=\"widget\" data-widget_type=\"text-editor.default\">\n\t\t\t\t<div class=\"elementor-widget-container\">\n\t\t\t\t\t\t\t\t\tLa part totale des revenus du divertissement th\u00e9\u00e2tral n\u2019\u00e9tait que de 15 % en 2020, contre 43 % en 2019.\t\t\t\t\t\t\t\t<\/div>\n\t\t\t\t<\/div>\n\t\t\t\t\t<\/div>\n\t\t<\/div>\n\t\t\t\t<div class=\"elementor-column elementor-col-16 elementor-inner-column elementor-element elementor-element-124b5ed\" data-id=\"124b5ed\" data-element_type=\"column\">\n\t\t\t<div class=\"elementor-widget-wrap\">\n\t\t\t\t\t\t\t<\/div>\n\t\t<\/div>\n\t\t\t\t\t<\/div>\n\t\t<\/section>\n\t\t\t\t\t<\/div>\n\t\t<\/div>\n\t\t\t\t\t<\/div>\n\t\t<\/section>\n\t\t\t\t<section class=\"elementor-section elementor-top-section elementor-element elementor-element-103db7bd elementor-section-content-middle elementor-section-stretched elementor-section-boxed elementor-section-height-default elementor-section-height-default\" data-id=\"103db7bd\" data-element_type=\"section\" data-settings=\"{&quot;background_background&quot;:&quot;classic&quot;,&quot;stretch_section&quot;:&quot;section-stretched&quot;}\">\n\t\t\t\t\t\t<div class=\"elementor-container elementor-column-gap-no\">\n\t\t\t\t\t<div class=\"elementor-column elementor-col-100 elementor-top-column elementor-element elementor-element-3e9f69b7\" data-id=\"3e9f69b7\" data-element_type=\"column\">\n\t\t\t<div class=\"elementor-widget-wrap elementor-element-populated\">\n\t\t\t\t\t\t<div class=\"elementor-element elementor-element-8a08820 elementor-widget elementor-widget-text-editor\" data-id=\"8a08820\" data-element_type=\"widget\" data-widget_type=\"text-editor.default\">\n\t\t\t\t<div class=\"elementor-widget-container\">\n\t\t\t\t\t\t\t\t\t<p>Avec la fermeture de tous les lieux de divertissement comme les cin\u00e9mas, Broadway et les th\u00e9\u00e2tres, les revenus de l\u2019industrie ont chut\u00e9. Cependant, les services de streaming en ligne ont massivement profit\u00e9 de cette opportunit\u00e9.<\/p><p>Post-COVID, l\u2019industrie du divertissement n\u2019est plus la m\u00eame. La dynamique a chang\u00e9 et la concurrence s&#039;est intensifi\u00e9e. Le streaming en ligne a grimp\u00e9 en fl\u00e8che et est devenu un concurrent s\u00e9rieux dans la course aux parts de march\u00e9, mais le public am\u00e9ricain est devenu \u00e0 l&#039;aise pour diffuser du contenu dans des langues internationales. Si rien de diff\u00e9rent n\u2019est fait, l\u2019industrie du divertissement pourrait perdre une grande partie de sa part de march\u00e9 au profit du streaming en ligne.<\/p><p>C\u2019est l\u00e0 que Chateau Entertainment entre en sc\u00e8ne. Notre objectif est de ramener l&#039;enthousiasme, la crainte et le frisson dans le divertissement en direct gr\u00e2ce \u00e0 notre proposition gagnant-gagnant pour nos investisseurs et nos artistes.<\/p>\t\t\t\t\t\t\t\t<\/div>\n\t\t\t\t<\/div>\n\t\t\t\t<div class=\"elementor-element elementor-element-5ba4861 elementor-widget elementor-widget-heading\" data-id=\"5ba4861\" data-element_type=\"widget\" data-widget_type=\"heading.default\">\n\t\t\t\t<div class=\"elementor-widget-container\">\n\t\t\t\t\t<h3 class=\"elementor-heading-title elementor-size-default\">Notre plan<\/h3>\t\t\t\t<\/div>\n\t\t\t\t<\/div>\n\t\t\t\t<div class=\"elementor-element elementor-element-e6c529e elementor-widget elementor-widget-text-editor\" data-id=\"e6c529e\" data-element_type=\"widget\" data-widget_type=\"text-editor.default\">\n\t\t\t\t<div class=\"elementor-widget-container\">\n\t\t\t\t\t\t\t\t\t<p>Une id\u00e9e unique qui vendra et maximisera les profits de nos investisseurs<\/p>\t\t\t\t\t\t\t\t<\/div>\n\t\t\t\t<\/div>\n\t\t\t\t<div class=\"elementor-element elementor-element-8716f50 elementor-widget elementor-widget-text-editor\" data-id=\"8716f50\" data-element_type=\"widget\" data-widget_type=\"text-editor.default\">\n\t\t\t\t<div class=\"elementor-widget-container\">\n\t\t\t\t\t\t\t\t\t<p><strong>Ch\u00e2teau Divertissement<\/strong> est un <strong>SPAC<\/strong> qui est pr\u00eate \u00e0 acqu\u00e9rir des monuments et des ch\u00e2teaux historiques et \u00e0 les rajeunir pour en faire des centres de divertissement significatifs et g\u00e9n\u00e9rateurs de revenus tout en pr\u00e9servant leur int\u00e9grit\u00e9 et leur h\u00e9ritage historique.<\/p><p>Chez Chateau Entertainment, nous pensons que les ch\u00e2teaux sont les th\u00e9\u00e2tres de l&#039;histoire. \u00c0 l\u2019\u00e9poque m\u00e9di\u00e9vale, les ch\u00e2teaux \u00e9taient des symboles de prestige et de pouvoir. Ils ont ouvert la voie \u00e0 des affrontements en temps de guerre, \u00e0 des querelles familiales et \u00e0 des drames politiques.<\/p><p>Les ch\u00e2teaux sont des \u0153uvres d&#039;art contenant les plus grandes histoires historiques de chevaliers, de magiciens et de rois qui attendent d&#039;\u00eatre racont\u00e9es dans un cadre idyllique. Les gens sont int\u00e9ress\u00e9s par les histoires et intrigu\u00e9s par l\u2019histoire des ch\u00e2teaux. Jamais il n&#039;y a eu d&#039;\u00e9v\u00e9nements de divertissement et de spectacles organis\u00e9s dans de v\u00e9ritables ch\u00e2teaux charg\u00e9s d&#039;histoire et d&#039;h\u00e9ritage. Ce sera un argument de vente important pour attirer les masses et g\u00e9n\u00e9rer des flux de revenus continus comme jamais auparavant.<\/p><p>Une fois r\u00e9nov\u00e9s, ces ch\u00e2teaux et propri\u00e9t\u00e9s seront lou\u00e9s \u00e0 des artistes pour organiser des activit\u00e9s telles que des \u00e9v\u00e9nements, des spectacles, du th\u00e9\u00e2tre, des films, des concerts, etc. De l&#039;histoire \u00e0 l&#039;art et au divertissement, ces ch\u00e2teaux et monuments historiques attireront les passionn\u00e9s d&#039;histoire et les amateurs de divertissement. Nous offrirons quelque chose de diff\u00e9rent et d\u2019excitant \u00e0 tout le monde.<\/p>\t\t\t\t\t\t\t\t<\/div>\n\t\t\t\t<\/div>\n\t\t\t\t<section class=\"elementor-section elementor-inner-section elementor-element elementor-element-45bd3e8c elementor-section-boxed elementor-section-height-default elementor-section-height-default\" data-id=\"45bd3e8c\" data-element_type=\"section\">\n\t\t\t\t\t\t<div class=\"elementor-container elementor-column-gap-default\">\n\t\t\t\t\t<div class=\"elementor-column elementor-col-33 elementor-inner-column elementor-element elementor-element-3fb3cd73\" data-id=\"3fb3cd73\" data-element_type=\"column\" data-settings=\"{&quot;background_background&quot;:&quot;classic&quot;}\">\n\t\t\t<div class=\"elementor-widget-wrap elementor-element-populated\">\n\t\t\t\t\t\t<div class=\"elementor-element elementor-element-220329b elementor-view-default elementor-position-top elementor-mobile-position-top elementor-widget elementor-widget-icon-box\" data-id=\"220329b\" data-element_type=\"widget\" data-widget_type=\"icon-box.default\">\n\t\t\t\t<div class=\"elementor-widget-container\">\n\t\t\t\t\t\t\t<div class=\"elementor-icon-box-wrapper\">\n\n\t\t\t\t\t\t<div class=\"elementor-icon-box-icon\">\n\t\t\t\t<span  class=\"elementor-icon elementor-animation-grow\">\n\t\t\t\t<i aria-hidden=\"true\" class=\"far fa-eye\"><\/i>\t\t\t\t<\/span>\n\t\t\t<\/div>\n\t\t\t\n\t\t\t\t\t\t<div class=\"elementor-icon-box-content\">\n\n\t\t\t\t\t\t\t\t\t<h3 class=\"elementor-icon-box-title\">\n\t\t\t\t\t\t<span  >\n\t\t\t\t\t\t\tVision\t\t\t\t\t\t<\/span>\n\t\t\t\t\t<\/h3>\n\t\t\t\t\n\t\t\t\t\t\t\t\t\t<p class=\"elementor-icon-box-description\">\n\t\t\t\t\t\tAmenez l\u2019industrie du divertissement \u00e0 un tout autre niveau.\t\t\t\t\t<\/p>\n\t\t\t\t\n\t\t\t<\/div>\n\t\t\t\n\t\t<\/div>\n\t\t\t\t\t\t<\/div>\n\t\t\t\t<\/div>\n\t\t\t\t\t<\/div>\n\t\t<\/div>\n\t\t\t\t<div class=\"elementor-column elementor-col-33 elementor-inner-column elementor-element elementor-element-18ddd350\" data-id=\"18ddd350\" data-element_type=\"column\" data-settings=\"{&quot;background_background&quot;:&quot;classic&quot;}\">\n\t\t\t<div class=\"elementor-widget-wrap elementor-element-populated\">\n\t\t\t\t\t\t<div class=\"elementor-element elementor-element-62d4e0b8 elementor-view-default elementor-position-top elementor-mobile-position-top elementor-widget elementor-widget-icon-box\" data-id=\"62d4e0b8\" data-element_type=\"widget\" data-widget_type=\"icon-box.default\">\n\t\t\t\t<div class=\"elementor-widget-container\">\n\t\t\t\t\t\t\t<div class=\"elementor-icon-box-wrapper\">\n\n\t\t\t\t\t\t<div class=\"elementor-icon-box-icon\">\n\t\t\t\t<span  class=\"elementor-icon elementor-animation-grow\">\n\t\t\t\t<i aria-hidden=\"true\" class=\"far fa-hand-rock\"><\/i>\t\t\t\t<\/span>\n\t\t\t<\/div>\n\t\t\t\n\t\t\t\t\t\t<div class=\"elementor-icon-box-content\">\n\n\t\t\t\t\t\t\t\t\t<h3 class=\"elementor-icon-box-title\">\n\t\t\t\t\t\t<span  >\n\t\t\t\t\t\t\tMission\t\t\t\t\t\t<\/span>\n\t\t\t\t\t<\/h3>\n\t\t\t\t\n\t\t\t\t\t\t\t\t\t<p class=\"elementor-icon-box-description\">\n\t\t\t\t\t\t<div style=\"text-align:justify;\">Donner vie aux monuments historiques et aux ch\u00e2teaux abandonn\u00e9s par le monde moderne et les transformer en centres de divertissement.<\/div>\t\t\t\t\t<\/p>\n\t\t\t\t\n\t\t\t<\/div>\n\t\t\t\n\t\t<\/div>\n\t\t\t\t\t\t<\/div>\n\t\t\t\t<\/div>\n\t\t\t\t\t<\/div>\n\t\t<\/div>\n\t\t\t\t<div class=\"elementor-column elementor-col-33 elementor-inner-column elementor-element elementor-element-5cbd6fca\" data-id=\"5cbd6fca\" data-element_type=\"column\" data-settings=\"{&quot;background_background&quot;:&quot;classic&quot;}\">\n\t\t\t<div class=\"elementor-widget-wrap elementor-element-populated\">\n\t\t\t\t\t\t<div class=\"elementor-element elementor-element-677b761 elementor-view-default elementor-position-top elementor-mobile-position-top elementor-widget elementor-widget-icon-box\" data-id=\"677b761\" data-element_type=\"widget\" data-widget_type=\"icon-box.default\">\n\t\t\t\t<div class=\"elementor-widget-container\">\n\t\t\t\t\t\t\t<div class=\"elementor-icon-box-wrapper\">\n\n\t\t\t\t\t\t<div class=\"elementor-icon-box-icon\">\n\t\t\t\t<span  class=\"elementor-icon elementor-animation-grow\">\n\t\t\t\t<i aria-hidden=\"true\" class=\"fas fa-balance-scale\"><\/i>\t\t\t\t<\/span>\n\t\t\t<\/div>\n\t\t\t\n\t\t\t\t\t\t<div class=\"elementor-icon-box-content\">\n\n\t\t\t\t\t\t\t\t\t<h3 class=\"elementor-icon-box-title\">\n\t\t\t\t\t\t<span  >\n\t\t\t\t\t\t\tValeurs\t\t\t\t\t\t<\/span>\n\t\t\t\t\t<\/h3>\n\t\t\t\t\n\t\t\t\t\t\t\t\t\t<p class=\"elementor-icon-box-description\">\n\t\t\t\t\t\t<div style=\"text-align:justify;\">\n<ul>\n<li>Servir avec honn\u00eatet\u00e9<\/li>\n<li>S&#039;efforcer de maximiser les profits de nos investisseurs<\/li>\n<li>Restaurer des monuments historiques<\/li>\n<\/ul>\n<\/div>\t\t\t\t\t<\/p>\n\t\t\t\t\n\t\t\t<\/div>\n\t\t\t\n\t\t<\/div>\n\t\t\t\t\t\t<\/div>\n\t\t\t\t<\/div>\n\t\t\t\t\t<\/div>\n\t\t<\/div>\n\t\t\t\t\t<\/div>\n\t\t<\/section>\n\t\t\t\t\t<\/div>\n\t\t<\/div>\n\t\t\t\t\t<\/div>\n\t\t<\/section>\n\t\t\t\t<\/div>","protected":false},"excerpt":{"rendered":"<p>Pourquoi Ch\u00e2teau Entertainment ? Parrain\u00e9 par les financiers suisses de Chateau Entertainment, nous sommes tous pr\u00eats \u00e0 relancer l&#039;industrie du divertissement th\u00e9\u00e2tral avec une proposition de maximisation des profits pour nos investisseurs. Pendant la COVID, l\u2019industrie du divertissement th\u00e9\u00e2tral a \u00e9t\u00e9 l\u2019une des industries les plus durement touch\u00e9es au monde. Voici comment : les revenus des salles de cin\u00e9ma \u00e0 l&#039;\u00e9chelle mondiale ont chut\u00e9 \u00e0 $12 milliards en 2020 par rapport \u00e0\u2026 <a title=\"\u00c0 propos\" class=\"read-more\" href=\"https:\/\/chateauentertainment.co\/fr\/about\/\" aria-label=\"En savoir plus sur About\">Lire la suite<\/a><\/p>","protected":false},"author":1,"featured_media":0,"parent":0,"menu_order":2,"comment_status":"closed","ping_status":"closed","template":"","meta":{"footnotes":""},"class_list":["post-41","page","type-page","status-publish"],"_links":{"self":[{"href":"https:\/\/chateauentertainment.co\/fr\/wp-json\/wp\/v2\/pages\/41","targetHints":{"allow":["GET"]}}],"collection":[{"href":"https:\/\/chateauentertainment.co\/fr\/wp-json\/wp\/v2\/pages"}],"about":[{"href":"https:\/\/chateauentertainment.co\/fr\/wp-json\/wp\/v2\/types\/page"}],"author":[{"embeddable":true,"href":"https:\/\/chateauentertainment.co\/fr\/wp-json\/wp\/v2\/users\/1"}],"replies":[{"embeddable":true,"href":"https:\/\/chateauentertainment.co\/fr\/wp-json\/wp\/v2\/comments?post=41"}],"version-history":[{"count":0,"href":"https:\/\/chateauentertainment.co\/fr\/wp-json\/wp\/v2\/pages\/41\/revisions"}],"wp:attachment":[{"href":"https:\/\/chateauentertainment.co\/fr\/wp-json\/wp\/v2\/media?parent=41"}],"curies":[{"name":"wp","href":"https:\/\/api.w.org\/{rel}","templated":true}]}}