{"id":43,"date":"2020-05-06T14:16:21","date_gmt":"2020-05-06T14:16:21","guid":{"rendered":"https:\/\/new.deschenaux.me\/?page_id=43"},"modified":"2021-09-04T13:08:06","modified_gmt":"2021-09-04T13:08:06","slug":"magicians-artists","status":"publish","type":"page","link":"https:\/\/chateauentertainment.co\/fr\/magicians-artists\/","title":{"rendered":"Magiciens et artistes"},"content":{"rendered":"<div data-elementor-type=\"wp-page\" data-elementor-id=\"43\" class=\"elementor elementor-43\" data-elementor-post-type=\"page\">\n\t\t\t\t\t\t<section class=\"elementor-section elementor-top-section elementor-element elementor-element-0bae5cd elementor-section-stretched elementor-section-boxed elementor-section-height-default elementor-section-height-default\" data-id=\"0bae5cd\" data-element_type=\"section\" data-settings=\"{&quot;stretch_section&quot;:&quot;section-stretched&quot;}\">\n\t\t\t\t\t\t<div class=\"elementor-container elementor-column-gap-default\">\n\t\t\t\t\t<div class=\"elementor-column elementor-col-100 elementor-top-column elementor-element elementor-element-f3e4bd2\" data-id=\"f3e4bd2\" data-element_type=\"column\" data-settings=\"{&quot;background_background&quot;:&quot;classic&quot;}\">\n\t\t\t<div class=\"elementor-widget-wrap elementor-element-populated\">\n\t\t\t\t\t\t<div class=\"elementor-element elementor-element-700926e elementor-widget elementor-widget-heading\" data-id=\"700926e\" data-element_type=\"widget\" data-widget_type=\"heading.default\">\n\t\t\t\t<div class=\"elementor-widget-container\">\n\t\t\t\t\t<h3 class=\"elementor-heading-title elementor-size-default\">Tout est pr\u00eat \u00e0 laisser les gens bouche b\u00e9e d\u2019\u00e9merveillement<\/h3>\t\t\t\t<\/div>\n\t\t\t\t<\/div>\n\t\t\t\t<div class=\"elementor-element elementor-element-4012ed8 elementor-widget elementor-widget-text-editor\" data-id=\"4012ed8\" data-element_type=\"widget\" data-widget_type=\"text-editor.default\">\n\t\t\t\t<div class=\"elementor-widget-container\">\n\t\t\t\t\t\t\t\t\t<p>Chez Chateau Entertainment, nous invitons les magiciens et les artistes \u00e0 faire partie de notre voyage visant \u00e0 restaurer l&#039;industrie du divertissement th\u00e9\u00e2tral qui a fait des ravages pendant la pand\u00e9mie. Nous voulons recr\u00e9er la magie dans tous les sens du terme, en attirant les personnes de tous \u00e2ges \u00e0 exp\u00e9rimenter la joie et l&#039;\u00e9merveillement de profiter d&#039;un spectacle de magie en personne.<\/p><p>Alors que nous restaurons des ch\u00e2teaux abandonn\u00e9s, cela ouvre la voie aux magiciens pour montrer leur talent, leur savoir-faire et leurs astuces dans les d\u00e9cors les plus excitants. Les gens sont intrigu\u00e9s par l\u2019histoire, les sorciers et la magie. C\u2019est le moyen ultime de d\u00e9velopper leur niveau d\u2019enthousiasme et de les engager dans des exp\u00e9riences dont le monde n\u2019a jamais \u00e9t\u00e9 t\u00e9moin. Notre proposition est unique en son genre et ne manquera pas d&#039;amener des gens de tous les coins et recoins du monde \u00e0 profiter du plaisir, des sensations fortes et de l&#039;\u00e9merveillement que procurent les spectacles de magie. Chez Chateau Entertainment, nous sommes fiers de dire que les meilleurs magiciens et artistes de l&#039;industrie ont manifest\u00e9 leur int\u00e9r\u00eat pour notre proposition et se sont joints \u00e0 nous. Il s\u2019agit notamment de grands noms comme :<\/p>\t\t\t\t\t\t\t\t<\/div>\n\t\t\t\t<\/div>\n\t\t\t\t<div class=\"elementor-element elementor-element-22f6a5b elementor-posts__hover-none elementor-grid-3 elementor-grid-tablet-2 elementor-grid-mobile-1 elementor-posts--thumbnail-top elementor-widget elementor-widget-posts\" data-id=\"22f6a5b\" data-element_type=\"widget\" data-settings=\"{&quot;cards_row_gap&quot;:{&quot;unit&quot;:&quot;px&quot;,&quot;size&quot;:15,&quot;sizes&quot;:[]},&quot;cards_columns&quot;:&quot;3&quot;,&quot;cards_columns_tablet&quot;:&quot;2&quot;,&quot;cards_columns_mobile&quot;:&quot;1&quot;,&quot;cards_row_gap_tablet&quot;:{&quot;unit&quot;:&quot;px&quot;,&quot;size&quot;:&quot;&quot;,&quot;sizes&quot;:[]},&quot;cards_row_gap_mobile&quot;:{&quot;unit&quot;:&quot;px&quot;,&quot;size&quot;:&quot;&quot;,&quot;sizes&quot;:[]}}\" data-widget_type=\"posts.cards\">\n\t\t\t\t<div class=\"elementor-widget-container\">\n\t\t\t\t\t\t\t<div class=\"elementor-posts-container elementor-posts elementor-posts--skin-cards elementor-grid\">\n\t\t\t\t<article class=\"elementor-post elementor-grid-item post-622 post type-post status-publish format-standard has-post-thumbnail hentry category-magicians-artisits\">\n\t\t\t<div class=\"elementor-post__card\">\n\t\t\t\t<a class=\"elementor-post__thumbnail__link\" href=\"https:\/\/chateauentertainment.co\/fr\/magicians-artisits\/mark-setteducati\/\" tabindex=\"-1\" ><div class=\"elementor-post__thumbnail\"><img fetchpriority=\"high\" decoding=\"async\" width=\"800\" height=\"450\" src=\"https:\/\/chateauentertainment.co\/wp-content\/uploads\/Mr_Mark_Setteducat_.jpg\" class=\"attachment-large size-large wp-image-3057\" alt=\"\" srcset=\"https:\/\/chateauentertainment.co\/wp-content\/uploads\/Mr_Mark_Setteducat_.jpg 800w, https:\/\/chateauentertainment.co\/wp-content\/uploads\/Mr_Mark_Setteducat_-300x169.jpg 300w, https:\/\/chateauentertainment.co\/wp-content\/uploads\/Mr_Mark_Setteducat_-768x432.jpg 768w, https:\/\/chateauentertainment.co\/wp-content\/uploads\/Mr_Mark_Setteducat_-18x10.jpg 18w\" sizes=\"(max-width: 800px) 100vw, 800px\" \/><\/div><\/a>\n\t\t\t\t<div class=\"elementor-post__text\">\n\t\t\t\t<h3 class=\"elementor-post__title\">\n\t\t\t<a href=\"https:\/\/chateauentertainment.co\/fr\/magicians-artisits\/mark-setteducati\/\" >\n\t\t\t\tMarc Setteducati\t\t\t<\/a>\n\t\t<\/h3>\n\t\t\t\t<div class=\"elementor-post__excerpt\">\n\t\t\t<p>Mark Setteducati est un magicien r\u00e9put\u00e9. Il est l&#039;inventeur des illusions, de la magie, des puzzles et des jeux. Il<\/p>\n\t\t<\/div>\n\t\t\n\t\t<a class=\"elementor-post__read-more\" href=\"https:\/\/chateauentertainment.co\/fr\/magicians-artisits\/mark-setteducati\/\" aria-label=\"En savoir plus sur Mark Setteducati\" tabindex=\"-1\" >\n\t\t\tEn savoir plus &quot;\t\t<\/a>\n\n\t\t\t\t<\/div>\n\t\t\t\t\t<\/div>\n\t\t<\/article>\n\t\t\t\t<article class=\"elementor-post elementor-grid-item post-623 post type-post status-publish format-standard has-post-thumbnail hentry category-magicians-artisits\">\n\t\t\t<div class=\"elementor-post__card\">\n\t\t\t\t<a class=\"elementor-post__thumbnail__link\" href=\"https:\/\/chateauentertainment.co\/fr\/magicians-artisits\/jeff-sheridan\/\" tabindex=\"-1\" ><div class=\"elementor-post__thumbnail\"><img decoding=\"async\" width=\"300\" height=\"169\" src=\"https:\/\/chateauentertainment.co\/wp-content\/uploads\/Mr_Jeff_Sheridan.jpg\" class=\"attachment-large size-large wp-image-3075\" alt=\"Jeff Sheridan\" srcset=\"https:\/\/chateauentertainment.co\/wp-content\/uploads\/Mr_Jeff_Sheridan.jpg 300w, https:\/\/chateauentertainment.co\/wp-content\/uploads\/Mr_Jeff_Sheridan-18x10.jpg 18w\" sizes=\"(max-width: 300px) 100vw, 300px\" \/><\/div><\/a>\n\t\t\t\t<div class=\"elementor-post__text\">\n\t\t\t\t<h3 class=\"elementor-post__title\">\n\t\t\t<a href=\"https:\/\/chateauentertainment.co\/fr\/magicians-artisits\/jeff-sheridan\/\" >\n\t\t\t\tJeff Sheridan\t\t\t<\/a>\n\t\t<\/h3>\n\t\t\t\t<div class=\"elementor-post__excerpt\">\n\t\t\t<p>Sheridan est l&#039;un des magiciens am\u00e9ricains les plus populaires, bien connu pour ses manipulations de cartes \u00e0 couper le souffle qui laissent<\/p>\n\t\t<\/div>\n\t\t\n\t\t<a class=\"elementor-post__read-more\" href=\"https:\/\/chateauentertainment.co\/fr\/magicians-artisits\/jeff-sheridan\/\" aria-label=\"En savoir plus sur Jeff Sheridan\" tabindex=\"-1\" >\n\t\t\tEn savoir plus &quot;\t\t<\/a>\n\n\t\t\t\t<\/div>\n\t\t\t\t\t<\/div>\n\t\t<\/article>\n\t\t\t\t<article class=\"elementor-post elementor-grid-item post-624 post type-post status-publish format-standard has-post-thumbnail hentry category-magicians-artisits\">\n\t\t\t<div class=\"elementor-post__card\">\n\t\t\t\t<a class=\"elementor-post__thumbnail__link\" href=\"https:\/\/chateauentertainment.co\/fr\/magicians-artisits\/olivier\/\" tabindex=\"-1\" ><div class=\"elementor-post__thumbnail\"><img decoding=\"async\" width=\"800\" height=\"450\" src=\"https:\/\/chateauentertainment.co\/wp-content\/uploads\/Mr_Olivier.jpg\" class=\"attachment-large size-large wp-image-3061\" alt=\"\" srcset=\"https:\/\/chateauentertainment.co\/wp-content\/uploads\/Mr_Olivier.jpg 800w, https:\/\/chateauentertainment.co\/wp-content\/uploads\/Mr_Olivier-300x169.jpg 300w, https:\/\/chateauentertainment.co\/wp-content\/uploads\/Mr_Olivier-768x432.jpg 768w, https:\/\/chateauentertainment.co\/wp-content\/uploads\/Mr_Olivier-18x10.jpg 18w\" sizes=\"(max-width: 800px) 100vw, 800px\" \/><\/div><\/a>\n\t\t\t\t<div class=\"elementor-post__text\">\n\t\t\t\t<h3 class=\"elementor-post__title\">\n\t\t\t<a href=\"https:\/\/chateauentertainment.co\/fr\/magicians-artisits\/olivier\/\" >\n\t\t\t\tOlivier\t\t\t<\/a>\n\t\t<\/h3>\n\t\t\t\t<div class=\"elementor-post__excerpt\">\n\t\t\t<p>Il est l&#039;un des magiciens les plus c\u00e9l\u00e8bres qui ex\u00e9cutent des tours de magie avec une f\u00e9rocit\u00e9 et une passion qui<\/p>\n\t\t<\/div>\n\t\t\n\t\t<a class=\"elementor-post__read-more\" href=\"https:\/\/chateauentertainment.co\/fr\/magicians-artisits\/olivier\/\" aria-label=\"En savoir plus sur Olivier\" tabindex=\"-1\" >\n\t\t\tEn savoir plus &quot;\t\t<\/a>\n\n\t\t\t\t<\/div>\n\t\t\t\t\t<\/div>\n\t\t<\/article>\n\t\t\t\t<\/div>\n\t\t\n\t\t\t\t\t\t<\/div>\n\t\t\t\t<\/div>\n\t\t\t\t\t<\/div>\n\t\t<\/div>\n\t\t\t\t\t<\/div>\n\t\t<\/section>\n\t\t\t\t<section class=\"elementor-section elementor-top-section elementor-element elementor-element-0acc329 elementor-section-boxed elementor-section-height-default elementor-section-height-default\" data-id=\"0acc329\" data-element_type=\"section\" data-settings=\"{&quot;background_background&quot;:&quot;classic&quot;}\">\n\t\t\t\t\t\t<div class=\"elementor-container elementor-column-gap-default\">\n\t\t\t\t\t<div class=\"elementor-column elementor-col-100 elementor-top-column elementor-element elementor-element-ddd9519\" data-id=\"ddd9519\" data-element_type=\"column\">\n\t\t\t<div class=\"elementor-widget-wrap elementor-element-populated\">\n\t\t\t\t\t\t<div class=\"elementor-element elementor-element-fcce995 elementor-widget elementor-widget-heading\" data-id=\"fcce995\" data-element_type=\"widget\" data-widget_type=\"heading.default\">\n\t\t\t\t<div class=\"elementor-widget-container\">\n\t\t\t\t\t<h3 class=\"elementor-heading-title elementor-size-default\">Pour plus d\u2019informations ou pour faire partie de notre aventure, n\u2019h\u00e9sitez pas \u00e0 nous contacter.<\/h3>\t\t\t\t<\/div>\n\t\t\t\t<\/div>\n\t\t\t\t<div class=\"elementor-element elementor-element-3e57537 elementor-align-center elementor-widget elementor-widget-button\" data-id=\"3e57537\" data-element_type=\"widget\" data-widget_type=\"button.default\">\n\t\t\t\t<div class=\"elementor-widget-container\">\n\t\t\t\t\t\t\t\t\t<div class=\"elementor-button-wrapper\">\n\t\t\t\t\t<a class=\"elementor-button elementor-button-link elementor-size-sm\" href=\"\/fr\/contact\/\">\n\t\t\t\t\t\t<span class=\"elementor-button-content-wrapper\">\n\t\t\t\t\t\t\t\t\t<span class=\"elementor-button-text\">Contacter maintenant<\/span>\n\t\t\t\t\t<\/span>\n\t\t\t\t\t<\/a>\n\t\t\t\t<\/div>\n\t\t\t\t\t\t\t\t<\/div>\n\t\t\t\t<\/div>\n\t\t\t\t\t<\/div>\n\t\t<\/div>\n\t\t\t\t\t<\/div>\n\t\t<\/section>\n\t\t\t\t<\/div>","protected":false},"excerpt":{"rendered":"<p>Tout est pr\u00eat pour laisser les gens bouche b\u00e9e d&#039;\u00e9merveillement Chez Chateau Entertainment, nous invitons les magiciens et les artistes \u00e0 faire partie de notre voyage pour restaurer l&#039;industrie du divertissement th\u00e9\u00e2tral qui a fait des ravages pendant la pand\u00e9mie. Nous voulons recr\u00e9er la magie dans tous les sens du terme en attirant des personnes de tous \u00e2ges \u00e0 \u2026 <a title=\"Olivier\" class=\"read-more\" href=\"https:\/\/chateauentertainment.co\/fr\/magicians-artisits\/olivier\/\" aria-label=\"En savoir plus sur Olivier\">Lire la suite<\/a><\/p>","protected":false},"author":1,"featured_media":0,"parent":0,"menu_order":5,"comment_status":"closed","ping_status":"closed","template":"","meta":{"footnotes":""},"class_list":["post-43","page","type-page","status-publish","hentry"],"_links":{"self":[{"href":"https:\/\/chateauentertainment.co\/fr\/wp-json\/wp\/v2\/pages\/43","targetHints":{"allow":["GET"]}}],"collection":[{"href":"https:\/\/chateauentertainment.co\/fr\/wp-json\/wp\/v2\/pages"}],"about":[{"href":"https:\/\/chateauentertainment.co\/fr\/wp-json\/wp\/v2\/types\/page"}],"author":[{"embeddable":true,"href":"https:\/\/chateauentertainment.co\/fr\/wp-json\/wp\/v2\/users\/1"}],"replies":[{"embeddable":true,"href":"https:\/\/chateauentertainment.co\/fr\/wp-json\/wp\/v2\/comments?post=43"}],"version-history":[{"count":0,"href":"https:\/\/chateauentertainment.co\/fr\/wp-json\/wp\/v2\/pages\/43\/revisions"}],"wp:attachment":[{"href":"https:\/\/chateauentertainment.co\/fr\/wp-json\/wp\/v2\/media?parent=43"}],"curies":[{"name":"wp","href":"https:\/\/api.w.org\/{rel}","templated":true}]}}