{"id":44,"date":"2020-05-06T14:16:30","date_gmt":"2020-05-06T14:16:30","guid":{"rendered":"https:\/\/new.deschenaux.me\/?page_id=44"},"modified":"2021-09-04T12:55:05","modified_gmt":"2021-09-04T12:55:05","slug":"services","status":"publish","type":"page","link":"https:\/\/chateauentertainment.co\/fr\/services\/","title":{"rendered":"Prestations de service"},"content":{"rendered":"<div data-elementor-type=\"wp-page\" data-elementor-id=\"44\" class=\"elementor elementor-44\" data-elementor-post-type=\"page\">\n\t\t\t\t\t\t<section class=\"elementor-section elementor-top-section elementor-element elementor-element-f18089f elementor-section-stretched elementor-section-boxed elementor-section-height-default elementor-section-height-default\" data-id=\"f18089f\" data-element_type=\"section\" data-settings=\"{&quot;stretch_section&quot;:&quot;section-stretched&quot;}\">\n\t\t\t\t\t\t<div class=\"elementor-container elementor-column-gap-default\">\n\t\t\t\t\t<div class=\"elementor-column elementor-col-100 elementor-top-column elementor-element elementor-element-f164da7\" data-id=\"f164da7\" data-element_type=\"column\" data-settings=\"{&quot;background_background&quot;:&quot;classic&quot;}\">\n\t\t\t<div class=\"elementor-widget-wrap elementor-element-populated\">\n\t\t\t\t\t\t<div class=\"elementor-element elementor-element-48044af elementor-widget elementor-widget-text-editor\" data-id=\"48044af\" data-element_type=\"widget\" data-widget_type=\"text-editor.default\">\n\t\t\t\t<div class=\"elementor-widget-container\">\n\t\t\t\t\t\t\t\t\t<p>Chez Chateau Entertainment SPAC, notre objectif est de relancer l&#039;industrie du divertissement en offrant au public des exp\u00e9riences m\u00e9morables qu&#039;il souhaite revivre encore et encore. Nous sommes tous pr\u00eats \u00e0 rendre cela possible gr\u00e2ce \u00e0 notre proposition gagnante et nos services exclusifs.<\/p><p>Avec les investissements g\u00e9n\u00e9r\u00e9s, nous visons \u00e0 restaurer les ch\u00e2teaux abandonn\u00e9s et les monuments historiques en centres de divertissement tout en pr\u00e9servant leur h\u00e9ritage historique. Une fois restaur\u00e9s, ces ch\u00e2teaux et propri\u00e9t\u00e9s seront lou\u00e9s \u00e0 des artistes de tous secteurs pour fournir des services qui :<\/p>\t\t\t\t\t\t\t\t<\/div>\n\t\t\t\t<\/div>\n\t\t\t\t<section class=\"elementor-section elementor-inner-section elementor-element elementor-element-23fdc12 elementor-section-boxed elementor-section-height-default elementor-section-height-default\" data-id=\"23fdc12\" data-element_type=\"section\">\n\t\t\t\t\t\t<div class=\"elementor-container elementor-column-gap-default\">\n\t\t\t\t\t<div class=\"elementor-column elementor-col-50 elementor-inner-column elementor-element elementor-element-7e45bed\" data-id=\"7e45bed\" data-element_type=\"column\">\n\t\t\t<div class=\"elementor-widget-wrap elementor-element-populated\">\n\t\t\t\t\t\t<div class=\"elementor-element elementor-element-3b52741 elementor-icon-list--layout-traditional elementor-list-item-link-full_width elementor-widget elementor-widget-icon-list\" data-id=\"3b52741\" data-element_type=\"widget\" data-widget_type=\"icon-list.default\">\n\t\t\t\t<div class=\"elementor-widget-container\">\n\t\t\t\t\t\t\t<ul class=\"elementor-icon-list-items\">\n\t\t\t\t\t\t\t<li class=\"elementor-icon-list-item\">\n\t\t\t\t\t\t\t\t\t\t\t<span class=\"elementor-icon-list-icon\">\n\t\t\t\t\t\t\t<i aria-hidden=\"true\" class=\"fas fa-dot-circle\"><\/i>\t\t\t\t\t\t<\/span>\n\t\t\t\t\t\t\t\t\t\t<span class=\"elementor-icon-list-text\">Attirez des masses r\u00e9guli\u00e8rement tout au long de la semaine<\/span>\n\t\t\t\t\t\t\t\t\t<\/li>\n\t\t\t\t\t\t\t\t<li class=\"elementor-icon-list-item\">\n\t\t\t\t\t\t\t\t\t\t\t<span class=\"elementor-icon-list-icon\">\n\t\t\t\t\t\t\t<i aria-hidden=\"true\" class=\"fas fa-dot-circle\"><\/i>\t\t\t\t\t\t<\/span>\n\t\t\t\t\t\t\t\t\t\t<span class=\"elementor-icon-list-text\">Suscitez l\u2019enthousiasme<\/span>\n\t\t\t\t\t\t\t\t\t<\/li>\n\t\t\t\t\t\t\t\t<li class=\"elementor-icon-list-item\">\n\t\t\t\t\t\t\t\t\t\t\t<span class=\"elementor-icon-list-icon\">\n\t\t\t\t\t\t\t<i aria-hidden=\"true\" class=\"fas fa-dot-circle\"><\/i>\t\t\t\t\t\t<\/span>\n\t\t\t\t\t\t\t\t\t\t<span class=\"elementor-icon-list-text\">Cr\u00e9er du buzz<\/span>\n\t\t\t\t\t\t\t\t\t<\/li>\n\t\t\t\t\t\t\t\t<li class=\"elementor-icon-list-item\">\n\t\t\t\t\t\t\t\t\t\t\t<span class=\"elementor-icon-list-icon\">\n\t\t\t\t\t\t\t<i aria-hidden=\"true\" class=\"fas fa-dot-circle\"><\/i>\t\t\t\t\t\t<\/span>\n\t\t\t\t\t\t\t\t\t\t<span class=\"elementor-icon-list-text\">Augmenter l\u2019engagement du public<\/span>\n\t\t\t\t\t\t\t\t\t<\/li>\n\t\t\t\t\t\t\t\t<li class=\"elementor-icon-list-item\">\n\t\t\t\t\t\t\t\t\t\t\t<span class=\"elementor-icon-list-icon\">\n\t\t\t\t\t\t\t<i aria-hidden=\"true\" class=\"fas fa-dot-circle\"><\/i>\t\t\t\t\t\t<\/span>\n\t\t\t\t\t\t\t\t\t\t<span class=\"elementor-icon-list-text\">Offrez des exp\u00e9riences inoubliables pour qu\u2019ils reviennent sans cesse<\/span>\n\t\t\t\t\t\t\t\t\t<\/li>\n\t\t\t\t\t\t<\/ul>\n\t\t\t\t\t\t<\/div>\n\t\t\t\t<\/div>\n\t\t\t\t\t<\/div>\n\t\t<\/div>\n\t\t\t\t<div class=\"elementor-column elementor-col-50 elementor-inner-column elementor-element elementor-element-c83ee18\" data-id=\"c83ee18\" data-element_type=\"column\">\n\t\t\t<div class=\"elementor-widget-wrap\">\n\t\t\t\t\t\t\t<\/div>\n\t\t<\/div>\n\t\t\t\t\t<\/div>\n\t\t<\/section>\n\t\t\t\t<div class=\"elementor-element elementor-element-ad0af40 elementor-widget elementor-widget-text-editor\" data-id=\"ad0af40\" data-element_type=\"widget\" data-widget_type=\"text-editor.default\">\n\t\t\t\t<div class=\"elementor-widget-container\">\n\t\t\t\t\t\t\t\t\t<p>Tout cela se traduira par des revenus continus pour les artistes et des retours sur investissements \u00e9lev\u00e9s pour nos investisseurs. L&#039;attrait des b\u00e2timents historiques et le sentiment d&#039;\u00eatre en personne \u00e0 l&#039;int\u00e9rieur d&#039;un ch\u00e2teau sont indescriptibles. La magie r\u00e9side dans l&#039;exp\u00e9rience. Et c\u2019est ce que nous visons \u00e0 glorifier et \u00e0 vendre \u00e0 travers nos services uniques.<\/p><p>Pour garder le public accro, excit\u00e9 et diverti, nous lui fournirons une multitude de services dont il pourra se livrer et profiter. Ceux-ci inclus:<\/p>\t\t\t\t\t\t\t\t<\/div>\n\t\t\t\t<\/div>\n\t\t\t\t<div class=\"elementor-element elementor-element-04e3fc1 elementor-posts__hover-none elementor-grid-3 elementor-grid-tablet-2 elementor-grid-mobile-1 elementor-posts--thumbnail-top elementor-widget elementor-widget-posts\" data-id=\"04e3fc1\" data-element_type=\"widget\" data-settings=\"{&quot;cards_row_gap&quot;:{&quot;unit&quot;:&quot;px&quot;,&quot;size&quot;:15,&quot;sizes&quot;:[]},&quot;cards_columns&quot;:&quot;3&quot;,&quot;cards_columns_tablet&quot;:&quot;2&quot;,&quot;cards_columns_mobile&quot;:&quot;1&quot;,&quot;cards_row_gap_tablet&quot;:{&quot;unit&quot;:&quot;px&quot;,&quot;size&quot;:&quot;&quot;,&quot;sizes&quot;:[]},&quot;cards_row_gap_mobile&quot;:{&quot;unit&quot;:&quot;px&quot;,&quot;size&quot;:&quot;&quot;,&quot;sizes&quot;:[]}}\" data-widget_type=\"posts.cards\">\n\t\t\t\t<div class=\"elementor-widget-container\">\n\t\t\t\t\t\t\t<div class=\"elementor-posts-container elementor-posts elementor-posts--skin-cards elementor-grid\">\n\t\t\t\t<article class=\"elementor-post elementor-grid-item post-542 post type-post status-publish format-standard has-post-thumbnail hentry category-services\">\n\t\t\t<div class=\"elementor-post__card\">\n\t\t\t\t<a class=\"elementor-post__thumbnail__link\" href=\"https:\/\/chateauentertainment.co\/fr\/services\/magic\/\" tabindex=\"-1\" ><div class=\"elementor-post__thumbnail\"><img fetchpriority=\"high\" decoding=\"async\" width=\"600\" height=\"400\" src=\"https:\/\/chateauentertainment.co\/wp-content\/uploads\/services-magic.png\" class=\"attachment-large size-large wp-image-3098\" alt=\"\" srcset=\"https:\/\/chateauentertainment.co\/wp-content\/uploads\/services-magic.png 600w, https:\/\/chateauentertainment.co\/wp-content\/uploads\/services-magic-300x200.png 300w, https:\/\/chateauentertainment.co\/wp-content\/uploads\/services-magic-18x12.png 18w\" sizes=\"(max-width: 600px) 100vw, 600px\" \/><\/div><\/a>\n\t\t\t\t<div class=\"elementor-post__text\">\n\t\t\t\t<h3 class=\"elementor-post__title\">\n\t\t\t<a href=\"https:\/\/chateauentertainment.co\/fr\/services\/magic\/\" >\n\t\t\t\tla magie\t\t\t<\/a>\n\t\t<\/h3>\n\t\t\t\t<div class=\"elementor-post__excerpt\">\n\t\t\t<p>La magie apporte un sentiment d&#039;\u00e9merveillement et d&#039;\u00e9tonnement au public. Et les magiciens qui collaborent avec nous prennent<\/p>\n\t\t<\/div>\n\t\t\n\t\t<a class=\"elementor-post__read-more\" href=\"https:\/\/chateauentertainment.co\/fr\/services\/magic\/\" aria-label=\"En savoir plus sur Magic\" tabindex=\"-1\" >\n\t\t\tEn savoir plus &quot;\t\t<\/a>\n\n\t\t\t\t<\/div>\n\t\t\t\t\t<\/div>\n\t\t<\/article>\n\t\t\t\t<article class=\"elementor-post elementor-grid-item post-595 post type-post status-publish format-standard has-post-thumbnail hentry category-services\">\n\t\t\t<div class=\"elementor-post__card\">\n\t\t\t\t<a class=\"elementor-post__thumbnail__link\" href=\"https:\/\/chateauentertainment.co\/fr\/services\/music-hall\/\" tabindex=\"-1\" ><div class=\"elementor-post__thumbnail\"><img decoding=\"async\" width=\"960\" height=\"720\" src=\"https:\/\/chateauentertainment.co\/wp-content\/uploads\/musichall.jpg\" class=\"attachment-large size-large wp-image-3345\" alt=\"\" srcset=\"https:\/\/chateauentertainment.co\/wp-content\/uploads\/musichall.jpg 960w, https:\/\/chateauentertainment.co\/wp-content\/uploads\/musichall-300x225.jpg 300w, https:\/\/chateauentertainment.co\/wp-content\/uploads\/musichall-768x576.jpg 768w, https:\/\/chateauentertainment.co\/wp-content\/uploads\/musichall-16x12.jpg 16w\" sizes=\"(max-width: 960px) 100vw, 960px\" \/><\/div><\/a>\n\t\t\t\t<div class=\"elementor-post__text\">\n\t\t\t\t<h3 class=\"elementor-post__title\">\n\t\t\t<a href=\"https:\/\/chateauentertainment.co\/fr\/services\/music-hall\/\" >\n\t\t\t\tMusic-hall\t\t\t<\/a>\n\t\t<\/h3>\n\t\t\t\t<div class=\"elementor-post__excerpt\">\n\t\t\t<p>Le service de music-hall est id\u00e9al pour les chanteurs et les artistes interpr\u00e8tes ou ex\u00e9cutants qui souhaitent organiser des concerts dans un cadre attrayant. Quand les musiciens<\/p>\n\t\t<\/div>\n\t\t\n\t\t<a class=\"elementor-post__read-more\" href=\"https:\/\/chateauentertainment.co\/fr\/services\/music-hall\/\" aria-label=\"En savoir plus sur Music Hall\" tabindex=\"-1\" >\n\t\t\tEn savoir plus &quot;\t\t<\/a>\n\n\t\t\t\t<\/div>\n\t\t\t\t\t<\/div>\n\t\t<\/article>\n\t\t\t\t<article class=\"elementor-post elementor-grid-item post-599 post type-post status-publish format-standard has-post-thumbnail hentry category-services\">\n\t\t\t<div class=\"elementor-post__card\">\n\t\t\t\t<a class=\"elementor-post__thumbnail__link\" href=\"https:\/\/chateauentertainment.co\/fr\/services\/exclusive-dining-bar\/\" tabindex=\"-1\" ><div class=\"elementor-post__thumbnail\"><img decoding=\"async\" width=\"960\" height=\"640\" src=\"https:\/\/chateauentertainment.co\/wp-content\/uploads\/bar_dining.jpg\" class=\"attachment-large size-large wp-image-3349\" alt=\"\" srcset=\"https:\/\/chateauentertainment.co\/wp-content\/uploads\/bar_dining.jpg 960w, https:\/\/chateauentertainment.co\/wp-content\/uploads\/bar_dining-300x200.jpg 300w, https:\/\/chateauentertainment.co\/wp-content\/uploads\/bar_dining-768x512.jpg 768w, https:\/\/chateauentertainment.co\/wp-content\/uploads\/bar_dining-18x12.jpg 18w\" sizes=\"(max-width: 960px) 100vw, 960px\" \/><\/div><\/a>\n\t\t\t\t<div class=\"elementor-post__text\">\n\t\t\t\t<h3 class=\"elementor-post__title\">\n\t\t\t<a href=\"https:\/\/chateauentertainment.co\/fr\/services\/exclusive-dining-bar\/\" >\n\t\t\t\tRestaurants et bars exclusifs\t\t\t<\/a>\n\t\t<\/h3>\n\t\t\t\t<div class=\"elementor-post__excerpt\">\n\t\t\t<p>Quelle meilleure fa\u00e7on de terminer une bonne soir\u00e9e que de profiter d&#039;une superbe exp\u00e9rience culinaire dans<\/p>\n\t\t<\/div>\n\t\t\n\t\t<a class=\"elementor-post__read-more\" href=\"https:\/\/chateauentertainment.co\/fr\/services\/exclusive-dining-bar\/\" aria-label=\"En savoir plus sur Exclusive Dining &amp; Bars\" tabindex=\"-1\" >\n\t\t\tEn savoir plus &quot;\t\t<\/a>\n\n\t\t\t\t<\/div>\n\t\t\t\t\t<\/div>\n\t\t<\/article>\n\t\t\t\t<\/div>\n\t\t\n\t\t\t\t\t\t<\/div>\n\t\t\t\t<\/div>\n\t\t\t\t\t<\/div>\n\t\t<\/div>\n\t\t\t\t\t<\/div>\n\t\t<\/section>\n\t\t\t\t<\/div>","protected":false},"excerpt":{"rendered":"<p>Chez Chateau Entertainment SPAC, notre objectif est de relancer l&#039;industrie du divertissement en offrant au public des exp\u00e9riences m\u00e9morables qu&#039;il souhaite revivre encore et encore. Nous sommes tous pr\u00eats \u00e0 rendre cela possible gr\u00e2ce \u00e0 notre proposition gagnante et \u00e0 nos services exclusifs. Gr\u00e2ce aux investissements g\u00e9n\u00e9r\u00e9s, nous visons \u00e0 restaurer des ch\u00e2teaux abandonn\u00e9s et des monuments historiques en \u2026 <a title=\"Restaurants et bars exclusifs\" class=\"read-more\" href=\"https:\/\/chateauentertainment.co\/fr\/services\/exclusive-dining-bar\/\" aria-label=\"En savoir plus sur Exclusive Dining &amp; Bars\">Lire la suite<\/a><\/p>","protected":false},"author":1,"featured_media":0,"parent":0,"menu_order":6,"comment_status":"closed","ping_status":"closed","template":"","meta":{"footnotes":""},"class_list":["post-44","page","type-page","status-publish","hentry"],"_links":{"self":[{"href":"https:\/\/chateauentertainment.co\/fr\/wp-json\/wp\/v2\/pages\/44","targetHints":{"allow":["GET"]}}],"collection":[{"href":"https:\/\/chateauentertainment.co\/fr\/wp-json\/wp\/v2\/pages"}],"about":[{"href":"https:\/\/chateauentertainment.co\/fr\/wp-json\/wp\/v2\/types\/page"}],"author":[{"embeddable":true,"href":"https:\/\/chateauentertainment.co\/fr\/wp-json\/wp\/v2\/users\/1"}],"replies":[{"embeddable":true,"href":"https:\/\/chateauentertainment.co\/fr\/wp-json\/wp\/v2\/comments?post=44"}],"version-history":[{"count":0,"href":"https:\/\/chateauentertainment.co\/fr\/wp-json\/wp\/v2\/pages\/44\/revisions"}],"wp:attachment":[{"href":"https:\/\/chateauentertainment.co\/fr\/wp-json\/wp\/v2\/media?parent=44"}],"curies":[{"name":"wp","href":"https:\/\/api.w.org\/{rel}","templated":true}]}}