{"id":505,"date":"2020-05-07T16:51:10","date_gmt":"2020-05-07T16:51:10","guid":{"rendered":"https:\/\/new.deschenaux.me\/?page_id=505"},"modified":"2021-09-09T11:14:12","modified_gmt":"2021-09-09T11:14:12","slug":"partners","status":"publish","type":"page","link":"https:\/\/chateauentertainment.co\/fr\/partners\/","title":{"rendered":"Les partenaires"},"content":{"rendered":"<div data-elementor-type=\"wp-page\" data-elementor-id=\"505\" class=\"elementor elementor-505\" data-elementor-post-type=\"page\">\n\t\t\t\t\t\t<section class=\"elementor-section elementor-top-section elementor-element elementor-element-95e4df3 elementor-section-stretched elementor-section-boxed elementor-section-height-default elementor-section-height-default\" data-id=\"95e4df3\" data-element_type=\"section\" data-settings=\"{&quot;stretch_section&quot;:&quot;section-stretched&quot;}\">\n\t\t\t\t\t\t<div class=\"elementor-container elementor-column-gap-default\">\n\t\t\t\t\t<div class=\"elementor-column elementor-col-100 elementor-top-column elementor-element elementor-element-8f3d384\" data-id=\"8f3d384\" data-element_type=\"column\">\n\t\t\t<div class=\"elementor-widget-wrap elementor-element-populated\">\n\t\t\t\t\t\t<div class=\"elementor-element elementor-element-6220489 elementor-widget elementor-widget-heading\" data-id=\"6220489\" data-element_type=\"widget\" data-widget_type=\"heading.default\">\n\t\t\t\t<div class=\"elementor-widget-container\">\n\t\t\t\t\t<h3 class=\"elementor-heading-title elementor-size-default\">Ax\u00e9 sur la cr\u00e9ation de partenariats strat\u00e9giques \u00e0 long terme et \u00e0 valeur ajout\u00e9e<\/h3>\t\t\t\t<\/div>\n\t\t\t\t<\/div>\n\t\t\t\t<div class=\"elementor-element elementor-element-f1cafc2 elementor-widget elementor-widget-text-editor\" data-id=\"f1cafc2\" data-element_type=\"widget\" data-widget_type=\"text-editor.default\">\n\t\t\t\t<div class=\"elementor-widget-container\">\n\t\t\t\t\t\t\t\t\t<p>Chez Chateau Entertainment, nous valorisons nos investisseurs et partenaires. Nous pensons que la collecte de fonds repr\u00e9sente la moiti\u00e9 du succ\u00e8s de notre SPAC, tandis que l&#039;autre moiti\u00e9 d\u00e9pend de la mani\u00e8re dont nous collaborons avec nos partenaires et utilisons les capitaux lev\u00e9s pour acqu\u00e9rir des propri\u00e9t\u00e9s cibl\u00e9es. Par cons\u00e9quent, nous nous effor\u00e7ons de travailler avec des partenaires partageant les m\u00eames id\u00e9es et ayant une philosophie de travail similaire \u00e0 celle de notre entreprise. Comme leurs valeurs sont similaires et que leurs objectifs sont align\u00e9s sur les n\u00f4tres, des collaborations sont possibles, entra\u00eenant des b\u00e9n\u00e9fices mutuels.<\/p><p>Chateau Entertainment se concentre sur la construction de partenariats strat\u00e9giques \u00e0 long terme et \u00e0 valeur ajout\u00e9e pour atteindre nos objectifs d&#039;acquisition de ch\u00e2teaux et de b\u00e2timents historiques abandonn\u00e9s. Chaque partenaire joue un r\u00f4le central pour propulser Chateau Entertainment SPAC vers un plus grand succ\u00e8s. En ayant des partenaires commerciaux, nous n\u2019op\u00e9rons plus en vase clos.<\/p><p><strong>Nos partenaires nous donnent acc\u00e8s \u00e0 :<\/strong><\/p>\t\t\t\t\t\t\t\t<\/div>\n\t\t\t\t<\/div>\n\t\t\t\t<div class=\"elementor-element elementor-element-6c1d813 elementor-icon-list--layout-traditional elementor-list-item-link-full_width elementor-widget elementor-widget-icon-list\" data-id=\"6c1d813\" data-element_type=\"widget\" data-widget_type=\"icon-list.default\">\n\t\t\t\t<div class=\"elementor-widget-container\">\n\t\t\t\t\t\t\t<ul class=\"elementor-icon-list-items\">\n\t\t\t\t\t\t\t<li class=\"elementor-icon-list-item\">\n\t\t\t\t\t\t\t\t\t\t\t<span class=\"elementor-icon-list-icon\">\n\t\t\t\t\t\t\t<i aria-hidden=\"true\" class=\"fas fa-magic\"><\/i>\t\t\t\t\t\t<\/span>\n\t\t\t\t\t\t\t\t\t\t<span class=\"elementor-icon-list-text\">Plus de connaissances<\/span>\n\t\t\t\t\t\t\t\t\t<\/li>\n\t\t\t\t\t\t\t\t<li class=\"elementor-icon-list-item\">\n\t\t\t\t\t\t\t\t\t\t\t<span class=\"elementor-icon-list-icon\">\n\t\t\t\t\t\t\t<i aria-hidden=\"true\" class=\"fas fa-magic\"><\/i>\t\t\t\t\t\t<\/span>\n\t\t\t\t\t\t\t\t\t\t<span class=\"elementor-icon-list-text\">Expertise accrue<\/span>\n\t\t\t\t\t\t\t\t\t<\/li>\n\t\t\t\t\t\t\t\t<li class=\"elementor-icon-list-item\">\n\t\t\t\t\t\t\t\t\t\t\t<span class=\"elementor-icon-list-icon\">\n\t\t\t\t\t\t\t<i aria-hidden=\"true\" class=\"fas fa-magic\"><\/i>\t\t\t\t\t\t<\/span>\n\t\t\t\t\t\t\t\t\t\t<span class=\"elementor-icon-list-text\">Des fonds en cas de besoin<\/span>\n\t\t\t\t\t\t\t\t\t<\/li>\n\t\t\t\t\t\t<\/ul>\n\t\t\t\t\t\t<\/div>\n\t\t\t\t<\/div>\n\t\t\t\t<div class=\"elementor-element elementor-element-c95669b elementor-widget elementor-widget-text-editor\" data-id=\"c95669b\" data-element_type=\"widget\" data-widget_type=\"text-editor.default\">\n\t\t\t\t<div class=\"elementor-widget-container\">\n\t\t\t\t\t\t\t\t\t<p>De plus, nos partenaires offrent un soutien et renforcent nos atouts indispensables pour aider notre entreprise \u00e0 atteindre les r\u00e9sultats et objectifs cl\u00e9s. Chez Chateau Entertainment, nous continuons \u00e0 construire des partenariats strat\u00e9giques parfaits qui compl\u00e8tent nos activit\u00e9s et nous permettent de grandir et d&#039;aller de l&#039;avant.<\/p>\t\t\t\t\t\t\t\t<\/div>\n\t\t\t\t<\/div>\n\t\t\t\t<div class=\"elementor-element elementor-element-486de7e elementor-widget elementor-widget-heading\" data-id=\"486de7e\" data-element_type=\"widget\" data-widget_type=\"heading.default\">\n\t\t\t\t<div class=\"elementor-widget-container\">\n\t\t\t\t\t<h2 class=\"elementor-heading-title elementor-size-default\">R\u00e9seau de partenaires de confiance en croissance rapide<\/h2>\t\t\t\t<\/div>\n\t\t\t\t<\/div>\n\t\t\t\t<div class=\"elementor-element elementor-element-7523ef8 elementor-widget elementor-widget-text-editor\" data-id=\"7523ef8\" data-element_type=\"widget\" data-widget_type=\"text-editor.default\">\n\t\t\t\t<div class=\"elementor-widget-container\">\n\t\t\t\t\t\t\t\t\t<p>Nous sommes fiers de compter parmi nous des noms de premier plan du secteur en tant que partenaires de confiance. Ceux-ci inclus <strong>Financiers suisses<\/strong>, <strong>Institut IPO<\/strong>, et <strong>Greenberg, Hornblower, Deschenaux &amp; Associ\u00e9s, LLP<\/strong>. Nous pensons que nos liens solides avec nos partenaires nous aideront \u00e0 avancer avec succ\u00e8s.<\/p><p>Cependant, comme notre projet d&#039;acqu\u00e9rir des ch\u00e2teaux abandonn\u00e9s et des propri\u00e9t\u00e9s historiques est colossal, nous aurons besoin de davantage de partenaires pour atteindre nos objectifs \u00e0 court et \u00e0 long terme, \u00e0 savoir acqu\u00e9rir et restaurer des propri\u00e9t\u00e9s critiques afin de les louer \u00e0 des artistes pour la relance de l&#039;industrie du divertissement.<\/p><p>Par cons\u00e9quent, nous recherchons de nouveaux partenariats et vous invitons \u00e0 nous rejoindre dans notre mission visant \u00e0 redonner vie aux monuments historiques afin de fournir aux artistes les meilleures possibilit\u00e9s pour monter un spectacle et attirer de grandes masses vers l&#039;exp\u00e9rience des arts et du divertissement comme jamais auparavant.<\/p>\t\t\t\t\t\t\t\t<\/div>\n\t\t\t\t<\/div>\n\t\t\t\t\t<\/div>\n\t\t<\/div>\n\t\t\t\t\t<\/div>\n\t\t<\/section>\n\t\t\t\t<section class=\"elementor-section elementor-top-section elementor-element elementor-element-70d85dd elementor-section-stretched elementor-section-boxed elementor-section-height-default elementor-section-height-default\" data-id=\"70d85dd\" data-element_type=\"section\" data-settings=\"{&quot;stretch_section&quot;:&quot;section-stretched&quot;}\">\n\t\t\t\t\t\t<div class=\"elementor-container elementor-column-gap-default\">\n\t\t\t\t\t<div class=\"elementor-column elementor-col-100 elementor-top-column elementor-element elementor-element-18927e0\" data-id=\"18927e0\" data-element_type=\"column\" data-settings=\"{&quot;background_background&quot;:&quot;classic&quot;}\">\n\t\t\t<div class=\"elementor-widget-wrap elementor-element-populated\">\n\t\t\t\t\t\t<div class=\"elementor-element elementor-element-0f7e59b elementor-posts__hover-none elementor-grid-3 elementor-grid-tablet-2 elementor-grid-mobile-1 elementor-posts--thumbnail-top elementor-widget elementor-widget-posts\" data-id=\"0f7e59b\" data-element_type=\"widget\" data-settings=\"{&quot;cards_row_gap&quot;:{&quot;unit&quot;:&quot;px&quot;,&quot;size&quot;:15,&quot;sizes&quot;:[]},&quot;cards_columns&quot;:&quot;3&quot;,&quot;cards_columns_tablet&quot;:&quot;2&quot;,&quot;cards_columns_mobile&quot;:&quot;1&quot;,&quot;cards_row_gap_tablet&quot;:{&quot;unit&quot;:&quot;px&quot;,&quot;size&quot;:&quot;&quot;,&quot;sizes&quot;:[]},&quot;cards_row_gap_mobile&quot;:{&quot;unit&quot;:&quot;px&quot;,&quot;size&quot;:&quot;&quot;,&quot;sizes&quot;:[]}}\" data-widget_type=\"posts.cards\">\n\t\t\t\t<div class=\"elementor-widget-container\">\n\t\t\t\t\t\t\t<div class=\"elementor-posts-container elementor-posts elementor-posts--skin-cards elementor-grid\">\n\t\t\t\t<article class=\"elementor-post elementor-grid-item post-1046 post type-post status-publish format-standard has-post-thumbnail hentry category-partners\">\n\t\t\t<div class=\"elementor-post__card\">\n\t\t\t\t<a class=\"elementor-post__thumbnail__link\" href=\"https:\/\/chateauentertainment.co\/fr\/partners\/swiss-financiers\/\" tabindex=\"-1\" ><div class=\"elementor-post__thumbnail\"><img fetchpriority=\"high\" decoding=\"async\" width=\"800\" height=\"450\" src=\"https:\/\/chateauentertainment.co\/wp-content\/uploads\/swiss-financiers-img.jpg\" class=\"attachment-large size-large wp-image-3261\" alt=\"\" srcset=\"https:\/\/chateauentertainment.co\/wp-content\/uploads\/swiss-financiers-img.jpg 800w, https:\/\/chateauentertainment.co\/wp-content\/uploads\/swiss-financiers-img-300x169.jpg 300w, https:\/\/chateauentertainment.co\/wp-content\/uploads\/swiss-financiers-img-768x432.jpg 768w, https:\/\/chateauentertainment.co\/wp-content\/uploads\/swiss-financiers-img-18x10.jpg 18w\" sizes=\"(max-width: 800px) 100vw, 800px\" \/><\/div><\/a>\n\t\t\t\t<div class=\"elementor-post__text\">\n\t\t\t\t<h3 class=\"elementor-post__title\">\n\t\t\t<a href=\"https:\/\/chateauentertainment.co\/fr\/partners\/swiss-financiers\/\" >\n\t\t\t\tFinanciers suisses\t\t\t<\/a>\n\t\t<\/h3>\n\t\t\t\t<div class=\"elementor-post__excerpt\">\n\t\t\t<p>L&#039;\u00e9quipe Swiss Financiers a fait ses preuves en mati\u00e8re d&#039;introduction en bourse d&#039;entreprises, garantissant une proposition de valeur transparente et relutive tout au long\u2026<br \/>\n&nbsp;<\/p>\n<div>\n<div style=\"float:left; width=50%;\">\n<a class=\"elementor-post__read-more\" href=\"\/fr\/partners\/swiss-financiers\/\">En savoir plus &quot;<\/a>\n        <\/div>\n<div style=\"float:right; width=50%;\">\n<a href=\"https:\/\/swissfinanciers.com\/\" target=\"_blank\" class=\"elementor-button-link elementor-button elementor-size-xs\" role=\"button\" rel=\"noopener\"><span class=\"elementor-button-content-wrapper\"><span class=\"elementor-button-text\">Visitez le site Web<\/span><\/span><\/a>\n        <\/div>\n<div style=\"clear:both;\"><\/div>\n<\/div>\n\t\t<\/div>\n\t\t\t\t<\/div>\n\t\t\t\t\t<\/div>\n\t\t<\/article>\n\t\t\t\t<article class=\"elementor-post elementor-grid-item post-1055 post type-post status-publish format-standard has-post-thumbnail hentry category-partners\">\n\t\t\t<div class=\"elementor-post__card\">\n\t\t\t\t<a class=\"elementor-post__thumbnail__link\" href=\"https:\/\/chateauentertainment.co\/fr\/partners\/ipo-institute\/\" tabindex=\"-1\" ><div class=\"elementor-post__thumbnail\"><img decoding=\"async\" width=\"800\" height=\"450\" src=\"https:\/\/chateauentertainment.co\/wp-content\/uploads\/ipoi-img.jpg\" class=\"attachment-large size-large wp-image-3267\" alt=\"\" srcset=\"https:\/\/chateauentertainment.co\/wp-content\/uploads\/ipoi-img.jpg 800w, https:\/\/chateauentertainment.co\/wp-content\/uploads\/ipoi-img-300x169.jpg 300w, https:\/\/chateauentertainment.co\/wp-content\/uploads\/ipoi-img-768x432.jpg 768w, https:\/\/chateauentertainment.co\/wp-content\/uploads\/ipoi-img-18x10.jpg 18w\" sizes=\"(max-width: 800px) 100vw, 800px\" \/><\/div><\/a>\n\t\t\t\t<div class=\"elementor-post__text\">\n\t\t\t\t<h3 class=\"elementor-post__title\">\n\t\t\t<a href=\"https:\/\/chateauentertainment.co\/fr\/partners\/ipo-institute\/\" >\n\t\t\t\tInstitut IPO\t\t\t<\/a>\n\t\t<\/h3>\n\t\t\t\t<div class=\"elementor-post__excerpt\">\n\t\t\t<p>Un centre d\u2019expertise sur l\u2019introduction en bourse, enseignant de vraies connaissances, fournissant des avis, tuant les mythes ou les fausses informations et fournissant une v\u00e9ritable introduction en bourse\u2026<br \/>\n&nbsp;<\/p>\n<div>\n<div style=\"float:left; width=50%;\">\n<a class=\"elementor-post__read-more\" href=\"\/fr\/partners\/ipo-institute\/\">En savoir plus &quot;<\/a>\n        <\/div>\n<div style=\"float:right; width=50%;\">\n<a href=\"https:\/\/ipoinstitute.com\/\" target=\"_blank\" class=\"elementor-button-link elementor-button elementor-size-xs\" role=\"button\" rel=\"noopener\"><span class=\"elementor-button-content-wrapper\"><span class=\"elementor-button-text\">Visitez le site Web<\/span><\/span><\/a>\n        <\/div>\n<div style=\"clear:both;\"><\/div>\n<\/div>\n\t\t<\/div>\n\t\t\t\t<\/div>\n\t\t\t\t\t<\/div>\n\t\t<\/article>\n\t\t\t\t<article class=\"elementor-post elementor-grid-item post-1056 post type-post status-publish format-standard has-post-thumbnail hentry category-partners\">\n\t\t\t<div class=\"elementor-post__card\">\n\t\t\t\t<a class=\"elementor-post__thumbnail__link\" href=\"https:\/\/chateauentertainment.co\/fr\/partners\/deschenaux-partners-llp\/\" tabindex=\"-1\" ><div class=\"elementor-post__thumbnail\"><img decoding=\"async\" width=\"800\" height=\"450\" src=\"https:\/\/chateauentertainment.co\/wp-content\/uploads\/ghd-img.jpg\" class=\"attachment-large size-large wp-image-3271\" alt=\"\" srcset=\"https:\/\/chateauentertainment.co\/wp-content\/uploads\/ghd-img.jpg 800w, https:\/\/chateauentertainment.co\/wp-content\/uploads\/ghd-img-300x169.jpg 300w, https:\/\/chateauentertainment.co\/wp-content\/uploads\/ghd-img-768x432.jpg 768w, https:\/\/chateauentertainment.co\/wp-content\/uploads\/ghd-img-18x10.jpg 18w\" sizes=\"(max-width: 800px) 100vw, 800px\" \/><\/div><\/a>\n\t\t\t\t<div class=\"elementor-post__text\">\n\t\t\t\t<h3 class=\"elementor-post__title\">\n\t\t\t<a href=\"https:\/\/chateauentertainment.co\/fr\/partners\/deschenaux-partners-llp\/\" >\n\t\t\t\tDeschenaux &amp; Associ\u00e9s, LLP\t\t\t<\/a>\n\t\t<\/h3>\n\t\t\t\t<div class=\"elementor-post__excerpt\">\n\t\t\t<p>Nous sommes des juristes financiers internationaux parce que nous pensons que se lancer dans un litige est d\u00e9j\u00e0 un \u00e9chec. Nous n&#039;y croyons pas...<br \/>\n&nbsp;<\/p>\n<div>\n<div style=\"float:left; width=50%;\">\n<a class=\"elementor-post__read-more\" href=\"\/fr\/partners\/greenberg-hornblower-deschenaux-partners-llp\/\">En savoir plus &quot;<\/a>\n        <\/div>\n<div style=\"float:right; width=50%;\">\n<a href=\"https:\/\/ghd-llp.com\/\" target=\"_blank\" class=\"elementor-button-link elementor-button elementor-size-xs\" role=\"button\" rel=\"noopener\"><span class=\"elementor-button-content-wrapper\"><span class=\"elementor-button-text\">Visitez le site Web<\/span><\/span><\/a>\n        <\/div>\n<div style=\"clear:both;\"><\/div>\n<\/div>\n\t\t<\/div>\n\t\t\t\t<\/div>\n\t\t\t\t\t<\/div>\n\t\t<\/article>\n\t\t\t\t<\/div>\n\t\t\n\t\t\t\t\t\t<\/div>\n\t\t\t\t<\/div>\n\t\t\t\t\t<\/div>\n\t\t<\/div>\n\t\t\t\t\t<\/div>\n\t\t<\/section>\n\t\t\t\t<section class=\"elementor-section elementor-top-section elementor-element elementor-element-2db091b elementor-section-boxed elementor-section-height-default elementor-section-height-default\" data-id=\"2db091b\" data-element_type=\"section\" data-settings=\"{&quot;background_background&quot;:&quot;classic&quot;}\">\n\t\t\t\t\t\t<div class=\"elementor-container elementor-column-gap-default\">\n\t\t\t\t\t<div class=\"elementor-column elementor-col-100 elementor-top-column elementor-element elementor-element-9c2a521\" data-id=\"9c2a521\" data-element_type=\"column\">\n\t\t\t<div class=\"elementor-widget-wrap elementor-element-populated\">\n\t\t\t\t\t\t<div class=\"elementor-element elementor-element-9734ffd elementor-widget elementor-widget-heading\" data-id=\"9734ffd\" data-element_type=\"widget\" data-widget_type=\"heading.default\">\n\t\t\t\t<div class=\"elementor-widget-container\">\n\t\t\t\t\t<h3 class=\"elementor-heading-title elementor-size-default\">Pour plus d\u2019informations sur Chateau Entertainment ou pour conclure un partenariat avec nous, contactez-nous d\u00e8s aujourd\u2019hui.<\/h3>\t\t\t\t<\/div>\n\t\t\t\t<\/div>\n\t\t\t\t<div class=\"elementor-element elementor-element-3db00c3 elementor-widget elementor-widget-heading\" data-id=\"3db00c3\" data-element_type=\"widget\" data-widget_type=\"heading.default\">\n\t\t\t\t<div class=\"elementor-widget-container\">\n\t\t\t\t\t<h3 class=\"elementor-heading-title elementor-size-default\">Faisons l&#039;histoire ensemble.<\/h3>\t\t\t\t<\/div>\n\t\t\t\t<\/div>\n\t\t\t\t<div class=\"elementor-element elementor-element-e48e867 elementor-align-center elementor-widget elementor-widget-button\" data-id=\"e48e867\" data-element_type=\"widget\" data-widget_type=\"button.default\">\n\t\t\t\t<div class=\"elementor-widget-container\">\n\t\t\t\t\t\t\t\t\t<div class=\"elementor-button-wrapper\">\n\t\t\t\t\t<a class=\"elementor-button elementor-button-link elementor-size-sm\" href=\"\/fr\/contact\/\">\n\t\t\t\t\t\t<span class=\"elementor-button-content-wrapper\">\n\t\t\t\t\t\t\t\t\t<span class=\"elementor-button-text\">Contacter maintenant<\/span>\n\t\t\t\t\t<\/span>\n\t\t\t\t\t<\/a>\n\t\t\t\t<\/div>\n\t\t\t\t\t\t\t\t<\/div>\n\t\t\t\t<\/div>\n\t\t\t\t\t<\/div>\n\t\t<\/div>\n\t\t\t\t\t<\/div>\n\t\t<\/section>\n\t\t\t\t<\/div>","protected":false},"excerpt":{"rendered":"<p>Ax\u00e9s sur la cr\u00e9ation de partenariats strat\u00e9giques \u00e0 long terme et \u00e0 valeur ajout\u00e9e Chez Chateau Entertainment, nous valorisons nos investisseurs et nos partenaires. Nous pensons que la lev\u00e9e de fonds repr\u00e9sente la moiti\u00e9 du succ\u00e8s de notre SPAC, tandis que l&#039;autre moiti\u00e9 d\u00e9pend de la mani\u00e8re dont nous collaborons avec nos partenaires et utilisons le capital lev\u00e9 pour acqu\u00e9rir des propri\u00e9t\u00e9s cibl\u00e9es. Par cons\u00e9quent, nous nous effor\u00e7ons de travailler avec \u2026 <a title=\"Deschenaux &amp; Associ\u00e9s, S.E.N.C.R.L.\" class=\"read-more\" href=\"https:\/\/chateauentertainment.co\/fr\/partners\/deschenaux-partners-llp\/\" aria-label=\"En savoir plus sur Deschenaux &#038; Partners, LLP\">Lire la suite<\/a><\/p>","protected":false},"author":1,"featured_media":0,"parent":0,"menu_order":25,"comment_status":"closed","ping_status":"closed","template":"","meta":{"footnotes":""},"class_list":["post-505","page","type-page","status-publish","hentry"],"_links":{"self":[{"href":"https:\/\/chateauentertainment.co\/fr\/wp-json\/wp\/v2\/pages\/505","targetHints":{"allow":["GET"]}}],"collection":[{"href":"https:\/\/chateauentertainment.co\/fr\/wp-json\/wp\/v2\/pages"}],"about":[{"href":"https:\/\/chateauentertainment.co\/fr\/wp-json\/wp\/v2\/types\/page"}],"author":[{"embeddable":true,"href":"https:\/\/chateauentertainment.co\/fr\/wp-json\/wp\/v2\/users\/1"}],"replies":[{"embeddable":true,"href":"https:\/\/chateauentertainment.co\/fr\/wp-json\/wp\/v2\/comments?post=505"}],"version-history":[{"count":0,"href":"https:\/\/chateauentertainment.co\/fr\/wp-json\/wp\/v2\/pages\/505\/revisions"}],"wp:attachment":[{"href":"https:\/\/chateauentertainment.co\/fr\/wp-json\/wp\/v2\/media?parent=505"}],"curies":[{"name":"wp","href":"https:\/\/api.w.org\/{rel}","templated":true}]}}