{"id":80,"date":"2020-05-06T14:53:07","date_gmt":"2020-05-06T14:53:07","guid":{"rendered":"https:\/\/new.deschenaux.me\/?page_id=80"},"modified":"2021-09-09T10:39:50","modified_gmt":"2021-09-09T10:39:50","slug":"financials","status":"publish","type":"page","link":"https:\/\/chateauentertainment.co\/fr\/financials\/","title":{"rendered":"Donn\u00e9es financi\u00e8res"},"content":{"rendered":"<div data-elementor-type=\"wp-page\" data-elementor-id=\"80\" class=\"elementor elementor-80\" data-elementor-post-type=\"page\">\n\t\t\t\t\t\t<section class=\"elementor-section elementor-top-section elementor-element elementor-element-8972890 elementor-section-stretched elementor-section-boxed elementor-section-height-default elementor-section-height-default\" data-id=\"8972890\" data-element_type=\"section\" data-settings=\"{&quot;stretch_section&quot;:&quot;section-stretched&quot;}\">\n\t\t\t\t\t\t<div class=\"elementor-container elementor-column-gap-default\">\n\t\t\t\t\t<div class=\"elementor-column elementor-col-100 elementor-top-column elementor-element elementor-element-7cb295a\" data-id=\"7cb295a\" data-element_type=\"column\">\n\t\t\t<div class=\"elementor-widget-wrap elementor-element-populated\">\n\t\t\t\t\t\t<div class=\"elementor-element elementor-element-69689ba elementor-widget elementor-widget-heading\" data-id=\"69689ba\" data-element_type=\"widget\" data-widget_type=\"heading.default\">\n\t\t\t\t<div class=\"elementor-widget-container\">\n\t\t\t\t\t<h3 class=\"elementor-heading-title elementor-size-default\">Nous nous effor\u00e7ons de g\u00e9n\u00e9rer des b\u00e9n\u00e9fices tout en gardant les choses transparentes.<\/h3>\t\t\t\t<\/div>\n\t\t\t\t<\/div>\n\t\t\t\t<div class=\"elementor-element elementor-element-e12b3f3 elementor-widget elementor-widget-text-editor\" data-id=\"e12b3f3\" data-element_type=\"widget\" data-widget_type=\"text-editor.default\">\n\t\t\t\t<div class=\"elementor-widget-container\">\n\t\t\t\t\t\t\t\t\t<p>\u00c0 <strong>Ch\u00e2teau Divertissement SPAC<\/strong>, nous nous concentrons strictement sur la lev\u00e9e de capitaux pour acqu\u00e9rir des <strong>ch\u00e2teaux<\/strong> et <strong>REPERES historiques<\/strong> \u00e0 travers notre <strong>offres publiques initiales<\/strong>. Nous visons \u00e0 g\u00e9n\u00e9rer des flux continus de b\u00e9n\u00e9fices pour nos investisseurs et partenaires.<\/p><p>Pour \u00eatre rentable et durable, nous comptons sur notre \u00e9quipe. La vaste exp\u00e9rience de notre \u00e9quipe de direction dans <strong>affaires financi\u00e8res<\/strong>, <strong>investissements<\/strong>, <strong>capital-risque<\/strong>, <strong>bancaire<\/strong>, et <strong>finance d&#039;entreprise<\/strong> nous permet de proposer des solutions de financement d\u2019introduction en bourse innovantes et ax\u00e9es sur les r\u00e9sultats.<\/p><p>Comme notre entreprise est financ\u00e9e par des investissements et que notre objectif est de g\u00e9n\u00e9rer des b\u00e9n\u00e9fices pour nos investisseurs, nous gardons les choses transparentes. Nous vous donnons acc\u00e8s \u00e0 nos rapports financiers, y compris les bilans, les comptes de profits et pertes et les notes du commissaire aux comptes. Il s&#039;agit de vous fournir une compr\u00e9hension claire et approfondie de la fa\u00e7on dont Chateau Entertainment SPAC a r\u00e9alis\u00e9 ses performances au cours de l&#039;exercice et a atteint les objectifs fix\u00e9s pour l&#039;ann\u00e9e.<\/p>\t\t\t\t\t\t\t\t<\/div>\n\t\t\t\t<\/div>\n\t\t\t\t<div class=\"elementor-element elementor-element-6b2ea2b elementor-widget elementor-widget-heading\" data-id=\"6b2ea2b\" data-element_type=\"widget\" data-widget_type=\"heading.default\">\n\t\t\t\t<div class=\"elementor-widget-container\">\n\t\t\t\t\t<h2 class=\"elementor-heading-title elementor-size-default\">Restez \u00e0 jour et inform\u00e9\u00a0: prenez des d\u00e9cisions d&#039;investissement en toute confiance<\/h2>\t\t\t\t<\/div>\n\t\t\t\t<\/div>\n\t\t\t\t<div class=\"elementor-element elementor-element-138dcd6 elementor-widget elementor-widget-text-editor\" data-id=\"138dcd6\" data-element_type=\"widget\" data-widget_type=\"text-editor.default\">\n\t\t\t\t<div class=\"elementor-widget-container\">\n\t\t\t\t\t\t\t\t\t<p>Nos rapports financiers sont confidentiels et partag\u00e9s uniquement avec nos investisseurs et partenaires. En acc\u00e9dant \u00e0 ces rapports, vous pouvez facilement \u00e9valuer la situation financi\u00e8re, les changements d&#039;entit\u00e9 et les performances de Chateau Entertainment SPAC. Nous vous fournissons des d\u00e9tails complets sur nos activit\u00e9s financi\u00e8res pour savoir o\u00f9 et comment nous investissons les fonds lev\u00e9s et les activit\u00e9s dans lesquelles nous nous engageons pour g\u00e9n\u00e9rer des b\u00e9n\u00e9fices pour les investisseurs.<\/p><p>De plus, ces rapports financiers fournissent d&#039;\u00e9normes informations sur les revenus, les d\u00e9penses, le niveau d&#039;endettement, la rentabilit\u00e9 et la capacit\u00e9 \u00e0 atteindre nos objectifs financiers et d&#039;acquisition \u00e0 court et \u00e0 long terme. Toutes ces informations aident en outre les investisseurs et les partenaires \u00e0 prendre en toute confiance des d\u00e9cisions d&#039;investissement critiques et futures tout en finan\u00e7ant notre entreprise afin de garantir que les besoins en capitaux et les objectifs cibl\u00e9s sont atteints avec succ\u00e8s.<\/p><p>De plus, nous partageons des hypoth\u00e8ses et des projections financi\u00e8res futures afin que nous soyons conscients des meilleures opportunit\u00e9s d&#039;investissement et puissions prendre les d\u00e9cisions \u00e9clair\u00e9es indispensables pour diversifier votre portefeuille d&#039;investissement tout en att\u00e9nuant les risques.<\/p>\t\t\t\t\t\t\t\t<\/div>\n\t\t\t\t<\/div>\n\t\t\t\t\t<\/div>\n\t\t<\/div>\n\t\t\t\t\t<\/div>\n\t\t<\/section>\n\t\t\t\t<section class=\"elementor-section elementor-top-section elementor-element elementor-element-8feeb75 elementor-section-boxed elementor-section-height-default elementor-section-height-default\" data-id=\"8feeb75\" data-element_type=\"section\" data-settings=\"{&quot;background_background&quot;:&quot;classic&quot;}\">\n\t\t\t\t\t\t<div class=\"elementor-container elementor-column-gap-default\">\n\t\t\t\t\t<div class=\"elementor-column elementor-col-100 elementor-top-column elementor-element elementor-element-dcdfc7d\" data-id=\"dcdfc7d\" data-element_type=\"column\">\n\t\t\t<div class=\"elementor-widget-wrap elementor-element-populated\">\n\t\t\t\t\t\t<div class=\"elementor-element elementor-element-e96862f elementor-widget elementor-widget-heading\" data-id=\"e96862f\" data-element_type=\"widget\" data-widget_type=\"heading.default\">\n\t\t\t\t<div class=\"elementor-widget-container\">\n\t\t\t\t\t<h3 class=\"elementor-heading-title elementor-size-default\">Pour plus d\u2019informations ou pour obtenir nos rapports financiers, contactez-nous d\u00e8s aujourd\u2019hui.<\/h3>\t\t\t\t<\/div>\n\t\t\t\t<\/div>\n\t\t\t\t<div class=\"elementor-element elementor-element-2f9ac27 elementor-align-center elementor-widget elementor-widget-button\" data-id=\"2f9ac27\" data-element_type=\"widget\" data-widget_type=\"button.default\">\n\t\t\t\t<div class=\"elementor-widget-container\">\n\t\t\t\t\t\t\t\t\t<div class=\"elementor-button-wrapper\">\n\t\t\t\t\t<a class=\"elementor-button elementor-button-link elementor-size-sm\" href=\"\/fr\/contact\/\">\n\t\t\t\t\t\t<span class=\"elementor-button-content-wrapper\">\n\t\t\t\t\t\t\t\t\t<span class=\"elementor-button-text\">Contacter maintenant<\/span>\n\t\t\t\t\t<\/span>\n\t\t\t\t\t<\/a>\n\t\t\t\t<\/div>\n\t\t\t\t\t\t\t\t<\/div>\n\t\t\t\t<\/div>\n\t\t\t\t\t<\/div>\n\t\t<\/div>\n\t\t\t\t\t<\/div>\n\t\t<\/section>\n\t\t\t\t<\/div>","protected":false},"excerpt":{"rendered":"<p>Nous nous effor\u00e7ons de g\u00e9n\u00e9rer des b\u00e9n\u00e9fices tout en gardant les choses transparentes. Chez Chateau Entertainment SPAC, nous nous concentrons strictement sur la lev\u00e9e de capitaux pour acqu\u00e9rir des ch\u00e2teaux abandonn\u00e9s et des monuments historiques par le biais de nos offres publiques initiales. Notre objectif est de g\u00e9n\u00e9rer des flux continus de b\u00e9n\u00e9fices pour nos investisseurs et partenaires. Pour \u00eatre rentables et durables, nous comptons sur notre \u00e9quipe. \u2026 <a title=\"Donn\u00e9es financi\u00e8res\" class=\"read-more\" href=\"https:\/\/chateauentertainment.co\/fr\/financials\/\" aria-label=\"En savoir plus sur Financials\">Lire la suite<\/a><\/p>","protected":false},"author":1,"featured_media":0,"parent":0,"menu_order":13,"comment_status":"closed","ping_status":"closed","template":"","meta":{"footnotes":""},"class_list":["post-80","page","type-page","status-publish"],"_links":{"self":[{"href":"https:\/\/chateauentertainment.co\/fr\/wp-json\/wp\/v2\/pages\/80","targetHints":{"allow":["GET"]}}],"collection":[{"href":"https:\/\/chateauentertainment.co\/fr\/wp-json\/wp\/v2\/pages"}],"about":[{"href":"https:\/\/chateauentertainment.co\/fr\/wp-json\/wp\/v2\/types\/page"}],"author":[{"embeddable":true,"href":"https:\/\/chateauentertainment.co\/fr\/wp-json\/wp\/v2\/users\/1"}],"replies":[{"embeddable":true,"href":"https:\/\/chateauentertainment.co\/fr\/wp-json\/wp\/v2\/comments?post=80"}],"version-history":[{"count":0,"href":"https:\/\/chateauentertainment.co\/fr\/wp-json\/wp\/v2\/pages\/80\/revisions"}],"wp:attachment":[{"href":"https:\/\/chateauentertainment.co\/fr\/wp-json\/wp\/v2\/media?parent=80"}],"curies":[{"name":"wp","href":"https:\/\/api.w.org\/{rel}","templated":true}]}}