{"id":81,"date":"2020-05-06T14:53:39","date_gmt":"2020-05-06T14:53:39","guid":{"rendered":"https:\/\/new.deschenaux.me\/?page_id=81"},"modified":"2022-09-07T15:41:10","modified_gmt":"2022-09-07T15:41:10","slug":"news","status":"publish","type":"page","link":"https:\/\/chateauentertainment.co\/fr\/news\/","title":{"rendered":"Nouvelles"},"content":{"rendered":"<div data-elementor-type=\"wp-page\" data-elementor-id=\"81\" class=\"elementor elementor-81\" data-elementor-post-type=\"page\">\n\t\t\t\t\t\t<section class=\"elementor-section elementor-top-section elementor-element elementor-element-b6a7089 elementor-section-stretched elementor-section-boxed elementor-section-height-default elementor-section-height-default\" data-id=\"b6a7089\" data-element_type=\"section\" data-settings=\"{&quot;stretch_section&quot;:&quot;section-stretched&quot;}\">\n\t\t\t\t\t\t<div class=\"elementor-container elementor-column-gap-default\">\n\t\t\t\t\t<div class=\"elementor-column elementor-col-100 elementor-top-column elementor-element elementor-element-341ddaf\" data-id=\"341ddaf\" data-element_type=\"column\" data-settings=\"{&quot;background_background&quot;:&quot;classic&quot;}\">\n\t\t\t<div class=\"elementor-widget-wrap elementor-element-populated\">\n\t\t\t\t\t\t<div class=\"elementor-element elementor-element-d1b3fd7 elementor-widget elementor-widget-heading\" data-id=\"d1b3fd7\" data-element_type=\"widget\" data-widget_type=\"heading.default\">\n\t\t\t\t<div class=\"elementor-widget-container\">\n\t\t\t\t\t<h3 class=\"elementor-heading-title elementor-size-default\">Restez \u00e0 jour. Bien inform\u00e9.<\/h3>\t\t\t\t<\/div>\n\t\t\t\t<\/div>\n\t\t\t\t<div class=\"elementor-element elementor-element-3c54445 elementor-widget elementor-widget-text-editor\" data-id=\"3c54445\" data-element_type=\"widget\" data-widget_type=\"text-editor.default\">\n\t\t\t\t<div class=\"elementor-widget-container\">\n\t\t\t\t\t\t\t\t\t<p>L&#039;industrie du divertissement est volatile et tr\u00e8s dynamique. Il s\u2019agit de l\u2019une des industries les plus durement touch\u00e9es pendant la pand\u00e9mie, car toutes les possibilit\u00e9s de divertissement en direct ont \u00e9t\u00e9 ferm\u00e9es. Apr\u00e8s la pand\u00e9mie, nous avons assist\u00e9 \u00e0 un nouveau changement avec une croissance croissante des concurrents en ligne.<\/p><p>Cependant, chez Chateau Entertainment, nous pensons qu&#039;il n&#039;y a pas de substitut au divertissement en direct et sur sc\u00e8ne. C&#039;est pourquoi nous avons d\u00e9cid\u00e9 de relancer l&#039;industrie en redonnant vie aux ch\u00e2teaux historiques et embl\u00e9matiques, puis en les louant \u00e0 des artistes pour attirer le public et g\u00e9n\u00e9rer des b\u00e9n\u00e9fices pour nos investisseurs.<\/p><p>Avec l\u2019arriv\u00e9e de nouveaux concurrents sur le march\u00e9 et la mise en \u0153uvre de strat\u00e9gies pour relancer l\u2019industrie apr\u00e8s la pand\u00e9mie, il est crucial que toutes les personnes associ\u00e9es \u00e0 l\u2019industrie se tiennent au courant des derni\u00e8res nouveaut\u00e9s afin de prendre des d\u00e9cisions \u00e9clair\u00e9es. C&#039;est pourquoi nous vous recommandons de visiter r\u00e9guli\u00e8rement notre section d&#039;actualit\u00e9s pour vous assurer que vous \u00eates bien au courant des derniers d\u00e9veloppements de l&#039;industrie.<\/p><p>Chez Chateau Entertainment, gr\u00e2ce \u00e0 notre section d&#039;actualit\u00e9s, nous tenons nos investisseurs, partenaires, magiciens et artistes au courant de notre projet SPAC, des nouvelles \u00e9tapes, des opportunit\u00e9s d&#039;investissement et des d\u00e9veloppements globaux de l&#039;industrie. Nous partagerons avec vous toutes les actualit\u00e9s li\u00e9es \u00e0 nos :<\/p>\t\t\t\t\t\t\t\t<\/div>\n\t\t\t\t<\/div>\n\t\t\t\t<div class=\"elementor-element elementor-element-058ff79 elementor-icon-list--layout-traditional elementor-list-item-link-full_width elementor-widget elementor-widget-icon-list\" data-id=\"058ff79\" data-element_type=\"widget\" data-widget_type=\"icon-list.default\">\n\t\t\t\t<div class=\"elementor-widget-container\">\n\t\t\t\t\t\t\t<ul class=\"elementor-icon-list-items\">\n\t\t\t\t\t\t\t<li class=\"elementor-icon-list-item\">\n\t\t\t\t\t\t\t\t\t\t\t<span class=\"elementor-icon-list-icon\">\n\t\t\t\t\t\t\t<i aria-hidden=\"true\" class=\"fas fa-dot-circle\"><\/i>\t\t\t\t\t\t<\/span>\n\t\t\t\t\t\t\t\t\t\t<span class=\"elementor-icon-list-text\">Nouvelles acquisitions (telles que l&#039;emplacement et les noms des ch\u00e2teaux abandonn\u00e9s et des propri\u00e9t\u00e9s historiques que nous continuons d&#039;acqu\u00e9rir et de rajeunir)<\/span>\n\t\t\t\t\t\t\t\t\t<\/li>\n\t\t\t\t\t\t\t\t<li class=\"elementor-icon-list-item\">\n\t\t\t\t\t\t\t\t\t\t\t<span class=\"elementor-icon-list-icon\">\n\t\t\t\t\t\t\t<i aria-hidden=\"true\" class=\"fas fa-dot-circle\"><\/i>\t\t\t\t\t\t<\/span>\n\t\t\t\t\t\t\t\t\t\t<span class=\"elementor-icon-list-text\">Partenariats (nouveaux partenaires qui s&#039;unissent, notamment des investisseurs et des artistes)<\/span>\n\t\t\t\t\t\t\t\t\t<\/li>\n\t\t\t\t\t\t\t\t<li class=\"elementor-icon-list-item\">\n\t\t\t\t\t\t\t\t\t\t\t<span class=\"elementor-icon-list-icon\">\n\t\t\t\t\t\t\t<i aria-hidden=\"true\" class=\"fas fa-dot-circle\"><\/i>\t\t\t\t\t\t<\/span>\n\t\t\t\t\t\t\t\t\t\t<span class=\"elementor-icon-list-text\">Financement en capital (fonds organis\u00e9s d&#039;o\u00f9 et comment, et capital requis)<\/span>\n\t\t\t\t\t\t\t\t\t<\/li>\n\t\t\t\t\t\t\t\t<li class=\"elementor-icon-list-item\">\n\t\t\t\t\t\t\t\t\t\t\t<span class=\"elementor-icon-list-icon\">\n\t\t\t\t\t\t\t<i aria-hidden=\"true\" class=\"fas fa-dot-circle\"><\/i>\t\t\t\t\t\t<\/span>\n\t\t\t\t\t\t\t\t\t\t<span class=\"elementor-icon-list-text\">Travaux de restauration (travaux en cours, en cours ou projets termin\u00e9s)<\/span>\n\t\t\t\t\t\t\t\t\t<\/li>\n\t\t\t\t\t\t\t\t<li class=\"elementor-icon-list-item\">\n\t\t\t\t\t\t\t\t\t\t\t<span class=\"elementor-icon-list-icon\">\n\t\t\t\t\t\t\t<i aria-hidden=\"true\" class=\"fas fa-dot-circle\"><\/i>\t\t\t\t\t\t<\/span>\n\t\t\t\t\t\t\t\t\t\t<span class=\"elementor-icon-list-text\">Transactions (transactions que nous attendons avec impatience et que nous avons r\u00e9alis\u00e9es avec succ\u00e8s)<\/span>\n\t\t\t\t\t\t\t\t\t<\/li>\n\t\t\t\t\t\t\t\t<li class=\"elementor-icon-list-item\">\n\t\t\t\t\t\t\t\t\t\t\t<span class=\"elementor-icon-list-icon\">\n\t\t\t\t\t\t\t<i aria-hidden=\"true\" class=\"fas fa-dot-circle\"><\/i>\t\t\t\t\t\t<\/span>\n\t\t\t\t\t\t\t\t\t\t<span class=\"elementor-icon-list-text\">Opportunit\u00e9s d&#039;investissement (avenues rentables pour diversifier et d\u00e9velopper votre portefeuille)<\/span>\n\t\t\t\t\t\t\t\t\t<\/li>\n\t\t\t\t\t\t<\/ul>\n\t\t\t\t\t\t<\/div>\n\t\t\t\t<\/div>\n\t\t\t\t<div class=\"elementor-element elementor-element-d103b55 elementor-widget elementor-widget-text-editor\" data-id=\"d103b55\" data-element_type=\"widget\" data-widget_type=\"text-editor.default\">\n\t\t\t\t<div class=\"elementor-widget-container\">\n\t\t\t\t\t\t\t\t\t<p>Nous veillons \u00e0 ce que vous disposiez d&#039;informations authentiques et pr\u00e9cises afin que vous soyez inform\u00e9 pour prendre les bonnes d\u00e9cisions d&#039;investissement en temps r\u00e9el, augmentant ainsi votre portefeuille tout en att\u00e9nuant les risques.<\/p><p>Dans cette section, nous partagerons des ressources, des guides d&#039;investissement, des communiqu\u00e9s de presse, des actualit\u00e9s du secteur, des rapports financiers et bien plus encore. Nous continuerons \u00e0 vous tenir au courant de tous les derniers \u00e9v\u00e9nements en temps r\u00e9el.<\/p>\t\t\t\t\t\t\t\t<\/div>\n\t\t\t\t<\/div>\n\t\t\t\t<div class=\"elementor-element elementor-element-b6e7ab0 elementor-posts__hover-none elementor-hidden-desktop elementor-hidden-tablet elementor-hidden-mobile elementor-grid-3 elementor-grid-tablet-2 elementor-grid-mobile-1 elementor-posts--thumbnail-top elementor-widget elementor-widget-posts\" data-id=\"b6e7ab0\" data-element_type=\"widget\" data-settings=\"{&quot;cards_row_gap&quot;:{&quot;unit&quot;:&quot;px&quot;,&quot;size&quot;:15,&quot;sizes&quot;:[]},&quot;cards_columns&quot;:&quot;3&quot;,&quot;cards_columns_tablet&quot;:&quot;2&quot;,&quot;cards_columns_mobile&quot;:&quot;1&quot;,&quot;cards_row_gap_tablet&quot;:{&quot;unit&quot;:&quot;px&quot;,&quot;size&quot;:&quot;&quot;,&quot;sizes&quot;:[]},&quot;cards_row_gap_mobile&quot;:{&quot;unit&quot;:&quot;px&quot;,&quot;size&quot;:&quot;&quot;,&quot;sizes&quot;:[]}}\" data-widget_type=\"posts.cards\">\n\t\t\t\t<div class=\"elementor-widget-container\">\n\t\t\t\t\t\t\t<div class=\"elementor-posts-container elementor-posts elementor-posts--skin-cards elementor-grid\">\n\t\t\t\t<article class=\"elementor-post elementor-grid-item post-1020 post type-post status-publish format-standard has-post-thumbnail hentry category-news\">\n\t\t\t<div class=\"elementor-post__card\">\n\t\t\t\t<a class=\"elementor-post__thumbnail__link\" href=\"https:\/\/chateauentertainment.co\/fr\/news\/news-1\/\" tabindex=\"-1\" ><div class=\"elementor-post__thumbnail\"><img fetchpriority=\"high\" decoding=\"async\" width=\"900\" height=\"600\" src=\"https:\/\/chateauentertainment.co\/wp-content\/uploads\/2020\/05\/initial-advice.jpg\" class=\"attachment-large size-large wp-image-35\" alt=\"\" srcset=\"https:\/\/chateauentertainment.co\/wp-content\/uploads\/2020\/05\/initial-advice.jpg 900w, https:\/\/chateauentertainment.co\/wp-content\/uploads\/2020\/05\/initial-advice-600x400.jpg 600w, https:\/\/chateauentertainment.co\/wp-content\/uploads\/2020\/05\/initial-advice-300x200.jpg 300w, https:\/\/chateauentertainment.co\/wp-content\/uploads\/2020\/05\/initial-advice-768x512.jpg 768w\" sizes=\"(max-width: 900px) 100vw, 900px\" \/><\/div><\/a>\n\t\t\t\t<div class=\"elementor-post__text\">\n\t\t\t\t<h3 class=\"elementor-post__title\">\n\t\t\t<a href=\"https:\/\/chateauentertainment.co\/fr\/news\/news-1\/\" >\n\t\t\t\tActualit\u00e9s 1\t\t\t<\/a>\n\t\t<\/h3>\n\t\t\t\t<div class=\"elementor-post__excerpt\">\n\t\t\t<p>La premi\u00e8re phrase de l&#039;article appara\u00eetra ici, et vous pourrez la modifier dans le<\/p>\n\t\t<\/div>\n\t\t\n\t\t<a class=\"elementor-post__read-more\" href=\"https:\/\/chateauentertainment.co\/fr\/news\/news-1\/\" aria-label=\"En savoir plus sur News 1\" tabindex=\"-1\" >\n\t\t\tEn savoir plus &quot;\t\t<\/a>\n\n\t\t\t\t<\/div>\n\t\t\t\t\t<\/div>\n\t\t<\/article>\n\t\t\t\t<article class=\"elementor-post elementor-grid-item post-1019 post type-post status-publish format-standard has-post-thumbnail hentry category-news\">\n\t\t\t<div class=\"elementor-post__card\">\n\t\t\t\t<a class=\"elementor-post__thumbnail__link\" href=\"https:\/\/chateauentertainment.co\/fr\/news\/news-2\/\" tabindex=\"-1\" ><div class=\"elementor-post__thumbnail\"><img decoding=\"async\" width=\"600\" height=\"450\" src=\"https:\/\/chateauentertainment.co\/wp-content\/uploads\/2020\/05\/companies.jpg\" class=\"attachment-large size-large wp-image-34\" alt=\"\" srcset=\"https:\/\/chateauentertainment.co\/wp-content\/uploads\/2020\/05\/companies.jpg 600w, https:\/\/chateauentertainment.co\/wp-content\/uploads\/2020\/05\/companies-300x225.jpg 300w\" sizes=\"(max-width: 600px) 100vw, 600px\" \/><\/div><\/a>\n\t\t\t\t<div class=\"elementor-post__text\">\n\t\t\t\t<h3 class=\"elementor-post__title\">\n\t\t\t<a href=\"https:\/\/chateauentertainment.co\/fr\/news\/news-2\/\" >\n\t\t\t\tActualit\u00e9s 2\t\t\t<\/a>\n\t\t<\/h3>\n\t\t\t\t<div class=\"elementor-post__excerpt\">\n\t\t\t<p>Les 2 premi\u00e8res phrases de l&#039;article appara\u00eetront ici, et vous pourrez les modifier dans le<\/p>\n\t\t<\/div>\n\t\t\n\t\t<a class=\"elementor-post__read-more\" href=\"https:\/\/chateauentertainment.co\/fr\/news\/news-2\/\" aria-label=\"En savoir plus sur News 2\" tabindex=\"-1\" >\n\t\t\tEn savoir plus &quot;\t\t<\/a>\n\n\t\t\t\t<\/div>\n\t\t\t\t\t<\/div>\n\t\t<\/article>\n\t\t\t\t<article class=\"elementor-post elementor-grid-item post-1017 post type-post status-publish format-standard has-post-thumbnail hentry category-news\">\n\t\t\t<div class=\"elementor-post__card\">\n\t\t\t\t<a class=\"elementor-post__thumbnail__link\" href=\"https:\/\/chateauentertainment.co\/fr\/news\/news-3\/\" tabindex=\"-1\" ><div class=\"elementor-post__thumbnail\"><img decoding=\"async\" width=\"600\" height=\"450\" src=\"https:\/\/chateauentertainment.co\/wp-content\/uploads\/2020\/05\/invididuals.jpg\" class=\"attachment-large size-large wp-image-33\" alt=\"\" srcset=\"https:\/\/chateauentertainment.co\/wp-content\/uploads\/2020\/05\/invididuals.jpg 600w, https:\/\/chateauentertainment.co\/wp-content\/uploads\/2020\/05\/invididuals-300x225.jpg 300w\" sizes=\"(max-width: 600px) 100vw, 600px\" \/><\/div><\/a>\n\t\t\t\t<div class=\"elementor-post__text\">\n\t\t\t\t<h3 class=\"elementor-post__title\">\n\t\t\t<a href=\"https:\/\/chateauentertainment.co\/fr\/news\/news-3\/\" >\n\t\t\t\tActualit\u00e9s 3\t\t\t<\/a>\n\t\t<\/h3>\n\t\t\t\t<div class=\"elementor-post__excerpt\">\n\t\t\t<p>Les 3 premi\u00e8res phrases de l&#039;article appara\u00eetront ici, et vous pourrez les modifier dans le<\/p>\n\t\t<\/div>\n\t\t\n\t\t<a class=\"elementor-post__read-more\" href=\"https:\/\/chateauentertainment.co\/fr\/news\/news-3\/\" aria-label=\"En savoir plus sur News 3\" tabindex=\"-1\" >\n\t\t\tEn savoir plus &quot;\t\t<\/a>\n\n\t\t\t\t<\/div>\n\t\t\t\t\t<\/div>\n\t\t<\/article>\n\t\t\t\t<\/div>\n\t\t\n\t\t\t\t\t\t<\/div>\n\t\t\t\t<\/div>\n\t\t\t\t\t<\/div>\n\t\t<\/div>\n\t\t\t\t\t<\/div>\n\t\t<\/section>\n\t\t\t\t<\/div>","protected":false},"excerpt":{"rendered":"<p>Restez \u00e0 jour. Bien inform\u00e9. L&#039;industrie du divertissement est volatile et tr\u00e8s dynamique. Elle a \u00e9t\u00e9 l&#039;une des industries les plus durement touch\u00e9es pendant la pand\u00e9mie, car toutes les possibilit\u00e9s de divertissement en direct ont \u00e9t\u00e9 ferm\u00e9es. Apr\u00e8s la pand\u00e9mie, nous avons assist\u00e9 \u00e0 un nouveau changement avec une croissance croissante des concurrents en ligne. Cependant, chez Chateau Entertainment, nous pensons qu&#039;il y a... <a title=\"Actualit\u00e9s 3\" class=\"read-more\" href=\"https:\/\/chateauentertainment.co\/fr\/news\/news-3\/\" aria-label=\"En savoir plus sur News 3\">Lire la suite<\/a><\/p>","protected":false},"author":1,"featured_media":0,"parent":0,"menu_order":20,"comment_status":"closed","ping_status":"closed","template":"","meta":{"footnotes":""},"class_list":["post-81","page","type-page","status-publish","hentry"],"_links":{"self":[{"href":"https:\/\/chateauentertainment.co\/fr\/wp-json\/wp\/v2\/pages\/81","targetHints":{"allow":["GET"]}}],"collection":[{"href":"https:\/\/chateauentertainment.co\/fr\/wp-json\/wp\/v2\/pages"}],"about":[{"href":"https:\/\/chateauentertainment.co\/fr\/wp-json\/wp\/v2\/types\/page"}],"author":[{"embeddable":true,"href":"https:\/\/chateauentertainment.co\/fr\/wp-json\/wp\/v2\/users\/1"}],"replies":[{"embeddable":true,"href":"https:\/\/chateauentertainment.co\/fr\/wp-json\/wp\/v2\/comments?post=81"}],"version-history":[{"count":0,"href":"https:\/\/chateauentertainment.co\/fr\/wp-json\/wp\/v2\/pages\/81\/revisions"}],"wp:attachment":[{"href":"https:\/\/chateauentertainment.co\/fr\/wp-json\/wp\/v2\/media?parent=81"}],"curies":[{"name":"wp","href":"https:\/\/api.w.org\/{rel}","templated":true}]}}