{"id":83,"date":"2020-05-06T14:53:32","date_gmt":"2020-05-06T14:53:32","guid":{"rendered":"https:\/\/new.deschenaux.me\/?page_id=83"},"modified":"2022-08-07T20:27:11","modified_gmt":"2022-08-07T20:27:11","slug":"team","status":"publish","type":"page","link":"https:\/\/chateauentertainment.co\/fr\/team\/","title":{"rendered":"\u00c9quipe"},"content":{"rendered":"<div data-elementor-type=\"wp-page\" data-elementor-id=\"83\" class=\"elementor elementor-83\" data-elementor-post-type=\"page\">\n\t\t\t\t\t\t<section class=\"elementor-section elementor-top-section elementor-element elementor-element-4c09c46 elementor-section-stretched elementor-section-boxed elementor-section-height-default elementor-section-height-default\" data-id=\"4c09c46\" data-element_type=\"section\" data-settings=\"{&quot;stretch_section&quot;:&quot;section-stretched&quot;}\">\n\t\t\t\t\t\t<div class=\"elementor-container elementor-column-gap-default\">\n\t\t\t\t\t<div class=\"elementor-column elementor-col-100 elementor-top-column elementor-element elementor-element-6a4d63a\" data-id=\"6a4d63a\" data-element_type=\"column\">\n\t\t\t<div class=\"elementor-widget-wrap elementor-element-populated\">\n\t\t\t\t\t\t<div class=\"elementor-element elementor-element-3576b00 elementor-widget elementor-widget-heading\" data-id=\"3576b00\" data-element_type=\"widget\" data-widget_type=\"heading.default\">\n\t\t\t\t<div class=\"elementor-widget-container\">\n\t\t\t\t\t<h3 class=\"elementor-heading-title elementor-size-default\">Passionn\u00e9. Exp\u00e9riment\u00e9. Conduit.<\/h3>\t\t\t\t<\/div>\n\t\t\t\t<\/div>\n\t\t\t\t<div class=\"elementor-element elementor-element-646c58f elementor-widget elementor-widget-text-editor\" data-id=\"646c58f\" data-element_type=\"widget\" data-widget_type=\"text-editor.default\">\n\t\t\t\t<div class=\"elementor-widget-container\">\n\t\t\t\t\t\t\t\t\t<p>Chateau Entertainment est fier d&#039;avoir une \u00e9quipe de personnes partageant les m\u00eames id\u00e9es, exp\u00e9riment\u00e9es, passionn\u00e9es et d\u00e9termin\u00e9es \u00e0 assurer le succ\u00e8s de ses investisseurs et partenaires. Notre \u00e9quipe est dirig\u00e9e par Marc Deschenaux, associ\u00e9 fondateur de Swiss Financiers et expert de renomm\u00e9e mondiale en finance d&#039;entreprise. Deschenaux poss\u00e8de \u00e0 son actif une riche exp\u00e9rience en gestion, innovation, leadership et gouvernance. Cette exp\u00e9rience, combin\u00e9e \u00e0 son expertise en investissement et en capital-risque, garantit que le succ\u00e8s est in\u00e9vitable.<\/p><p>Chez Chateau Entertainment, notre \u00e9quipe, sous la direction et la direction solides de Marc Deschenaux, se concentre sur l&#039;offre d&#039;opportunit\u00e9s d&#039;investissement g\u00e9n\u00e9ratrices de profits \u00e0 nos investisseurs et la croissance de leurs portefeuilles.<\/p><p>Nous recherchons et acqu\u00e9rons activement des ch\u00e2teaux abandonn\u00e9s et des propri\u00e9t\u00e9s historiques \u00e0 des prix abordables. Une fois acquises par Chateau Entertainment SPAC, nous passerons \u00e0 l&#039;\u00e9tape suivante, rajeunir ces propri\u00e9t\u00e9s en restaurant leur attrait visuel tout en gardant leur h\u00e9ritage intact. Notre \u00e9quipe ne s&#039;arr\u00eate pas l\u00e0.<\/p><p>La renaissance de ces propri\u00e9t\u00e9s abandonn\u00e9es augmentera instantan\u00e9ment leur demande. Cependant, nous visons \u00e0 exploiter la forte demande pour ces propri\u00e9t\u00e9s dans le meilleur int\u00e9r\u00eat de nos investisseurs et partenaires en les louant \u00e0 des artistes, des magiciens et des artistes qui poss\u00e8dent l&#039;art et l&#039;artisanat n\u00e9cessaires pour attirer les masses et g\u00e9n\u00e9rer des flux de revenus continus. \u00c0 mesure que la popularit\u00e9 augmente, les b\u00e9n\u00e9fices de nos investisseurs augmentent \u00e9galement. C\u2019est ainsi que notre \u00e9quipe s\u2019efforce de fournir des retours sur investissements \u00e9lev\u00e9s.<\/p><p>Nous continuons \u00e0 travailler avec diligence et \u00e0 organiser des financements en capital pour de nouvelles acquisitions immobili\u00e8res. Pour notre \u00e9quipe, il s\u2019agit d\u2019une entreprise qui relancera l\u2019industrie du divertissement, redonnera vie \u00e0 des propri\u00e9t\u00e9s abandonn\u00e9es et historiques et se r\u00e9v\u00e9lera \u00eatre une source de profits pour nos investisseurs. Nous sommes pr\u00eats \u00e0 entrer dans l&#039;histoire.<\/p>\t\t\t\t\t\t\t\t<\/div>\n\t\t\t\t<\/div>\n\t\t\t\t\t<\/div>\n\t\t<\/div>\n\t\t\t\t\t<\/div>\n\t\t<\/section>\n\t\t\t\t<section class=\"elementor-section elementor-top-section elementor-element elementor-element-65d2e74c elementor-section-content-middle elementor-section-stretched elementor-section-boxed elementor-section-height-default elementor-section-height-default\" data-id=\"65d2e74c\" data-element_type=\"section\" data-settings=\"{&quot;stretch_section&quot;:&quot;section-stretched&quot;,&quot;background_background&quot;:&quot;classic&quot;}\">\n\t\t\t\t\t\t<div class=\"elementor-container elementor-column-gap-narrow\">\n\t\t\t\t\t<div class=\"elementor-column elementor-col-100 elementor-top-column elementor-element elementor-element-2d50462\" data-id=\"2d50462\" data-element_type=\"column\">\n\t\t\t<div class=\"elementor-widget-wrap elementor-element-populated\">\n\t\t\t\t\t\t<div class=\"elementor-element elementor-element-c67c9b0 elementor-posts--align-center elementor-grid-3 elementor-grid-tablet-2 elementor-grid-mobile-1 elementor-posts--thumbnail-top elementor-widget elementor-widget-posts\" data-id=\"c67c9b0\" data-element_type=\"widget\" data-settings=\"{&quot;classic_row_gap&quot;:{&quot;unit&quot;:&quot;px&quot;,&quot;size&quot;:15,&quot;sizes&quot;:[]},&quot;classic_columns&quot;:&quot;3&quot;,&quot;classic_columns_tablet&quot;:&quot;2&quot;,&quot;classic_columns_mobile&quot;:&quot;1&quot;,&quot;classic_row_gap_tablet&quot;:{&quot;unit&quot;:&quot;px&quot;,&quot;size&quot;:&quot;&quot;,&quot;sizes&quot;:[]},&quot;classic_row_gap_mobile&quot;:{&quot;unit&quot;:&quot;px&quot;,&quot;size&quot;:&quot;&quot;,&quot;sizes&quot;:[]}}\" data-widget_type=\"posts.classic\">\n\t\t\t\t<div class=\"elementor-widget-container\">\n\t\t\t\t\t\t\t<div class=\"elementor-posts-container elementor-posts elementor-posts--skin-classic elementor-grid\">\n\t\t\t\t<article class=\"elementor-post elementor-grid-item post-3471 post type-post status-publish format-standard has-post-thumbnail hentry category-board-of-directors category-management category-team\">\n\t\t\t\t<a class=\"elementor-post__thumbnail__link\" href=\"https:\/\/chateauentertainment.co\/fr\/team\/mark-setteducati-2\/\" tabindex=\"-1\" >\n\t\t\t<div class=\"elementor-post__thumbnail\"><img fetchpriority=\"high\" decoding=\"async\" width=\"1024\" height=\"682\" src=\"https:\/\/chateauentertainment.co\/wp-content\/uploads\/Mark_Setteducati-1024x682.jpeg\" class=\"attachment-large size-large wp-image-3488\" alt=\"Mark Setteducati\" \/><\/div>\n\t\t<\/a>\n\t\t\t\t<div class=\"elementor-post__text\">\n\t\t\t\t<h3 class=\"elementor-post__title\">\n\t\t\t<a href=\"https:\/\/chateauentertainment.co\/fr\/team\/mark-setteducati-2\/\" >\n\t\t\t\tMarc Setteducati\t\t\t<\/a>\n\t\t<\/h3>\n\t\t\t\t<div class=\"elementor-post__excerpt\">\n\t\t\t<h3>Pr\u00e9sident<\/h3>\n<p style=\"text-align:justify;\">Mark Setteducati (n\u00e9 le 1er novembre 1955) est un magicien am\u00e9ricain et inventeur de magie, d&#039;illusions, de jeux et de puzzles. Il est \u00e9galement un auteur, connu pour le livre The Magic Show et pr\u00e9sent\u00e9 sur PBS Inventors. Setteducati est n\u00e9 \u00e0 New York, NY et a grandi \u00e0 Emerson, New Jersey.<\/p>\n<p>&nbsp;<br \/>\n<a class=\"elementor-icon elementor-social-icon elementor-social-icon-linkedin elementor-repeater-item-c605892\" href=\"https:\/\/www.linkedin.com\/in\/mark-setteducati-3519a027\/\" target=\"_blank\" rel=\"noopener noreferrer\"><i class=\"fab fa-linkedin\"><\/i><\/a><\/p>\n\t\t<\/div>\n\t\t\n\t\t<a class=\"elementor-post__read-more\" href=\"https:\/\/chateauentertainment.co\/fr\/team\/mark-setteducati-2\/\" aria-label=\"En savoir plus sur Mark Setteducati\" tabindex=\"-1\" >\n\t\t\tSavoir plus &quot;\t\t<\/a>\n\n\t\t\t\t<\/div>\n\t\t\t\t<\/article>\n\t\t\t\t<article class=\"elementor-post elementor-grid-item post-2791 post type-post status-publish format-standard has-post-thumbnail hentry category-board-of-directors category-management category-team\">\n\t\t\t\t<a class=\"elementor-post__thumbnail__link\" href=\"https:\/\/chateauentertainment.co\/fr\/team\/marc-deschenaux\/\" tabindex=\"-1\" >\n\t\t\t<div class=\"elementor-post__thumbnail\"><img decoding=\"async\" width=\"585\" height=\"585\" src=\"https:\/\/chateauentertainment.co\/wp-content\/uploads\/Marc-Deschenaux_CFO.jpg\" class=\"attachment-large size-large wp-image-3506\" alt=\"Marc Deschenaux\" srcset=\"https:\/\/chateauentertainment.co\/wp-content\/uploads\/Marc-Deschenaux_CFO.jpg 585w, https:\/\/chateauentertainment.co\/wp-content\/uploads\/Marc-Deschenaux_CFO-300x300.jpg 300w, https:\/\/chateauentertainment.co\/wp-content\/uploads\/Marc-Deschenaux_CFO-150x150.jpg 150w, https:\/\/chateauentertainment.co\/wp-content\/uploads\/Marc-Deschenaux_CFO-12x12.jpg 12w\" sizes=\"(max-width: 585px) 100vw, 585px\" \/><\/div>\n\t\t<\/a>\n\t\t\t\t<div class=\"elementor-post__text\">\n\t\t\t\t<h3 class=\"elementor-post__title\">\n\t\t\t<a href=\"https:\/\/chateauentertainment.co\/fr\/team\/marc-deschenaux\/\" >\n\t\t\t\tMarc Deschenaux\t\t\t<\/a>\n\t\t<\/h3>\n\t\t\t\t<div class=\"elementor-post__excerpt\">\n\t\t\t<h3>Directeur financier<\/h3>\n<p style=\"text-align:justify;\">Marc Deschenaux est un expert mondial en Corporate Finance depuis les offres priv\u00e9es jusqu&#039;aux introductions en bourse (IPO). Il a lev\u00e9 des capitaux priv\u00e9s et publics, des capitaux propres et des dettes, pour des entreprises internationales. Il a \u00e9galement financ\u00e9 divers types d&#039;op\u00e9rations, depuis les op\u00e9rations d&#039;import\/export jusqu&#039;aux fonds de placement immobilier et organis\u00e9 des pr\u00eats gouvernementaux.<\/p>\n<p>&nbsp;<br \/>\n<a class=\"elementor-icon elementor-social-icon elementor-social-icon-linkedin elementor-repeater-item-c605892\" href=\"https:\/\/www.linkedin.com\/in\/marcdeschenaux\/\" target=\"_blank\" rel=\"noopener noreferrer\"><i class=\"fab fa-linkedin\"><\/i><\/a><\/p>\n\t\t<\/div>\n\t\t\n\t\t<a class=\"elementor-post__read-more\" href=\"https:\/\/chateauentertainment.co\/fr\/team\/marc-deschenaux\/\" aria-label=\"En savoir plus sur Marc Deschenaux\" tabindex=\"-1\" >\n\t\t\tSavoir plus &quot;\t\t<\/a>\n\n\t\t\t\t<\/div>\n\t\t\t\t<\/article>\n\t\t\t\t<\/div>\n\t\t\n\t\t\t\t\t\t<\/div>\n\t\t\t\t<\/div>\n\t\t\t\t\t<\/div>\n\t\t<\/div>\n\t\t\t\t\t<\/div>\n\t\t<\/section>\n\t\t\t\t<\/div>","protected":false},"excerpt":{"rendered":"<p>Passionn\u00e9. Exp\u00e9riment\u00e9. Motiv\u00e9. Chateau Entertainment est fier de pouvoir compter sur une \u00e9quipe de personnes partageant les m\u00eames id\u00e9es, exp\u00e9riment\u00e9es, passionn\u00e9es et motiv\u00e9es \u00e0 assurer le succ\u00e8s de ses investisseurs et partenaires. Notre \u00e9quipe est dirig\u00e9e par Marc Deschenaux, associ\u00e9 fondateur de Swiss Financiers et expert de renomm\u00e9e mondiale en finance d\u2019entreprise. Deschenaux poss\u00e8de une vaste exp\u00e9rience \u2026 <a title=\"Marc Deschenaux\" class=\"read-more\" href=\"https:\/\/chateauentertainment.co\/fr\/team\/marc-deschenaux\/\" aria-label=\"En savoir plus sur Marc Deschenaux\">Lire la suite<\/a><\/p>","protected":false},"author":1,"featured_media":0,"parent":0,"menu_order":24,"comment_status":"closed","ping_status":"closed","template":"","meta":{"footnotes":""},"class_list":["post-83","page","type-page","status-publish","hentry"],"_links":{"self":[{"href":"https:\/\/chateauentertainment.co\/fr\/wp-json\/wp\/v2\/pages\/83","targetHints":{"allow":["GET"]}}],"collection":[{"href":"https:\/\/chateauentertainment.co\/fr\/wp-json\/wp\/v2\/pages"}],"about":[{"href":"https:\/\/chateauentertainment.co\/fr\/wp-json\/wp\/v2\/types\/page"}],"author":[{"embeddable":true,"href":"https:\/\/chateauentertainment.co\/fr\/wp-json\/wp\/v2\/users\/1"}],"replies":[{"embeddable":true,"href":"https:\/\/chateauentertainment.co\/fr\/wp-json\/wp\/v2\/comments?post=83"}],"version-history":[{"count":0,"href":"https:\/\/chateauentertainment.co\/fr\/wp-json\/wp\/v2\/pages\/83\/revisions"}],"wp:attachment":[{"href":"https:\/\/chateauentertainment.co\/fr\/wp-json\/wp\/v2\/media?parent=83"}],"curies":[{"name":"wp","href":"https:\/\/api.w.org\/{rel}","templated":true}]}}