{"id":1479,"date":"2020-05-08T18:57:34","date_gmt":"2020-05-08T18:57:34","guid":{"rendered":"https:\/\/new.deschenaux.me\/?page_id=1479"},"modified":"2021-08-18T18:28:00","modified_gmt":"2021-08-18T18:28:00","slug":"investors","status":"publish","type":"page","link":"https:\/\/chateauentertainment.co\/it\/investors\/","title":{"rendered":"Investitori"},"content":{"rendered":"<div data-elementor-type=\"wp-page\" data-elementor-id=\"1479\" class=\"elementor elementor-1479\" data-elementor-post-type=\"page\">\n\t\t\t\t\t\t<section class=\"elementor-section elementor-top-section elementor-element elementor-element-34478bd elementor-section-boxed elementor-section-height-default elementor-section-height-default\" data-id=\"34478bd\" data-element_type=\"section\">\n\t\t\t\t\t\t<div class=\"elementor-container elementor-column-gap-default\">\n\t\t\t\t\t<div class=\"elementor-column elementor-col-100 elementor-top-column elementor-element elementor-element-6d898d1\" data-id=\"6d898d1\" data-element_type=\"column\">\n\t\t\t<div class=\"elementor-widget-wrap elementor-element-populated\">\n\t\t\t\t\t\t<div class=\"elementor-element elementor-element-5db9fe4 elementor-widget elementor-widget-heading\" data-id=\"5db9fe4\" data-element_type=\"widget\" data-widget_type=\"heading.default\">\n\t\t\t\t<div class=\"elementor-widget-container\">\n\t\t\t\t\t<h3 class=\"elementor-heading-title elementor-size-default\">Un&#039;opportunit\u00e0 di investimento da non perdere!<\/h3>\t\t\t\t<\/div>\n\t\t\t\t<\/div>\n\t\t\t\t<div class=\"elementor-element elementor-element-648e04d elementor-widget elementor-widget-text-editor\" data-id=\"648e04d\" data-element_type=\"widget\" data-widget_type=\"text-editor.default\">\n\t\t\t\t<div class=\"elementor-widget-container\">\n\t\t\t\t\t\t\t\t\t<p>Aumenta i tuoi profitti mitigando i rischi. Unisciti a Chateau Entertainment per ottenere rendimenti elevati sugli investimenti. Noi di Chateau Entertainment abbiamo attentamente ideato una proposta di investimento vincente per i nostri investitori dopo approfondite ricerche e scoperte del settore. Sulla base degli approfondimenti e delle informazioni raccolte, riteniamo che ora sia il momento migliore per investire nel settore dell\u2019intrattenimento e ridefinirne il successo.<\/p><p>La nostra proposta \u00e8 unica e redditizia. Ci concentriamo sull&#039;acquisizione di monumenti storici, castelli e propriet\u00e0. Dai castelli scozzesi medievali agli iconici castelli francesi storici, miriamo ad acquisire tutti i tipi di propriet\u00e0 storiche abbandonate e riportarle al loro antico splendore. Se ti stai chiedendo come questo ti avvantagger\u00e0, ecco come. Gli approfondimenti della nostra ricerca mostrano che:<\/p>\t\t\t\t\t\t\t\t<\/div>\n\t\t\t\t<\/div>\n\t\t\t\t<div class=\"elementor-element elementor-element-d5e8c40 elementor-icon-list--layout-traditional elementor-list-item-link-full_width elementor-widget elementor-widget-icon-list\" data-id=\"d5e8c40\" data-element_type=\"widget\" data-widget_type=\"icon-list.default\">\n\t\t\t\t<div class=\"elementor-widget-container\">\n\t\t\t\t\t\t\t<ul class=\"elementor-icon-list-items\">\n\t\t\t\t\t\t\t<li class=\"elementor-icon-list-item\">\n\t\t\t\t\t\t\t\t\t\t\t<span class=\"elementor-icon-list-icon\">\n\t\t\t\t\t\t\t<i aria-hidden=\"true\" class=\"fas fa-hand-point-right\"><\/i>\t\t\t\t\t\t<\/span>\n\t\t\t\t\t\t\t\t\t\t<span class=\"elementor-icon-list-text\">Queste propriet\u00e0 storiche abbandonate risalenti almeno al 1850 sono disponibili a prezzi bassi.<\/span>\n\t\t\t\t\t\t\t\t\t<\/li>\n\t\t\t\t\t\t\t\t<li class=\"elementor-icon-list-item\">\n\t\t\t\t\t\t\t\t\t\t\t<span class=\"elementor-icon-list-icon\">\n\t\t\t\t\t\t\t<i aria-hidden=\"true\" class=\"fas fa-hand-point-right\"><\/i>\t\t\t\t\t\t<\/span>\n\t\t\t\t\t\t\t\t\t\t<span class=\"elementor-icon-list-text\">I vantaggi di riportare una dimora storica economica e secolare al suo stato precedente sono inestimabili.<\/span>\n\t\t\t\t\t\t\t\t\t<\/li>\n\t\t\t\t\t\t\t\t<li class=\"elementor-icon-list-item\">\n\t\t\t\t\t\t\t\t\t\t\t<span class=\"elementor-icon-list-icon\">\n\t\t\t\t\t\t\t<i aria-hidden=\"true\" class=\"fas fa-hand-point-right\"><\/i>\t\t\t\t\t\t<\/span>\n\t\t\t\t\t\t\t\t\t\t<span class=\"elementor-icon-list-text\">Non solo sar\u00e0 incredibilmente esistente per le persone da visitare ed esplorare, ma avranno anche il miglior accesso all&#039;intrattenimento qui poich\u00e9 prevediamo di affittarli a intrattenitori e artisti.<\/span>\n\t\t\t\t\t\t\t\t\t<\/li>\n\t\t\t\t\t\t\t\t<li class=\"elementor-icon-list-item\">\n\t\t\t\t\t\t\t\t\t\t\t<span class=\"elementor-icon-list-icon\">\n\t\t\t\t\t\t\t<i aria-hidden=\"true\" class=\"fas fa-hand-point-right\"><\/i>\t\t\t\t\t\t<\/span>\n\t\t\t\t\t\t\t\t\t\t<span class=\"elementor-icon-list-text\">Inoltre, la richiesta di castelli in affitto \u00e8 in aumento.<\/span>\n\t\t\t\t\t\t\t\t\t<\/li>\n\t\t\t\t\t\t<\/ul>\n\t\t\t\t\t\t<\/div>\n\t\t\t\t<\/div>\n\t\t\t\t<div class=\"elementor-element elementor-element-eda5f19 elementor-widget elementor-widget-text-editor\" data-id=\"eda5f19\" data-element_type=\"widget\" data-widget_type=\"text-editor.default\">\n\t\t\t\t<div class=\"elementor-widget-container\">\n\t\t\t\t\t\t\t\t\t<p>Oltre a questo, un&#039;altra notizia interessante per i nostri potenziali investitori \u00e8 che molti artisti dello spettacolo, inclusi i migliori maghi e artisti come Mark Setteducati, Jeff Sheridan e Oliver, sono interessati ad affittare i castelli una volta restaurati. Ci\u00f2 dimostra la loro fiducia nella nostra proposta. Sono nel settore dell&#039;intrattenimento da molto tempo e possono vedere come la nostra proposta mira a riportare l&#039;eccitazione e l&#039;entusiasmo nell&#039;intrattenimento dal vivo.<\/p><p>Allo stesso modo, molti investitori si sono uniti a noi per sostenerci. Tuttavia, poich\u00e9 si tratta di un progetto di investimento massiccio e unico nel suo genere, vorremmo che pi\u00f9 investitori si unissero a noi per trasformare la nostra visione in realt\u00e0. Invitiamo anche te. Unisciti a noi in questa impresa e diventa parte di un progetto di investimento che far\u00e0 la storia. Trasforma i profitti nel tuo portafoglio di investimenti con un rischio minimo.<\/p>\t\t\t\t\t\t\t\t<\/div>\n\t\t\t\t<\/div>\n\t\t\t\t<div class=\"elementor-element elementor-element-cbc765a elementor-align-center elementor-widget elementor-widget-button\" data-id=\"cbc765a\" data-element_type=\"widget\" data-widget_type=\"button.default\">\n\t\t\t\t<div class=\"elementor-widget-container\">\n\t\t\t\t\t\t\t\t\t<div class=\"elementor-button-wrapper\">\n\t\t\t\t\t<a class=\"elementor-button elementor-button-link elementor-size-lg\" href=\"\/it\/contact\/\">\n\t\t\t\t\t\t<span class=\"elementor-button-content-wrapper\">\n\t\t\t\t\t\t\t\t\t<span class=\"elementor-button-text\">Prenota un incontro oggi stesso.<\/span>\n\t\t\t\t\t<\/span>\n\t\t\t\t\t<\/a>\n\t\t\t\t<\/div>\n\t\t\t\t\t\t\t\t<\/div>\n\t\t\t\t<\/div>\n\t\t\t\t\t<\/div>\n\t\t<\/div>\n\t\t\t\t\t<\/div>\n\t\t<\/section>\n\t\t\t\t<\/div>","protected":false},"excerpt":{"rendered":"<p>Un&#039;opportunit\u00e0 di investimento da non perdere! Aumenta i tuoi profitti riducendo al minimo i rischi. Collabora con Chateau Entertainment per ottenere alti rendimenti sugli investimenti. In Chateau Entertainment, abbiamo attentamente ideato una proposta di investimento vincente per i nostri investitori dopo approfondite ricerche e scoperte del settore. Sulla base di approfondimenti e informazioni raccolte, crediamo che ora sia il momento migliore... <a title=\"Investitori\" class=\"read-more\" href=\"https:\/\/chateauentertainment.co\/it\/investors\/\" aria-label=\"Per saperne di pi\u00f9 su Investitori\">Leggi tutto<\/a><\/p>","protected":false},"author":1,"featured_media":0,"parent":0,"menu_order":9,"comment_status":"closed","ping_status":"closed","template":"","meta":{"footnotes":""},"class_list":["post-1479","page","type-page","status-publish"],"_links":{"self":[{"href":"https:\/\/chateauentertainment.co\/it\/wp-json\/wp\/v2\/pages\/1479","targetHints":{"allow":["GET"]}}],"collection":[{"href":"https:\/\/chateauentertainment.co\/it\/wp-json\/wp\/v2\/pages"}],"about":[{"href":"https:\/\/chateauentertainment.co\/it\/wp-json\/wp\/v2\/types\/page"}],"author":[{"embeddable":true,"href":"https:\/\/chateauentertainment.co\/it\/wp-json\/wp\/v2\/users\/1"}],"replies":[{"embeddable":true,"href":"https:\/\/chateauentertainment.co\/it\/wp-json\/wp\/v2\/comments?post=1479"}],"version-history":[{"count":0,"href":"https:\/\/chateauentertainment.co\/it\/wp-json\/wp\/v2\/pages\/1479\/revisions"}],"wp:attachment":[{"href":"https:\/\/chateauentertainment.co\/it\/wp-json\/wp\/v2\/media?parent=1479"}],"curies":[{"name":"wp","href":"https:\/\/api.w.org\/{rel}","templated":true}]}}