{"id":1819,"date":"2020-05-10T12:45:20","date_gmt":"2020-05-10T12:45:20","guid":{"rendered":"https:\/\/new.deschenaux.me\/?page_id=1819"},"modified":"2021-09-09T11:00:19","modified_gmt":"2021-09-09T11:00:19","slug":"ipo","status":"publish","type":"page","link":"https:\/\/chateauentertainment.co\/it\/ipo\/","title":{"rendered":"IPO"},"content":{"rendered":"<div data-elementor-type=\"wp-page\" data-elementor-id=\"1819\" class=\"elementor elementor-1819\" data-elementor-post-type=\"page\">\n\t\t\t\t\t\t<section class=\"elementor-section elementor-top-section elementor-element elementor-element-1b4ac44 elementor-section-stretched elementor-section-boxed elementor-section-height-default elementor-section-height-default\" data-id=\"1b4ac44\" data-element_type=\"section\" data-settings=\"{&quot;stretch_section&quot;:&quot;section-stretched&quot;}\">\n\t\t\t\t\t\t<div class=\"elementor-container elementor-column-gap-default\">\n\t\t\t\t\t<div class=\"elementor-column elementor-col-100 elementor-top-column elementor-element elementor-element-5d6e415\" data-id=\"5d6e415\" data-element_type=\"column\">\n\t\t\t<div class=\"elementor-widget-wrap elementor-element-populated\">\n\t\t\t\t\t\t<div class=\"elementor-element elementor-element-dd0f169 elementor-widget elementor-widget-heading\" data-id=\"dd0f169\" data-element_type=\"widget\" data-widget_type=\"heading.default\">\n\t\t\t\t<div class=\"elementor-widget-container\">\n\t\t\t\t\t<h3 class=\"elementor-heading-title elementor-size-default\">Invito di potenziali clienti e investitori per la nostra offerta pubblica iniziale.<\/h3>\t\t\t\t<\/div>\n\t\t\t\t<\/div>\n\t\t\t\t<div class=\"elementor-element elementor-element-914c1ed elementor-widget elementor-widget-text-editor\" data-id=\"914c1ed\" data-element_type=\"widget\" data-widget_type=\"text-editor.default\">\n\t\t\t\t<div class=\"elementor-widget-container\">\n\t\t\t\t\t\t\t\t\t<p>IL <strong>Pandemia di covid-19<\/strong> \u00e8 stata una grave crisi sanitaria. Ha influenzato ogni aspetto dell\u2019economia globale, compreso l\u2019industria dell\u2019intrattenimento. La pandemia ha portato a un grande sconvolgimento che ha causato la chiusura totale di teatri e cinema e non sono stati consentiti eventi come concerti, spettacoli e rappresentazioni. Questo \u00e8 stato il periodo in cui i servizi di streaming online sono cresciuti a passi da gigante. Sebbene lo streaming online stia guadagnando popolarit\u00e0 <strong>Intrattenimento del castello<\/strong>, riteniamo che non vi sia alcun sostituto per l&#039;intrattenimento dal vivo.<\/p><p>Tuttavia, la sfida che l\u2019industria dell\u2019intrattenimento deve affrontare nel periodo post-pandemia \u00e8 quella di attrarre e attirare il pubblico a godersi gli spettacoli di intrattenimento dal vivo. \u00c8 qui che Chateau Entertainment si \u00e8 fatta avanti con una proposta per suscitare eccitazione, brivido e riaccendere la mania dell&#039;intrattenimento dal vivo nelle persone di tutte le et\u00e0.<\/p><p>Comprendiamo che la concorrenza \u00e8 aggressiva e che dobbiamo inventare qualcosa di straordinario. Questo \u00e8 esattamente il motivo per cui intendiamo acquisire monumenti storici abbandonati e castelli situati in ambienti idilliaci con le pi\u00f9 grandi storie storiche che sono destinate a catturare l&#039;attenzione del pubblico e ad attirarlo a indulgere e vivere al meglio l&#039;intrattenimento dal vivo. Una volta ripristinate queste propriet\u00e0, le affitteremo ad animatori per ospitare una vasta gamma di attivit\u00e0 come <strong>eventi<\/strong>, <strong>Spettacoli<\/strong>, <strong>Teatro<\/strong>, <strong>film<\/strong>, E <strong>concerti<\/strong>, tutto l&#039;anno.<\/p>\t\t\t\t\t\t\t\t<\/div>\n\t\t\t\t<\/div>\n\t\t\t\t<div class=\"elementor-element elementor-element-016c06b elementor-widget elementor-widget-heading\" data-id=\"016c06b\" data-element_type=\"widget\" data-widget_type=\"heading.default\">\n\t\t\t\t<div class=\"elementor-widget-container\">\n\t\t\t\t\t<h2 class=\"elementor-heading-title elementor-size-default\">Focalizzato sulla generazione rapida di ROI elevati<\/h2>\t\t\t\t<\/div>\n\t\t\t\t<\/div>\n\t\t\t\t<div class=\"elementor-element elementor-element-ffea936 elementor-widget elementor-widget-text-editor\" data-id=\"ffea936\" data-element_type=\"widget\" data-widget_type=\"text-editor.default\">\n\t\t\t\t<div class=\"elementor-widget-container\">\n\t\t\t\t\t\t\t\t\t<p>Ci sforziamo di riportare in vita il carisma, il potere e l&#039;entusiasmo che si provano acquistando i biglietti e godendosi di persona un concerto, uno spettacolo di magia e un teatro. Poich\u00e9 le persone visiteranno i nostri edifici ogni giorno e tutto l&#039;anno per cercare intrattenimento e creare bellissimi ricordi con amici e familiari, gli animatori genereranno flussi di entrate continui. Ci\u00f2, a sua volta, andr\u00e0 a vantaggio dei nostri investitori e partner poich\u00e9 li aiuter\u00e0 a ottenere rapidamente rendimenti elevati dagli investimenti.<\/p><p>Tuttavia, per iniziare ad acquisire monumenti storici e castelli, abbiamo bisogno di fondi per soddisfare determinati requisiti di capitale. Intendiamo farlo attraverso la nostra offerta pubblica iniziale (IPO).<\/p><p>Invitiamo i partner e gli investitori interessati a registrarsi al nostro <strong>offerta pubblica iniziale<\/strong> (IPO). La tua partecipazione al ns <strong>IPO<\/strong> sosterr\u00e0 la nostra impresa e l&#039;industria dell&#039;intrattenimento e ti offrir\u00e0 una grande opportunit\u00e0 per ottenere ROI elevati e aumentare i margini di profitto.<\/p>\t\t\t\t\t\t\t\t<\/div>\n\t\t\t\t<\/div>\n\t\t\t\t<div class=\"elementor-element elementor-element-d3d4058 elementor-widget-divider--view-line_text elementor-widget-divider--element-align-center elementor-widget elementor-widget-divider\" data-id=\"d3d4058\" data-element_type=\"widget\" data-widget_type=\"divider.default\">\n\t\t\t\t<div class=\"elementor-widget-container\">\n\t\t\t\t\t\t\t<div class=\"elementor-divider\">\n\t\t\t<span class=\"elementor-divider-separator\">\n\t\t\t\t\t\t\t<span class=\"elementor-divider__text elementor-divider__element\">\n\t\t\t\tPer ulteriori informazioni o per investire nella nostra offerta pubblica iniziale, compila il modulo sottostante con i tuoi dati rilevanti.\t\t\t\t<\/span>\n\t\t\t\t\t\t<\/span>\n\t\t<\/div>\n\t\t\t\t\t\t<\/div>\n\t\t\t\t<\/div>\n\t\t\t\t\t<\/div>\n\t\t<\/div>\n\t\t\t\t\t<\/div>\n\t\t<\/section>\n\t\t\t\t<section class=\"elementor-section elementor-top-section elementor-element elementor-element-88d4e0b elementor-section-content-middle elementor-section-boxed elementor-section-height-default elementor-section-height-default\" data-id=\"88d4e0b\" data-element_type=\"section\" data-settings=\"{&quot;background_background&quot;:&quot;classic&quot;}\">\n\t\t\t\t\t\t<div class=\"elementor-container elementor-column-gap-no\">\n\t\t\t\t\t<div class=\"elementor-column elementor-col-50 elementor-top-column elementor-element elementor-element-26ba938\" data-id=\"26ba938\" data-element_type=\"column\" data-settings=\"{&quot;background_background&quot;:&quot;classic&quot;}\">\n\t\t\t<div class=\"elementor-widget-wrap elementor-element-populated\">\n\t\t\t\t\t\t<div class=\"elementor-element elementor-element-9cac183 elementor-view-default elementor-position-top elementor-mobile-position-top elementor-widget elementor-widget-icon-box\" data-id=\"9cac183\" data-element_type=\"widget\" data-widget_type=\"icon-box.default\">\n\t\t\t\t<div class=\"elementor-widget-container\">\n\t\t\t\t\t\t\t<div class=\"elementor-icon-box-wrapper\">\n\n\t\t\t\t\t\t<div class=\"elementor-icon-box-icon\">\n\t\t\t\t<span  class=\"elementor-icon elementor-animation-grow\">\n\t\t\t\t<i aria-hidden=\"true\" class=\"fas fa-clipboard-list\"><\/i>\t\t\t\t<\/span>\n\t\t\t<\/div>\n\t\t\t\n\t\t\t\t\t\t<div class=\"elementor-icon-box-content\">\n\n\t\t\t\t\t\t\t\t\t<h3 class=\"elementor-icon-box-title\">\n\t\t\t\t\t\t<span  >\n\t\t\t\t\t\t\tPresentazione dell&#039;IPO\t\t\t\t\t\t<\/span>\n\t\t\t\t\t<\/h3>\n\t\t\t\t\n\t\t\t\t\t\t\t\t\t<p class=\"elementor-icon-box-description\">\n\t\t\t\t\t\tDettagli sulla nostra IPO, come il modello di business e l&#039;offerta\t\t\t\t\t<\/p>\n\t\t\t\t\n\t\t\t<\/div>\n\t\t\t\n\t\t<\/div>\n\t\t\t\t\t\t<\/div>\n\t\t\t\t<\/div>\n\t\t\t\t<div class=\"elementor-element elementor-element-3190c23 elementor-align-center elementor-widget elementor-widget-button\" data-id=\"3190c23\" data-element_type=\"widget\" data-widget_type=\"button.default\">\n\t\t\t\t<div class=\"elementor-widget-container\">\n\t\t\t\t\t\t\t\t\t<div class=\"elementor-button-wrapper\">\n\t\t\t\t\t<a class=\"elementor-button elementor-button-link elementor-size-sm\" href=\"\/it\/presentations\/\">\n\t\t\t\t\t\t<span class=\"elementor-button-content-wrapper\">\n\t\t\t\t\t\t\t\t\t<span class=\"elementor-button-text\">Registrati<\/span>\n\t\t\t\t\t<\/span>\n\t\t\t\t\t<\/a>\n\t\t\t\t<\/div>\n\t\t\t\t\t\t\t\t<\/div>\n\t\t\t\t<\/div>\n\t\t\t\t\t<\/div>\n\t\t<\/div>\n\t\t\t\t<div class=\"elementor-column elementor-col-50 elementor-top-column elementor-element elementor-element-eeb0421\" data-id=\"eeb0421\" data-element_type=\"column\" data-settings=\"{&quot;background_background&quot;:&quot;classic&quot;}\">\n\t\t\t<div class=\"elementor-widget-wrap elementor-element-populated\">\n\t\t\t\t\t\t<div class=\"elementor-element elementor-element-0c2657f elementor-view-default elementor-position-top elementor-mobile-position-top elementor-widget elementor-widget-icon-box\" data-id=\"0c2657f\" data-element_type=\"widget\" data-widget_type=\"icon-box.default\">\n\t\t\t\t<div class=\"elementor-widget-container\">\n\t\t\t\t\t\t\t<div class=\"elementor-icon-box-wrapper\">\n\n\t\t\t\t\t\t<div class=\"elementor-icon-box-icon\">\n\t\t\t\t<span  class=\"elementor-icon elementor-animation-grow\">\n\t\t\t\t<i aria-hidden=\"true\" class=\"far fa-newspaper\"><\/i>\t\t\t\t<\/span>\n\t\t\t<\/div>\n\t\t\t\n\t\t\t\t\t\t<div class=\"elementor-icon-box-content\">\n\n\t\t\t\t\t\t\t\t\t<h3 class=\"elementor-icon-box-title\">\n\t\t\t\t\t\t<span  >\n\t\t\t\t\t\t\tPianificazione dell&#039;IPO\t\t\t\t\t\t<\/span>\n\t\t\t\t\t<\/h3>\n\t\t\t\t\n\t\t\t\t\t\t\t\t\t<p class=\"elementor-icon-box-description\">\n\t\t\t\t\t\tScopri di pi\u00f9 sulla nostra road map per l&#039;IPO\t\t\t\t\t<\/p>\n\t\t\t\t\n\t\t\t<\/div>\n\t\t\t\n\t\t<\/div>\n\t\t\t\t\t\t<\/div>\n\t\t\t\t<\/div>\n\t\t\t\t<div class=\"elementor-element elementor-element-9061a81 elementor-align-center elementor-widget elementor-widget-button\" data-id=\"9061a81\" data-element_type=\"widget\" data-widget_type=\"button.default\">\n\t\t\t\t<div class=\"elementor-widget-container\">\n\t\t\t\t\t\t\t\t\t<div class=\"elementor-button-wrapper\">\n\t\t\t\t\t<a class=\"elementor-button elementor-button-link elementor-size-sm\" href=\"\/it\/ipo-planning\/\">\n\t\t\t\t\t\t<span class=\"elementor-button-content-wrapper\">\n\t\t\t\t\t\t\t\t\t<span class=\"elementor-button-text\">Registrati<\/span>\n\t\t\t\t\t<\/span>\n\t\t\t\t\t<\/a>\n\t\t\t\t<\/div>\n\t\t\t\t\t\t\t\t<\/div>\n\t\t\t\t<\/div>\n\t\t\t\t\t<\/div>\n\t\t<\/div>\n\t\t\t\t\t<\/div>\n\t\t<\/section>\n\t\t\t\t<\/div>","protected":false},"excerpt":{"rendered":"<p>Invito a potenziali clienti e investitori per la nostra offerta pubblica iniziale. La pandemia di COVID-19 \u00e8 stata una grave crisi sanitaria. Ha colpito ogni aspetto dell&#039;economia globale, incluso il settore dell&#039;intrattenimento. La pandemia ha portato a un grande sconvolgimento che ha causato la chiusura totale di teatri e cinema mentre nessun evento come concerti, spettacoli e performance... <a title=\"IPO\" class=\"read-more\" href=\"https:\/\/chateauentertainment.co\/it\/ipo\/\" aria-label=\"Per saperne di pi\u00f9 sull&#039;IPO\">Leggi tutto<\/a><\/p>","protected":false},"author":1,"featured_media":0,"parent":0,"menu_order":10,"comment_status":"closed","ping_status":"closed","template":"","meta":{"footnotes":""},"class_list":["post-1819","page","type-page","status-publish"],"_links":{"self":[{"href":"https:\/\/chateauentertainment.co\/it\/wp-json\/wp\/v2\/pages\/1819","targetHints":{"allow":["GET"]}}],"collection":[{"href":"https:\/\/chateauentertainment.co\/it\/wp-json\/wp\/v2\/pages"}],"about":[{"href":"https:\/\/chateauentertainment.co\/it\/wp-json\/wp\/v2\/types\/page"}],"author":[{"embeddable":true,"href":"https:\/\/chateauentertainment.co\/it\/wp-json\/wp\/v2\/users\/1"}],"replies":[{"embeddable":true,"href":"https:\/\/chateauentertainment.co\/it\/wp-json\/wp\/v2\/comments?post=1819"}],"version-history":[{"count":0,"href":"https:\/\/chateauentertainment.co\/it\/wp-json\/wp\/v2\/pages\/1819\/revisions"}],"wp:attachment":[{"href":"https:\/\/chateauentertainment.co\/it\/wp-json\/wp\/v2\/media?parent=1819"}],"curies":[{"name":"wp","href":"https:\/\/api.w.org\/{rel}","templated":true}]}}