{"id":2370,"date":"2020-05-10T21:49:25","date_gmt":"2020-05-10T21:49:25","guid":{"rendered":"https:\/\/new.deschenaux.me\/?page_id=2370"},"modified":"2020-05-19T20:13:22","modified_gmt":"2020-05-19T20:13:22","slug":"disclaimer","status":"publish","type":"page","link":"https:\/\/chateauentertainment.co\/it\/disclaimer\/","title":{"rendered":"Disclaimer"},"content":{"rendered":"<div data-elementor-type=\"wp-page\" data-elementor-id=\"2370\" class=\"elementor elementor-2370\" data-elementor-post-type=\"page\">\n\t\t\t\t\t\t<section class=\"elementor-section elementor-top-section elementor-element elementor-element-ae93913 elementor-section-boxed elementor-section-height-default elementor-section-height-default\" data-id=\"ae93913\" data-element_type=\"section\">\n\t\t\t\t\t\t<div class=\"elementor-container elementor-column-gap-default\">\n\t\t\t\t\t<div class=\"elementor-column elementor-col-100 elementor-top-column elementor-element elementor-element-8de4f6d\" data-id=\"8de4f6d\" data-element_type=\"column\">\n\t\t\t<div class=\"elementor-widget-wrap elementor-element-populated\">\n\t\t\t\t\t\t<div class=\"elementor-element elementor-element-f24fc9a elementor-widget elementor-widget-text-editor\" data-id=\"f24fc9a\" data-element_type=\"widget\" data-widget_type=\"text-editor.default\">\n\t\t\t\t<div class=\"elementor-widget-container\">\n\t\t\t\t\t\t\t\t\t<p>Stiamo facendo del nostro meglio per preparare il contenuto di questo sito. Tuttavia, Chateau Entertainment non pu\u00f2 garantire le espressioni e i suggerimenti dei contenuti, nonch\u00e9 la loro accuratezza. Inoltre, nella misura consentita dalla legge, Chateau Entertainment non sar\u00e0 responsabile per eventuali perdite e\/o danni dovuti all&#039;utilizzo delle informazioni sul nostro sito web.\u00a0<\/p><p>Utilizzando il nostro sito Web, acconsenti alla nostra esclusione di responsabilit\u00e0 e accetti i suoi termini.<\/p><p>I collegamenti contenuti nel nostro sito Web possono portare a siti esterni, forniti solo per comodit\u00e0. Qualsiasi informazione o dichiarazione apparsa in questi siti non \u00e8 sponsorizzata, approvata o altrimenti approvata da Chateau Entertainment. Per questi siti esterni, Chateau Entertainment non pu\u00f2 essere ritenuta responsabile per la disponibilit\u00e0 o il contenuto presente su o attraverso di essi. Inoltre, eventuali perdite o danni derivanti dall&#039;utilizzo di questi contenuti o di Internet in generale.<\/p><p>Il sito web e qualsiasi parte del suo contenuto non \u00e8 inteso come fonte di consulenza o analisi legale e le informazioni e\/o i documenti contenuti in questo sito web non costituiscono consulenza legale o di investimento.<\/p>\t\t\t\t\t\t\t\t<\/div>\n\t\t\t\t<\/div>\n\t\t\t\t\t<\/div>\n\t\t<\/div>\n\t\t\t\t\t<\/div>\n\t\t<\/section>\n\t\t\t\t<\/div>","protected":false},"excerpt":{"rendered":"<p>Stiamo facendo del nostro meglio per preparare il contenuto di questo sito. Tuttavia, non possiamo garantire le espressioni e i suggerimenti dei contenuti, cos\u00ec come la loro accuratezza. Inoltre, nella misura consentita dalla legge, non saremo responsabili per eventuali perdite e\/o danni dovuti all&#039;uso delle informazioni sul nostro sito web.\u00c2 \u2026 <a title=\"Disclaimer\" class=\"read-more\" href=\"https:\/\/chateauentertainment.co\/it\/disclaimer\/\" aria-label=\"Per saperne di pi\u00f9 su Disclaimer\">Leggi tutto<\/a><\/p>","protected":false},"author":1,"featured_media":0,"parent":0,"menu_order":99,"comment_status":"closed","ping_status":"closed","template":"","meta":{"footnotes":""},"class_list":["post-2370","page","type-page","status-publish"],"_links":{"self":[{"href":"https:\/\/chateauentertainment.co\/it\/wp-json\/wp\/v2\/pages\/2370","targetHints":{"allow":["GET"]}}],"collection":[{"href":"https:\/\/chateauentertainment.co\/it\/wp-json\/wp\/v2\/pages"}],"about":[{"href":"https:\/\/chateauentertainment.co\/it\/wp-json\/wp\/v2\/types\/page"}],"author":[{"embeddable":true,"href":"https:\/\/chateauentertainment.co\/it\/wp-json\/wp\/v2\/users\/1"}],"replies":[{"embeddable":true,"href":"https:\/\/chateauentertainment.co\/it\/wp-json\/wp\/v2\/comments?post=2370"}],"version-history":[{"count":0,"href":"https:\/\/chateauentertainment.co\/it\/wp-json\/wp\/v2\/pages\/2370\/revisions"}],"wp:attachment":[{"href":"https:\/\/chateauentertainment.co\/it\/wp-json\/wp\/v2\/media?parent=2370"}],"curies":[{"name":"wp","href":"https:\/\/api.w.org\/{rel}","templated":true}]}}