{"id":3,"date":"2020-05-05T13:37:41","date_gmt":"2020-05-05T13:37:41","guid":{"rendered":"https:\/\/new.deschenaux.me\/?page_id=3"},"modified":"2020-08-12T06:37:02","modified_gmt":"2020-08-12T06:37:02","slug":"privacy-policy","status":"publish","type":"page","link":"https:\/\/chateauentertainment.co\/it\/privacy-policy\/","title":{"rendered":"politica sulla riservatezza"},"content":{"rendered":"<div data-elementor-type=\"wp-page\" data-elementor-id=\"3\" class=\"elementor elementor-3\" data-elementor-post-type=\"page\">\n\t\t\t\t\t\t<section class=\"elementor-section elementor-top-section elementor-element elementor-element-7d9baf5b elementor-section-boxed elementor-section-height-default elementor-section-height-default\" data-id=\"7d9baf5b\" data-element_type=\"section\">\n\t\t\t\t\t\t<div class=\"elementor-container elementor-column-gap-default\">\n\t\t\t\t\t<div class=\"elementor-column elementor-col-100 elementor-top-column elementor-element elementor-element-46b8d89f\" data-id=\"46b8d89f\" data-element_type=\"column\">\n\t\t\t<div class=\"elementor-widget-wrap elementor-element-populated\">\n\t\t\t\t\t\t<div class=\"elementor-element elementor-element-6af4a87b elementor-widget elementor-widget-text-editor\" data-id=\"6af4a87b\" data-element_type=\"widget\" data-widget_type=\"text-editor.default\">\n\t\t\t\t<div class=\"elementor-widget-container\">\n\t\t\t\t\t\t\t\t\t<p>Chateau Entertainment (&quot;noi&quot;, &quot;noi&quot; o &quot;nostro&quot;) gestisce il suddetto &quot;Servizio&quot; che \u00e8 il seguente sito Web: https:\/\/chateauentertainment.co<\/p><p>Questa pagina ti informa delle nostre politiche riguardanti la raccolta, l&#039;uso e la divulgazione dei dati personali quando utilizzi il nostro Servizio e le scelte che hai associato a tali dati.<\/p><p>Utilizziamo i tuoi dati per fornire e migliorare il Servizio. Utilizzando il Servizio, accetti la raccolta e l&#039;utilizzo delle informazioni in conformit\u00e0 con questa politica. Se non diversamente definito nella presente Informativa sulla privacy, i termini utilizzati nella presente Informativa sulla privacy hanno lo stesso significato dei nostri Termini e condizioni, accessibili da https:\/\/chateauentertainment.co<\/p><p><strong>DEFINIZIONI<\/strong><\/p><p><strong>Servizio<\/strong><\/p><p>Il servizio \u00e8 il sito web https:\/\/chateauentertainment.co gestito da Chateau Entertainment.<\/p><p><strong>Dati personali<\/strong><\/p><p>Per dati personali si intendono i dati su un individuo vivente che pu\u00f2 essere identificato da tali dati (o da quelli e altre informazioni in nostro possesso o che potrebbero entrare in nostro possesso).<\/p><p><strong>Dati di utilizzo<\/strong><\/p><p>I dati di utilizzo sono dati raccolti automaticamente generati dall&#039;utilizzo del Servizio o dall&#039;infrastruttura del Servizio stesso (ad esempio, la durata della visita di una pagina).<\/p><p><strong>Biscotti<\/strong><\/p><p>I cookie sono piccoli file memorizzati sul tuo dispositivo (computer o dispositivo mobile).<\/p><p><strong>Titolare del trattamento<\/strong><\/p><p>Per Titolare del trattamento si intende la persona fisica o giuridica che (da sola o insieme ad altre persone) determina le finalit\u00e0 e le modalit\u00e0 del trattamento dei dati personali.<\/p><p>Ai fini della presente Informativa sulla privacy, siamo titolari del trattamento dei tuoi dati personali.<\/p><p><strong>Responsabili del trattamento (o fornitori di servizi)<\/strong><\/p><p>Per Responsabile del trattamento (o Fornitore di servizi) si intende qualsiasi persona fisica o giuridica che tratta i dati per conto del Titolare del trattamento.<\/p><p>Potremmo utilizzare i servizi di vari fornitori di servizi per elaborare i tuoi dati in modo pi\u00f9 efficace.<\/p><p><strong>Utente<\/strong><\/p><p>L&#039;Interessato \u00e8 qualsiasi individuo vivente che utilizza il nostro Servizio ed \u00e8 oggetto di Dati personali.<\/p><p><strong>\u00a0<\/strong><\/p><p><strong>RACCOLTA E UTILIZZO DELLE INFORMAZIONI<\/strong><\/p><p>Raccogliamo diversi tipi di informazioni per vari scopi per fornire e migliorare il nostro<\/p><p>Servizio per te.<\/p><p><strong>\u00a0<\/strong><\/p><p><strong>Tipi di dati raccolti<\/strong><\/p><p><strong>\u00a0<\/strong><\/p><p><strong>Dati personali<\/strong><\/p><p>Durante l&#039;utilizzo del nostro Servizio, potremmo chiederti di fornirci determinate informazioni di identificazione personale che possono essere utilizzate per contattarti o identificarti (&quot;Dati personali&quot;). Le informazioni di identificazione personale possono includere, ma non sono limitate a:<\/p><p>Indirizzo e-mail<\/p><p>Nome e cognome<\/p><p>Numero di telefono<\/p><p>Indirizzo, Stato, Provincia, CAP, Citt\u00e0<\/p><p><strong>\u00a0<\/strong><\/p><p><strong>Cookie e dati di utilizzo<\/strong><\/p><p>Potremmo utilizzare i tuoi dati personali per contattarti con newsletter, materiali di marketing o promozionali e altre informazioni che potrebbero interessarti.<\/p><p>Puoi scegliere di non ricevere alcune, o tutte, queste comunicazioni da noi seguendo il collegamento per annullare l&#039;iscrizione o le istruzioni fornite in qualsiasi e-mail che inviamo.<\/p><p><strong>\u00a0<\/strong><\/p><p><strong>Dati di utilizzo<\/strong><\/p><p>Potremmo anche raccogliere informazioni su come si accede e si utilizza il Servizio (\u201cDati di utilizzo\u201d). Questi dati di utilizzo possono includere informazioni quali l&#039;indirizzo del protocollo Internet del tuo computer (ad esempio l&#039;indirizzo IP), il tipo di browser, la versione del browser, le pagine del nostro servizio che visiti, l&#039;ora e la data della tua visita, il tempo trascorso su quelle pagine, dati unici identificatori del dispositivo e altri dati diagnostici.<\/p><p><strong>\u00a0<\/strong><\/p><p><strong>Dati di tracciamento e cookie<\/strong><\/p><p>Utilizziamo cookie e tecnologie di tracciamento simili per tracciare l&#039;attivit\u00e0 sul nostro Servizio e conserviamo determinate informazioni.<\/p><p>I cookie sono file con una piccola quantit\u00e0 di dati che possono includere un identificatore univoco anonimo. I cookie vengono inviati al tuo browser da un sito web e memorizzati sul tuo dispositivo. Vengono utilizzate anche altre tecnologie di tracciamento come beacon, tag e script per raccogliere e tenere traccia delle informazioni e per migliorare e analizzare il nostro Servizio.<\/p><p>Puoi impostare il tuo browser in modo che rifiuti tutti i cookie o indichi quando viene inviato un cookie. Tuttavia, se non accetti i cookie, potresti non essere in grado di utilizzare alcune parti del nostro Servizio.<\/p><p>Esempi di cookie che utilizziamo:<\/p><p>Cookie di sessione. Utilizziamo i cookie di sessione per gestire il nostro Servizio.<\/p><p>Cookie di preferenza. Utilizziamo i cookie di preferenza per ricordare le tue preferenze e varie impostazioni.<\/p><p>Cookie di sicurezza. Utilizziamo i cookie di sicurezza per scopi di sicurezza.<\/p><p><strong>\u00a0<\/strong><\/p><p><strong>Utilizzo dei dati<\/strong><\/p><p>Chateau Entertainment utilizza i dati raccolti per vari scopi:<\/p><ul><li>Per fornire e mantenere il nostro Servizio<\/li><li>Per informarti delle modifiche al nostro Servizio<\/li><li>Per consentirti di partecipare alle funzionalit\u00e0 interattive del nostro Servizio quando scegli di farlo<\/li><li>Per fornire assistenza ai clienti<\/li><li>Per raccogliere analisi o informazioni preziose in modo da poter migliorare il nostro Servizio<\/li><li>Per monitorare l&#039;utilizzo del nostro Servizio<\/li><li>Per rilevare, prevenire e risolvere problemi tecnici<\/li><li>Per fornirti notizie, offerte speciali e informazioni generali su altri beni, servizi ed eventi che offriamo simili a quelli che hai gi\u00e0 acquistato o per i quali hai chiesto informazioni a meno che tu non abbia scelto di non ricevere tali informazioni<\/li><\/ul><p><strong>\u00a0<\/strong><\/p><p><strong>Base giuridica per il trattamento dei dati personali ai sensi del Regolamento generale sulla protezione dei dati (GDPR)<\/strong><\/p><p>Se appartieni allo Spazio Economico Europeo (SEE), la base legale di Chateau Entertainment per la raccolta e l&#039;utilizzo delle informazioni personali descritte nella presente Informativa sulla privacy dipende dai Dati personali che raccogliamo e dal contesto specifico in cui li raccogliamo.<\/p><p>Chateau Entertainment pu\u00f2 trattare i tuoi Dati Personali perch\u00e9:<\/p><ul><li>Dobbiamo eseguire un contratto con te<\/li><li>Ci hai dato il permesso di farlo<\/li><li>Il trattamento rientra nei nostri interessi legittimi e su di esso non prevalgono i tuoi diritti<\/li><li>Per scopi di elaborazione dei pagamenti<\/li><li>Per rispettare la legge<\/li><\/ul><p><strong>\u00a0<\/strong><\/p><p><strong>Conservazione dei dati<\/strong><\/p><p>Chateau Entertainment conserver\u00e0 i tuoi dati personali solo per il tempo necessario agli scopi indicati nella presente Informativa sulla privacy. Conserveremo e utilizzeremo i tuoi dati personali nella misura necessaria per rispettare i nostri obblighi legali (ad esempio, se ci viene richiesto di conservare i tuoi dati per rispettare le leggi applicabili), risolvere controversie e far rispettare i nostri accordi e politiche legali.<\/p><p>Chateau Entertainment WITHOUT BORDERS FEDERATION conserver\u00e0 inoltre i dati di utilizzo per scopi di analisi interna. I dati di utilizzo vengono generalmente conservati per un periodo di tempo pi\u00f9 breve, tranne quando questi dati vengono utilizzati per rafforzare la sicurezza o migliorare la funzionalit\u00e0 del nostro servizio, o siamo legalmente obbligati a conservare questi dati per periodi pi\u00f9 lunghi.<\/p><p><strong>\u00a0<\/strong><\/p><p><strong>Trasferimento dei dati<\/strong><\/p><p>Le tue informazioni, inclusi i dati personali, possono essere trasferite e mantenute su computer situati al di fuori del tuo stato, provincia, paese o altra giurisdizione governativa in cui le leggi sulla protezione dei dati potrebbero differire da quelle della tua giurisdizione.<\/p><p>Se ti trovi al di fuori della Svizzera e scegli di fornirci informazioni, tieni presente che trasferiamo i dati, compresi i dati personali, in Svizzera e l\u00ec li elaboriamo.<\/p><p>Il tuo consenso alla presente Informativa sulla privacy seguito dall&#039;invio di tali informazioni rappresenta il tuo consenso a tale trasferimento.<\/p><p>Chateau Entertainment adotter\u00e0 tutte le misure ragionevolmente necessarie per garantire che i tuoi dati siano trattati in modo sicuro e in conformit\u00e0 con la presente Informativa sulla privacy e nessun trasferimento dei tuoi dati personali sar\u00e0 effettuato a un&#039;organizzazione o a un paese a meno che non siano in atto controlli adeguati, inclusa la sicurezza. dei tuoi dati e altre informazioni personali.<\/p><p><strong>\u00a0<\/strong><\/p><p><strong>Divulgazione dei dati<\/strong><\/p><p><strong>\u00a0<\/strong><\/p><p><strong>Transazione d&#039;affari<\/strong><\/p><p>Se Chateau Entertainment \u00e8 coinvolta in una fusione, acquisizione o vendita di beni, i tuoi dati personali potrebbero essere trasferiti. Forniremo un avviso prima che i tuoi dati personali vengano trasferiti e diventino soggetti a una diversa Informativa sulla privacy.<\/p><p><strong>\u00a0<\/strong><\/p><p><strong>Divulgazione per le forze dell&#039;ordine<\/strong><\/p><p>In determinate circostanze, a Chateau Entertainment potrebbe essere richiesto di divulgare i tuoi dati personali se richiesto dalla legge o in risposta<\/p><p>a richieste valide da parte delle autorit\u00e0 pubbliche (ad esempio un tribunale o un ente governativo).<\/p><p><strong>\u00a0<\/strong><\/p><p><strong>Requisiti legali<\/strong><\/p><p>Chateau Entertainment pu\u00f2 divulgare i vostri dati personali in buona fede, ritenendo che tale azione sia necessaria per:<\/p><ul><li>Per adempiere ad un obbligo legale<\/li><li>Per proteggere e difendere i diritti o la propriet\u00e0 di Chateau Entertainment<\/li><li>Per prevenire o indagare su possibili illeciti in relazione al Servizio<\/li><li>Per proteggere la sicurezza personale degli utenti del Servizio o del pubblico<\/li><li>Per tutelarsi dalla responsabilit\u00e0 legale<\/li><\/ul><p><strong>\u00a0<\/strong><\/p><p><strong>Sicurezza dei dati<\/strong><\/p><p>La sicurezza dei tuoi dati \u00e8 importante per noi, ma ricorda che nessun metodo di trasmissione su Internet o metodo di archiviazione elettronica \u00e8 sicuro 100%. Sebbene ci sforziamo di utilizzare mezzi commercialmente accettabili per proteggere i tuoi dati personali, non possiamo garantirne l&#039;assoluta sicurezza.<\/p><p>La nostra politica sui segnali &quot;Do Not Track&quot; ai sensi del California Online Protection Act (CalOPPA)<\/p><p>Non supportiamo la funzione Do Not Track (\u201cDNT\u201d). Do Not Track \u00e8 una preferenza che puoi impostare nel tuo browser web per informare i siti web che non desideri essere tracciato. Puoi abilitare o disabilitare Do Not Track visitando la pagina Preferenze o Impostazioni del tuo browser web.<\/p><p><strong>\u00a0<\/strong><\/p><p><strong>I tuoi diritti in materia di protezione dei dati ai sensi del Regolamento generale sulla protezione dei dati (GDPR)<\/strong><\/p><p>Se risiedi nello Spazio Economico Europeo (SEE), hai determinati diritti in materia di protezione dei dati. Chateau Entertainment mira ad adottare misure ragionevoli per consentirti di correggere, modificare, eliminare o limitare l&#039;uso dei tuoi dati personali.<\/p><p>Se desideri essere informato su quali Dati Personali conserviamo su di te e se desideri che vengano rimossi dai nostri sistemi, contattaci.<\/p><p>In determinate circostanze, hai i seguenti diritti in materia di protezione dei dati:<\/p><p>Il diritto di accedere, aggiornare o eliminare le informazioni che abbiamo su di te. Quando reso possibile, puoi accedere, aggiornare o richiedere la cancellazione dei tuoi dati personali direttamente nella sezione delle impostazioni del tuo account. Se non sei in grado di eseguire queste azioni da solo, contattaci per assisterti.<\/p><p>Il diritto di rettifica. Hai il diritto di rettificare le tue informazioni se tali informazioni sono inaccurate o incomplete.<\/p><p>Il diritto di opposizione. Hai il diritto di opporti al nostro trattamento dei tuoi dati personali.<\/p><p>Il diritto di restrizione. Hai il diritto di richiederci di limitare il trattamento dei tuoi dati personali.<\/p><p>Il diritto alla portabilit\u00e0 dei dati. Hai il diritto di ricevere una copia delle informazioni che abbiamo su di te in un formato strutturato, leggibile da una macchina e di uso comune.<\/p><p>Il diritto di revocare il consenso. Hai anche il diritto di revocare il tuo consenso in qualsiasi momento laddove Chateau Entertainment si \u00e8 basata sul tuo consenso per elaborare le tue informazioni personali.<\/p><p>Tieni presente che potremmo chiederti di verificare la tua identit\u00e0 prima di rispondere a tali richieste.<\/p><p>Hai il diritto di sporgere reclamo presso un&#039;autorit\u00e0 per la protezione dei dati in merito alla nostra raccolta e utilizzo dei tuoi dati personali. Per ulteriori informazioni, contattare l&#039;autorit\u00e0 locale per la protezione dei dati nello Spazio economico europeo (SEE).<\/p><p><strong>\u00a0<\/strong><\/p><p><strong>Transazione d&#039;affari<\/strong><\/p><p>Se Chateau Entertainment \u00e8 coinvolta in una fusione, acquisizione o vendita di beni, i tuoi dati personali potrebbero essere trasferiti. Forniremo un avviso prima che i tuoi dati personali vengano trasferiti e diventino soggetti a una diversa Informativa sulla privacy.<\/p><p><strong>\u00a0<\/strong><\/p><p><strong>Divulgazione per le forze dell&#039;ordine<\/strong><\/p><p>In determinate circostanze, a Chateau Entertainment potrebbe essere richiesto di divulgare i tuoi dati personali se richiesto dalla legge o in risposta<\/p><p>a richieste valide da parte delle autorit\u00e0 pubbliche (ad esempio un tribunale o un ente governativo).<\/p><p><strong>\u00a0<\/strong><\/p><p><strong>FORNITORI DI SERVIZI<\/strong><\/p><p>Potremmo impiegare societ\u00e0 e individui di terze parti per facilitare il nostro Servizio (\u201cFornitori di servizi\u201d), fornire il Servizio per nostro conto, eseguire servizi relativi ai Servizi o aiutarci ad analizzare come viene utilizzato il nostro Servizio.<\/p><p>Queste terze parti hanno accesso ai tuoi dati personali solo per svolgere queste attivit\u00e0 per nostro conto e sono obbligate a non divulgarli o utilizzarli per nessun altro scopo.<\/p><p><strong>\u00a0<\/strong><\/p><p><strong>ANALISI<\/strong><\/p><p>Potremmo utilizzare fornitori di servizi di terze parti per monitorare e analizzare l&#039;utilizzo del nostro Servizio.<\/p><p><strong>statistiche di Google<\/strong><\/p><p>Google Analytics \u00e8 un servizio di analisi web offerto da Google che traccia e segnala il traffico del sito web. Google utilizza i dati raccolti per tracciare e monitorare l&#039;utilizzo del nostro Servizio. Questi dati vengono condivisi con altri servizi Google. Google potrebbe utilizzare i dati raccolti per contestualizzare e personalizzare gli annunci del proprio network pubblicitario. Puoi scegliere di non rendere la tua attivit\u00e0 sul Servizio disponibile a Google Analytics installando il componente aggiuntivo del browser per la disattivazione di Google Analytics. Il componente aggiuntivo impedisce al JavaScript di Google Analytics (ga.js, analytics.js e dc.js) di condividere informazioni con Google Analytics sull&#039;attivit\u00e0 delle visite.<\/p><p>Per ulteriori informazioni sulle pratiche sulla privacy di Google, visitare la pagina web Privacy e termini di Google:\u00a0<a href=\"https:\/\/policies.google.com\/privacy?hl=en\">https:\/\/policies.google.com\/privacy?hl=en<\/a><\/p><p><strong>\u00a0<\/strong><\/p><p><strong>Pagamenti<\/strong><\/p><p>Possiamo fornire prodotti e\/o servizi a pagamento all&#039;interno del Servizio. In tal caso, utilizziamo servizi di terze parti per l&#039;elaborazione dei pagamenti (ad esempio processori di pagamento).<\/p><p>Non memorizzeremo n\u00e9 raccoglieremo i dettagli della tua carta di pagamento. Tali informazioni vengono fornite direttamente ai nostri processori di pagamento di terze parti il cui utilizzo delle informazioni personali \u00e8 regolato dalla loro Informativa sulla privacy. Questi processori di pagamento aderiscono agli standard stabiliti da PCI-DSS gestiti dal PCI Security Standards Council, che \u00e8 uno sforzo congiunto di marchi come Visa, MasterCard, American Express e Discover. I requisiti PCI-DSS aiutano a garantire la gestione sicura delle informazioni di pagamento. Possiamo utilizzare diversi fornitori di soluzioni di pagamento come Paypal, Postfinance, Stripe e altri. Invitiamo gli utenti a rivedere ciascuna rispettiva politica sulla privacy.<\/p><p><strong>\u00a0<\/strong><\/p><p><strong>Collegamenti ad altri siti<\/strong><\/p><p>Il nostro Servizio pu\u00f2 contenere collegamenti ad altri siti che non sono gestiti da noi. Se fai clic su un collegamento di terze parti, verrai indirizzato al sito di quella terza parte. Ti consigliamo vivamente di rivedere l&#039;Informativa sulla privacy di ogni sito che visiti. Non abbiamo alcun controllo e non ci assumiamo alcuna responsabilit\u00e0 per il contenuto, le politiche sulla privacy o le pratiche di siti o servizi di terze parti.<\/p><p><strong>\u00a0<\/strong><\/p><p><strong>PRIVACY DEI BAMBINI<\/strong><\/p><p>Il nostro Servizio non si rivolge ai minori di 18 anni (\u201cBambini\u201d).<\/p><p>Non raccogliamo consapevolmente informazioni di identificazione personale da chiunque abbia meno di 18 anni. Se sei un genitore o tutore e sei consapevole che tuo figlio ci ha fornito dati personali, ti preghiamo di contattarci. Se veniamo a conoscenza di aver raccolto dati personali di bambini senza la verifica del consenso dei genitori, adottiamo misure per rimuovere tali informazioni dai nostri server.<\/p><p><strong>\u00a0<\/strong><\/p><p><strong>MODIFICHE ALLA PRESENTE INFORMATIVA SULLA PRIVACY<\/strong><\/p><p>Potremmo aggiornare la nostra Informativa sulla privacy di tanto in tanto. Ti informeremo di eventuali modifiche pubblicando la nuova Informativa sulla privacy in questa pagina.<\/p><p>Ti informeremo via e-mail e\/o con un avviso ben visibile sul nostro Servizio, prima che la modifica diventi effettiva e aggiorneremo la &quot;data di efficacia&quot; nella parte superiore della presente Informativa sulla privacy.<\/p><p>Si consiglia di rivedere periodicamente la presente Informativa sulla privacy per eventuali modifiche. Le modifiche alla presente Informativa sulla privacy diventano effettive quando vengono pubblicate su questa pagina.<\/p><p><strong>\u00a0<\/strong><\/p><p><strong>CONTATTACI<\/strong><\/p><p>In caso di domande sulla presente Informativa sulla privacy, per favore <a href=\"https:\/\/chateauentertainment.co\/it\/contact\/\">Contattaci<\/a><\/p>\t\t\t\t\t\t\t\t<\/div>\n\t\t\t\t<\/div>\n\t\t\t\t\t<\/div>\n\t\t<\/div>\n\t\t\t\t\t<\/div>\n\t\t<\/section>\n\t\t\t\t<\/div>","protected":false},"excerpt":{"rendered":"<p>(&quot;noi&quot;, &quot;noi&quot; o &quot;nostro&quot;) gestisce il suddetto &quot;Servizio&quot; che \u00e8 il seguente sito web: Questa pagina ti informa delle nostre politiche riguardanti la raccolta, l&#039;uso e la divulgazione dei dati personali quando utilizzi il nostro Servizio e le scelte che hai associato a tali dati. Utilizziamo i tuoi dati per fornire e migliorare il Servizio. Da \u2026 <a title=\"politica sulla riservatezza\" class=\"read-more\" href=\"https:\/\/chateauentertainment.co\/it\/privacy-policy\/\" aria-label=\"Per saperne di pi\u00f9 su Privacy Policy\">Leggi tutto<\/a><\/p>","protected":false},"author":1,"featured_media":0,"parent":0,"menu_order":1000,"comment_status":"closed","ping_status":"closed","template":"","meta":{"footnotes":""},"class_list":["post-3","page","type-page","status-publish"],"_links":{"self":[{"href":"https:\/\/chateauentertainment.co\/it\/wp-json\/wp\/v2\/pages\/3","targetHints":{"allow":["GET"]}}],"collection":[{"href":"https:\/\/chateauentertainment.co\/it\/wp-json\/wp\/v2\/pages"}],"about":[{"href":"https:\/\/chateauentertainment.co\/it\/wp-json\/wp\/v2\/types\/page"}],"author":[{"embeddable":true,"href":"https:\/\/chateauentertainment.co\/it\/wp-json\/wp\/v2\/users\/1"}],"replies":[{"embeddable":true,"href":"https:\/\/chateauentertainment.co\/it\/wp-json\/wp\/v2\/comments?post=3"}],"version-history":[{"count":0,"href":"https:\/\/chateauentertainment.co\/it\/wp-json\/wp\/v2\/pages\/3\/revisions"}],"wp:attachment":[{"href":"https:\/\/chateauentertainment.co\/it\/wp-json\/wp\/v2\/media?parent=3"}],"curies":[{"name":"wp","href":"https:\/\/api.w.org\/{rel}","templated":true}]}}