{"id":41,"date":"2020-05-06T14:15:50","date_gmt":"2020-05-06T14:15:50","guid":{"rendered":"https:\/\/new.deschenaux.me\/?page_id=41"},"modified":"2021-08-18T17:49:45","modified_gmt":"2021-08-18T17:49:45","slug":"about","status":"publish","type":"page","link":"https:\/\/chateauentertainment.co\/it\/about\/","title":{"rendered":"Di"},"content":{"rendered":"<div data-elementor-type=\"wp-page\" data-elementor-id=\"41\" class=\"elementor elementor-41\" data-elementor-post-type=\"page\">\n\t\t\t\t\t\t<section class=\"elementor-section elementor-top-section elementor-element elementor-element-af2275f elementor-section-stretched elementor-section-boxed elementor-section-height-default elementor-section-height-default\" data-id=\"af2275f\" data-element_type=\"section\" data-settings=\"{&quot;stretch_section&quot;:&quot;section-stretched&quot;}\">\n\t\t\t\t\t\t<div class=\"elementor-container elementor-column-gap-default\">\n\t\t\t\t\t<div class=\"elementor-column elementor-col-100 elementor-top-column elementor-element elementor-element-313ef7e\" data-id=\"313ef7e\" data-element_type=\"column\">\n\t\t\t<div class=\"elementor-widget-wrap elementor-element-populated\">\n\t\t\t\t\t\t<div class=\"elementor-element elementor-element-e95adad elementor-widget elementor-widget-heading\" data-id=\"e95adad\" data-element_type=\"widget\" data-widget_type=\"heading.default\">\n\t\t\t\t<div class=\"elementor-widget-container\">\n\t\t\t\t\t<h2 class=\"elementor-heading-title elementor-size-default\">Perch\u00e8 Chateau Entertainment?<\/h2>\t\t\t\t<\/div>\n\t\t\t\t<\/div>\n\t\t\t\t<div class=\"elementor-element elementor-element-a86ad56 elementor-widget elementor-widget-text-editor\" data-id=\"a86ad56\" data-element_type=\"widget\" data-widget_type=\"text-editor.default\">\n\t\t\t\t<div class=\"elementor-widget-container\">\n\t\t\t\t\t\t\t\t\t<p>Sponsorizzati dai finanzieri svizzeri di Chateau Entertainment, siamo tutti pronti a rilanciare l&#039;industria dell&#039;intrattenimento teatrale con una proposta di massimizzazione del profitto per i nostri investitori. Durante il COVID, l\u2019industria dell\u2019intrattenimento teatrale \u00e8 stata una delle industrie pi\u00f9 colpite al mondo.<\/p>\t\t\t\t\t\t\t\t<\/div>\n\t\t\t\t<\/div>\n\t\t\t\t<div class=\"elementor-element elementor-element-494eebc elementor-widget elementor-widget-heading\" data-id=\"494eebc\" data-element_type=\"widget\" data-widget_type=\"heading.default\">\n\t\t\t\t<div class=\"elementor-widget-container\">\n\t\t\t\t\t<h3 class=\"elementor-heading-title elementor-size-default\">Ecco come:<\/h3>\t\t\t\t<\/div>\n\t\t\t\t<\/div>\n\t\t\t\t<section class=\"elementor-section elementor-inner-section elementor-element elementor-element-eea9daa elementor-section-boxed elementor-section-height-default elementor-section-height-default\" data-id=\"eea9daa\" data-element_type=\"section\" data-settings=\"{&quot;shape_divider_bottom&quot;:&quot;arrow&quot;,&quot;shape_divider_bottom_negative&quot;:&quot;yes&quot;}\">\n\t\t\t\t\t<div class=\"elementor-shape elementor-shape-bottom\" data-negative=\"true\">\n\t\t\t<svg xmlns=\"http:\/\/www.w3.org\/2000\/svg\" viewbox=\"0 0 700 10\" preserveaspectratio=\"none\">\n\t<path class=\"elementor-shape-fill\" d=\"M360 0L350 9.9 340 0 0 0 0 10 700 10 700 0\"\/>\n<\/svg>\t\t<\/div>\n\t\t\t\t\t<div class=\"elementor-container elementor-column-gap-default\">\n\t\t\t\t\t<div class=\"elementor-column elementor-col-16 elementor-inner-column elementor-element elementor-element-a597e01\" data-id=\"a597e01\" data-element_type=\"column\">\n\t\t\t<div class=\"elementor-widget-wrap\">\n\t\t\t\t\t\t\t<\/div>\n\t\t<\/div>\n\t\t\t\t<div class=\"elementor-column elementor-col-66 elementor-inner-column elementor-element elementor-element-ae476f4\" data-id=\"ae476f4\" data-element_type=\"column\" data-settings=\"{&quot;background_background&quot;:&quot;classic&quot;}\">\n\t\t\t<div class=\"elementor-widget-wrap elementor-element-populated\">\n\t\t\t\t\t\t<div class=\"elementor-element elementor-element-8185eac elementor-widget elementor-widget-text-editor\" data-id=\"8185eac\" data-element_type=\"widget\" data-widget_type=\"text-editor.default\">\n\t\t\t\t<div class=\"elementor-widget-container\">\n\t\t\t\t\t\t\t\t\tI ricavi teatrali a livello globale sono scesi a $12 miliardi nel 2020 da $ 42,3 miliardi nel 2019.\t\t\t\t\t\t\t\t<\/div>\n\t\t\t\t<\/div>\n\t\t\t\t\t<\/div>\n\t\t<\/div>\n\t\t\t\t<div class=\"elementor-column elementor-col-16 elementor-inner-column elementor-element elementor-element-c3a8c24\" data-id=\"c3a8c24\" data-element_type=\"column\">\n\t\t\t<div class=\"elementor-widget-wrap\">\n\t\t\t\t\t\t\t<\/div>\n\t\t<\/div>\n\t\t\t\t\t<\/div>\n\t\t<\/section>\n\t\t\t\t<section class=\"elementor-section elementor-inner-section elementor-element elementor-element-d438bb9 elementor-section-boxed elementor-section-height-default elementor-section-height-default\" data-id=\"d438bb9\" data-element_type=\"section\">\n\t\t\t\t\t\t<div class=\"elementor-container elementor-column-gap-default\">\n\t\t\t\t\t<div class=\"elementor-column elementor-col-16 elementor-inner-column elementor-element elementor-element-d4868f4\" data-id=\"d4868f4\" data-element_type=\"column\">\n\t\t\t<div class=\"elementor-widget-wrap\">\n\t\t\t\t\t\t\t<\/div>\n\t\t<\/div>\n\t\t\t\t<div class=\"elementor-column elementor-col-66 elementor-inner-column elementor-element elementor-element-d03a41f\" data-id=\"d03a41f\" data-element_type=\"column\" data-settings=\"{&quot;background_background&quot;:&quot;classic&quot;}\">\n\t\t\t<div class=\"elementor-widget-wrap elementor-element-populated\">\n\t\t\t\t\t\t<div class=\"elementor-element elementor-element-1189c5f elementor-widget elementor-widget-text-editor\" data-id=\"1189c5f\" data-element_type=\"widget\" data-widget_type=\"text-editor.default\">\n\t\t\t\t<div class=\"elementor-widget-container\">\n\t\t\t\t\t\t\t\t\tLa quota di entrate totali dell\u2019intrattenimento teatrale \u00e8 stata solo del 15% nel 2020 rispetto al 43% nel 2019\t\t\t\t\t\t\t\t<\/div>\n\t\t\t\t<\/div>\n\t\t\t\t\t<\/div>\n\t\t<\/div>\n\t\t\t\t<div class=\"elementor-column elementor-col-16 elementor-inner-column elementor-element elementor-element-124b5ed\" data-id=\"124b5ed\" data-element_type=\"column\">\n\t\t\t<div class=\"elementor-widget-wrap\">\n\t\t\t\t\t\t\t<\/div>\n\t\t<\/div>\n\t\t\t\t\t<\/div>\n\t\t<\/section>\n\t\t\t\t\t<\/div>\n\t\t<\/div>\n\t\t\t\t\t<\/div>\n\t\t<\/section>\n\t\t\t\t<section class=\"elementor-section elementor-top-section elementor-element elementor-element-103db7bd elementor-section-content-middle elementor-section-stretched elementor-section-boxed elementor-section-height-default elementor-section-height-default\" data-id=\"103db7bd\" data-element_type=\"section\" data-settings=\"{&quot;background_background&quot;:&quot;classic&quot;,&quot;stretch_section&quot;:&quot;section-stretched&quot;}\">\n\t\t\t\t\t\t<div class=\"elementor-container elementor-column-gap-no\">\n\t\t\t\t\t<div class=\"elementor-column elementor-col-100 elementor-top-column elementor-element elementor-element-3e9f69b7\" data-id=\"3e9f69b7\" data-element_type=\"column\">\n\t\t\t<div class=\"elementor-widget-wrap elementor-element-populated\">\n\t\t\t\t\t\t<div class=\"elementor-element elementor-element-8a08820 elementor-widget elementor-widget-text-editor\" data-id=\"8a08820\" data-element_type=\"widget\" data-widget_type=\"text-editor.default\">\n\t\t\t\t<div class=\"elementor-widget-container\">\n\t\t\t\t\t\t\t\t\t<p>Con la chiusura di tutte le vie dell\u2019intrattenimento come cinema, Broadway e teatri, i ricavi dell\u2019industria sono crollati. Tuttavia, i servizi di streaming online hanno sfruttato massicciamente questa opportunit\u00e0.<\/p><p>Dopo il Covid l\u2019industria dell\u2019intrattenimento non \u00e8 pi\u00f9 la stessa. Le dinamiche sono cambiate e la concorrenza \u00e8 aumentata. Lo streaming online \u00e8 aumentato vertiginosamente ed \u00e8 diventato un forte contendente nella corsa alle quote di mercato, ma il pubblico americano si \u00e8 abituato allo streaming di contenuti nelle lingue internazionali. Se non si interviene diversamente, l\u2019industria dell\u2019intrattenimento potrebbe perdere gran parte della sua quota di mercato a favore dello streaming online.<\/p><p>\u00c8 qui che entra in gioco Chateau Entertainment. Il nostro obiettivo \u00e8 riportare l&#039;eccitazione, lo stupore e il brivido nell&#039;intrattenimento dal vivo attraverso la nostra proposta vantaggiosa per i nostri investitori e artisti.<\/p>\t\t\t\t\t\t\t\t<\/div>\n\t\t\t\t<\/div>\n\t\t\t\t<div class=\"elementor-element elementor-element-5ba4861 elementor-widget elementor-widget-heading\" data-id=\"5ba4861\" data-element_type=\"widget\" data-widget_type=\"heading.default\">\n\t\t\t\t<div class=\"elementor-widget-container\">\n\t\t\t\t\t<h3 class=\"elementor-heading-title elementor-size-default\">Il nostro piano<\/h3>\t\t\t\t<\/div>\n\t\t\t\t<\/div>\n\t\t\t\t<div class=\"elementor-element elementor-element-e6c529e elementor-widget elementor-widget-text-editor\" data-id=\"e6c529e\" data-element_type=\"widget\" data-widget_type=\"text-editor.default\">\n\t\t\t\t<div class=\"elementor-widget-container\">\n\t\t\t\t\t\t\t\t\t<p>Un&#039;idea unica che vender\u00e0 e massimizzer\u00e0 i profitti dei nostri investitori<\/p>\t\t\t\t\t\t\t\t<\/div>\n\t\t\t\t<\/div>\n\t\t\t\t<div class=\"elementor-element elementor-element-8716f50 elementor-widget elementor-widget-text-editor\" data-id=\"8716f50\" data-element_type=\"widget\" data-widget_type=\"text-editor.default\">\n\t\t\t\t<div class=\"elementor-widget-container\">\n\t\t\t\t\t\t\t\t\t<p><strong>Intrattenimento del castello<\/strong> \u00e8 un <strong>SPAZIO<\/strong> che \u00e8 pronto ad acquisire monumenti e castelli storici e a ringiovanirli in centri di intrattenimento significativi e generatori di entrate, pur mantenendo la loro integrit\u00e0 e la loro eredit\u00e0 storica.<\/p><p>Noi di Chateau Entertainment crediamo che i castelli siano i teatri della storia. Durante il Medioevo i castelli erano simboli di prestigio e potere. Hanno preparato il terreno per scontri in tempo di guerra, faide familiari e drammi politici.<\/p><p>I castelli sono un&#039;opera d&#039;arte con le pi\u00f9 grandi storie storiche di cavalieri, maghi e re che aspettano di essere raccontate in ambienti idilliaci. Le persone sono interessate alle storie e incuriosite dalla storia che circonda i castelli. Non ci sono mai stati eventi di intrattenimento e spettacoli tenuti in veri castelli con storia ed eredit\u00e0. Questo sar\u00e0 un grande punto di forza per attrarre masse e generare flussi di entrate continue come mai prima d\u2019ora.<\/p><p>Una volta ristrutturati, questi castelli e propriet\u00e0 saranno affittati a artisti dello spettacolo per ospitare attivit\u00e0 come eventi, spettacoli, teatro, film, concerti, ecc. Dalla storia all&#039;arte e all&#039;intrattenimento, questi castelli e monumenti storici attireranno gli appassionati di storia e chi cerca intrattenimento. Forniremo qualcosa di diverso ed emozionante per tutti.<\/p>\t\t\t\t\t\t\t\t<\/div>\n\t\t\t\t<\/div>\n\t\t\t\t<section class=\"elementor-section elementor-inner-section elementor-element elementor-element-45bd3e8c elementor-section-boxed elementor-section-height-default elementor-section-height-default\" data-id=\"45bd3e8c\" data-element_type=\"section\">\n\t\t\t\t\t\t<div class=\"elementor-container elementor-column-gap-default\">\n\t\t\t\t\t<div class=\"elementor-column elementor-col-33 elementor-inner-column elementor-element elementor-element-3fb3cd73\" data-id=\"3fb3cd73\" data-element_type=\"column\" data-settings=\"{&quot;background_background&quot;:&quot;classic&quot;}\">\n\t\t\t<div class=\"elementor-widget-wrap elementor-element-populated\">\n\t\t\t\t\t\t<div class=\"elementor-element elementor-element-220329b elementor-view-default elementor-position-top elementor-mobile-position-top elementor-widget elementor-widget-icon-box\" data-id=\"220329b\" data-element_type=\"widget\" data-widget_type=\"icon-box.default\">\n\t\t\t\t<div class=\"elementor-widget-container\">\n\t\t\t\t\t\t\t<div class=\"elementor-icon-box-wrapper\">\n\n\t\t\t\t\t\t<div class=\"elementor-icon-box-icon\">\n\t\t\t\t<span  class=\"elementor-icon elementor-animation-grow\">\n\t\t\t\t<i aria-hidden=\"true\" class=\"far fa-eye\"><\/i>\t\t\t\t<\/span>\n\t\t\t<\/div>\n\t\t\t\n\t\t\t\t\t\t<div class=\"elementor-icon-box-content\">\n\n\t\t\t\t\t\t\t\t\t<h3 class=\"elementor-icon-box-title\">\n\t\t\t\t\t\t<span  >\n\t\t\t\t\t\t\tVisione\t\t\t\t\t\t<\/span>\n\t\t\t\t\t<\/h3>\n\t\t\t\t\n\t\t\t\t\t\t\t\t\t<p class=\"elementor-icon-box-description\">\n\t\t\t\t\t\tPorta l&#039;industria dell&#039;intrattenimento a un livello completamente nuovo.\t\t\t\t\t<\/p>\n\t\t\t\t\n\t\t\t<\/div>\n\t\t\t\n\t\t<\/div>\n\t\t\t\t\t\t<\/div>\n\t\t\t\t<\/div>\n\t\t\t\t\t<\/div>\n\t\t<\/div>\n\t\t\t\t<div class=\"elementor-column elementor-col-33 elementor-inner-column elementor-element elementor-element-18ddd350\" data-id=\"18ddd350\" data-element_type=\"column\" data-settings=\"{&quot;background_background&quot;:&quot;classic&quot;}\">\n\t\t\t<div class=\"elementor-widget-wrap elementor-element-populated\">\n\t\t\t\t\t\t<div class=\"elementor-element elementor-element-62d4e0b8 elementor-view-default elementor-position-top elementor-mobile-position-top elementor-widget elementor-widget-icon-box\" data-id=\"62d4e0b8\" data-element_type=\"widget\" data-widget_type=\"icon-box.default\">\n\t\t\t\t<div class=\"elementor-widget-container\">\n\t\t\t\t\t\t\t<div class=\"elementor-icon-box-wrapper\">\n\n\t\t\t\t\t\t<div class=\"elementor-icon-box-icon\">\n\t\t\t\t<span  class=\"elementor-icon elementor-animation-grow\">\n\t\t\t\t<i aria-hidden=\"true\" class=\"far fa-hand-rock\"><\/i>\t\t\t\t<\/span>\n\t\t\t<\/div>\n\t\t\t\n\t\t\t\t\t\t<div class=\"elementor-icon-box-content\">\n\n\t\t\t\t\t\t\t\t\t<h3 class=\"elementor-icon-box-title\">\n\t\t\t\t\t\t<span  >\n\t\t\t\t\t\t\tMissione\t\t\t\t\t\t<\/span>\n\t\t\t\t\t<\/h3>\n\t\t\t\t\n\t\t\t\t\t\t\t\t\t<p class=\"elementor-icon-box-description\">\n\t\t\t\t\t\t<div style=\"text-align:justify;\">Per dare vita a monumenti storici e castelli che sono stati abbandonati dal mondo moderno e rimodellarli in centri di intrattenimento.<\/div>\t\t\t\t\t<\/p>\n\t\t\t\t\n\t\t\t<\/div>\n\t\t\t\n\t\t<\/div>\n\t\t\t\t\t\t<\/div>\n\t\t\t\t<\/div>\n\t\t\t\t\t<\/div>\n\t\t<\/div>\n\t\t\t\t<div class=\"elementor-column elementor-col-33 elementor-inner-column elementor-element elementor-element-5cbd6fca\" data-id=\"5cbd6fca\" data-element_type=\"column\" data-settings=\"{&quot;background_background&quot;:&quot;classic&quot;}\">\n\t\t\t<div class=\"elementor-widget-wrap elementor-element-populated\">\n\t\t\t\t\t\t<div class=\"elementor-element elementor-element-677b761 elementor-view-default elementor-position-top elementor-mobile-position-top elementor-widget elementor-widget-icon-box\" data-id=\"677b761\" data-element_type=\"widget\" data-widget_type=\"icon-box.default\">\n\t\t\t\t<div class=\"elementor-widget-container\">\n\t\t\t\t\t\t\t<div class=\"elementor-icon-box-wrapper\">\n\n\t\t\t\t\t\t<div class=\"elementor-icon-box-icon\">\n\t\t\t\t<span  class=\"elementor-icon elementor-animation-grow\">\n\t\t\t\t<i aria-hidden=\"true\" class=\"fas fa-balance-scale\"><\/i>\t\t\t\t<\/span>\n\t\t\t<\/div>\n\t\t\t\n\t\t\t\t\t\t<div class=\"elementor-icon-box-content\">\n\n\t\t\t\t\t\t\t\t\t<h3 class=\"elementor-icon-box-title\">\n\t\t\t\t\t\t<span  >\n\t\t\t\t\t\t\tValori\t\t\t\t\t\t<\/span>\n\t\t\t\t\t<\/h3>\n\t\t\t\t\n\t\t\t\t\t\t\t\t\t<p class=\"elementor-icon-box-description\">\n\t\t\t\t\t\t<div style=\"text-align:justify;\">\n<ul>\n<li>Servire con onest\u00e0<\/li>\n<li>Cercare di massimizzare i profitti dei nostri investitori<\/li>\n<li>Ripristinare i monumenti storici<\/li>\n<\/ul>\n<\/div>\t\t\t\t\t<\/p>\n\t\t\t\t\n\t\t\t<\/div>\n\t\t\t\n\t\t<\/div>\n\t\t\t\t\t\t<\/div>\n\t\t\t\t<\/div>\n\t\t\t\t\t<\/div>\n\t\t<\/div>\n\t\t\t\t\t<\/div>\n\t\t<\/section>\n\t\t\t\t\t<\/div>\n\t\t<\/div>\n\t\t\t\t\t<\/div>\n\t\t<\/section>\n\t\t\t\t<\/div>","protected":false},"excerpt":{"rendered":"<p>Perch\u00e9 Chateau Entertainment? Sponsorizzati da Swiss Financiers presso Chateau Entertainment, siamo tutti pronti a far rivivere l&#039;industria dell&#039;intrattenimento teatrale con una proposta di massimizzazione dei profitti per i nostri investitori. Durante il COVID, l&#039;industria dell&#039;intrattenimento teatrale \u00e8 stata una delle industrie pi\u00f9 colpite al mondo. Ecco come: i ricavi teatrali a livello globale sono scesi a $12 miliardi nel 2020 da \u2026 <a title=\"Di\" class=\"read-more\" href=\"https:\/\/chateauentertainment.co\/it\/about\/\" aria-label=\"Per saperne di pi\u00f9 su About\">Leggi tutto<\/a><\/p>","protected":false},"author":1,"featured_media":0,"parent":0,"menu_order":2,"comment_status":"closed","ping_status":"closed","template":"","meta":{"footnotes":""},"class_list":["post-41","page","type-page","status-publish"],"_links":{"self":[{"href":"https:\/\/chateauentertainment.co\/it\/wp-json\/wp\/v2\/pages\/41","targetHints":{"allow":["GET"]}}],"collection":[{"href":"https:\/\/chateauentertainment.co\/it\/wp-json\/wp\/v2\/pages"}],"about":[{"href":"https:\/\/chateauentertainment.co\/it\/wp-json\/wp\/v2\/types\/page"}],"author":[{"embeddable":true,"href":"https:\/\/chateauentertainment.co\/it\/wp-json\/wp\/v2\/users\/1"}],"replies":[{"embeddable":true,"href":"https:\/\/chateauentertainment.co\/it\/wp-json\/wp\/v2\/comments?post=41"}],"version-history":[{"count":0,"href":"https:\/\/chateauentertainment.co\/it\/wp-json\/wp\/v2\/pages\/41\/revisions"}],"wp:attachment":[{"href":"https:\/\/chateauentertainment.co\/it\/wp-json\/wp\/v2\/media?parent=41"}],"curies":[{"name":"wp","href":"https:\/\/api.w.org\/{rel}","templated":true}]}}