{"id":43,"date":"2020-05-06T14:16:21","date_gmt":"2020-05-06T14:16:21","guid":{"rendered":"https:\/\/new.deschenaux.me\/?page_id=43"},"modified":"2021-09-04T13:08:06","modified_gmt":"2021-09-04T13:08:06","slug":"magicians-artists","status":"publish","type":"page","link":"https:\/\/chateauentertainment.co\/it\/magicians-artists\/","title":{"rendered":"Maghi e artisti"},"content":{"rendered":"<div data-elementor-type=\"wp-page\" data-elementor-id=\"43\" class=\"elementor elementor-43\" data-elementor-post-type=\"page\">\n\t\t\t\t\t\t<section class=\"elementor-section elementor-top-section elementor-element elementor-element-0bae5cd elementor-section-stretched elementor-section-boxed elementor-section-height-default elementor-section-height-default\" data-id=\"0bae5cd\" data-element_type=\"section\" data-settings=\"{&quot;stretch_section&quot;:&quot;section-stretched&quot;}\">\n\t\t\t\t\t\t<div class=\"elementor-container elementor-column-gap-default\">\n\t\t\t\t\t<div class=\"elementor-column elementor-col-100 elementor-top-column elementor-element elementor-element-f3e4bd2\" data-id=\"f3e4bd2\" data-element_type=\"column\" data-settings=\"{&quot;background_background&quot;:&quot;classic&quot;}\">\n\t\t\t<div class=\"elementor-widget-wrap elementor-element-populated\">\n\t\t\t\t\t\t<div class=\"elementor-element elementor-element-700926e elementor-widget elementor-widget-heading\" data-id=\"700926e\" data-element_type=\"widget\" data-widget_type=\"heading.default\">\n\t\t\t\t<div class=\"elementor-widget-container\">\n\t\t\t\t\t<h3 class=\"elementor-heading-title elementor-size-default\">Tutto pronto per lasciare le persone senza fiato<\/h3>\t\t\t\t<\/div>\n\t\t\t\t<\/div>\n\t\t\t\t<div class=\"elementor-element elementor-element-4012ed8 elementor-widget elementor-widget-text-editor\" data-id=\"4012ed8\" data-element_type=\"widget\" data-widget_type=\"text-editor.default\">\n\t\t\t\t<div class=\"elementor-widget-container\">\n\t\t\t\t\t\t\t\t\t<p>Noi di Chateau Entertainment invitiamo maghi e artisti a diventare parte del nostro viaggio per ripristinare l&#039;industria dell&#039;intrattenimento teatrale che ha avuto un impatto negativo durante la pandemia. Vogliamo ricreare la magia in ogni senso della parola, attirando persone di tutte le et\u00e0 a provare la gioia e lo stupore di godersi di persona uno spettacolo di magia dal vivo.<\/p><p>Restaurando i castelli abbandonati, i maghi possono mettere in mostra il loro talento, la loro abilit\u00e0 e i loro trucchi nelle ambientazioni pi\u00f9 emozionanti. Le persone sono incuriosite dalla conoscenza della storia, dei maghi e della magia. Questo \u00e8 il modo migliore per aumentare il loro livello di eccitazione e coinvolgerli in esperienze a cui il mondo non ha mai assistito. La nostra proposta \u00e8 unica nel suo genere ed \u00e8 destinata a portare persone da ogni angolo del mondo a godersi il divertimento, il brivido e lo stupore che derivano dagli spettacoli di magia. Noi di Chateau Entertainment siamo orgogliosi di dire che i migliori maghi e artisti del settore hanno mostrato il loro interesse per la nostra proposta e si sono uniti a noi. Questi includono grandi nomi come:<\/p>\t\t\t\t\t\t\t\t<\/div>\n\t\t\t\t<\/div>\n\t\t\t\t<div class=\"elementor-element elementor-element-22f6a5b elementor-posts__hover-none elementor-grid-3 elementor-grid-tablet-2 elementor-grid-mobile-1 elementor-posts--thumbnail-top elementor-widget elementor-widget-posts\" data-id=\"22f6a5b\" data-element_type=\"widget\" data-settings=\"{&quot;cards_row_gap&quot;:{&quot;unit&quot;:&quot;px&quot;,&quot;size&quot;:15,&quot;sizes&quot;:[]},&quot;cards_columns&quot;:&quot;3&quot;,&quot;cards_columns_tablet&quot;:&quot;2&quot;,&quot;cards_columns_mobile&quot;:&quot;1&quot;,&quot;cards_row_gap_tablet&quot;:{&quot;unit&quot;:&quot;px&quot;,&quot;size&quot;:&quot;&quot;,&quot;sizes&quot;:[]},&quot;cards_row_gap_mobile&quot;:{&quot;unit&quot;:&quot;px&quot;,&quot;size&quot;:&quot;&quot;,&quot;sizes&quot;:[]}}\" data-widget_type=\"posts.cards\">\n\t\t\t\t<div class=\"elementor-widget-container\">\n\t\t\t\t\t\t\t<div class=\"elementor-posts-container elementor-posts elementor-posts--skin-cards elementor-grid\">\n\t\t\t\t<article class=\"elementor-post elementor-grid-item post-622 post type-post status-publish format-standard has-post-thumbnail hentry category-magicians-artisits\">\n\t\t\t<div class=\"elementor-post__card\">\n\t\t\t\t<a class=\"elementor-post__thumbnail__link\" href=\"https:\/\/chateauentertainment.co\/it\/magicians-artisits\/mark-setteducati\/\" tabindex=\"-1\" ><div class=\"elementor-post__thumbnail\"><img fetchpriority=\"high\" decoding=\"async\" width=\"800\" height=\"450\" src=\"https:\/\/chateauentertainment.co\/wp-content\/uploads\/Mr_Mark_Setteducat_.jpg\" class=\"attachment-large size-large wp-image-3057\" alt=\"\" srcset=\"https:\/\/chateauentertainment.co\/wp-content\/uploads\/Mr_Mark_Setteducat_.jpg 800w, https:\/\/chateauentertainment.co\/wp-content\/uploads\/Mr_Mark_Setteducat_-300x169.jpg 300w, https:\/\/chateauentertainment.co\/wp-content\/uploads\/Mr_Mark_Setteducat_-768x432.jpg 768w, https:\/\/chateauentertainment.co\/wp-content\/uploads\/Mr_Mark_Setteducat_-18x10.jpg 18w\" sizes=\"(max-width: 800px) 100vw, 800px\" \/><\/div><\/a>\n\t\t\t\t<div class=\"elementor-post__text\">\n\t\t\t\t<h3 class=\"elementor-post__title\">\n\t\t\t<a href=\"https:\/\/chateauentertainment.co\/it\/magicians-artisits\/mark-setteducati\/\" >\n\t\t\t\tMarco Setteducati\t\t\t<\/a>\n\t\t<\/h3>\n\t\t\t\t<div class=\"elementor-post__excerpt\">\n\t\t\t<p>Mark Setteducati \u00e8 un noto mago. \u00c8 l&#039;inventore di illusioni, magia, enigmi e giochi. Lui<\/p>\n\t\t<\/div>\n\t\t\n\t\t<a class=\"elementor-post__read-more\" href=\"https:\/\/chateauentertainment.co\/it\/magicians-artisits\/mark-setteducati\/\" aria-label=\"Leggi tutto Mark Setteducati\" tabindex=\"-1\" >\n\t\t\tPer saperne di pi\u00f9 &quot;\t\t<\/a>\n\n\t\t\t\t<\/div>\n\t\t\t\t\t<\/div>\n\t\t<\/article>\n\t\t\t\t<article class=\"elementor-post elementor-grid-item post-623 post type-post status-publish format-standard has-post-thumbnail hentry category-magicians-artisits\">\n\t\t\t<div class=\"elementor-post__card\">\n\t\t\t\t<a class=\"elementor-post__thumbnail__link\" href=\"https:\/\/chateauentertainment.co\/it\/magicians-artisits\/jeff-sheridan\/\" tabindex=\"-1\" ><div class=\"elementor-post__thumbnail\"><img decoding=\"async\" width=\"300\" height=\"169\" src=\"https:\/\/chateauentertainment.co\/wp-content\/uploads\/Mr_Jeff_Sheridan.jpg\" class=\"attachment-large size-large wp-image-3075\" alt=\"Jeff Sheridan\" srcset=\"https:\/\/chateauentertainment.co\/wp-content\/uploads\/Mr_Jeff_Sheridan.jpg 300w, https:\/\/chateauentertainment.co\/wp-content\/uploads\/Mr_Jeff_Sheridan-18x10.jpg 18w\" sizes=\"(max-width: 300px) 100vw, 300px\" \/><\/div><\/a>\n\t\t\t\t<div class=\"elementor-post__text\">\n\t\t\t\t<h3 class=\"elementor-post__title\">\n\t\t\t<a href=\"https:\/\/chateauentertainment.co\/it\/magicians-artisits\/jeff-sheridan\/\" >\n\t\t\t\tJeff Sheridan\t\t\t<\/a>\n\t\t<\/h3>\n\t\t\t\t<div class=\"elementor-post__excerpt\">\n\t\t\t<p>Sheridan \u00e8 uno dei maghi americani pi\u00f9 popolari, noto per le sue strabilianti manipolazioni di carte che lasciano a bocca aperta<\/p>\n\t\t<\/div>\n\t\t\n\t\t<a class=\"elementor-post__read-more\" href=\"https:\/\/chateauentertainment.co\/it\/magicians-artisits\/jeff-sheridan\/\" aria-label=\"Leggi tutto Jeff Sheridan\" tabindex=\"-1\" >\n\t\t\tPer saperne di pi\u00f9 &quot;\t\t<\/a>\n\n\t\t\t\t<\/div>\n\t\t\t\t\t<\/div>\n\t\t<\/article>\n\t\t\t\t<article class=\"elementor-post elementor-grid-item post-624 post type-post status-publish format-standard has-post-thumbnail hentry category-magicians-artisits\">\n\t\t\t<div class=\"elementor-post__card\">\n\t\t\t\t<a class=\"elementor-post__thumbnail__link\" href=\"https:\/\/chateauentertainment.co\/it\/magicians-artisits\/olivier\/\" tabindex=\"-1\" ><div class=\"elementor-post__thumbnail\"><img decoding=\"async\" width=\"800\" height=\"450\" src=\"https:\/\/chateauentertainment.co\/wp-content\/uploads\/Mr_Olivier.jpg\" class=\"attachment-large size-large wp-image-3061\" alt=\"\" srcset=\"https:\/\/chateauentertainment.co\/wp-content\/uploads\/Mr_Olivier.jpg 800w, https:\/\/chateauentertainment.co\/wp-content\/uploads\/Mr_Olivier-300x169.jpg 300w, https:\/\/chateauentertainment.co\/wp-content\/uploads\/Mr_Olivier-768x432.jpg 768w, https:\/\/chateauentertainment.co\/wp-content\/uploads\/Mr_Olivier-18x10.jpg 18w\" sizes=\"(max-width: 800px) 100vw, 800px\" \/><\/div><\/a>\n\t\t\t\t<div class=\"elementor-post__text\">\n\t\t\t\t<h3 class=\"elementor-post__title\">\n\t\t\t<a href=\"https:\/\/chateauentertainment.co\/it\/magicians-artisits\/olivier\/\" >\n\t\t\t\tOliviero\t\t\t<\/a>\n\t\t<\/h3>\n\t\t\t\t<div class=\"elementor-post__excerpt\">\n\t\t\t<p>\u00c8 uno dei maghi pi\u00f9 famosi che esegue trucchi di magia con ferocia e passione<\/p>\n\t\t<\/div>\n\t\t\n\t\t<a class=\"elementor-post__read-more\" href=\"https:\/\/chateauentertainment.co\/it\/magicians-artisits\/olivier\/\" aria-label=\"Leggi tutto Olivier\" tabindex=\"-1\" >\n\t\t\tPer saperne di pi\u00f9 &quot;\t\t<\/a>\n\n\t\t\t\t<\/div>\n\t\t\t\t\t<\/div>\n\t\t<\/article>\n\t\t\t\t<\/div>\n\t\t\n\t\t\t\t\t\t<\/div>\n\t\t\t\t<\/div>\n\t\t\t\t\t<\/div>\n\t\t<\/div>\n\t\t\t\t\t<\/div>\n\t\t<\/section>\n\t\t\t\t<section class=\"elementor-section elementor-top-section elementor-element elementor-element-0acc329 elementor-section-boxed elementor-section-height-default elementor-section-height-default\" data-id=\"0acc329\" data-element_type=\"section\" data-settings=\"{&quot;background_background&quot;:&quot;classic&quot;}\">\n\t\t\t\t\t\t<div class=\"elementor-container elementor-column-gap-default\">\n\t\t\t\t\t<div class=\"elementor-column elementor-col-100 elementor-top-column elementor-element elementor-element-ddd9519\" data-id=\"ddd9519\" data-element_type=\"column\">\n\t\t\t<div class=\"elementor-widget-wrap elementor-element-populated\">\n\t\t\t\t\t\t<div class=\"elementor-element elementor-element-fcce995 elementor-widget elementor-widget-heading\" data-id=\"fcce995\" data-element_type=\"widget\" data-widget_type=\"heading.default\">\n\t\t\t\t<div class=\"elementor-widget-container\">\n\t\t\t\t\t<h3 class=\"elementor-heading-title elementor-size-default\">Per ulteriori informazioni o per entrare a far parte della nostra impresa, non esitate a contattarci.<\/h3>\t\t\t\t<\/div>\n\t\t\t\t<\/div>\n\t\t\t\t<div class=\"elementor-element elementor-element-3e57537 elementor-align-center elementor-widget elementor-widget-button\" data-id=\"3e57537\" data-element_type=\"widget\" data-widget_type=\"button.default\">\n\t\t\t\t<div class=\"elementor-widget-container\">\n\t\t\t\t\t\t\t\t\t<div class=\"elementor-button-wrapper\">\n\t\t\t\t\t<a class=\"elementor-button elementor-button-link elementor-size-sm\" href=\"\/it\/contact\/\">\n\t\t\t\t\t\t<span class=\"elementor-button-content-wrapper\">\n\t\t\t\t\t\t\t\t\t<span class=\"elementor-button-text\">Contatta ora<\/span>\n\t\t\t\t\t<\/span>\n\t\t\t\t\t<\/a>\n\t\t\t\t<\/div>\n\t\t\t\t\t\t\t\t<\/div>\n\t\t\t\t<\/div>\n\t\t\t\t\t<\/div>\n\t\t<\/div>\n\t\t\t\t\t<\/div>\n\t\t<\/section>\n\t\t\t\t<\/div>","protected":false},"excerpt":{"rendered":"<p>Tutto pronto per lasciare tutti senza fiato per la meraviglia Noi di Chateau Entertainment invitiamo maghi e artisti a unirsi al nostro viaggio per ripristinare l&#039;industria dell&#039;intrattenimento teatrale che ha subito un duro colpo durante la pandemia. Vogliamo ricreare la magia in ogni senso della parola, attraendo persone di tutte le et\u00e0 a... <a title=\"Oliviero\" class=\"read-more\" href=\"https:\/\/chateauentertainment.co\/it\/magicians-artisits\/olivier\/\" aria-label=\"Per saperne di pi\u00f9 su Olivier\">Leggi tutto<\/a><\/p>","protected":false},"author":1,"featured_media":0,"parent":0,"menu_order":5,"comment_status":"closed","ping_status":"closed","template":"","meta":{"footnotes":""},"class_list":["post-43","page","type-page","status-publish","hentry"],"_links":{"self":[{"href":"https:\/\/chateauentertainment.co\/it\/wp-json\/wp\/v2\/pages\/43","targetHints":{"allow":["GET"]}}],"collection":[{"href":"https:\/\/chateauentertainment.co\/it\/wp-json\/wp\/v2\/pages"}],"about":[{"href":"https:\/\/chateauentertainment.co\/it\/wp-json\/wp\/v2\/types\/page"}],"author":[{"embeddable":true,"href":"https:\/\/chateauentertainment.co\/it\/wp-json\/wp\/v2\/users\/1"}],"replies":[{"embeddable":true,"href":"https:\/\/chateauentertainment.co\/it\/wp-json\/wp\/v2\/comments?post=43"}],"version-history":[{"count":0,"href":"https:\/\/chateauentertainment.co\/it\/wp-json\/wp\/v2\/pages\/43\/revisions"}],"wp:attachment":[{"href":"https:\/\/chateauentertainment.co\/it\/wp-json\/wp\/v2\/media?parent=43"}],"curies":[{"name":"wp","href":"https:\/\/api.w.org\/{rel}","templated":true}]}}