{"id":505,"date":"2020-05-07T16:51:10","date_gmt":"2020-05-07T16:51:10","guid":{"rendered":"https:\/\/new.deschenaux.me\/?page_id=505"},"modified":"2021-09-09T11:14:12","modified_gmt":"2021-09-09T11:14:12","slug":"partners","status":"publish","type":"page","link":"https:\/\/chateauentertainment.co\/it\/partners\/","title":{"rendered":"Partner"},"content":{"rendered":"<div data-elementor-type=\"wp-page\" data-elementor-id=\"505\" class=\"elementor elementor-505\" data-elementor-post-type=\"page\">\n\t\t\t\t\t\t<section class=\"elementor-section elementor-top-section elementor-element elementor-element-95e4df3 elementor-section-stretched elementor-section-boxed elementor-section-height-default elementor-section-height-default\" data-id=\"95e4df3\" data-element_type=\"section\" data-settings=\"{&quot;stretch_section&quot;:&quot;section-stretched&quot;}\">\n\t\t\t\t\t\t<div class=\"elementor-container elementor-column-gap-default\">\n\t\t\t\t\t<div class=\"elementor-column elementor-col-100 elementor-top-column elementor-element elementor-element-8f3d384\" data-id=\"8f3d384\" data-element_type=\"column\">\n\t\t\t<div class=\"elementor-widget-wrap elementor-element-populated\">\n\t\t\t\t\t\t<div class=\"elementor-element elementor-element-6220489 elementor-widget elementor-widget-heading\" data-id=\"6220489\" data-element_type=\"widget\" data-widget_type=\"heading.default\">\n\t\t\t\t<div class=\"elementor-widget-container\">\n\t\t\t\t\t<h3 class=\"elementor-heading-title elementor-size-default\">Focalizzato sulla costruzione di partnership strategiche a lungo termine e a valore aggiunto<\/h3>\t\t\t\t<\/div>\n\t\t\t\t<\/div>\n\t\t\t\t<div class=\"elementor-element elementor-element-f1cafc2 elementor-widget elementor-widget-text-editor\" data-id=\"f1cafc2\" data-element_type=\"widget\" data-widget_type=\"text-editor.default\">\n\t\t\t\t<div class=\"elementor-widget-container\">\n\t\t\t\t\t\t\t\t\t<p>Noi di Chateau Entertainment diamo valore ai nostri investitori e partner. Crediamo che la raccolta fondi sia met\u00e0 del successo della nostra SPAC, mentre l&#039;altra met\u00e0 dipenda da come collaboriamo con i nostri partner e utilizziamo il capitale raccolto per acquisire propriet\u00e0 mirate. Pertanto, ci impegniamo a collaborare con partner che la pensano allo stesso modo e con un&#039;etica lavorativa simile a quella della nostra azienda. Poich\u00e9 i loro valori sono simili e gli obiettivi sono allineati ai nostri, le collaborazioni sono possibili, con conseguenti vantaggi reciproci.<\/p><p>Chateau Entertainment si concentra sulla costruzione di partnership strategiche a lungo termine e a valore aggiunto per raggiungere i nostri obiettivi di acquisizione di castelli ed edifici storici abbandonati. Ciascun partner svolge un ruolo fondamentale nel portare Chateau Entertainment SPAC verso un maggiore successo. Avendo partner commerciali, non operiamo pi\u00f9 in modo isolato.<\/p><p><strong>I nostri partner ci danno accesso a:<\/strong><\/p>\t\t\t\t\t\t\t\t<\/div>\n\t\t\t\t<\/div>\n\t\t\t\t<div class=\"elementor-element elementor-element-6c1d813 elementor-icon-list--layout-traditional elementor-list-item-link-full_width elementor-widget elementor-widget-icon-list\" data-id=\"6c1d813\" data-element_type=\"widget\" data-widget_type=\"icon-list.default\">\n\t\t\t\t<div class=\"elementor-widget-container\">\n\t\t\t\t\t\t\t<ul class=\"elementor-icon-list-items\">\n\t\t\t\t\t\t\t<li class=\"elementor-icon-list-item\">\n\t\t\t\t\t\t\t\t\t\t\t<span class=\"elementor-icon-list-icon\">\n\t\t\t\t\t\t\t<i aria-hidden=\"true\" class=\"fas fa-magic\"><\/i>\t\t\t\t\t\t<\/span>\n\t\t\t\t\t\t\t\t\t\t<span class=\"elementor-icon-list-text\">Pi\u00f9 conoscenza<\/span>\n\t\t\t\t\t\t\t\t\t<\/li>\n\t\t\t\t\t\t\t\t<li class=\"elementor-icon-list-item\">\n\t\t\t\t\t\t\t\t\t\t\t<span class=\"elementor-icon-list-icon\">\n\t\t\t\t\t\t\t<i aria-hidden=\"true\" class=\"fas fa-magic\"><\/i>\t\t\t\t\t\t<\/span>\n\t\t\t\t\t\t\t\t\t\t<span class=\"elementor-icon-list-text\">Maggiore competenza<\/span>\n\t\t\t\t\t\t\t\t\t<\/li>\n\t\t\t\t\t\t\t\t<li class=\"elementor-icon-list-item\">\n\t\t\t\t\t\t\t\t\t\t\t<span class=\"elementor-icon-list-icon\">\n\t\t\t\t\t\t\t<i aria-hidden=\"true\" class=\"fas fa-magic\"><\/i>\t\t\t\t\t\t<\/span>\n\t\t\t\t\t\t\t\t\t\t<span class=\"elementor-icon-list-text\">Fondi quando servono<\/span>\n\t\t\t\t\t\t\t\t\t<\/li>\n\t\t\t\t\t\t<\/ul>\n\t\t\t\t\t\t<\/div>\n\t\t\t\t<\/div>\n\t\t\t\t<div class=\"elementor-element elementor-element-c95669b elementor-widget elementor-widget-text-editor\" data-id=\"c95669b\" data-element_type=\"widget\" data-widget_type=\"text-editor.default\">\n\t\t\t\t<div class=\"elementor-widget-container\">\n\t\t\t\t\t\t\t\t\t<p>Inoltre, i nostri partner offrono supporto e potenziano i nostri punti di forza necessari per aiutare la nostra azienda a raggiungere risultati e obiettivi chiave. In Chateau Entertainment, continuiamo a costruire partnership strategiche perfette che completano le nostre attivit\u00e0 e ci consentono di crescere e andare avanti.<\/p>\t\t\t\t\t\t\t\t<\/div>\n\t\t\t\t<\/div>\n\t\t\t\t<div class=\"elementor-element elementor-element-486de7e elementor-widget elementor-widget-heading\" data-id=\"486de7e\" data-element_type=\"widget\" data-widget_type=\"heading.default\">\n\t\t\t\t<div class=\"elementor-widget-container\">\n\t\t\t\t\t<h2 class=\"elementor-heading-title elementor-size-default\">Rete di partner fidati in rapida crescita<\/h2>\t\t\t\t<\/div>\n\t\t\t\t<\/div>\n\t\t\t\t<div class=\"elementor-element elementor-element-7523ef8 elementor-widget elementor-widget-text-editor\" data-id=\"7523ef8\" data-element_type=\"widget\" data-widget_type=\"text-editor.default\">\n\t\t\t\t<div class=\"elementor-widget-container\">\n\t\t\t\t\t\t\t\t\t<p>Siamo orgogliosi di avere a bordo nomi leader del settore come nostri partner di fiducia. Questi includono <strong>Finanzieri svizzeri<\/strong>, <strong>Istituto IPO<\/strong>, E <strong>Greenberg, Hornblower, Deschenaux &amp; Partners, LLP<\/strong>. Crediamo che i nostri forti legami con i nostri partner ci aiuteranno ad andare avanti con successo.<\/p><p>Tuttavia, poich\u00e9 la nostra impresa di acquisire castelli abbandonati e propriet\u00e0 storiche \u00e8 enorme, avremo bisogno di pi\u00f9 partner per raggiungere i nostri obiettivi a breve e lungo termine per acquisire e restaurare propriet\u00e0 critiche per affittarle agli artisti per il rilancio dell\u2019industria dell\u2019intrattenimento.<\/p><p>Pertanto, siamo alla ricerca di nuove partnership e vi invitiamo a unirvi a noi nella nostra missione di far rivivere nuovamente la vita nei monumenti storici per fornire agli intrattenitori le migliori strade per organizzare uno spettacolo e attirare grandi masse per sperimentare l&#039;arte e l&#039;intrattenimento come mai prima d&#039;ora.<\/p>\t\t\t\t\t\t\t\t<\/div>\n\t\t\t\t<\/div>\n\t\t\t\t\t<\/div>\n\t\t<\/div>\n\t\t\t\t\t<\/div>\n\t\t<\/section>\n\t\t\t\t<section class=\"elementor-section elementor-top-section elementor-element elementor-element-70d85dd elementor-section-stretched elementor-section-boxed elementor-section-height-default elementor-section-height-default\" data-id=\"70d85dd\" data-element_type=\"section\" data-settings=\"{&quot;stretch_section&quot;:&quot;section-stretched&quot;}\">\n\t\t\t\t\t\t<div class=\"elementor-container elementor-column-gap-default\">\n\t\t\t\t\t<div class=\"elementor-column elementor-col-100 elementor-top-column elementor-element elementor-element-18927e0\" data-id=\"18927e0\" data-element_type=\"column\" data-settings=\"{&quot;background_background&quot;:&quot;classic&quot;}\">\n\t\t\t<div class=\"elementor-widget-wrap elementor-element-populated\">\n\t\t\t\t\t\t<div class=\"elementor-element elementor-element-0f7e59b elementor-posts__hover-none elementor-grid-3 elementor-grid-tablet-2 elementor-grid-mobile-1 elementor-posts--thumbnail-top elementor-widget elementor-widget-posts\" data-id=\"0f7e59b\" data-element_type=\"widget\" data-settings=\"{&quot;cards_row_gap&quot;:{&quot;unit&quot;:&quot;px&quot;,&quot;size&quot;:15,&quot;sizes&quot;:[]},&quot;cards_columns&quot;:&quot;3&quot;,&quot;cards_columns_tablet&quot;:&quot;2&quot;,&quot;cards_columns_mobile&quot;:&quot;1&quot;,&quot;cards_row_gap_tablet&quot;:{&quot;unit&quot;:&quot;px&quot;,&quot;size&quot;:&quot;&quot;,&quot;sizes&quot;:[]},&quot;cards_row_gap_mobile&quot;:{&quot;unit&quot;:&quot;px&quot;,&quot;size&quot;:&quot;&quot;,&quot;sizes&quot;:[]}}\" data-widget_type=\"posts.cards\">\n\t\t\t\t<div class=\"elementor-widget-container\">\n\t\t\t\t\t\t\t<div class=\"elementor-posts-container elementor-posts elementor-posts--skin-cards elementor-grid\">\n\t\t\t\t<article class=\"elementor-post elementor-grid-item post-1046 post type-post status-publish format-standard has-post-thumbnail hentry category-partners\">\n\t\t\t<div class=\"elementor-post__card\">\n\t\t\t\t<a class=\"elementor-post__thumbnail__link\" href=\"https:\/\/chateauentertainment.co\/it\/partners\/swiss-financiers\/\" tabindex=\"-1\" ><div class=\"elementor-post__thumbnail\"><img fetchpriority=\"high\" decoding=\"async\" width=\"800\" height=\"450\" src=\"https:\/\/chateauentertainment.co\/wp-content\/uploads\/swiss-financiers-img.jpg\" class=\"attachment-large size-large wp-image-3261\" alt=\"\" srcset=\"https:\/\/chateauentertainment.co\/wp-content\/uploads\/swiss-financiers-img.jpg 800w, https:\/\/chateauentertainment.co\/wp-content\/uploads\/swiss-financiers-img-300x169.jpg 300w, https:\/\/chateauentertainment.co\/wp-content\/uploads\/swiss-financiers-img-768x432.jpg 768w, https:\/\/chateauentertainment.co\/wp-content\/uploads\/swiss-financiers-img-18x10.jpg 18w\" sizes=\"(max-width: 800px) 100vw, 800px\" \/><\/div><\/a>\n\t\t\t\t<div class=\"elementor-post__text\">\n\t\t\t\t<h3 class=\"elementor-post__title\">\n\t\t\t<a href=\"https:\/\/chateauentertainment.co\/it\/partners\/swiss-financiers\/\" >\n\t\t\t\tFinanzieri svizzeri\t\t\t<\/a>\n\t\t<\/h3>\n\t\t\t\t<div class=\"elementor-post__excerpt\">\n\t\t\t<p>Il Team Swiss Financiers ha una comprovata storia nel rendere pubbliche le aziende, garantendo una proposta di valore trasparente e accrescitiva insieme...<br \/>\n&nbsp;<\/p>\n<div>\n<div style=\"float:left; width=50%;\">\n<a class=\"elementor-post__read-more\" href=\"\/it\/partners\/swiss-financiers\/\">Per saperne di pi\u00f9 &quot;<\/a>\n        <\/div>\n<div style=\"float:right; width=50%;\">\n<a href=\"https:\/\/swissfinanciers.com\/\" target=\"_blank\" class=\"elementor-button-link elementor-button elementor-size-xs\" role=\"button\" rel=\"noopener\"><span class=\"elementor-button-content-wrapper\"><span class=\"elementor-button-text\">Visita il sito web<\/span><\/span><\/a>\n        <\/div>\n<div style=\"clear:both;\"><\/div>\n<\/div>\n\t\t<\/div>\n\t\t\t\t<\/div>\n\t\t\t\t\t<\/div>\n\t\t<\/article>\n\t\t\t\t<article class=\"elementor-post elementor-grid-item post-1055 post type-post status-publish format-standard has-post-thumbnail hentry category-partners\">\n\t\t\t<div class=\"elementor-post__card\">\n\t\t\t\t<a class=\"elementor-post__thumbnail__link\" href=\"https:\/\/chateauentertainment.co\/it\/partners\/ipo-institute\/\" tabindex=\"-1\" ><div class=\"elementor-post__thumbnail\"><img decoding=\"async\" width=\"800\" height=\"450\" src=\"https:\/\/chateauentertainment.co\/wp-content\/uploads\/ipoi-img.jpg\" class=\"attachment-large size-large wp-image-3267\" alt=\"\" srcset=\"https:\/\/chateauentertainment.co\/wp-content\/uploads\/ipoi-img.jpg 800w, https:\/\/chateauentertainment.co\/wp-content\/uploads\/ipoi-img-300x169.jpg 300w, https:\/\/chateauentertainment.co\/wp-content\/uploads\/ipoi-img-768x432.jpg 768w, https:\/\/chateauentertainment.co\/wp-content\/uploads\/ipoi-img-18x10.jpg 18w\" sizes=\"(max-width: 800px) 100vw, 800px\" \/><\/div><\/a>\n\t\t\t\t<div class=\"elementor-post__text\">\n\t\t\t\t<h3 class=\"elementor-post__title\">\n\t\t\t<a href=\"https:\/\/chateauentertainment.co\/it\/partners\/ipo-institute\/\" >\n\t\t\t\tIstituto IPO\t\t\t<\/a>\n\t\t<\/h3>\n\t\t\t\t<div class=\"elementor-post__excerpt\">\n\t\t\t<p>Un centro di competenza sull\u2019IPO, che insegna conoscenza reale, fornisce opinioni, uccide i miti o le informazioni false e fornisce una vera IPO\u2026<br \/>\n&nbsp;<\/p>\n<div>\n<div style=\"float:left; width=50%;\">\n<a class=\"elementor-post__read-more\" href=\"\/it\/partners\/ipo-institute\/\">Per saperne di pi\u00f9 &quot;<\/a>\n        <\/div>\n<div style=\"float:right; width=50%;\">\n<a href=\"https:\/\/ipoinstitute.com\/\" target=\"_blank\" class=\"elementor-button-link elementor-button elementor-size-xs\" role=\"button\" rel=\"noopener\"><span class=\"elementor-button-content-wrapper\"><span class=\"elementor-button-text\">Visita il sito web<\/span><\/span><\/a>\n        <\/div>\n<div style=\"clear:both;\"><\/div>\n<\/div>\n\t\t<\/div>\n\t\t\t\t<\/div>\n\t\t\t\t\t<\/div>\n\t\t<\/article>\n\t\t\t\t<article class=\"elementor-post elementor-grid-item post-1056 post type-post status-publish format-standard has-post-thumbnail hentry category-partners\">\n\t\t\t<div class=\"elementor-post__card\">\n\t\t\t\t<a class=\"elementor-post__thumbnail__link\" href=\"https:\/\/chateauentertainment.co\/it\/partners\/deschenaux-partners-llp\/\" tabindex=\"-1\" ><div class=\"elementor-post__thumbnail\"><img decoding=\"async\" width=\"800\" height=\"450\" src=\"https:\/\/chateauentertainment.co\/wp-content\/uploads\/ghd-img.jpg\" class=\"attachment-large size-large wp-image-3271\" alt=\"\" srcset=\"https:\/\/chateauentertainment.co\/wp-content\/uploads\/ghd-img.jpg 800w, https:\/\/chateauentertainment.co\/wp-content\/uploads\/ghd-img-300x169.jpg 300w, https:\/\/chateauentertainment.co\/wp-content\/uploads\/ghd-img-768x432.jpg 768w, https:\/\/chateauentertainment.co\/wp-content\/uploads\/ghd-img-18x10.jpg 18w\" sizes=\"(max-width: 800px) 100vw, 800px\" \/><\/div><\/a>\n\t\t\t\t<div class=\"elementor-post__text\">\n\t\t\t\t<h3 class=\"elementor-post__title\">\n\t\t\t<a href=\"https:\/\/chateauentertainment.co\/it\/partners\/deschenaux-partners-llp\/\" >\n\t\t\t\tDeschenaux &amp; Partners, LLP\t\t\t<\/a>\n\t\t<\/h3>\n\t\t\t\t<div class=\"elementor-post__excerpt\">\n\t\t\t<p>Siamo giuristi finanziari internazionali perch\u00e9 crediamo che entrare in contenzioso sia gi\u00e0 un fallimento. Non ci crediamo\u2026<br \/>\n&nbsp;<\/p>\n<div>\n<div style=\"float:left; width=50%;\">\n<a class=\"elementor-post__read-more\" href=\"\/it\/partners\/greenberg-hornblower-deschenaux-partners-llp\/\">Per saperne di pi\u00f9 &quot;<\/a>\n        <\/div>\n<div style=\"float:right; width=50%;\">\n<a href=\"https:\/\/ghd-llp.com\/\" target=\"_blank\" class=\"elementor-button-link elementor-button elementor-size-xs\" role=\"button\" rel=\"noopener\"><span class=\"elementor-button-content-wrapper\"><span class=\"elementor-button-text\">Visita il sito web<\/span><\/span><\/a>\n        <\/div>\n<div style=\"clear:both;\"><\/div>\n<\/div>\n\t\t<\/div>\n\t\t\t\t<\/div>\n\t\t\t\t\t<\/div>\n\t\t<\/article>\n\t\t\t\t<\/div>\n\t\t\n\t\t\t\t\t\t<\/div>\n\t\t\t\t<\/div>\n\t\t\t\t\t<\/div>\n\t\t<\/div>\n\t\t\t\t\t<\/div>\n\t\t<\/section>\n\t\t\t\t<section class=\"elementor-section elementor-top-section elementor-element elementor-element-2db091b elementor-section-boxed elementor-section-height-default elementor-section-height-default\" data-id=\"2db091b\" data-element_type=\"section\" data-settings=\"{&quot;background_background&quot;:&quot;classic&quot;}\">\n\t\t\t\t\t\t<div class=\"elementor-container elementor-column-gap-default\">\n\t\t\t\t\t<div class=\"elementor-column elementor-col-100 elementor-top-column elementor-element elementor-element-9c2a521\" data-id=\"9c2a521\" data-element_type=\"column\">\n\t\t\t<div class=\"elementor-widget-wrap elementor-element-populated\">\n\t\t\t\t\t\t<div class=\"elementor-element elementor-element-9734ffd elementor-widget elementor-widget-heading\" data-id=\"9734ffd\" data-element_type=\"widget\" data-widget_type=\"heading.default\">\n\t\t\t\t<div class=\"elementor-widget-container\">\n\t\t\t\t\t<h3 class=\"elementor-heading-title elementor-size-default\">Per ulteriori informazioni su Chateau Entertainment o per stipulare una partnership con noi, contattaci oggi.<\/h3>\t\t\t\t<\/div>\n\t\t\t\t<\/div>\n\t\t\t\t<div class=\"elementor-element elementor-element-3db00c3 elementor-widget elementor-widget-heading\" data-id=\"3db00c3\" data-element_type=\"widget\" data-widget_type=\"heading.default\">\n\t\t\t\t<div class=\"elementor-widget-container\">\n\t\t\t\t\t<h3 class=\"elementor-heading-title elementor-size-default\">Facciamo la storia insieme.<\/h3>\t\t\t\t<\/div>\n\t\t\t\t<\/div>\n\t\t\t\t<div class=\"elementor-element elementor-element-e48e867 elementor-align-center elementor-widget elementor-widget-button\" data-id=\"e48e867\" data-element_type=\"widget\" data-widget_type=\"button.default\">\n\t\t\t\t<div class=\"elementor-widget-container\">\n\t\t\t\t\t\t\t\t\t<div class=\"elementor-button-wrapper\">\n\t\t\t\t\t<a class=\"elementor-button elementor-button-link elementor-size-sm\" href=\"\/it\/contact\/\">\n\t\t\t\t\t\t<span class=\"elementor-button-content-wrapper\">\n\t\t\t\t\t\t\t\t\t<span class=\"elementor-button-text\">Contatta ora<\/span>\n\t\t\t\t\t<\/span>\n\t\t\t\t\t<\/a>\n\t\t\t\t<\/div>\n\t\t\t\t\t\t\t\t<\/div>\n\t\t\t\t<\/div>\n\t\t\t\t\t<\/div>\n\t\t<\/div>\n\t\t\t\t\t<\/div>\n\t\t<\/section>\n\t\t\t\t<\/div>","protected":false},"excerpt":{"rendered":"<p>Concentrati sulla creazione di partnership strategiche a lungo termine e a valore aggiunto In Chateau Entertainment, diamo valore ai nostri investitori e partner. Crediamo che raccogliere fondi rappresenti met\u00e0 del successo della nostra SPAC, mentre l&#039;altra met\u00e0 dipende da come collaboriamo con i nostri partner e utilizziamo il capitale raccolto per acquisire propriet\u00e0 mirate. Pertanto, ci impegniamo a lavorare con \u2026 <a title=\"Studio Legale Deschenaux &amp; Partners, LLP\" class=\"read-more\" href=\"https:\/\/chateauentertainment.co\/it\/partners\/deschenaux-partners-llp\/\" aria-label=\"Per saperne di pi\u00f9 su Deschenaux &amp; Partners, LLP\">Leggi tutto<\/a><\/p>","protected":false},"author":1,"featured_media":0,"parent":0,"menu_order":25,"comment_status":"closed","ping_status":"closed","template":"","meta":{"footnotes":""},"class_list":["post-505","page","type-page","status-publish","hentry"],"_links":{"self":[{"href":"https:\/\/chateauentertainment.co\/it\/wp-json\/wp\/v2\/pages\/505","targetHints":{"allow":["GET"]}}],"collection":[{"href":"https:\/\/chateauentertainment.co\/it\/wp-json\/wp\/v2\/pages"}],"about":[{"href":"https:\/\/chateauentertainment.co\/it\/wp-json\/wp\/v2\/types\/page"}],"author":[{"embeddable":true,"href":"https:\/\/chateauentertainment.co\/it\/wp-json\/wp\/v2\/users\/1"}],"replies":[{"embeddable":true,"href":"https:\/\/chateauentertainment.co\/it\/wp-json\/wp\/v2\/comments?post=505"}],"version-history":[{"count":0,"href":"https:\/\/chateauentertainment.co\/it\/wp-json\/wp\/v2\/pages\/505\/revisions"}],"wp:attachment":[{"href":"https:\/\/chateauentertainment.co\/it\/wp-json\/wp\/v2\/media?parent=505"}],"curies":[{"name":"wp","href":"https:\/\/api.w.org\/{rel}","templated":true}]}}