{"id":80,"date":"2020-05-06T14:53:07","date_gmt":"2020-05-06T14:53:07","guid":{"rendered":"https:\/\/new.deschenaux.me\/?page_id=80"},"modified":"2021-09-09T10:39:50","modified_gmt":"2021-09-09T10:39:50","slug":"financials","status":"publish","type":"page","link":"https:\/\/chateauentertainment.co\/it\/financials\/","title":{"rendered":"Finanziari"},"content":{"rendered":"<div data-elementor-type=\"wp-page\" data-elementor-id=\"80\" class=\"elementor elementor-80\" data-elementor-post-type=\"page\">\n\t\t\t\t\t\t<section class=\"elementor-section elementor-top-section elementor-element elementor-element-8972890 elementor-section-stretched elementor-section-boxed elementor-section-height-default elementor-section-height-default\" data-id=\"8972890\" data-element_type=\"section\" data-settings=\"{&quot;stretch_section&quot;:&quot;section-stretched&quot;}\">\n\t\t\t\t\t\t<div class=\"elementor-container elementor-column-gap-default\">\n\t\t\t\t\t<div class=\"elementor-column elementor-col-100 elementor-top-column elementor-element elementor-element-7cb295a\" data-id=\"7cb295a\" data-element_type=\"column\">\n\t\t\t<div class=\"elementor-widget-wrap elementor-element-populated\">\n\t\t\t\t\t\t<div class=\"elementor-element elementor-element-69689ba elementor-widget elementor-widget-heading\" data-id=\"69689ba\" data-element_type=\"widget\" data-widget_type=\"heading.default\">\n\t\t\t\t<div class=\"elementor-widget-container\">\n\t\t\t\t\t<h3 class=\"elementor-heading-title elementor-size-default\">Puntiamo alla generazione di profitti mantenendo le cose trasparenti.<\/h3>\t\t\t\t<\/div>\n\t\t\t\t<\/div>\n\t\t\t\t<div class=\"elementor-element elementor-element-e12b3f3 elementor-widget elementor-widget-text-editor\" data-id=\"e12b3f3\" data-element_type=\"widget\" data-widget_type=\"text-editor.default\">\n\t\t\t\t<div class=\"elementor-widget-container\">\n\t\t\t\t\t\t\t\t\t<p>A <strong>SPAC di intrattenimento del castello<\/strong>, siamo strettamente concentrati sulla raccolta di capitali per acquisire abbandonati <strong>castelli<\/strong> E <strong>punti di riferimento storici<\/strong> attraverso il ns <strong>offerte pubbliche iniziali<\/strong>. Il nostro obiettivo \u00e8 generare flussi continui di profitti per i nostri investitori e partner.<\/p><p>Per essere redditizi e sostenibili, facciamo affidamento sul nostro team. La vasta esperienza del nostro team di gestione in <strong>affari finanziari<\/strong>, <strong>investimenti<\/strong>, <strong>impresa di capitale<\/strong>, <strong>bancario<\/strong>, E <strong>Finanza aziendale<\/strong> ci consente di proporre soluzioni di finanziamento IPO innovative e focalizzate sui risultati.<\/p><p>Poich\u00e9 la nostra azienda \u00e8 finanziata da investimenti e il nostro obiettivo \u00e8 la generazione di profitto per i nostri investitori, manteniamo le cose trasparenti. Ti diamo accesso ai nostri resoconti finanziari, inclusi bilanci, dichiarazioni di profitti\/perdite e note di revisione. Questo per fornirvi una comprensione chiara e approfondita di come Chateau Entertainment SPAC si \u00e8 comportata durante l&#039;esercizio finanziario e ha raggiunto gli obiettivi fissati per l&#039;anno.<\/p>\t\t\t\t\t\t\t\t<\/div>\n\t\t\t\t<\/div>\n\t\t\t\t<div class=\"elementor-element elementor-element-6b2ea2b elementor-widget elementor-widget-heading\" data-id=\"6b2ea2b\" data-element_type=\"widget\" data-widget_type=\"heading.default\">\n\t\t\t\t<div class=\"elementor-widget-container\">\n\t\t\t\t\t<h2 class=\"elementor-heading-title elementor-size-default\">Rimani aggiornato e informato: prendi decisioni di investimento con assoluta sicurezza<\/h2>\t\t\t\t<\/div>\n\t\t\t\t<\/div>\n\t\t\t\t<div class=\"elementor-element elementor-element-138dcd6 elementor-widget elementor-widget-text-editor\" data-id=\"138dcd6\" data-element_type=\"widget\" data-widget_type=\"text-editor.default\">\n\t\t\t\t<div class=\"elementor-widget-container\">\n\t\t\t\t\t\t\t\t\t<p>I nostri rapporti finanziari sono riservati e condivisi solo con i nostri investitori e partner. Con l&#039;accesso a questi report, puoi facilmente valutare lo stato finanziario, i cambiamenti di entit\u00e0 e le prestazioni di Chateau Entertainment SPAC. Ti forniamo dettagli completi delle nostre attivit\u00e0 finanziarie per essere ben consapevole di dove e come investiamo i fondi raccolti e delle attivit\u00e0 che svolgiamo per generare profitti per gli investitori.<\/p><p>Inoltre, questi rapporti finanziari forniscono enormi informazioni sulle entrate, sulle spese, sul carico di debito, sulla redditivit\u00e0 e sulla capacit\u00e0 della nostra azienda di raggiungere i nostri obiettivi finanziari e di acquisizione a breve e lungo termine. Tutte queste informazioni aiutano ulteriormente gli investitori e i partner a prendere con sicurezza decisioni di investimento critiche e future, finanziando al contempo la nostra impresa per garantire che le esigenze di capitale e gli obiettivi mirati siano soddisfatti con successo.<\/p><p>Inoltre, condividiamo ipotesi e proiezioni finanziarie future in modo da essere consapevoli delle migliori opportunit\u00e0 di investimento e poter prendere decisioni informate tanto necessarie per diversificare il portafoglio di investimenti mitigando al tempo stesso il rischio.<\/p>\t\t\t\t\t\t\t\t<\/div>\n\t\t\t\t<\/div>\n\t\t\t\t\t<\/div>\n\t\t<\/div>\n\t\t\t\t\t<\/div>\n\t\t<\/section>\n\t\t\t\t<section class=\"elementor-section elementor-top-section elementor-element elementor-element-8feeb75 elementor-section-boxed elementor-section-height-default elementor-section-height-default\" data-id=\"8feeb75\" data-element_type=\"section\" data-settings=\"{&quot;background_background&quot;:&quot;classic&quot;}\">\n\t\t\t\t\t\t<div class=\"elementor-container elementor-column-gap-default\">\n\t\t\t\t\t<div class=\"elementor-column elementor-col-100 elementor-top-column elementor-element elementor-element-dcdfc7d\" data-id=\"dcdfc7d\" data-element_type=\"column\">\n\t\t\t<div class=\"elementor-widget-wrap elementor-element-populated\">\n\t\t\t\t\t\t<div class=\"elementor-element elementor-element-e96862f elementor-widget elementor-widget-heading\" data-id=\"e96862f\" data-element_type=\"widget\" data-widget_type=\"heading.default\">\n\t\t\t\t<div class=\"elementor-widget-container\">\n\t\t\t\t\t<h3 class=\"elementor-heading-title elementor-size-default\">Per ulteriori informazioni o per ricevere i nostri rapporti finanziari, contattateci oggi.<\/h3>\t\t\t\t<\/div>\n\t\t\t\t<\/div>\n\t\t\t\t<div class=\"elementor-element elementor-element-2f9ac27 elementor-align-center elementor-widget elementor-widget-button\" data-id=\"2f9ac27\" data-element_type=\"widget\" data-widget_type=\"button.default\">\n\t\t\t\t<div class=\"elementor-widget-container\">\n\t\t\t\t\t\t\t\t\t<div class=\"elementor-button-wrapper\">\n\t\t\t\t\t<a class=\"elementor-button elementor-button-link elementor-size-sm\" href=\"\/it\/contact\/\">\n\t\t\t\t\t\t<span class=\"elementor-button-content-wrapper\">\n\t\t\t\t\t\t\t\t\t<span class=\"elementor-button-text\">Contatta ora<\/span>\n\t\t\t\t\t<\/span>\n\t\t\t\t\t<\/a>\n\t\t\t\t<\/div>\n\t\t\t\t\t\t\t\t<\/div>\n\t\t\t\t<\/div>\n\t\t\t\t\t<\/div>\n\t\t<\/div>\n\t\t\t\t\t<\/div>\n\t\t<\/section>\n\t\t\t\t<\/div>","protected":false},"excerpt":{"rendered":"<p>Ci impegniamo per generare profitti mantenendo le cose trasparenti. In Chateau Entertainment SPAC, siamo rigorosamente concentrati sulla raccolta di capitali per acquisire castelli abbandonati e monumenti storici attraverso le nostre offerte pubbliche iniziali. Puntiamo a generare flussi continui di profitti per i nostri investitori e partner. Per essere redditizi e sostenibili, facciamo affidamento sul nostro team. \u2026 <a title=\"Finanziari\" class=\"read-more\" href=\"https:\/\/chateauentertainment.co\/it\/financials\/\" aria-label=\"Per saperne di pi\u00f9 su Financials\">Leggi tutto<\/a><\/p>","protected":false},"author":1,"featured_media":0,"parent":0,"menu_order":13,"comment_status":"closed","ping_status":"closed","template":"","meta":{"footnotes":""},"class_list":["post-80","page","type-page","status-publish"],"_links":{"self":[{"href":"https:\/\/chateauentertainment.co\/it\/wp-json\/wp\/v2\/pages\/80","targetHints":{"allow":["GET"]}}],"collection":[{"href":"https:\/\/chateauentertainment.co\/it\/wp-json\/wp\/v2\/pages"}],"about":[{"href":"https:\/\/chateauentertainment.co\/it\/wp-json\/wp\/v2\/types\/page"}],"author":[{"embeddable":true,"href":"https:\/\/chateauentertainment.co\/it\/wp-json\/wp\/v2\/users\/1"}],"replies":[{"embeddable":true,"href":"https:\/\/chateauentertainment.co\/it\/wp-json\/wp\/v2\/comments?post=80"}],"version-history":[{"count":0,"href":"https:\/\/chateauentertainment.co\/it\/wp-json\/wp\/v2\/pages\/80\/revisions"}],"wp:attachment":[{"href":"https:\/\/chateauentertainment.co\/it\/wp-json\/wp\/v2\/media?parent=80"}],"curies":[{"name":"wp","href":"https:\/\/api.w.org\/{rel}","templated":true}]}}