{"id":81,"date":"2020-05-06T14:53:39","date_gmt":"2020-05-06T14:53:39","guid":{"rendered":"https:\/\/new.deschenaux.me\/?page_id=81"},"modified":"2022-09-07T15:41:10","modified_gmt":"2022-09-07T15:41:10","slug":"news","status":"publish","type":"page","link":"https:\/\/chateauentertainment.co\/it\/news\/","title":{"rendered":"Notizia"},"content":{"rendered":"<div data-elementor-type=\"wp-page\" data-elementor-id=\"81\" class=\"elementor elementor-81\" data-elementor-post-type=\"page\">\n\t\t\t\t\t\t<section class=\"elementor-section elementor-top-section elementor-element elementor-element-b6a7089 elementor-section-stretched elementor-section-boxed elementor-section-height-default elementor-section-height-default\" data-id=\"b6a7089\" data-element_type=\"section\" data-settings=\"{&quot;stretch_section&quot;:&quot;section-stretched&quot;}\">\n\t\t\t\t\t\t<div class=\"elementor-container elementor-column-gap-default\">\n\t\t\t\t\t<div class=\"elementor-column elementor-col-100 elementor-top-column elementor-element elementor-element-341ddaf\" data-id=\"341ddaf\" data-element_type=\"column\" data-settings=\"{&quot;background_background&quot;:&quot;classic&quot;}\">\n\t\t\t<div class=\"elementor-widget-wrap elementor-element-populated\">\n\t\t\t\t\t\t<div class=\"elementor-element elementor-element-d1b3fd7 elementor-widget elementor-widget-heading\" data-id=\"d1b3fd7\" data-element_type=\"widget\" data-widget_type=\"heading.default\">\n\t\t\t\t<div class=\"elementor-widget-container\">\n\t\t\t\t\t<h3 class=\"elementor-heading-title elementor-size-default\">Rimani aggiornato. Ben informato.<\/h3>\t\t\t\t<\/div>\n\t\t\t\t<\/div>\n\t\t\t\t<div class=\"elementor-element elementor-element-3c54445 elementor-widget elementor-widget-text-editor\" data-id=\"3c54445\" data-element_type=\"widget\" data-widget_type=\"text-editor.default\">\n\t\t\t\t<div class=\"elementor-widget-container\">\n\t\t\t\t\t\t\t\t\t<p>L\u2019industria dell\u2019intrattenimento \u00e8 volatile e altamente dinamica. \u00c8 stato uno dei settori pi\u00f9 colpiti durante la pandemia poich\u00e9 tutte le strade per l\u2019intrattenimento dal vivo sono state chiuse. Dopo la pandemia, abbiamo assistito a un nuovo cambiamento con una crescita crescente dei concorrenti online.<\/p><p>Tuttavia, noi di Chateau Entertainment crediamo che non vi sia alcun sostituto per l&#039;intrattenimento dal vivo e sul palco. Pertanto, ci siamo fatti avanti per rilanciare il settore dando vita a castelli storici e storici e poi affittandoli a artisti dello spettacolo per attirare pubblico e generare profitti per i nostri investitori.<\/p><p>Con l\u2019ingresso di nuovi concorrenti nel mercato e le strategie implementate per rilanciare il settore dopo la pandemia, \u00e8 fondamentale per tutti coloro che sono associati al settore rimanere al passo con le ultime novit\u00e0 per prendere decisioni informate. Pertanto, ti consigliamo di visitare regolarmente la nostra sezione notizie per assicurarti di essere ben informato sugli ultimi sviluppi del settore.<\/p><p>In Chateau Entertainment, attraverso la nostra sezione notizie, manteniamo aggiornati i nostri investitori, partner, maghi e artisti sul nostro progetto SPAC, sulle nuove pietre miliari, sulle opportunit\u00e0 di investimento e sugli sviluppi complessivi del settore. Condivideremo con voi tutte le novit\u00e0 relative ai nostri:<\/p>\t\t\t\t\t\t\t\t<\/div>\n\t\t\t\t<\/div>\n\t\t\t\t<div class=\"elementor-element elementor-element-058ff79 elementor-icon-list--layout-traditional elementor-list-item-link-full_width elementor-widget elementor-widget-icon-list\" data-id=\"058ff79\" data-element_type=\"widget\" data-widget_type=\"icon-list.default\">\n\t\t\t\t<div class=\"elementor-widget-container\">\n\t\t\t\t\t\t\t<ul class=\"elementor-icon-list-items\">\n\t\t\t\t\t\t\t<li class=\"elementor-icon-list-item\">\n\t\t\t\t\t\t\t\t\t\t\t<span class=\"elementor-icon-list-icon\">\n\t\t\t\t\t\t\t<i aria-hidden=\"true\" class=\"fas fa-dot-circle\"><\/i>\t\t\t\t\t\t<\/span>\n\t\t\t\t\t\t\t\t\t\t<span class=\"elementor-icon-list-text\">Nuove acquisizioni (come ubicazione e nomi dei castelli abbandonati e delle propriet\u00e0 storiche che continuiamo ad acquisire e ringiovanire)<\/span>\n\t\t\t\t\t\t\t\t\t<\/li>\n\t\t\t\t\t\t\t\t<li class=\"elementor-icon-list-item\">\n\t\t\t\t\t\t\t\t\t\t\t<span class=\"elementor-icon-list-icon\">\n\t\t\t\t\t\t\t<i aria-hidden=\"true\" class=\"fas fa-dot-circle\"><\/i>\t\t\t\t\t\t<\/span>\n\t\t\t\t\t\t\t\t\t\t<span class=\"elementor-icon-list-text\">Partnership (nuovi partner che si uniscono, inclusi investitori e intrattenitori)<\/span>\n\t\t\t\t\t\t\t\t\t<\/li>\n\t\t\t\t\t\t\t\t<li class=\"elementor-icon-list-item\">\n\t\t\t\t\t\t\t\t\t\t\t<span class=\"elementor-icon-list-icon\">\n\t\t\t\t\t\t\t<i aria-hidden=\"true\" class=\"fas fa-dot-circle\"><\/i>\t\t\t\t\t\t<\/span>\n\t\t\t\t\t\t\t\t\t\t<span class=\"elementor-icon-list-text\">Finanziamento di capitale (fondi organizzati da dove e come e capitale richiesto)<\/span>\n\t\t\t\t\t\t\t\t\t<\/li>\n\t\t\t\t\t\t\t\t<li class=\"elementor-icon-list-item\">\n\t\t\t\t\t\t\t\t\t\t\t<span class=\"elementor-icon-list-icon\">\n\t\t\t\t\t\t\t<i aria-hidden=\"true\" class=\"fas fa-dot-circle\"><\/i>\t\t\t\t\t\t<\/span>\n\t\t\t\t\t\t\t\t\t\t<span class=\"elementor-icon-list-text\">Lavori di restauro (lavori pendenti, in corso o progetti completati)<\/span>\n\t\t\t\t\t\t\t\t\t<\/li>\n\t\t\t\t\t\t\t\t<li class=\"elementor-icon-list-item\">\n\t\t\t\t\t\t\t\t\t\t\t<span class=\"elementor-icon-list-icon\">\n\t\t\t\t\t\t\t<i aria-hidden=\"true\" class=\"fas fa-dot-circle\"><\/i>\t\t\t\t\t\t<\/span>\n\t\t\t\t\t\t\t\t\t\t<span class=\"elementor-icon-list-text\">Rapporti (rapporti che attendiamo con ansia e che abbiamo completato con successo)<\/span>\n\t\t\t\t\t\t\t\t\t<\/li>\n\t\t\t\t\t\t\t\t<li class=\"elementor-icon-list-item\">\n\t\t\t\t\t\t\t\t\t\t\t<span class=\"elementor-icon-list-icon\">\n\t\t\t\t\t\t\t<i aria-hidden=\"true\" class=\"fas fa-dot-circle\"><\/i>\t\t\t\t\t\t<\/span>\n\t\t\t\t\t\t\t\t\t\t<span class=\"elementor-icon-list-text\">Opportunit\u00e0 di investimento (percorsi redditizi per diversificare e far crescere il proprio portafoglio)<\/span>\n\t\t\t\t\t\t\t\t\t<\/li>\n\t\t\t\t\t\t<\/ul>\n\t\t\t\t\t\t<\/div>\n\t\t\t\t<\/div>\n\t\t\t\t<div class=\"elementor-element elementor-element-d103b55 elementor-widget elementor-widget-text-editor\" data-id=\"d103b55\" data-element_type=\"widget\" data-widget_type=\"text-editor.default\">\n\t\t\t\t<div class=\"elementor-widget-container\">\n\t\t\t\t\t\t\t\t\t<p>Ci assicuriamo che tu disponga di informazioni autentiche e accurate in modo che tu sia informato per prendere le giuste decisioni di investimento in tempo reale, ampliando cos\u00ec il tuo portafoglio e mitigando il rischio.<\/p><p>In questa sezione condivideremo risorse, guide agli investimenti, comunicati stampa, notizie del settore, rapporti finanziari e molto altro ancora. Continueremo ad aggiornarvi su tutte le ultime novit\u00e0 in tempo reale.<\/p>\t\t\t\t\t\t\t\t<\/div>\n\t\t\t\t<\/div>\n\t\t\t\t<div class=\"elementor-element elementor-element-b6e7ab0 elementor-posts__hover-none elementor-hidden-desktop elementor-hidden-tablet elementor-hidden-mobile elementor-grid-3 elementor-grid-tablet-2 elementor-grid-mobile-1 elementor-posts--thumbnail-top elementor-widget elementor-widget-posts\" data-id=\"b6e7ab0\" data-element_type=\"widget\" data-settings=\"{&quot;cards_row_gap&quot;:{&quot;unit&quot;:&quot;px&quot;,&quot;size&quot;:15,&quot;sizes&quot;:[]},&quot;cards_columns&quot;:&quot;3&quot;,&quot;cards_columns_tablet&quot;:&quot;2&quot;,&quot;cards_columns_mobile&quot;:&quot;1&quot;,&quot;cards_row_gap_tablet&quot;:{&quot;unit&quot;:&quot;px&quot;,&quot;size&quot;:&quot;&quot;,&quot;sizes&quot;:[]},&quot;cards_row_gap_mobile&quot;:{&quot;unit&quot;:&quot;px&quot;,&quot;size&quot;:&quot;&quot;,&quot;sizes&quot;:[]}}\" data-widget_type=\"posts.cards\">\n\t\t\t\t<div class=\"elementor-widget-container\">\n\t\t\t\t\t\t\t<div class=\"elementor-posts-container elementor-posts elementor-posts--skin-cards elementor-grid\">\n\t\t\t\t<article class=\"elementor-post elementor-grid-item post-1020 post type-post status-publish format-standard has-post-thumbnail hentry category-news\">\n\t\t\t<div class=\"elementor-post__card\">\n\t\t\t\t<a class=\"elementor-post__thumbnail__link\" href=\"https:\/\/chateauentertainment.co\/it\/news\/news-1\/\" tabindex=\"-1\" ><div class=\"elementor-post__thumbnail\"><img fetchpriority=\"high\" decoding=\"async\" width=\"900\" height=\"600\" src=\"https:\/\/chateauentertainment.co\/wp-content\/uploads\/2020\/05\/initial-advice.jpg\" class=\"attachment-large size-large wp-image-35\" alt=\"\" srcset=\"https:\/\/chateauentertainment.co\/wp-content\/uploads\/2020\/05\/initial-advice.jpg 900w, https:\/\/chateauentertainment.co\/wp-content\/uploads\/2020\/05\/initial-advice-600x400.jpg 600w, https:\/\/chateauentertainment.co\/wp-content\/uploads\/2020\/05\/initial-advice-300x200.jpg 300w, https:\/\/chateauentertainment.co\/wp-content\/uploads\/2020\/05\/initial-advice-768x512.jpg 768w\" sizes=\"(max-width: 900px) 100vw, 900px\" \/><\/div><\/a>\n\t\t\t\t<div class=\"elementor-post__text\">\n\t\t\t\t<h3 class=\"elementor-post__title\">\n\t\t\t<a href=\"https:\/\/chateauentertainment.co\/it\/news\/news-1\/\" >\n\t\t\t\tNovit\u00e0 1\t\t\t<\/a>\n\t\t<\/h3>\n\t\t\t\t<div class=\"elementor-post__excerpt\">\n\t\t\t<p>La prima frase dell&#039;articolo apparir\u00e0 qui e potrai modificarla all&#039;interno del file<\/p>\n\t\t<\/div>\n\t\t\n\t\t<a class=\"elementor-post__read-more\" href=\"https:\/\/chateauentertainment.co\/it\/news\/news-1\/\" aria-label=\"Leggi tutto News 1\" tabindex=\"-1\" >\n\t\t\tPer saperne di pi\u00f9 &quot;\t\t<\/a>\n\n\t\t\t\t<\/div>\n\t\t\t\t\t<\/div>\n\t\t<\/article>\n\t\t\t\t<article class=\"elementor-post elementor-grid-item post-1019 post type-post status-publish format-standard has-post-thumbnail hentry category-news\">\n\t\t\t<div class=\"elementor-post__card\">\n\t\t\t\t<a class=\"elementor-post__thumbnail__link\" href=\"https:\/\/chateauentertainment.co\/it\/news\/news-2\/\" tabindex=\"-1\" ><div class=\"elementor-post__thumbnail\"><img decoding=\"async\" width=\"600\" height=\"450\" src=\"https:\/\/chateauentertainment.co\/wp-content\/uploads\/2020\/05\/companies.jpg\" class=\"attachment-large size-large wp-image-34\" alt=\"\" srcset=\"https:\/\/chateauentertainment.co\/wp-content\/uploads\/2020\/05\/companies.jpg 600w, https:\/\/chateauentertainment.co\/wp-content\/uploads\/2020\/05\/companies-300x225.jpg 300w\" sizes=\"(max-width: 600px) 100vw, 600px\" \/><\/div><\/a>\n\t\t\t\t<div class=\"elementor-post__text\">\n\t\t\t\t<h3 class=\"elementor-post__title\">\n\t\t\t<a href=\"https:\/\/chateauentertainment.co\/it\/news\/news-2\/\" >\n\t\t\t\tNovit\u00e0 2\t\t\t<\/a>\n\t\t<\/h3>\n\t\t\t\t<div class=\"elementor-post__excerpt\">\n\t\t\t<p>Le prime 2 frasi dell&#039;articolo verranno visualizzate qui e potrai modificarle all&#039;interno del file<\/p>\n\t\t<\/div>\n\t\t\n\t\t<a class=\"elementor-post__read-more\" href=\"https:\/\/chateauentertainment.co\/it\/news\/news-2\/\" aria-label=\"Leggi tutto News 2\" tabindex=\"-1\" >\n\t\t\tPer saperne di pi\u00f9 &quot;\t\t<\/a>\n\n\t\t\t\t<\/div>\n\t\t\t\t\t<\/div>\n\t\t<\/article>\n\t\t\t\t<article class=\"elementor-post elementor-grid-item post-1017 post type-post status-publish format-standard has-post-thumbnail hentry category-news\">\n\t\t\t<div class=\"elementor-post__card\">\n\t\t\t\t<a class=\"elementor-post__thumbnail__link\" href=\"https:\/\/chateauentertainment.co\/it\/news\/news-3\/\" tabindex=\"-1\" ><div class=\"elementor-post__thumbnail\"><img decoding=\"async\" width=\"600\" height=\"450\" src=\"https:\/\/chateauentertainment.co\/wp-content\/uploads\/2020\/05\/invididuals.jpg\" class=\"attachment-large size-large wp-image-33\" alt=\"\" srcset=\"https:\/\/chateauentertainment.co\/wp-content\/uploads\/2020\/05\/invididuals.jpg 600w, https:\/\/chateauentertainment.co\/wp-content\/uploads\/2020\/05\/invididuals-300x225.jpg 300w\" sizes=\"(max-width: 600px) 100vw, 600px\" \/><\/div><\/a>\n\t\t\t\t<div class=\"elementor-post__text\">\n\t\t\t\t<h3 class=\"elementor-post__title\">\n\t\t\t<a href=\"https:\/\/chateauentertainment.co\/it\/news\/news-3\/\" >\n\t\t\t\tNovit\u00e0 3\t\t\t<\/a>\n\t\t<\/h3>\n\t\t\t\t<div class=\"elementor-post__excerpt\">\n\t\t\t<p>Le prime 3 frasi dell&#039;articolo verranno visualizzate qui e potrai modificarle all&#039;interno del file<\/p>\n\t\t<\/div>\n\t\t\n\t\t<a class=\"elementor-post__read-more\" href=\"https:\/\/chateauentertainment.co\/it\/news\/news-3\/\" aria-label=\"Leggi tutto News 3\" tabindex=\"-1\" >\n\t\t\tPer saperne di pi\u00f9 &quot;\t\t<\/a>\n\n\t\t\t\t<\/div>\n\t\t\t\t\t<\/div>\n\t\t<\/article>\n\t\t\t\t<\/div>\n\t\t\n\t\t\t\t\t\t<\/div>\n\t\t\t\t<\/div>\n\t\t\t\t\t<\/div>\n\t\t<\/div>\n\t\t\t\t\t<\/div>\n\t\t<\/section>\n\t\t\t\t<\/div>","protected":false},"excerpt":{"rendered":"<p>Rimani aggiornato. Ben informato. L&#039;industria dell&#039;intrattenimento \u00e8 volatile e altamente dinamica. \u00c8 stata una delle industrie pi\u00f9 colpite durante la pandemia, poich\u00e9 tutte le vie per l&#039;intrattenimento dal vivo sono state chiuse. Dopo la pandemia, abbiamo assistito a un nuovo cambiamento con una crescita crescente dei concorrenti online. Tuttavia, in Chateau Entertainment, crediamo che ci sia... <a title=\"Novit\u00e0 3\" class=\"read-more\" href=\"https:\/\/chateauentertainment.co\/it\/news\/news-3\/\" aria-label=\"Per saperne di pi\u00f9 su News 3\">Leggi tutto<\/a><\/p>","protected":false},"author":1,"featured_media":0,"parent":0,"menu_order":20,"comment_status":"closed","ping_status":"closed","template":"","meta":{"footnotes":""},"class_list":["post-81","page","type-page","status-publish","hentry"],"_links":{"self":[{"href":"https:\/\/chateauentertainment.co\/it\/wp-json\/wp\/v2\/pages\/81","targetHints":{"allow":["GET"]}}],"collection":[{"href":"https:\/\/chateauentertainment.co\/it\/wp-json\/wp\/v2\/pages"}],"about":[{"href":"https:\/\/chateauentertainment.co\/it\/wp-json\/wp\/v2\/types\/page"}],"author":[{"embeddable":true,"href":"https:\/\/chateauentertainment.co\/it\/wp-json\/wp\/v2\/users\/1"}],"replies":[{"embeddable":true,"href":"https:\/\/chateauentertainment.co\/it\/wp-json\/wp\/v2\/comments?post=81"}],"version-history":[{"count":0,"href":"https:\/\/chateauentertainment.co\/it\/wp-json\/wp\/v2\/pages\/81\/revisions"}],"wp:attachment":[{"href":"https:\/\/chateauentertainment.co\/it\/wp-json\/wp\/v2\/media?parent=81"}],"curies":[{"name":"wp","href":"https:\/\/api.w.org\/{rel}","templated":true}]}}