{"id":83,"date":"2020-05-06T14:53:32","date_gmt":"2020-05-06T14:53:32","guid":{"rendered":"https:\/\/new.deschenaux.me\/?page_id=83"},"modified":"2022-08-07T20:27:11","modified_gmt":"2022-08-07T20:27:11","slug":"team","status":"publish","type":"page","link":"https:\/\/chateauentertainment.co\/it\/team\/","title":{"rendered":"Squadra"},"content":{"rendered":"<div data-elementor-type=\"wp-page\" data-elementor-id=\"83\" class=\"elementor elementor-83\" data-elementor-post-type=\"page\">\n\t\t\t\t\t\t<section class=\"elementor-section elementor-top-section elementor-element elementor-element-4c09c46 elementor-section-stretched elementor-section-boxed elementor-section-height-default elementor-section-height-default\" data-id=\"4c09c46\" data-element_type=\"section\" data-settings=\"{&quot;stretch_section&quot;:&quot;section-stretched&quot;}\">\n\t\t\t\t\t\t<div class=\"elementor-container elementor-column-gap-default\">\n\t\t\t\t\t<div class=\"elementor-column elementor-col-100 elementor-top-column elementor-element elementor-element-6a4d63a\" data-id=\"6a4d63a\" data-element_type=\"column\">\n\t\t\t<div class=\"elementor-widget-wrap elementor-element-populated\">\n\t\t\t\t\t\t<div class=\"elementor-element elementor-element-3576b00 elementor-widget elementor-widget-heading\" data-id=\"3576b00\" data-element_type=\"widget\" data-widget_type=\"heading.default\">\n\t\t\t\t<div class=\"elementor-widget-container\">\n\t\t\t\t\t<h3 class=\"elementor-heading-title elementor-size-default\">Appassionato. Esperto. Guidato.<\/h3>\t\t\t\t<\/div>\n\t\t\t\t<\/div>\n\t\t\t\t<div class=\"elementor-element elementor-element-646c58f elementor-widget elementor-widget-text-editor\" data-id=\"646c58f\" data-element_type=\"widget\" data-widget_type=\"text-editor.default\">\n\t\t\t\t<div class=\"elementor-widget-container\">\n\t\t\t\t\t\t\t\t\t<p>Chateau Entertainment \u00e8 orgogliosa di avere un team di persone che la pensano allo stesso modo, esperte, appassionate e motivate a garantire il successo dei suoi investitori e partner. Il nostro team \u00e8 guidato da Marc Deschenaux, socio fondatore di Swiss Financiers ed esperto di fama mondiale in finanza aziendale. Deschenaux ha al suo attivo una vasta esperienza in materia di gestione, innovazione, leadership e governance. Questa esperienza, unita alla sua competenza negli investimenti e nel capitale di rischio, garantisce che il successo sia inevitabile.<\/p><p>Presso Chateau Entertainment, il nostro team, sotto la forte leadership e guida di Marc Deschenaux, si concentra sulla fornitura di opportunit\u00e0 di investimento che generano profitti ai nostri investitori e sulla crescita dei loro portafogli.<\/p><p>Cerchiamo e acquisiamo attivamente castelli abbandonati e propriet\u00e0 storiche a prezzi convenienti. Una volta acquisite da Chateau Entertainment SPAC, passeremo alla fase successiva, ringiovanendo queste propriet\u00e0 ripristinando il loro fascino visivo mantenendo intatta la loro eredit\u00e0. La nostra squadra non si ferma qui.<\/p><p>La rinascita di queste propriet\u00e0 abbandonate aumenter\u00e0 immediatamente la loro domanda. Tuttavia, miriamo a sfruttare l&#039;elevata domanda di queste propriet\u00e0 nel migliore interesse dei nostri investitori e partner affittandole a intrattenitori, maghi e artisti che hanno l&#039;arte e il mestiere per attirare masse e generare flussi continui di entrate. Man mano che la popolarit\u00e0 cresce, aumenteranno anche i profitti dei nostri investitori. Questo \u00e8 il modo in cui il nostro team si impegna a fornire elevati ritorni sugli investimenti.<\/p><p>Continuiamo a lavorare diligentemente e ad organizzare finanziamenti di capitale per nuove acquisizioni immobiliari. Per il nostro team, si tratta di un\u2019impresa che far\u00e0 rivivere l\u2019industria dell\u2019intrattenimento, dar\u00e0 vita a propriet\u00e0 storiche e abbandonate e si riveler\u00e0 una fonte di profitto per i nostri investitori. Siamo pronti a fare la storia.<\/p>\t\t\t\t\t\t\t\t<\/div>\n\t\t\t\t<\/div>\n\t\t\t\t\t<\/div>\n\t\t<\/div>\n\t\t\t\t\t<\/div>\n\t\t<\/section>\n\t\t\t\t<section class=\"elementor-section elementor-top-section elementor-element elementor-element-65d2e74c elementor-section-content-middle elementor-section-stretched elementor-section-boxed elementor-section-height-default elementor-section-height-default\" data-id=\"65d2e74c\" data-element_type=\"section\" data-settings=\"{&quot;stretch_section&quot;:&quot;section-stretched&quot;,&quot;background_background&quot;:&quot;classic&quot;}\">\n\t\t\t\t\t\t<div class=\"elementor-container elementor-column-gap-narrow\">\n\t\t\t\t\t<div class=\"elementor-column elementor-col-100 elementor-top-column elementor-element elementor-element-2d50462\" data-id=\"2d50462\" data-element_type=\"column\">\n\t\t\t<div class=\"elementor-widget-wrap elementor-element-populated\">\n\t\t\t\t\t\t<div class=\"elementor-element elementor-element-c67c9b0 elementor-posts--align-center elementor-grid-3 elementor-grid-tablet-2 elementor-grid-mobile-1 elementor-posts--thumbnail-top elementor-widget elementor-widget-posts\" data-id=\"c67c9b0\" data-element_type=\"widget\" data-settings=\"{&quot;classic_row_gap&quot;:{&quot;unit&quot;:&quot;px&quot;,&quot;size&quot;:15,&quot;sizes&quot;:[]},&quot;classic_columns&quot;:&quot;3&quot;,&quot;classic_columns_tablet&quot;:&quot;2&quot;,&quot;classic_columns_mobile&quot;:&quot;1&quot;,&quot;classic_row_gap_tablet&quot;:{&quot;unit&quot;:&quot;px&quot;,&quot;size&quot;:&quot;&quot;,&quot;sizes&quot;:[]},&quot;classic_row_gap_mobile&quot;:{&quot;unit&quot;:&quot;px&quot;,&quot;size&quot;:&quot;&quot;,&quot;sizes&quot;:[]}}\" data-widget_type=\"posts.classic\">\n\t\t\t\t<div class=\"elementor-widget-container\">\n\t\t\t\t\t\t\t<div class=\"elementor-posts-container elementor-posts elementor-posts--skin-classic elementor-grid\">\n\t\t\t\t<article class=\"elementor-post elementor-grid-item post-3471 post type-post status-publish format-standard has-post-thumbnail hentry category-board-of-directors category-management category-team\">\n\t\t\t\t<a class=\"elementor-post__thumbnail__link\" href=\"https:\/\/chateauentertainment.co\/it\/team\/mark-setteducati-2\/\" tabindex=\"-1\" >\n\t\t\t<div class=\"elementor-post__thumbnail\"><img fetchpriority=\"high\" decoding=\"async\" width=\"1024\" height=\"682\" src=\"https:\/\/chateauentertainment.co\/wp-content\/uploads\/Mark_Setteducati-1024x682.jpeg\" class=\"attachment-large size-large wp-image-3488\" alt=\"Mark Setteducati\" \/><\/div>\n\t\t<\/a>\n\t\t\t\t<div class=\"elementor-post__text\">\n\t\t\t\t<h3 class=\"elementor-post__title\">\n\t\t\t<a href=\"https:\/\/chateauentertainment.co\/it\/team\/mark-setteducati-2\/\" >\n\t\t\t\tMarco Setteducati\t\t\t<\/a>\n\t\t<\/h3>\n\t\t\t\t<div class=\"elementor-post__excerpt\">\n\t\t\t<h3>Presidente<\/h3>\n<p style=\"text-align:justify;\">Mark Setteducati (nato il 1 novembre 1955) \u00e8 un mago americano e inventore di magia, illusioni, giochi e puzzle. \u00c8 anche un autore, noto per il libro The Magic Show e presentato su PBS Inventors. Setteducati \u00e8 nato a New York City, NY ed \u00e8 cresciuto a Emerson, nel New Jersey.<\/p>\n<p>&nbsp;<br \/>\n<a class=\"elementor-icon elementor-social-icon elementor-social-icon-linkedin elementor-repeater-item-c605892\" href=\"https:\/\/www.linkedin.com\/in\/mark-setteducati-3519a027\/\" target=\"_blank\" rel=\"noopener noreferrer\"><i class=\"fab fa-linkedin\"><\/i><\/a><\/p>\n\t\t<\/div>\n\t\t\n\t\t<a class=\"elementor-post__read-more\" href=\"https:\/\/chateauentertainment.co\/it\/team\/mark-setteducati-2\/\" aria-label=\"Leggi tutto Mark Setteducati\" tabindex=\"-1\" >\n\t\t\tScopri di pi\u00f9 \u00bb\t\t<\/a>\n\n\t\t\t\t<\/div>\n\t\t\t\t<\/article>\n\t\t\t\t<article class=\"elementor-post elementor-grid-item post-2791 post type-post status-publish format-standard has-post-thumbnail hentry category-board-of-directors category-management category-team\">\n\t\t\t\t<a class=\"elementor-post__thumbnail__link\" href=\"https:\/\/chateauentertainment.co\/it\/team\/marc-deschenaux\/\" tabindex=\"-1\" >\n\t\t\t<div class=\"elementor-post__thumbnail\"><img decoding=\"async\" width=\"585\" height=\"585\" src=\"https:\/\/chateauentertainment.co\/wp-content\/uploads\/Marc-Deschenaux_CFO.jpg\" class=\"attachment-large size-large wp-image-3506\" alt=\"Marc Deschenaux\" srcset=\"https:\/\/chateauentertainment.co\/wp-content\/uploads\/Marc-Deschenaux_CFO.jpg 585w, https:\/\/chateauentertainment.co\/wp-content\/uploads\/Marc-Deschenaux_CFO-300x300.jpg 300w, https:\/\/chateauentertainment.co\/wp-content\/uploads\/Marc-Deschenaux_CFO-150x150.jpg 150w, https:\/\/chateauentertainment.co\/wp-content\/uploads\/Marc-Deschenaux_CFO-12x12.jpg 12w\" sizes=\"(max-width: 585px) 100vw, 585px\" \/><\/div>\n\t\t<\/a>\n\t\t\t\t<div class=\"elementor-post__text\">\n\t\t\t\t<h3 class=\"elementor-post__title\">\n\t\t\t<a href=\"https:\/\/chateauentertainment.co\/it\/team\/marc-deschenaux\/\" >\n\t\t\t\tMarc Deschenaux\t\t\t<\/a>\n\t\t<\/h3>\n\t\t\t\t<div class=\"elementor-post__excerpt\">\n\t\t\t<h3>Capo dell&#039;ufficio finanziario<\/h3>\n<p style=\"text-align:justify;\">Marc Deschenaux \u00e8 un esperto mondiale di finanza aziendale, dalle offerte private alle offerte pubbliche iniziali (IPO). Ha raccolto azioni private e pubbliche, azioni e debiti per aziende a livello internazionale. Ha inoltre finanziato vari tipi di operazioni, dalle transazioni di import\/export ai fondi comuni di investimento immobiliare e ai prestiti governativi organizzati.<\/p>\n<p>&nbsp;<br \/>\n<a class=\"elementor-icon elementor-social-icon elementor-social-icon-linkedin elementor-repeater-item-c605892\" href=\"https:\/\/www.linkedin.com\/in\/marcdeschenaux\/\" target=\"_blank\" rel=\"noopener noreferrer\"><i class=\"fab fa-linkedin\"><\/i><\/a><\/p>\n\t\t<\/div>\n\t\t\n\t\t<a class=\"elementor-post__read-more\" href=\"https:\/\/chateauentertainment.co\/it\/team\/marc-deschenaux\/\" aria-label=\"Leggi tutto Marc Deschenaux\" tabindex=\"-1\" >\n\t\t\tScopri di pi\u00f9 \u00bb\t\t<\/a>\n\n\t\t\t\t<\/div>\n\t\t\t\t<\/article>\n\t\t\t\t<\/div>\n\t\t\n\t\t\t\t\t\t<\/div>\n\t\t\t\t<\/div>\n\t\t\t\t\t<\/div>\n\t\t<\/div>\n\t\t\t\t\t<\/div>\n\t\t<\/section>\n\t\t\t\t<\/div>","protected":false},"excerpt":{"rendered":"<p>Appassionato. Esperto. Guidato. Chateau Entertainment \u00e8 orgogliosa di avere un team di persone che la pensano allo stesso modo, esperte, appassionate e motivate a garantire il successo dei suoi investitori e partner. Il nostro team \u00e8 guidato da Marc Deschenaux, socio fondatore di Swiss Financiers ed esperto di fama mondiale in finanza aziendale. Deschenaux ha una vasta esperienza\u2026 <a title=\"Marc Deschenaux\" class=\"read-more\" href=\"https:\/\/chateauentertainment.co\/it\/team\/marc-deschenaux\/\" aria-label=\"Per saperne di pi\u00f9 su Marc Deschenaux\">Leggi tutto<\/a><\/p>","protected":false},"author":1,"featured_media":0,"parent":0,"menu_order":24,"comment_status":"closed","ping_status":"closed","template":"","meta":{"footnotes":""},"class_list":["post-83","page","type-page","status-publish","hentry"],"_links":{"self":[{"href":"https:\/\/chateauentertainment.co\/it\/wp-json\/wp\/v2\/pages\/83","targetHints":{"allow":["GET"]}}],"collection":[{"href":"https:\/\/chateauentertainment.co\/it\/wp-json\/wp\/v2\/pages"}],"about":[{"href":"https:\/\/chateauentertainment.co\/it\/wp-json\/wp\/v2\/types\/page"}],"author":[{"embeddable":true,"href":"https:\/\/chateauentertainment.co\/it\/wp-json\/wp\/v2\/users\/1"}],"replies":[{"embeddable":true,"href":"https:\/\/chateauentertainment.co\/it\/wp-json\/wp\/v2\/comments?post=83"}],"version-history":[{"count":0,"href":"https:\/\/chateauentertainment.co\/it\/wp-json\/wp\/v2\/pages\/83\/revisions"}],"wp:attachment":[{"href":"https:\/\/chateauentertainment.co\/it\/wp-json\/wp\/v2\/media?parent=83"}],"curies":[{"name":"wp","href":"https:\/\/api.w.org\/{rel}","templated":true}]}}