{"id":1479,"date":"2020-05-08T18:57:34","date_gmt":"2020-05-08T18:57:34","guid":{"rendered":"https:\/\/new.deschenaux.me\/?page_id=1479"},"modified":"2021-08-18T18:28:00","modified_gmt":"2021-08-18T18:28:00","slug":"investors","status":"publish","type":"page","link":"https:\/\/chateauentertainment.co\/pt\/investors\/","title":{"rendered":"Investidores"},"content":{"rendered":"<div data-elementor-type=\"wp-page\" data-elementor-id=\"1479\" class=\"elementor elementor-1479\" data-elementor-post-type=\"page\">\n\t\t\t\t\t\t<section class=\"elementor-section elementor-top-section elementor-element elementor-element-34478bd elementor-section-boxed elementor-section-height-default elementor-section-height-default\" data-id=\"34478bd\" data-element_type=\"section\">\n\t\t\t\t\t\t<div class=\"elementor-container elementor-column-gap-default\">\n\t\t\t\t\t<div class=\"elementor-column elementor-col-100 elementor-top-column elementor-element elementor-element-6d898d1\" data-id=\"6d898d1\" data-element_type=\"column\">\n\t\t\t<div class=\"elementor-widget-wrap elementor-element-populated\">\n\t\t\t\t\t\t<div class=\"elementor-element elementor-element-5db9fe4 elementor-widget elementor-widget-heading\" data-id=\"5db9fe4\" data-element_type=\"widget\" data-widget_type=\"heading.default\">\n\t\t\t\t<div class=\"elementor-widget-container\">\n\t\t\t\t\t<h3 class=\"elementor-heading-title elementor-size-default\">Uma oportunidade de investimento que voc\u00ea n\u00e3o pode perder!<\/h3>\t\t\t\t<\/div>\n\t\t\t\t<\/div>\n\t\t\t\t<div class=\"elementor-element elementor-element-648e04d elementor-widget elementor-widget-text-editor\" data-id=\"648e04d\" data-element_type=\"widget\" data-widget_type=\"text-editor.default\">\n\t\t\t\t<div class=\"elementor-widget-container\">\n\t\t\t\t\t\t\t\t\t<p>Aumente seus lucros enquanto reduz os riscos. Junte-se \u00e0 Chateau Entertainment para obter altos retornos sobre investimentos. Na Chateau Entertainment, elaboramos cuidadosamente uma proposta de investimento vencedora para nossos investidores, ap\u00f3s pesquisas e descobertas aprofundadas do setor. Com base nos insights e nas informa\u00e7\u00f5es coletadas, acreditamos que agora \u00e9 o melhor momento para investir na ind\u00fastria do entretenimento e redefinir seu sucesso.<\/p><p>Nossa proposta \u00e9 \u00fanica e lucrativa. Estamos focados na aquisi\u00e7\u00e3o de marcos hist\u00f3ricos, castelos e propriedades. Desde castelos medievais escoceses at\u00e9 ic\u00f3nicos castelos franceses, o nosso objectivo \u00e9 adquirir todos os tipos de propriedades hist\u00f3ricas abandonadas e restaur\u00e1-las \u00e0 sua antiga gl\u00f3ria. Se voc\u00ea est\u00e1 se perguntando como isso ir\u00e1 benefici\u00e1-lo, veja como. Os insights de nossa pesquisa mostram que:<\/p>\t\t\t\t\t\t\t\t<\/div>\n\t\t\t\t<\/div>\n\t\t\t\t<div class=\"elementor-element elementor-element-d5e8c40 elementor-icon-list--layout-traditional elementor-list-item-link-full_width elementor-widget elementor-widget-icon-list\" data-id=\"d5e8c40\" data-element_type=\"widget\" data-widget_type=\"icon-list.default\">\n\t\t\t\t<div class=\"elementor-widget-container\">\n\t\t\t\t\t\t\t<ul class=\"elementor-icon-list-items\">\n\t\t\t\t\t\t\t<li class=\"elementor-icon-list-item\">\n\t\t\t\t\t\t\t\t\t\t\t<span class=\"elementor-icon-list-icon\">\n\t\t\t\t\t\t\t<i aria-hidden=\"true\" class=\"fas fa-hand-point-right\"><\/i>\t\t\t\t\t\t<\/span>\n\t\t\t\t\t\t\t\t\t\t<span class=\"elementor-icon-list-text\">Estas propriedades hist\u00f3ricas abandonadas que datam de pelo menos 1850 est\u00e3o dispon\u00edveis a pre\u00e7os baixos.<\/span>\n\t\t\t\t\t\t\t\t\t<\/li>\n\t\t\t\t\t\t\t\t<li class=\"elementor-icon-list-item\">\n\t\t\t\t\t\t\t\t\t\t\t<span class=\"elementor-icon-list-icon\">\n\t\t\t\t\t\t\t<i aria-hidden=\"true\" class=\"fas fa-hand-point-right\"><\/i>\t\t\t\t\t\t<\/span>\n\t\t\t\t\t\t\t\t\t\t<span class=\"elementor-icon-list-text\">As recompensas de restaurar uma mans\u00e3o hist\u00f3rica barata e centen\u00e1ria ao seu antigo estado s\u00e3o inestim\u00e1veis.<\/span>\n\t\t\t\t\t\t\t\t\t<\/li>\n\t\t\t\t\t\t\t\t<li class=\"elementor-icon-list-item\">\n\t\t\t\t\t\t\t\t\t\t\t<span class=\"elementor-icon-list-icon\">\n\t\t\t\t\t\t\t<i aria-hidden=\"true\" class=\"fas fa-hand-point-right\"><\/i>\t\t\t\t\t\t<\/span>\n\t\t\t\t\t\t\t\t\t\t<span class=\"elementor-icon-list-text\">N\u00e3o s\u00f3 ser\u00e1 incrivelmente existente para as pessoas visitarem e explorarem, mas tamb\u00e9m ter\u00e3o o melhor acesso ao entretenimento aqui, uma vez que planeamos alug\u00e1-los a artistas e artistas.<\/span>\n\t\t\t\t\t\t\t\t\t<\/li>\n\t\t\t\t\t\t\t\t<li class=\"elementor-icon-list-item\">\n\t\t\t\t\t\t\t\t\t\t\t<span class=\"elementor-icon-list-icon\">\n\t\t\t\t\t\t\t<i aria-hidden=\"true\" class=\"fas fa-hand-point-right\"><\/i>\t\t\t\t\t\t<\/span>\n\t\t\t\t\t\t\t\t\t\t<span class=\"elementor-icon-list-text\">Al\u00e9m disso, a procura por aluguer de castelos est\u00e1 a aumentar.<\/span>\n\t\t\t\t\t\t\t\t\t<\/li>\n\t\t\t\t\t\t<\/ul>\n\t\t\t\t\t\t<\/div>\n\t\t\t\t<\/div>\n\t\t\t\t<div class=\"elementor-element elementor-element-eda5f19 elementor-widget elementor-widget-text-editor\" data-id=\"eda5f19\" data-element_type=\"widget\" data-widget_type=\"text-editor.default\">\n\t\t\t\t<div class=\"elementor-widget-container\">\n\t\t\t\t\t\t\t\t\t<p>Al\u00e9m disso, outra not\u00edcia interessante para nossos potenciais investidores \u00e9 que muitos artistas do setor, incluindo m\u00e1gicos e artistas renomados como Mark Setteducati, Jeff Sheridan e Oliver, est\u00e3o interessados em alugar castelos depois de restaurados. Isto demonstra a sua confian\u00e7a na nossa proposta. Eles est\u00e3o na ind\u00fastria do entretenimento h\u00e1 mais tempo e podem ver como nossa proposta visa trazer de volta a emo\u00e7\u00e3o e o entusiasmo ao entretenimento ao vivo.<\/p><p>Da mesma forma, muitos investidores uniram-se a n\u00f3s em apoio. No entanto, como este \u00e9 um projeto de investimento massivo e \u00fanico, gostar\u00edamos que mais investidores se juntassem a n\u00f3s para tornar a nossa vis\u00e3o uma realidade. Estamos convidando voc\u00ea tamb\u00e9m. Junte-se a n\u00f3s nesta empreitada e fa\u00e7a parte de um projeto de investimento que far\u00e1 hist\u00f3ria. Agregue lucros para sua carteira de investimentos com risco m\u00ednimo.<\/p>\t\t\t\t\t\t\t\t<\/div>\n\t\t\t\t<\/div>\n\t\t\t\t<div class=\"elementor-element elementor-element-cbc765a elementor-align-center elementor-widget elementor-widget-button\" data-id=\"cbc765a\" data-element_type=\"widget\" data-widget_type=\"button.default\">\n\t\t\t\t<div class=\"elementor-widget-container\">\n\t\t\t\t\t\t\t\t\t<div class=\"elementor-button-wrapper\">\n\t\t\t\t\t<a class=\"elementor-button elementor-button-link elementor-size-lg\" href=\"\/pt\/contact\/\">\n\t\t\t\t\t\t<span class=\"elementor-button-content-wrapper\">\n\t\t\t\t\t\t\t\t\t<span class=\"elementor-button-text\">Marque uma reuni\u00e3o hoje.<\/span>\n\t\t\t\t\t<\/span>\n\t\t\t\t\t<\/a>\n\t\t\t\t<\/div>\n\t\t\t\t\t\t\t\t<\/div>\n\t\t\t\t<\/div>\n\t\t\t\t\t<\/div>\n\t\t<\/div>\n\t\t\t\t\t<\/div>\n\t\t<\/section>\n\t\t\t\t<\/div>","protected":false},"excerpt":{"rendered":"<p>Uma oportunidade de investimento que voc\u00ea n\u00e3o pode perder! Aumente seus lucros enquanto reduz os riscos. Junte-se \u00e0 Chateau Entertainment para obter altos retornos sobre investimentos. Na Chateau Entertainment, elaboramos cuidadosamente uma proposta de investimento vencedora para nossos investidores, ap\u00f3s pesquisas e descobertas aprofundadas do setor. Com base nos insights e informa\u00e7\u00f5es coletadas, acreditamos que agora \u00e9 o melhor momento\u2026 <a title=\"Investidores\" class=\"read-more\" href=\"https:\/\/chateauentertainment.co\/pt\/investors\/\" aria-label=\"Leia mais sobre Investidores\">Leia mais<\/a><\/p>","protected":false},"author":1,"featured_media":0,"parent":0,"menu_order":9,"comment_status":"closed","ping_status":"closed","template":"","meta":{"footnotes":""},"class_list":["post-1479","page","type-page","status-publish"],"_links":{"self":[{"href":"https:\/\/chateauentertainment.co\/pt\/wp-json\/wp\/v2\/pages\/1479","targetHints":{"allow":["GET"]}}],"collection":[{"href":"https:\/\/chateauentertainment.co\/pt\/wp-json\/wp\/v2\/pages"}],"about":[{"href":"https:\/\/chateauentertainment.co\/pt\/wp-json\/wp\/v2\/types\/page"}],"author":[{"embeddable":true,"href":"https:\/\/chateauentertainment.co\/pt\/wp-json\/wp\/v2\/users\/1"}],"replies":[{"embeddable":true,"href":"https:\/\/chateauentertainment.co\/pt\/wp-json\/wp\/v2\/comments?post=1479"}],"version-history":[{"count":0,"href":"https:\/\/chateauentertainment.co\/pt\/wp-json\/wp\/v2\/pages\/1479\/revisions"}],"wp:attachment":[{"href":"https:\/\/chateauentertainment.co\/pt\/wp-json\/wp\/v2\/media?parent=1479"}],"curies":[{"name":"wp","href":"https:\/\/api.w.org\/{rel}","templated":true}]}}