{"id":1819,"date":"2020-05-10T12:45:20","date_gmt":"2020-05-10T12:45:20","guid":{"rendered":"https:\/\/new.deschenaux.me\/?page_id=1819"},"modified":"2021-09-09T11:00:19","modified_gmt":"2021-09-09T11:00:19","slug":"ipo","status":"publish","type":"page","link":"https:\/\/chateauentertainment.co\/pt\/ipo\/","title":{"rendered":"IPO"},"content":{"rendered":"<div data-elementor-type=\"wp-page\" data-elementor-id=\"1819\" class=\"elementor elementor-1819\" data-elementor-post-type=\"page\">\n\t\t\t\t\t\t<section class=\"elementor-section elementor-top-section elementor-element elementor-element-1b4ac44 elementor-section-stretched elementor-section-boxed elementor-section-height-default elementor-section-height-default\" data-id=\"1b4ac44\" data-element_type=\"section\" data-settings=\"{&quot;stretch_section&quot;:&quot;section-stretched&quot;}\">\n\t\t\t\t\t\t<div class=\"elementor-container elementor-column-gap-default\">\n\t\t\t\t\t<div class=\"elementor-column elementor-col-100 elementor-top-column elementor-element elementor-element-5d6e415\" data-id=\"5d6e415\" data-element_type=\"column\">\n\t\t\t<div class=\"elementor-widget-wrap elementor-element-populated\">\n\t\t\t\t\t\t<div class=\"elementor-element elementor-element-dd0f169 elementor-widget elementor-widget-heading\" data-id=\"dd0f169\" data-element_type=\"widget\" data-widget_type=\"heading.default\">\n\t\t\t\t<div class=\"elementor-widget-container\">\n\t\t\t\t\t<h3 class=\"elementor-heading-title elementor-size-default\">Convidando Potenciais Clientes e Investidores para Nossa Oferta P\u00fablica Inicial.<\/h3>\t\t\t\t<\/div>\n\t\t\t\t<\/div>\n\t\t\t\t<div class=\"elementor-element elementor-element-914c1ed elementor-widget elementor-widget-text-editor\" data-id=\"914c1ed\" data-element_type=\"widget\" data-widget_type=\"text-editor.default\">\n\t\t\t\t<div class=\"elementor-widget-container\">\n\t\t\t\t\t\t\t\t\t<p>O <strong>Pandemia do covid-19<\/strong> tem sido uma grave crise de sa\u00fade. Afectou todas as facetas da economia global, incluindo a ind\u00fastria do entretenimento. A pandemia levou a uma grande reviravolta, fazendo com que teatros e cinemas fechassem totalmente, sem permitir eventos como concertos, shows e apresenta\u00e7\u00f5es. Foi quando os servi\u00e7os de streaming online cresceram aos trancos e barrancos. Embora o streaming online esteja ganhando popularidade em <strong>Chateau Entretenimento<\/strong>, acreditamos que n\u00e3o h\u00e1 substituto para o entretenimento ao vivo.<\/p><p>No entanto, o desafio que a ind\u00fastria do entretenimento enfrenta ap\u00f3s a pandemia \u00e9 atrair e atrair um p\u00fablico para desfrutar de programas de entretenimento ao vivo. Foi aqui que a Chateau Entertainment intensificou a proposta de despertar entusiasmo, emo\u00e7\u00e3o e reacender a mania do entretenimento ao vivo em pessoas de todas as idades.<\/p><p>Entendemos que como a concorr\u00eancia \u00e9 agressiva, precisamos inventar algo extraordin\u00e1rio. \u00c9 precisamente por isso que planeamos adquirir monumentos hist\u00f3ricos abandonados e castelos localizados em cen\u00e1rios id\u00edlicos com as maiores hist\u00f3rias hist\u00f3ricas que ir\u00e3o captar a aten\u00e7\u00e3o do p\u00fablico e lev\u00e1-lo a desfrutar e experimentar o melhor do entretenimento ao vivo. Assim que essas propriedades forem restauradas, alugaremos artistas para realizar uma ampla gama de atividades, como <strong>eventos<\/strong>, <strong>mostra<\/strong>, <strong>teatro<\/strong>, <strong>filmes<\/strong>, e <strong>concertos<\/strong>, durante todo o ano.<\/p>\t\t\t\t\t\t\t\t<\/div>\n\t\t\t\t<\/div>\n\t\t\t\t<div class=\"elementor-element elementor-element-016c06b elementor-widget elementor-widget-heading\" data-id=\"016c06b\" data-element_type=\"widget\" data-widget_type=\"heading.default\">\n\t\t\t\t<div class=\"elementor-widget-container\">\n\t\t\t\t\t<h2 class=\"elementor-heading-title elementor-size-default\">Focado na gera\u00e7\u00e3o r\u00e1pida de altos ROIs<\/h2>\t\t\t\t<\/div>\n\t\t\t\t<\/div>\n\t\t\t\t<div class=\"elementor-element elementor-element-ffea936 elementor-widget elementor-widget-text-editor\" data-id=\"ffea936\" data-element_type=\"widget\" data-widget_type=\"text-editor.default\">\n\t\t\t\t<div class=\"elementor-widget-container\">\n\t\t\t\t\t\t\t\t\t<p>N\u00f3s nos esfor\u00e7amos para trazer de volta o carisma, o poder e a emo\u00e7\u00e3o de comprar ingressos e desfrutar pessoalmente de um concerto, show de m\u00e1gica e teatros. Como as pessoas visitar\u00e3o nossos edif\u00edcios todos os dias e durante todo o ano em busca de entretenimento e de criar belas lembran\u00e7as com amigos e familiares, os artistas gerar\u00e3o fluxos de receita cont\u00ednuos. Isto, por sua vez, beneficiar\u00e1 os nossos investidores e parceiros, uma vez que os ajudar\u00e1 a obter rapidamente retornos elevados dos investimentos.<\/p><p>No entanto, para come\u00e7ar a adquirir monumentos hist\u00f3ricos e castelos, precisamos de fundos para satisfazer determinados requisitos de capital. Planejamos fazer isso por meio de nossa oferta p\u00fablica inicial (IPO).<\/p><p>Convidamos parceiros e investidores interessados a se cadastrarem em nosso <strong>Oferta p\u00fablica inicial<\/strong> (IPO). Sua participa\u00e7\u00e3o em nosso <strong>IPO<\/strong> apoiar\u00e1 nosso empreendimento e a ind\u00fastria do entretenimento e lhe dar\u00e1 uma grande oportunidade de obter altos ROIs e aumentar as margens de lucro.<\/p>\t\t\t\t\t\t\t\t<\/div>\n\t\t\t\t<\/div>\n\t\t\t\t<div class=\"elementor-element elementor-element-d3d4058 elementor-widget-divider--view-line_text elementor-widget-divider--element-align-center elementor-widget elementor-widget-divider\" data-id=\"d3d4058\" data-element_type=\"widget\" data-widget_type=\"divider.default\">\n\t\t\t\t<div class=\"elementor-widget-container\">\n\t\t\t\t\t\t\t<div class=\"elementor-divider\">\n\t\t\t<span class=\"elementor-divider-separator\">\n\t\t\t\t\t\t\t<span class=\"elementor-divider__text elementor-divider__element\">\n\t\t\t\tPara mais informa\u00e7\u00f5es ou para investir em nossa oferta p\u00fablica inicial, preencha o formul\u00e1rio abaixo com seus dados relevantes.\t\t\t\t<\/span>\n\t\t\t\t\t\t<\/span>\n\t\t<\/div>\n\t\t\t\t\t\t<\/div>\n\t\t\t\t<\/div>\n\t\t\t\t\t<\/div>\n\t\t<\/div>\n\t\t\t\t\t<\/div>\n\t\t<\/section>\n\t\t\t\t<section class=\"elementor-section elementor-top-section elementor-element elementor-element-88d4e0b elementor-section-content-middle elementor-section-boxed elementor-section-height-default elementor-section-height-default\" data-id=\"88d4e0b\" data-element_type=\"section\" data-settings=\"{&quot;background_background&quot;:&quot;classic&quot;}\">\n\t\t\t\t\t\t<div class=\"elementor-container elementor-column-gap-no\">\n\t\t\t\t\t<div class=\"elementor-column elementor-col-50 elementor-top-column elementor-element elementor-element-26ba938\" data-id=\"26ba938\" data-element_type=\"column\" data-settings=\"{&quot;background_background&quot;:&quot;classic&quot;}\">\n\t\t\t<div class=\"elementor-widget-wrap elementor-element-populated\">\n\t\t\t\t\t\t<div class=\"elementor-element elementor-element-9cac183 elementor-view-default elementor-position-top elementor-mobile-position-top elementor-widget elementor-widget-icon-box\" data-id=\"9cac183\" data-element_type=\"widget\" data-widget_type=\"icon-box.default\">\n\t\t\t\t<div class=\"elementor-widget-container\">\n\t\t\t\t\t\t\t<div class=\"elementor-icon-box-wrapper\">\n\n\t\t\t\t\t\t<div class=\"elementor-icon-box-icon\">\n\t\t\t\t<span  class=\"elementor-icon elementor-animation-grow\">\n\t\t\t\t<i aria-hidden=\"true\" class=\"fas fa-clipboard-list\"><\/i>\t\t\t\t<\/span>\n\t\t\t<\/div>\n\t\t\t\n\t\t\t\t\t\t<div class=\"elementor-icon-box-content\">\n\n\t\t\t\t\t\t\t\t\t<h3 class=\"elementor-icon-box-title\">\n\t\t\t\t\t\t<span  >\n\t\t\t\t\t\t\tApresenta\u00e7\u00e3o IPO\t\t\t\t\t\t<\/span>\n\t\t\t\t\t<\/h3>\n\t\t\t\t\n\t\t\t\t\t\t\t\t\t<p class=\"elementor-icon-box-description\">\n\t\t\t\t\t\tDetalhes sobre nosso IPO, como modelo de neg\u00f3cios e oferta\t\t\t\t\t<\/p>\n\t\t\t\t\n\t\t\t<\/div>\n\t\t\t\n\t\t<\/div>\n\t\t\t\t\t\t<\/div>\n\t\t\t\t<\/div>\n\t\t\t\t<div class=\"elementor-element elementor-element-3190c23 elementor-align-center elementor-widget elementor-widget-button\" data-id=\"3190c23\" data-element_type=\"widget\" data-widget_type=\"button.default\">\n\t\t\t\t<div class=\"elementor-widget-container\">\n\t\t\t\t\t\t\t\t\t<div class=\"elementor-button-wrapper\">\n\t\t\t\t\t<a class=\"elementor-button elementor-button-link elementor-size-sm\" href=\"\/pt\/presentations\/\">\n\t\t\t\t\t\t<span class=\"elementor-button-content-wrapper\">\n\t\t\t\t\t\t\t\t\t<span class=\"elementor-button-text\">Registro<\/span>\n\t\t\t\t\t<\/span>\n\t\t\t\t\t<\/a>\n\t\t\t\t<\/div>\n\t\t\t\t\t\t\t\t<\/div>\n\t\t\t\t<\/div>\n\t\t\t\t\t<\/div>\n\t\t<\/div>\n\t\t\t\t<div class=\"elementor-column elementor-col-50 elementor-top-column elementor-element elementor-element-eeb0421\" data-id=\"eeb0421\" data-element_type=\"column\" data-settings=\"{&quot;background_background&quot;:&quot;classic&quot;}\">\n\t\t\t<div class=\"elementor-widget-wrap elementor-element-populated\">\n\t\t\t\t\t\t<div class=\"elementor-element elementor-element-0c2657f elementor-view-default elementor-position-top elementor-mobile-position-top elementor-widget elementor-widget-icon-box\" data-id=\"0c2657f\" data-element_type=\"widget\" data-widget_type=\"icon-box.default\">\n\t\t\t\t<div class=\"elementor-widget-container\">\n\t\t\t\t\t\t\t<div class=\"elementor-icon-box-wrapper\">\n\n\t\t\t\t\t\t<div class=\"elementor-icon-box-icon\">\n\t\t\t\t<span  class=\"elementor-icon elementor-animation-grow\">\n\t\t\t\t<i aria-hidden=\"true\" class=\"far fa-newspaper\"><\/i>\t\t\t\t<\/span>\n\t\t\t<\/div>\n\t\t\t\n\t\t\t\t\t\t<div class=\"elementor-icon-box-content\">\n\n\t\t\t\t\t\t\t\t\t<h3 class=\"elementor-icon-box-title\">\n\t\t\t\t\t\t<span  >\n\t\t\t\t\t\t\tPlanejamento de IPO\t\t\t\t\t\t<\/span>\n\t\t\t\t\t<\/h3>\n\t\t\t\t\n\t\t\t\t\t\t\t\t\t<p class=\"elementor-icon-box-description\">\n\t\t\t\t\t\tSaiba mais sobre nosso roteiro de IPO\t\t\t\t\t<\/p>\n\t\t\t\t\n\t\t\t<\/div>\n\t\t\t\n\t\t<\/div>\n\t\t\t\t\t\t<\/div>\n\t\t\t\t<\/div>\n\t\t\t\t<div class=\"elementor-element elementor-element-9061a81 elementor-align-center elementor-widget elementor-widget-button\" data-id=\"9061a81\" data-element_type=\"widget\" data-widget_type=\"button.default\">\n\t\t\t\t<div class=\"elementor-widget-container\">\n\t\t\t\t\t\t\t\t\t<div class=\"elementor-button-wrapper\">\n\t\t\t\t\t<a class=\"elementor-button elementor-button-link elementor-size-sm\" href=\"\/pt\/ipo-planning\/\">\n\t\t\t\t\t\t<span class=\"elementor-button-content-wrapper\">\n\t\t\t\t\t\t\t\t\t<span class=\"elementor-button-text\">Registro<\/span>\n\t\t\t\t\t<\/span>\n\t\t\t\t\t<\/a>\n\t\t\t\t<\/div>\n\t\t\t\t\t\t\t\t<\/div>\n\t\t\t\t<\/div>\n\t\t\t\t\t<\/div>\n\t\t<\/div>\n\t\t\t\t\t<\/div>\n\t\t<\/section>\n\t\t\t\t<\/div>","protected":false},"excerpt":{"rendered":"<p>Convidando Potenciais Clientes e Investidores para Nossa Oferta P\u00fablica Inicial. A pandemia de COVID-19 tem sido uma grave crise de sa\u00fade. Afectou todas as facetas da economia global, incluindo a ind\u00fastria do entretenimento. A pandemia levou a uma grande reviravolta, fazendo com que teatros e cinemas fechassem totalmente, sem eventos como concertos, shows e performances\u2026 <a title=\"IPO\" class=\"read-more\" href=\"https:\/\/chateauentertainment.co\/pt\/ipo\/\" aria-label=\"Leia mais sobre IPO\">Leia mais<\/a><\/p>","protected":false},"author":1,"featured_media":0,"parent":0,"menu_order":10,"comment_status":"closed","ping_status":"closed","template":"","meta":{"footnotes":""},"class_list":["post-1819","page","type-page","status-publish"],"_links":{"self":[{"href":"https:\/\/chateauentertainment.co\/pt\/wp-json\/wp\/v2\/pages\/1819","targetHints":{"allow":["GET"]}}],"collection":[{"href":"https:\/\/chateauentertainment.co\/pt\/wp-json\/wp\/v2\/pages"}],"about":[{"href":"https:\/\/chateauentertainment.co\/pt\/wp-json\/wp\/v2\/types\/page"}],"author":[{"embeddable":true,"href":"https:\/\/chateauentertainment.co\/pt\/wp-json\/wp\/v2\/users\/1"}],"replies":[{"embeddable":true,"href":"https:\/\/chateauentertainment.co\/pt\/wp-json\/wp\/v2\/comments?post=1819"}],"version-history":[{"count":0,"href":"https:\/\/chateauentertainment.co\/pt\/wp-json\/wp\/v2\/pages\/1819\/revisions"}],"wp:attachment":[{"href":"https:\/\/chateauentertainment.co\/pt\/wp-json\/wp\/v2\/media?parent=1819"}],"curies":[{"name":"wp","href":"https:\/\/api.w.org\/{rel}","templated":true}]}}