{"id":41,"date":"2020-05-06T14:15:50","date_gmt":"2020-05-06T14:15:50","guid":{"rendered":"https:\/\/new.deschenaux.me\/?page_id=41"},"modified":"2021-08-18T17:49:45","modified_gmt":"2021-08-18T17:49:45","slug":"about","status":"publish","type":"page","link":"https:\/\/chateauentertainment.co\/pt\/about\/","title":{"rendered":"Sobre"},"content":{"rendered":"<div data-elementor-type=\"wp-page\" data-elementor-id=\"41\" class=\"elementor elementor-41\" data-elementor-post-type=\"page\">\n\t\t\t\t\t\t<section class=\"elementor-section elementor-top-section elementor-element elementor-element-af2275f elementor-section-stretched elementor-section-boxed elementor-section-height-default elementor-section-height-default\" data-id=\"af2275f\" data-element_type=\"section\" data-settings=\"{&quot;stretch_section&quot;:&quot;section-stretched&quot;}\">\n\t\t\t\t\t\t<div class=\"elementor-container elementor-column-gap-default\">\n\t\t\t\t\t<div class=\"elementor-column elementor-col-100 elementor-top-column elementor-element elementor-element-313ef7e\" data-id=\"313ef7e\" data-element_type=\"column\">\n\t\t\t<div class=\"elementor-widget-wrap elementor-element-populated\">\n\t\t\t\t\t\t<div class=\"elementor-element elementor-element-e95adad elementor-widget elementor-widget-heading\" data-id=\"e95adad\" data-element_type=\"widget\" data-widget_type=\"heading.default\">\n\t\t\t\t<div class=\"elementor-widget-container\">\n\t\t\t\t\t<h2 class=\"elementor-heading-title elementor-size-default\">Por que Chateau Entretenimento?<\/h2>\t\t\t\t<\/div>\n\t\t\t\t<\/div>\n\t\t\t\t<div class=\"elementor-element elementor-element-a86ad56 elementor-widget elementor-widget-text-editor\" data-id=\"a86ad56\" data-element_type=\"widget\" data-widget_type=\"text-editor.default\">\n\t\t\t\t<div class=\"elementor-widget-container\">\n\t\t\t\t\t\t\t\t\t<p>Patrocinado pelos financiadores su\u00ed\u00e7os da Chateau Entertainment, estamos todos prontos para reviver a ind\u00fastria do entretenimento teatral com uma proposta de maximiza\u00e7\u00e3o de lucros para os nossos investidores. Durante o COVID, a ind\u00fastria do entretenimento teatral foi uma das ind\u00fastrias mais atingidas no mundo.<\/p>\t\t\t\t\t\t\t\t<\/div>\n\t\t\t\t<\/div>\n\t\t\t\t<div class=\"elementor-element elementor-element-494eebc elementor-widget elementor-widget-heading\" data-id=\"494eebc\" data-element_type=\"widget\" data-widget_type=\"heading.default\">\n\t\t\t\t<div class=\"elementor-widget-container\">\n\t\t\t\t\t<h3 class=\"elementor-heading-title elementor-size-default\">Veja como:<\/h3>\t\t\t\t<\/div>\n\t\t\t\t<\/div>\n\t\t\t\t<section class=\"elementor-section elementor-inner-section elementor-element elementor-element-eea9daa elementor-section-boxed elementor-section-height-default elementor-section-height-default\" data-id=\"eea9daa\" data-element_type=\"section\" data-settings=\"{&quot;shape_divider_bottom&quot;:&quot;arrow&quot;,&quot;shape_divider_bottom_negative&quot;:&quot;yes&quot;}\">\n\t\t\t\t\t<div class=\"elementor-shape elementor-shape-bottom\" data-negative=\"true\">\n\t\t\t<svg xmlns=\"http:\/\/www.w3.org\/2000\/svg\" viewbox=\"0 0 700 10\" preserveaspectratio=\"none\">\n\t<path class=\"elementor-shape-fill\" d=\"M360 0L350 9.9 340 0 0 0 0 10 700 10 700 0\"\/>\n<\/svg>\t\t<\/div>\n\t\t\t\t\t<div class=\"elementor-container elementor-column-gap-default\">\n\t\t\t\t\t<div class=\"elementor-column elementor-col-16 elementor-inner-column elementor-element elementor-element-a597e01\" data-id=\"a597e01\" data-element_type=\"column\">\n\t\t\t<div class=\"elementor-widget-wrap\">\n\t\t\t\t\t\t\t<\/div>\n\t\t<\/div>\n\t\t\t\t<div class=\"elementor-column elementor-col-66 elementor-inner-column elementor-element elementor-element-ae476f4\" data-id=\"ae476f4\" data-element_type=\"column\" data-settings=\"{&quot;background_background&quot;:&quot;classic&quot;}\">\n\t\t\t<div class=\"elementor-widget-wrap elementor-element-populated\">\n\t\t\t\t\t\t<div class=\"elementor-element elementor-element-8185eac elementor-widget elementor-widget-text-editor\" data-id=\"8185eac\" data-element_type=\"widget\" data-widget_type=\"text-editor.default\">\n\t\t\t\t<div class=\"elementor-widget-container\">\n\t\t\t\t\t\t\t\t\tAs receitas teatrais diminu\u00edram globalmente para $12 bilh\u00f5es em 2020, de $ 42,3 bilh\u00f5es em 2019.\t\t\t\t\t\t\t\t<\/div>\n\t\t\t\t<\/div>\n\t\t\t\t\t<\/div>\n\t\t<\/div>\n\t\t\t\t<div class=\"elementor-column elementor-col-16 elementor-inner-column elementor-element elementor-element-c3a8c24\" data-id=\"c3a8c24\" data-element_type=\"column\">\n\t\t\t<div class=\"elementor-widget-wrap\">\n\t\t\t\t\t\t\t<\/div>\n\t\t<\/div>\n\t\t\t\t\t<\/div>\n\t\t<\/section>\n\t\t\t\t<section class=\"elementor-section elementor-inner-section elementor-element elementor-element-d438bb9 elementor-section-boxed elementor-section-height-default elementor-section-height-default\" data-id=\"d438bb9\" data-element_type=\"section\">\n\t\t\t\t\t\t<div class=\"elementor-container elementor-column-gap-default\">\n\t\t\t\t\t<div class=\"elementor-column elementor-col-16 elementor-inner-column elementor-element elementor-element-d4868f4\" data-id=\"d4868f4\" data-element_type=\"column\">\n\t\t\t<div class=\"elementor-widget-wrap\">\n\t\t\t\t\t\t\t<\/div>\n\t\t<\/div>\n\t\t\t\t<div class=\"elementor-column elementor-col-66 elementor-inner-column elementor-element elementor-element-d03a41f\" data-id=\"d03a41f\" data-element_type=\"column\" data-settings=\"{&quot;background_background&quot;:&quot;classic&quot;}\">\n\t\t\t<div class=\"elementor-widget-wrap elementor-element-populated\">\n\t\t\t\t\t\t<div class=\"elementor-element elementor-element-1189c5f elementor-widget elementor-widget-text-editor\" data-id=\"1189c5f\" data-element_type=\"widget\" data-widget_type=\"text-editor.default\">\n\t\t\t\t<div class=\"elementor-widget-container\">\n\t\t\t\t\t\t\t\t\tA participa\u00e7\u00e3o total na receita do entretenimento teatral foi de apenas 15% em 2020, em compara\u00e7\u00e3o com 43% em 2019\t\t\t\t\t\t\t\t<\/div>\n\t\t\t\t<\/div>\n\t\t\t\t\t<\/div>\n\t\t<\/div>\n\t\t\t\t<div class=\"elementor-column elementor-col-16 elementor-inner-column elementor-element elementor-element-124b5ed\" data-id=\"124b5ed\" data-element_type=\"column\">\n\t\t\t<div class=\"elementor-widget-wrap\">\n\t\t\t\t\t\t\t<\/div>\n\t\t<\/div>\n\t\t\t\t\t<\/div>\n\t\t<\/section>\n\t\t\t\t\t<\/div>\n\t\t<\/div>\n\t\t\t\t\t<\/div>\n\t\t<\/section>\n\t\t\t\t<section class=\"elementor-section elementor-top-section elementor-element elementor-element-103db7bd elementor-section-content-middle elementor-section-stretched elementor-section-boxed elementor-section-height-default elementor-section-height-default\" data-id=\"103db7bd\" data-element_type=\"section\" data-settings=\"{&quot;background_background&quot;:&quot;classic&quot;,&quot;stretch_section&quot;:&quot;section-stretched&quot;}\">\n\t\t\t\t\t\t<div class=\"elementor-container elementor-column-gap-no\">\n\t\t\t\t\t<div class=\"elementor-column elementor-col-100 elementor-top-column elementor-element elementor-element-3e9f69b7\" data-id=\"3e9f69b7\" data-element_type=\"column\">\n\t\t\t<div class=\"elementor-widget-wrap elementor-element-populated\">\n\t\t\t\t\t\t<div class=\"elementor-element elementor-element-8a08820 elementor-widget elementor-widget-text-editor\" data-id=\"8a08820\" data-element_type=\"widget\" data-widget_type=\"text-editor.default\">\n\t\t\t\t<div class=\"elementor-widget-container\">\n\t\t\t\t\t\t\t\t\t<p>\u00c0 medida que todas as avenidas de entretenimento, como cinemas, Broadway e teatros, fechavam, as receitas da ind\u00fastria despencaram. No entanto, os servi\u00e7os de streaming online aproveitaram enormemente esta oportunidade.<\/p><p>P\u00f3s-COVID, a ind\u00fastria do entretenimento n\u00e3o \u00e9 mais a mesma. A din\u00e2mica mudou e a concorr\u00eancia aumentou. O streaming online disparou e tornou-se um forte concorrente na corrida pela quota de mercado, mas o p\u00fablico americano tornou-se confort\u00e1vel em transmitir conte\u00fado em idiomas internacionais. Se nada diferente for feito, a ind\u00fastria do entretenimento poder\u00e1 perder uma grande fatia da sua quota de mercado para o streaming online.<\/p><p>\u00c9 aqui que a Chateau Entertainment entra em cena. Nosso objetivo \u00e9 trazer de volta o entusiasmo, a admira\u00e7\u00e3o e a emo\u00e7\u00e3o ao entretenimento ao vivo por meio de nossa proposta ganha-ganha para nossos investidores e artistas.<\/p>\t\t\t\t\t\t\t\t<\/div>\n\t\t\t\t<\/div>\n\t\t\t\t<div class=\"elementor-element elementor-element-5ba4861 elementor-widget elementor-widget-heading\" data-id=\"5ba4861\" data-element_type=\"widget\" data-widget_type=\"heading.default\">\n\t\t\t\t<div class=\"elementor-widget-container\">\n\t\t\t\t\t<h3 class=\"elementor-heading-title elementor-size-default\">Nosso Plano<\/h3>\t\t\t\t<\/div>\n\t\t\t\t<\/div>\n\t\t\t\t<div class=\"elementor-element elementor-element-e6c529e elementor-widget elementor-widget-text-editor\" data-id=\"e6c529e\" data-element_type=\"widget\" data-widget_type=\"text-editor.default\">\n\t\t\t\t<div class=\"elementor-widget-container\">\n\t\t\t\t\t\t\t\t\t<p>Uma ideia \u00fanica que vender\u00e1 e maximizar\u00e1 os lucros dos nossos investidores<\/p>\t\t\t\t\t\t\t\t<\/div>\n\t\t\t\t<\/div>\n\t\t\t\t<div class=\"elementor-element elementor-element-8716f50 elementor-widget elementor-widget-text-editor\" data-id=\"8716f50\" data-element_type=\"widget\" data-widget_type=\"text-editor.default\">\n\t\t\t\t<div class=\"elementor-widget-container\">\n\t\t\t\t\t\t\t\t\t<p><strong>Chateau Entretenimento<\/strong> \u00e9 um <strong>SPAC<\/strong> que est\u00e1 pronta para adquirir marcos hist\u00f3ricos e castelos e rejuvenesc\u00ea-los em centros de entretenimento significativos e geradores de receitas, mantendo ao mesmo tempo a sua integridade e legado hist\u00f3rico.<\/p><p>Na Chateau Entertainment, acreditamos que os castelos s\u00e3o os teatros da hist\u00f3ria. Durante a \u00e9poca medieval, os castelos eram s\u00edmbolos de prest\u00edgio e poder. Eles prepararam o cen\u00e1rio para impasses em tempo de guerra, rixas familiares e dramas pol\u00edticos.<\/p><p>Os castelos s\u00e3o obras de arte com as maiores hist\u00f3rias hist\u00f3ricas sobre cavaleiros, m\u00e1gicos e reis esperando para serem contadas em cen\u00e1rios id\u00edlicos. As pessoas est\u00e3o interessadas nas hist\u00f3rias e intrigadas com a hist\u00f3ria dos castelos. Nunca houve eventos de entretenimento e shows realizados em castelos reais com hist\u00f3ria e legado. Este ser\u00e1 um grande argumento de venda para atrair massas e gerar fluxos de receitas cont\u00ednuas como nunca antes.<\/p><p>Uma vez remodelados, estes castelos e propriedades ser\u00e3o alugados a artistas para a realiza\u00e7\u00e3o de atividades como eventos, espect\u00e1culos, teatro, filmes, concertos, etc. Da hist\u00f3ria \u00e0 arte e entretenimento, estes castelos e marcos hist\u00f3ricos atrair\u00e3o aficionados por hist\u00f3ria e ca\u00e7adores de entretenimento. Forneceremos algo diferente e emocionante para todos.<\/p>\t\t\t\t\t\t\t\t<\/div>\n\t\t\t\t<\/div>\n\t\t\t\t<section class=\"elementor-section elementor-inner-section elementor-element elementor-element-45bd3e8c elementor-section-boxed elementor-section-height-default elementor-section-height-default\" data-id=\"45bd3e8c\" data-element_type=\"section\">\n\t\t\t\t\t\t<div class=\"elementor-container elementor-column-gap-default\">\n\t\t\t\t\t<div class=\"elementor-column elementor-col-33 elementor-inner-column elementor-element elementor-element-3fb3cd73\" data-id=\"3fb3cd73\" data-element_type=\"column\" data-settings=\"{&quot;background_background&quot;:&quot;classic&quot;}\">\n\t\t\t<div class=\"elementor-widget-wrap elementor-element-populated\">\n\t\t\t\t\t\t<div class=\"elementor-element elementor-element-220329b elementor-view-default elementor-position-top elementor-mobile-position-top elementor-widget elementor-widget-icon-box\" data-id=\"220329b\" data-element_type=\"widget\" data-widget_type=\"icon-box.default\">\n\t\t\t\t<div class=\"elementor-widget-container\">\n\t\t\t\t\t\t\t<div class=\"elementor-icon-box-wrapper\">\n\n\t\t\t\t\t\t<div class=\"elementor-icon-box-icon\">\n\t\t\t\t<span  class=\"elementor-icon elementor-animation-grow\">\n\t\t\t\t<i aria-hidden=\"true\" class=\"far fa-eye\"><\/i>\t\t\t\t<\/span>\n\t\t\t<\/div>\n\t\t\t\n\t\t\t\t\t\t<div class=\"elementor-icon-box-content\">\n\n\t\t\t\t\t\t\t\t\t<h3 class=\"elementor-icon-box-title\">\n\t\t\t\t\t\t<span  >\n\t\t\t\t\t\t\tVis\u00e3o\t\t\t\t\t\t<\/span>\n\t\t\t\t\t<\/h3>\n\t\t\t\t\n\t\t\t\t\t\t\t\t\t<p class=\"elementor-icon-box-description\">\n\t\t\t\t\t\tLeve a ind\u00fastria do entretenimento a um n\u00edvel totalmente novo.\t\t\t\t\t<\/p>\n\t\t\t\t\n\t\t\t<\/div>\n\t\t\t\n\t\t<\/div>\n\t\t\t\t\t\t<\/div>\n\t\t\t\t<\/div>\n\t\t\t\t\t<\/div>\n\t\t<\/div>\n\t\t\t\t<div class=\"elementor-column elementor-col-33 elementor-inner-column elementor-element elementor-element-18ddd350\" data-id=\"18ddd350\" data-element_type=\"column\" data-settings=\"{&quot;background_background&quot;:&quot;classic&quot;}\">\n\t\t\t<div class=\"elementor-widget-wrap elementor-element-populated\">\n\t\t\t\t\t\t<div class=\"elementor-element elementor-element-62d4e0b8 elementor-view-default elementor-position-top elementor-mobile-position-top elementor-widget elementor-widget-icon-box\" data-id=\"62d4e0b8\" data-element_type=\"widget\" data-widget_type=\"icon-box.default\">\n\t\t\t\t<div class=\"elementor-widget-container\">\n\t\t\t\t\t\t\t<div class=\"elementor-icon-box-wrapper\">\n\n\t\t\t\t\t\t<div class=\"elementor-icon-box-icon\">\n\t\t\t\t<span  class=\"elementor-icon elementor-animation-grow\">\n\t\t\t\t<i aria-hidden=\"true\" class=\"far fa-hand-rock\"><\/i>\t\t\t\t<\/span>\n\t\t\t<\/div>\n\t\t\t\n\t\t\t\t\t\t<div class=\"elementor-icon-box-content\">\n\n\t\t\t\t\t\t\t\t\t<h3 class=\"elementor-icon-box-title\">\n\t\t\t\t\t\t<span  >\n\t\t\t\t\t\t\tMiss\u00e3o\t\t\t\t\t\t<\/span>\n\t\t\t\t\t<\/h3>\n\t\t\t\t\n\t\t\t\t\t\t\t\t\t<p class=\"elementor-icon-box-description\">\n\t\t\t\t\t\t<div style=\"text-align:justify;\">Dar vida a marcos hist\u00f3ricos e castelos que foram abandonados pelo mundo moderno e transform\u00e1-los em centros de entretenimento.<\/div>\t\t\t\t\t<\/p>\n\t\t\t\t\n\t\t\t<\/div>\n\t\t\t\n\t\t<\/div>\n\t\t\t\t\t\t<\/div>\n\t\t\t\t<\/div>\n\t\t\t\t\t<\/div>\n\t\t<\/div>\n\t\t\t\t<div class=\"elementor-column elementor-col-33 elementor-inner-column elementor-element elementor-element-5cbd6fca\" data-id=\"5cbd6fca\" data-element_type=\"column\" data-settings=\"{&quot;background_background&quot;:&quot;classic&quot;}\">\n\t\t\t<div class=\"elementor-widget-wrap elementor-element-populated\">\n\t\t\t\t\t\t<div class=\"elementor-element elementor-element-677b761 elementor-view-default elementor-position-top elementor-mobile-position-top elementor-widget elementor-widget-icon-box\" data-id=\"677b761\" data-element_type=\"widget\" data-widget_type=\"icon-box.default\">\n\t\t\t\t<div class=\"elementor-widget-container\">\n\t\t\t\t\t\t\t<div class=\"elementor-icon-box-wrapper\">\n\n\t\t\t\t\t\t<div class=\"elementor-icon-box-icon\">\n\t\t\t\t<span  class=\"elementor-icon elementor-animation-grow\">\n\t\t\t\t<i aria-hidden=\"true\" class=\"fas fa-balance-scale\"><\/i>\t\t\t\t<\/span>\n\t\t\t<\/div>\n\t\t\t\n\t\t\t\t\t\t<div class=\"elementor-icon-box-content\">\n\n\t\t\t\t\t\t\t\t\t<h3 class=\"elementor-icon-box-title\">\n\t\t\t\t\t\t<span  >\n\t\t\t\t\t\t\tValores\t\t\t\t\t\t<\/span>\n\t\t\t\t\t<\/h3>\n\t\t\t\t\n\t\t\t\t\t\t\t\t\t<p class=\"elementor-icon-box-description\">\n\t\t\t\t\t\t<div style=\"text-align:justify;\">\n<ul>\n<li>Sirva com honestidade<\/li>\n<li>Esfor\u00e7ar-nos para maximizar os lucros dos nossos investidores<\/li>\n<li>Restaurar marcos hist\u00f3ricos<\/li>\n<\/ul>\n<\/div>\t\t\t\t\t<\/p>\n\t\t\t\t\n\t\t\t<\/div>\n\t\t\t\n\t\t<\/div>\n\t\t\t\t\t\t<\/div>\n\t\t\t\t<\/div>\n\t\t\t\t\t<\/div>\n\t\t<\/div>\n\t\t\t\t\t<\/div>\n\t\t<\/section>\n\t\t\t\t\t<\/div>\n\t\t<\/div>\n\t\t\t\t\t<\/div>\n\t\t<\/section>\n\t\t\t\t<\/div>","protected":false},"excerpt":{"rendered":"<p>Por que Chateau Entretenimento? Patrocinado pelos financiadores su\u00ed\u00e7os da Chateau Entertainment, estamos todos prontos para reviver a ind\u00fastria do entretenimento teatral com uma proposta de maximiza\u00e7\u00e3o de lucros para os nossos investidores. Durante o COVID, a ind\u00fastria do entretenimento teatral foi uma das ind\u00fastrias mais atingidas no mundo. Veja como: As receitas teatrais diminu\u00edram globalmente para $12 bilh\u00f5es em 2020 de\u2026 <a title=\"Sobre\" class=\"read-more\" href=\"https:\/\/chateauentertainment.co\/pt\/about\/\" aria-label=\"Leia mais sobre About\">Leia mais<\/a><\/p>","protected":false},"author":1,"featured_media":0,"parent":0,"menu_order":2,"comment_status":"closed","ping_status":"closed","template":"","meta":{"footnotes":""},"class_list":["post-41","page","type-page","status-publish"],"_links":{"self":[{"href":"https:\/\/chateauentertainment.co\/pt\/wp-json\/wp\/v2\/pages\/41","targetHints":{"allow":["GET"]}}],"collection":[{"href":"https:\/\/chateauentertainment.co\/pt\/wp-json\/wp\/v2\/pages"}],"about":[{"href":"https:\/\/chateauentertainment.co\/pt\/wp-json\/wp\/v2\/types\/page"}],"author":[{"embeddable":true,"href":"https:\/\/chateauentertainment.co\/pt\/wp-json\/wp\/v2\/users\/1"}],"replies":[{"embeddable":true,"href":"https:\/\/chateauentertainment.co\/pt\/wp-json\/wp\/v2\/comments?post=41"}],"version-history":[{"count":0,"href":"https:\/\/chateauentertainment.co\/pt\/wp-json\/wp\/v2\/pages\/41\/revisions"}],"wp:attachment":[{"href":"https:\/\/chateauentertainment.co\/pt\/wp-json\/wp\/v2\/media?parent=41"}],"curies":[{"name":"wp","href":"https:\/\/api.w.org\/{rel}","templated":true}]}}