{"id":43,"date":"2020-05-06T14:16:21","date_gmt":"2020-05-06T14:16:21","guid":{"rendered":"https:\/\/new.deschenaux.me\/?page_id=43"},"modified":"2021-09-04T13:08:06","modified_gmt":"2021-09-04T13:08:06","slug":"magicians-artists","status":"publish","type":"page","link":"https:\/\/chateauentertainment.co\/pt\/magicians-artists\/","title":{"rendered":"M\u00e1gicos e Artistas"},"content":{"rendered":"<div data-elementor-type=\"wp-page\" data-elementor-id=\"43\" class=\"elementor elementor-43\" data-elementor-post-type=\"page\">\n\t\t\t\t\t\t<section class=\"elementor-section elementor-top-section elementor-element elementor-element-0bae5cd elementor-section-stretched elementor-section-boxed elementor-section-height-default elementor-section-height-default\" data-id=\"0bae5cd\" data-element_type=\"section\" data-settings=\"{&quot;stretch_section&quot;:&quot;section-stretched&quot;}\">\n\t\t\t\t\t\t<div class=\"elementor-container elementor-column-gap-default\">\n\t\t\t\t\t<div class=\"elementor-column elementor-col-100 elementor-top-column elementor-element elementor-element-f3e4bd2\" data-id=\"f3e4bd2\" data-element_type=\"column\" data-settings=\"{&quot;background_background&quot;:&quot;classic&quot;}\">\n\t\t\t<div class=\"elementor-widget-wrap elementor-element-populated\">\n\t\t\t\t\t\t<div class=\"elementor-element elementor-element-700926e elementor-widget elementor-widget-heading\" data-id=\"700926e\" data-element_type=\"widget\" data-widget_type=\"heading.default\">\n\t\t\t\t<div class=\"elementor-widget-container\">\n\t\t\t\t\t<h3 class=\"elementor-heading-title elementor-size-default\">Tudo pronto para deixar as pessoas maravilhadas<\/h3>\t\t\t\t<\/div>\n\t\t\t\t<\/div>\n\t\t\t\t<div class=\"elementor-element elementor-element-4012ed8 elementor-widget elementor-widget-text-editor\" data-id=\"4012ed8\" data-element_type=\"widget\" data-widget_type=\"text-editor.default\">\n\t\t\t\t<div class=\"elementor-widget-container\">\n\t\t\t\t\t\t\t\t\t<p>N\u00f3s da Chateau Entertainment estamos convidando m\u00e1gicos e artistas para fazerem parte de nossa jornada para restaurar a ind\u00fastria do entretenimento teatral que cobrou seu pre\u00e7o durante a pandemia. Queremos recriar a magia em todos os sentidos da palavra, atraindo pessoas de todas as idades para experimentar a alegria e a admira\u00e7\u00e3o de desfrutar pessoalmente de um show de m\u00e1gica ao vivo.<\/p><p>\u00c0 medida que restauramos castelos abandonados, preparamos o terreno para os m\u00e1gicos mostrarem seu talento, habilidade e truques nos cen\u00e1rios mais emocionantes. As pessoas ficam intrigadas em aprender sobre hist\u00f3ria, bruxos e magia. Esta \u00e9 a melhor forma de aumentar o seu n\u00edvel de entusiasmo e envolv\u00ea-los em experi\u00eancias que o mundo nunca testemunhou. Nossa proposta \u00e9 \u00fanica em seu g\u00eanero e certamente trar\u00e1 pessoas de todos os cantos do mundo para desfrutar da divers\u00e3o, emo\u00e7\u00e3o e espanto que acompanham os shows de m\u00e1gica. Na Chateau Entertainment, temos orgulho em dizer que os principais m\u00e1gicos e artistas da ind\u00fastria demonstraram interesse em nossa proposta e deram as m\u00e3os a n\u00f3s. Isso inclui grandes nomes como:<\/p>\t\t\t\t\t\t\t\t<\/div>\n\t\t\t\t<\/div>\n\t\t\t\t<div class=\"elementor-element elementor-element-22f6a5b elementor-posts__hover-none elementor-grid-3 elementor-grid-tablet-2 elementor-grid-mobile-1 elementor-posts--thumbnail-top elementor-widget elementor-widget-posts\" data-id=\"22f6a5b\" data-element_type=\"widget\" data-settings=\"{&quot;cards_row_gap&quot;:{&quot;unit&quot;:&quot;px&quot;,&quot;size&quot;:15,&quot;sizes&quot;:[]},&quot;cards_columns&quot;:&quot;3&quot;,&quot;cards_columns_tablet&quot;:&quot;2&quot;,&quot;cards_columns_mobile&quot;:&quot;1&quot;,&quot;cards_row_gap_tablet&quot;:{&quot;unit&quot;:&quot;px&quot;,&quot;size&quot;:&quot;&quot;,&quot;sizes&quot;:[]},&quot;cards_row_gap_mobile&quot;:{&quot;unit&quot;:&quot;px&quot;,&quot;size&quot;:&quot;&quot;,&quot;sizes&quot;:[]}}\" data-widget_type=\"posts.cards\">\n\t\t\t\t<div class=\"elementor-widget-container\">\n\t\t\t\t\t\t\t<div class=\"elementor-posts-container elementor-posts elementor-posts--skin-cards elementor-grid\">\n\t\t\t\t<article class=\"elementor-post elementor-grid-item post-622 post type-post status-publish format-standard has-post-thumbnail hentry category-magicians-artisits\">\n\t\t\t<div class=\"elementor-post__card\">\n\t\t\t\t<a class=\"elementor-post__thumbnail__link\" href=\"https:\/\/chateauentertainment.co\/pt\/magicians-artisits\/mark-setteducati\/\" tabindex=\"-1\" ><div class=\"elementor-post__thumbnail\"><img fetchpriority=\"high\" decoding=\"async\" width=\"800\" height=\"450\" src=\"https:\/\/chateauentertainment.co\/wp-content\/uploads\/Mr_Mark_Setteducat_.jpg\" class=\"attachment-large size-large wp-image-3057\" alt=\"\" srcset=\"https:\/\/chateauentertainment.co\/wp-content\/uploads\/Mr_Mark_Setteducat_.jpg 800w, https:\/\/chateauentertainment.co\/wp-content\/uploads\/Mr_Mark_Setteducat_-300x169.jpg 300w, https:\/\/chateauentertainment.co\/wp-content\/uploads\/Mr_Mark_Setteducat_-768x432.jpg 768w, https:\/\/chateauentertainment.co\/wp-content\/uploads\/Mr_Mark_Setteducat_-18x10.jpg 18w\" sizes=\"(max-width: 800px) 100vw, 800px\" \/><\/div><\/a>\n\t\t\t\t<div class=\"elementor-post__text\">\n\t\t\t\t<h3 class=\"elementor-post__title\">\n\t\t\t<a href=\"https:\/\/chateauentertainment.co\/pt\/magicians-artisits\/mark-setteducati\/\" >\n\t\t\t\tMark Setteducati\t\t\t<\/a>\n\t\t<\/h3>\n\t\t\t\t<div class=\"elementor-post__excerpt\">\n\t\t\t<p>Mark Setteducati \u00e9 um m\u00e1gico de renome. Ele \u00e9 o inventor de ilus\u00f5es, magia, quebra-cabe\u00e7as e jogos. Ele<\/p>\n\t\t<\/div>\n\t\t\n\t\t<a class=\"elementor-post__read-more\" href=\"https:\/\/chateauentertainment.co\/pt\/magicians-artisits\/mark-setteducati\/\" aria-label=\"Leia mais sobre Mark Setteducati\" tabindex=\"-1\" >\n\t\t\tConsulte Mais informa\u00e7\u00e3o &quot;\t\t<\/a>\n\n\t\t\t\t<\/div>\n\t\t\t\t\t<\/div>\n\t\t<\/article>\n\t\t\t\t<article class=\"elementor-post elementor-grid-item post-623 post type-post status-publish format-standard has-post-thumbnail hentry category-magicians-artisits\">\n\t\t\t<div class=\"elementor-post__card\">\n\t\t\t\t<a class=\"elementor-post__thumbnail__link\" href=\"https:\/\/chateauentertainment.co\/pt\/magicians-artisits\/jeff-sheridan\/\" tabindex=\"-1\" ><div class=\"elementor-post__thumbnail\"><img decoding=\"async\" width=\"300\" height=\"169\" src=\"https:\/\/chateauentertainment.co\/wp-content\/uploads\/Mr_Jeff_Sheridan.jpg\" class=\"attachment-large size-large wp-image-3075\" alt=\"Jeff Sheridan\" srcset=\"https:\/\/chateauentertainment.co\/wp-content\/uploads\/Mr_Jeff_Sheridan.jpg 300w, https:\/\/chateauentertainment.co\/wp-content\/uploads\/Mr_Jeff_Sheridan-18x10.jpg 18w\" sizes=\"(max-width: 300px) 100vw, 300px\" \/><\/div><\/a>\n\t\t\t\t<div class=\"elementor-post__text\">\n\t\t\t\t<h3 class=\"elementor-post__title\">\n\t\t\t<a href=\"https:\/\/chateauentertainment.co\/pt\/magicians-artisits\/jeff-sheridan\/\" >\n\t\t\t\tJeff Sheridan\t\t\t<\/a>\n\t\t<\/h3>\n\t\t\t\t<div class=\"elementor-post__excerpt\">\n\t\t\t<p>Sheridan \u00e9 um dos m\u00e1gicos americanos mais populares, conhecido por suas manipula\u00e7\u00f5es de cartas de cair o queixo que deixam<\/p>\n\t\t<\/div>\n\t\t\n\t\t<a class=\"elementor-post__read-more\" href=\"https:\/\/chateauentertainment.co\/pt\/magicians-artisits\/jeff-sheridan\/\" aria-label=\"Leia mais sobre Jeff Sheridan\" tabindex=\"-1\" >\n\t\t\tConsulte Mais informa\u00e7\u00e3o &quot;\t\t<\/a>\n\n\t\t\t\t<\/div>\n\t\t\t\t\t<\/div>\n\t\t<\/article>\n\t\t\t\t<article class=\"elementor-post elementor-grid-item post-624 post type-post status-publish format-standard has-post-thumbnail hentry category-magicians-artisits\">\n\t\t\t<div class=\"elementor-post__card\">\n\t\t\t\t<a class=\"elementor-post__thumbnail__link\" href=\"https:\/\/chateauentertainment.co\/pt\/magicians-artisits\/olivier\/\" tabindex=\"-1\" ><div class=\"elementor-post__thumbnail\"><img decoding=\"async\" width=\"800\" height=\"450\" src=\"https:\/\/chateauentertainment.co\/wp-content\/uploads\/Mr_Olivier.jpg\" class=\"attachment-large size-large wp-image-3061\" alt=\"\" srcset=\"https:\/\/chateauentertainment.co\/wp-content\/uploads\/Mr_Olivier.jpg 800w, https:\/\/chateauentertainment.co\/wp-content\/uploads\/Mr_Olivier-300x169.jpg 300w, https:\/\/chateauentertainment.co\/wp-content\/uploads\/Mr_Olivier-768x432.jpg 768w, https:\/\/chateauentertainment.co\/wp-content\/uploads\/Mr_Olivier-18x10.jpg 18w\" sizes=\"(max-width: 800px) 100vw, 800px\" \/><\/div><\/a>\n\t\t\t\t<div class=\"elementor-post__text\">\n\t\t\t\t<h3 class=\"elementor-post__title\">\n\t\t\t<a href=\"https:\/\/chateauentertainment.co\/pt\/magicians-artisits\/olivier\/\" >\n\t\t\t\tOliver\t\t\t<\/a>\n\t\t<\/h3>\n\t\t\t\t<div class=\"elementor-post__excerpt\">\n\t\t\t<p>Ele \u00e9 um dos m\u00e1gicos mais famosos que realiza truques de m\u00e1gica com ferocidade e paix\u00e3o que<\/p>\n\t\t<\/div>\n\t\t\n\t\t<a class=\"elementor-post__read-more\" href=\"https:\/\/chateauentertainment.co\/pt\/magicians-artisits\/olivier\/\" aria-label=\"Leia mais sobre Oliver\" tabindex=\"-1\" >\n\t\t\tConsulte Mais informa\u00e7\u00e3o &quot;\t\t<\/a>\n\n\t\t\t\t<\/div>\n\t\t\t\t\t<\/div>\n\t\t<\/article>\n\t\t\t\t<\/div>\n\t\t\n\t\t\t\t\t\t<\/div>\n\t\t\t\t<\/div>\n\t\t\t\t\t<\/div>\n\t\t<\/div>\n\t\t\t\t\t<\/div>\n\t\t<\/section>\n\t\t\t\t<section class=\"elementor-section elementor-top-section elementor-element elementor-element-0acc329 elementor-section-boxed elementor-section-height-default elementor-section-height-default\" data-id=\"0acc329\" data-element_type=\"section\" data-settings=\"{&quot;background_background&quot;:&quot;classic&quot;}\">\n\t\t\t\t\t\t<div class=\"elementor-container elementor-column-gap-default\">\n\t\t\t\t\t<div class=\"elementor-column elementor-col-100 elementor-top-column elementor-element elementor-element-ddd9519\" data-id=\"ddd9519\" data-element_type=\"column\">\n\t\t\t<div class=\"elementor-widget-wrap elementor-element-populated\">\n\t\t\t\t\t\t<div class=\"elementor-element elementor-element-fcce995 elementor-widget elementor-widget-heading\" data-id=\"fcce995\" data-element_type=\"widget\" data-widget_type=\"heading.default\">\n\t\t\t\t<div class=\"elementor-widget-container\">\n\t\t\t\t\t<h3 class=\"elementor-heading-title elementor-size-default\">Para mais informa\u00e7\u00f5es ou para fazer parte do nosso empreendimento, n\u00e3o hesite em contactar-nos.<\/h3>\t\t\t\t<\/div>\n\t\t\t\t<\/div>\n\t\t\t\t<div class=\"elementor-element elementor-element-3e57537 elementor-align-center elementor-widget elementor-widget-button\" data-id=\"3e57537\" data-element_type=\"widget\" data-widget_type=\"button.default\">\n\t\t\t\t<div class=\"elementor-widget-container\">\n\t\t\t\t\t\t\t\t\t<div class=\"elementor-button-wrapper\">\n\t\t\t\t\t<a class=\"elementor-button elementor-button-link elementor-size-sm\" href=\"\/pt\/contact\/\">\n\t\t\t\t\t\t<span class=\"elementor-button-content-wrapper\">\n\t\t\t\t\t\t\t\t\t<span class=\"elementor-button-text\">Contate agora<\/span>\n\t\t\t\t\t<\/span>\n\t\t\t\t\t<\/a>\n\t\t\t\t<\/div>\n\t\t\t\t\t\t\t\t<\/div>\n\t\t\t\t<\/div>\n\t\t\t\t\t<\/div>\n\t\t<\/div>\n\t\t\t\t\t<\/div>\n\t\t<\/section>\n\t\t\t\t<\/div>","protected":false},"excerpt":{"rendered":"<p>Tudo pronto para deixar as pessoas boquiabertas de admira\u00e7\u00e3o N\u00f3s da Chateau Entertainment estamos convidando m\u00e1gicos e artistas para fazerem parte da nossa jornada para restaurar a ind\u00fastria do entretenimento teatral que sofreu durante a pandemia. Queremos recriar a magia em todos os sentidos da palavra, atraindo pessoas de todas as idades para \u2026 <a title=\"Oliver\" class=\"read-more\" href=\"https:\/\/chateauentertainment.co\/pt\/magicians-artisits\/olivier\/\" aria-label=\"Leia mais sobre Olivier\">Leia mais<\/a><\/p>","protected":false},"author":1,"featured_media":0,"parent":0,"menu_order":5,"comment_status":"closed","ping_status":"closed","template":"","meta":{"footnotes":""},"class_list":["post-43","page","type-page","status-publish","hentry"],"_links":{"self":[{"href":"https:\/\/chateauentertainment.co\/pt\/wp-json\/wp\/v2\/pages\/43","targetHints":{"allow":["GET"]}}],"collection":[{"href":"https:\/\/chateauentertainment.co\/pt\/wp-json\/wp\/v2\/pages"}],"about":[{"href":"https:\/\/chateauentertainment.co\/pt\/wp-json\/wp\/v2\/types\/page"}],"author":[{"embeddable":true,"href":"https:\/\/chateauentertainment.co\/pt\/wp-json\/wp\/v2\/users\/1"}],"replies":[{"embeddable":true,"href":"https:\/\/chateauentertainment.co\/pt\/wp-json\/wp\/v2\/comments?post=43"}],"version-history":[{"count":0,"href":"https:\/\/chateauentertainment.co\/pt\/wp-json\/wp\/v2\/pages\/43\/revisions"}],"wp:attachment":[{"href":"https:\/\/chateauentertainment.co\/pt\/wp-json\/wp\/v2\/media?parent=43"}],"curies":[{"name":"wp","href":"https:\/\/api.w.org\/{rel}","templated":true}]}}