{"id":505,"date":"2020-05-07T16:51:10","date_gmt":"2020-05-07T16:51:10","guid":{"rendered":"https:\/\/new.deschenaux.me\/?page_id=505"},"modified":"2021-09-09T11:14:12","modified_gmt":"2021-09-09T11:14:12","slug":"partners","status":"publish","type":"page","link":"https:\/\/chateauentertainment.co\/pt\/partners\/","title":{"rendered":"Parceiros"},"content":{"rendered":"<div data-elementor-type=\"wp-page\" data-elementor-id=\"505\" class=\"elementor elementor-505\" data-elementor-post-type=\"page\">\n\t\t\t\t\t\t<section class=\"elementor-section elementor-top-section elementor-element elementor-element-95e4df3 elementor-section-stretched elementor-section-boxed elementor-section-height-default elementor-section-height-default\" data-id=\"95e4df3\" data-element_type=\"section\" data-settings=\"{&quot;stretch_section&quot;:&quot;section-stretched&quot;}\">\n\t\t\t\t\t\t<div class=\"elementor-container elementor-column-gap-default\">\n\t\t\t\t\t<div class=\"elementor-column elementor-col-100 elementor-top-column elementor-element elementor-element-8f3d384\" data-id=\"8f3d384\" data-element_type=\"column\">\n\t\t\t<div class=\"elementor-widget-wrap elementor-element-populated\">\n\t\t\t\t\t\t<div class=\"elementor-element elementor-element-6220489 elementor-widget elementor-widget-heading\" data-id=\"6220489\" data-element_type=\"widget\" data-widget_type=\"heading.default\">\n\t\t\t\t<div class=\"elementor-widget-container\">\n\t\t\t\t\t<h3 class=\"elementor-heading-title elementor-size-default\">Focado na constru\u00e7\u00e3o de parcerias estrat\u00e9gicas de longo prazo e que agregam valor<\/h3>\t\t\t\t<\/div>\n\t\t\t\t<\/div>\n\t\t\t\t<div class=\"elementor-element elementor-element-f1cafc2 elementor-widget elementor-widget-text-editor\" data-id=\"f1cafc2\" data-element_type=\"widget\" data-widget_type=\"text-editor.default\">\n\t\t\t\t<div class=\"elementor-widget-container\">\n\t\t\t\t\t\t\t\t\t<p>Na Chateau Entertainment, valorizamos nossos investidores e parceiros. Acreditamos que a angaria\u00e7\u00e3o de fundos \u00e9 metade do sucesso do nosso SPAC, enquanto a outra metade depende de como colaboramos com os nossos parceiros e utilizamos o capital angariado para adquirir propriedades espec\u00edficas. Portanto, nos esfor\u00e7amos para trabalhar com parceiros que pensam da mesma forma e com um esp\u00edrito de trabalho semelhante ao da nossa empresa. Como seus valores s\u00e3o semelhantes e os objetivos alinhados aos nossos, colabora\u00e7\u00f5es s\u00e3o poss\u00edveis, resultando em benef\u00edcios m\u00fatuos.<\/p><p>A Chateau Entertainment se concentra na constru\u00e7\u00e3o de parcerias estrat\u00e9gicas de longo prazo e de valor agregado para atingir nossos objetivos de aquisi\u00e7\u00e3o de castelos abandonados e edif\u00edcios hist\u00f3ricos. Cada parceiro desempenha um papel fundamental em impulsionar o Chateau Entertainment SPAC para um maior sucesso. Ao termos parceiros de neg\u00f3cios, n\u00e3o operamos mais de forma isolada.<\/p><p><strong>Nossos parceiros nos d\u00e3o acesso a:<\/strong><\/p>\t\t\t\t\t\t\t\t<\/div>\n\t\t\t\t<\/div>\n\t\t\t\t<div class=\"elementor-element elementor-element-6c1d813 elementor-icon-list--layout-traditional elementor-list-item-link-full_width elementor-widget elementor-widget-icon-list\" data-id=\"6c1d813\" data-element_type=\"widget\" data-widget_type=\"icon-list.default\">\n\t\t\t\t<div class=\"elementor-widget-container\">\n\t\t\t\t\t\t\t<ul class=\"elementor-icon-list-items\">\n\t\t\t\t\t\t\t<li class=\"elementor-icon-list-item\">\n\t\t\t\t\t\t\t\t\t\t\t<span class=\"elementor-icon-list-icon\">\n\t\t\t\t\t\t\t<i aria-hidden=\"true\" class=\"fas fa-magic\"><\/i>\t\t\t\t\t\t<\/span>\n\t\t\t\t\t\t\t\t\t\t<span class=\"elementor-icon-list-text\">Mais conhecimento<\/span>\n\t\t\t\t\t\t\t\t\t<\/li>\n\t\t\t\t\t\t\t\t<li class=\"elementor-icon-list-item\">\n\t\t\t\t\t\t\t\t\t\t\t<span class=\"elementor-icon-list-icon\">\n\t\t\t\t\t\t\t<i aria-hidden=\"true\" class=\"fas fa-magic\"><\/i>\t\t\t\t\t\t<\/span>\n\t\t\t\t\t\t\t\t\t\t<span class=\"elementor-icon-list-text\">Maior experi\u00eancia<\/span>\n\t\t\t\t\t\t\t\t\t<\/li>\n\t\t\t\t\t\t\t\t<li class=\"elementor-icon-list-item\">\n\t\t\t\t\t\t\t\t\t\t\t<span class=\"elementor-icon-list-icon\">\n\t\t\t\t\t\t\t<i aria-hidden=\"true\" class=\"fas fa-magic\"><\/i>\t\t\t\t\t\t<\/span>\n\t\t\t\t\t\t\t\t\t\t<span class=\"elementor-icon-list-text\">Fundos quando necess\u00e1rio<\/span>\n\t\t\t\t\t\t\t\t\t<\/li>\n\t\t\t\t\t\t<\/ul>\n\t\t\t\t\t\t<\/div>\n\t\t\t\t<\/div>\n\t\t\t\t<div class=\"elementor-element elementor-element-c95669b elementor-widget elementor-widget-text-editor\" data-id=\"c95669b\" data-element_type=\"widget\" data-widget_type=\"text-editor.default\">\n\t\t\t\t<div class=\"elementor-widget-container\">\n\t\t\t\t\t\t\t\t\t<p>Al\u00e9m disso, nossos parceiros oferecem suporte e aprimoram nossos pontos fortes, t\u00e3o necess\u00e1rios para ajudar nosso neg\u00f3cio a alcan\u00e7ar resultados e objetivos importantes. Na Chateau Entertainment, continuamos a construir parcerias estrat\u00e9gicas perfeitas que complementam as nossas atividades e nos permitem crescer e avan\u00e7ar.<\/p>\t\t\t\t\t\t\t\t<\/div>\n\t\t\t\t<\/div>\n\t\t\t\t<div class=\"elementor-element elementor-element-486de7e elementor-widget elementor-widget-heading\" data-id=\"486de7e\" data-element_type=\"widget\" data-widget_type=\"heading.default\">\n\t\t\t\t<div class=\"elementor-widget-container\">\n\t\t\t\t\t<h2 class=\"elementor-heading-title elementor-size-default\">Rede de parceiros confi\u00e1veis em r\u00e1pido crescimento<\/h2>\t\t\t\t<\/div>\n\t\t\t\t<\/div>\n\t\t\t\t<div class=\"elementor-element elementor-element-7523ef8 elementor-widget elementor-widget-text-editor\" data-id=\"7523ef8\" data-element_type=\"widget\" data-widget_type=\"text-editor.default\">\n\t\t\t\t<div class=\"elementor-widget-container\">\n\t\t\t\t\t\t\t\t\t<p>Temos orgulho de ter nomes l\u00edderes do setor como nossos parceiros de confian\u00e7a. Esses incluem <strong>Financiadores Su\u00ed\u00e7os<\/strong>, <strong>Instituto IPO<\/strong>, e <strong>Greenberg, Hornblower, Deschenaux &amp; Partners, LLP<\/strong>. Acreditamos que os nossos fortes la\u00e7os com os nossos parceiros nos ajudar\u00e3o a avan\u00e7ar com sucesso.<\/p><p>No entanto, como o nosso empreendimento de aquisi\u00e7\u00e3o de castelos abandonados e propriedades hist\u00f3ricas \u00e9 enorme, precisaremos de mais parceiros para atingir os nossos objectivos de curto e longo prazo de adquirir e restaurar propriedades cr\u00edticas para alug\u00e1-las a artistas para o renascimento da ind\u00fastria do entretenimento.<\/p><p>Por isso, estamos em busca de novas parcerias e convidamos voc\u00ea a se juntar a n\u00f3s em nossa miss\u00e3o de dar vida novamente a marcos hist\u00f3ricos para fornecer aos artistas os melhores caminhos para montar um show e atrair grandes massas para experimentar as artes e o entretenimento como nunca antes.<\/p>\t\t\t\t\t\t\t\t<\/div>\n\t\t\t\t<\/div>\n\t\t\t\t\t<\/div>\n\t\t<\/div>\n\t\t\t\t\t<\/div>\n\t\t<\/section>\n\t\t\t\t<section class=\"elementor-section elementor-top-section elementor-element elementor-element-70d85dd elementor-section-stretched elementor-section-boxed elementor-section-height-default elementor-section-height-default\" data-id=\"70d85dd\" data-element_type=\"section\" data-settings=\"{&quot;stretch_section&quot;:&quot;section-stretched&quot;}\">\n\t\t\t\t\t\t<div class=\"elementor-container elementor-column-gap-default\">\n\t\t\t\t\t<div class=\"elementor-column elementor-col-100 elementor-top-column elementor-element elementor-element-18927e0\" data-id=\"18927e0\" data-element_type=\"column\" data-settings=\"{&quot;background_background&quot;:&quot;classic&quot;}\">\n\t\t\t<div class=\"elementor-widget-wrap elementor-element-populated\">\n\t\t\t\t\t\t<div class=\"elementor-element elementor-element-0f7e59b elementor-posts__hover-none elementor-grid-3 elementor-grid-tablet-2 elementor-grid-mobile-1 elementor-posts--thumbnail-top elementor-widget elementor-widget-posts\" data-id=\"0f7e59b\" data-element_type=\"widget\" data-settings=\"{&quot;cards_row_gap&quot;:{&quot;unit&quot;:&quot;px&quot;,&quot;size&quot;:15,&quot;sizes&quot;:[]},&quot;cards_columns&quot;:&quot;3&quot;,&quot;cards_columns_tablet&quot;:&quot;2&quot;,&quot;cards_columns_mobile&quot;:&quot;1&quot;,&quot;cards_row_gap_tablet&quot;:{&quot;unit&quot;:&quot;px&quot;,&quot;size&quot;:&quot;&quot;,&quot;sizes&quot;:[]},&quot;cards_row_gap_mobile&quot;:{&quot;unit&quot;:&quot;px&quot;,&quot;size&quot;:&quot;&quot;,&quot;sizes&quot;:[]}}\" data-widget_type=\"posts.cards\">\n\t\t\t\t<div class=\"elementor-widget-container\">\n\t\t\t\t\t\t\t<div class=\"elementor-posts-container elementor-posts elementor-posts--skin-cards elementor-grid\">\n\t\t\t\t<article class=\"elementor-post elementor-grid-item post-1046 post type-post status-publish format-standard has-post-thumbnail hentry category-partners\">\n\t\t\t<div class=\"elementor-post__card\">\n\t\t\t\t<a class=\"elementor-post__thumbnail__link\" href=\"https:\/\/chateauentertainment.co\/pt\/partners\/swiss-financiers\/\" tabindex=\"-1\" ><div class=\"elementor-post__thumbnail\"><img fetchpriority=\"high\" decoding=\"async\" width=\"800\" height=\"450\" src=\"https:\/\/chateauentertainment.co\/wp-content\/uploads\/swiss-financiers-img.jpg\" class=\"attachment-large size-large wp-image-3261\" alt=\"\" srcset=\"https:\/\/chateauentertainment.co\/wp-content\/uploads\/swiss-financiers-img.jpg 800w, https:\/\/chateauentertainment.co\/wp-content\/uploads\/swiss-financiers-img-300x169.jpg 300w, https:\/\/chateauentertainment.co\/wp-content\/uploads\/swiss-financiers-img-768x432.jpg 768w, https:\/\/chateauentertainment.co\/wp-content\/uploads\/swiss-financiers-img-18x10.jpg 18w\" sizes=\"(max-width: 800px) 100vw, 800px\" \/><\/div><\/a>\n\t\t\t\t<div class=\"elementor-post__text\">\n\t\t\t\t<h3 class=\"elementor-post__title\">\n\t\t\t<a href=\"https:\/\/chateauentertainment.co\/pt\/partners\/swiss-financiers\/\" >\n\t\t\t\tFinanciadores Su\u00ed\u00e7os\t\t\t<\/a>\n\t\t<\/h3>\n\t\t\t\t<div class=\"elementor-post__excerpt\">\n\t\t\t<p>A Equipe de Financiadores Su\u00ed\u00e7os tem um hist\u00f3rico comprovado de abertura de capital de empresas, garantindo uma proposta de valor transparente e agregada ao longo\u2026<br \/>\n&nbsp;<\/p>\n<div>\n<div style=\"float:left; width=50%;\">\n<a class=\"elementor-post__read-more\" href=\"\/pt\/partners\/swiss-financiers\/\">Consulte Mais informa\u00e7\u00e3o &quot;<\/a>\n        <\/div>\n<div style=\"float:right; width=50%;\">\n<a href=\"https:\/\/swissfinanciers.com\/\" target=\"_blank\" class=\"elementor-button-link elementor-button elementor-size-xs\" role=\"button\" rel=\"noopener\"><span class=\"elementor-button-content-wrapper\"><span class=\"elementor-button-text\">Visite o site<\/span><\/span><\/a>\n        <\/div>\n<div style=\"clear:both;\"><\/div>\n<\/div>\n\t\t<\/div>\n\t\t\t\t<\/div>\n\t\t\t\t\t<\/div>\n\t\t<\/article>\n\t\t\t\t<article class=\"elementor-post elementor-grid-item post-1055 post type-post status-publish format-standard has-post-thumbnail hentry category-partners\">\n\t\t\t<div class=\"elementor-post__card\">\n\t\t\t\t<a class=\"elementor-post__thumbnail__link\" href=\"https:\/\/chateauentertainment.co\/pt\/partners\/ipo-institute\/\" tabindex=\"-1\" ><div class=\"elementor-post__thumbnail\"><img decoding=\"async\" width=\"800\" height=\"450\" src=\"https:\/\/chateauentertainment.co\/wp-content\/uploads\/ipoi-img.jpg\" class=\"attachment-large size-large wp-image-3267\" alt=\"\" srcset=\"https:\/\/chateauentertainment.co\/wp-content\/uploads\/ipoi-img.jpg 800w, https:\/\/chateauentertainment.co\/wp-content\/uploads\/ipoi-img-300x169.jpg 300w, https:\/\/chateauentertainment.co\/wp-content\/uploads\/ipoi-img-768x432.jpg 768w, https:\/\/chateauentertainment.co\/wp-content\/uploads\/ipoi-img-18x10.jpg 18w\" sizes=\"(max-width: 800px) 100vw, 800px\" \/><\/div><\/a>\n\t\t\t\t<div class=\"elementor-post__text\">\n\t\t\t\t<h3 class=\"elementor-post__title\">\n\t\t\t<a href=\"https:\/\/chateauentertainment.co\/pt\/partners\/ipo-institute\/\" >\n\t\t\t\tInstituto IPO\t\t\t<\/a>\n\t\t<\/h3>\n\t\t\t\t<div class=\"elementor-post__excerpt\">\n\t\t\t<p>Um centro de expertise sobre IPO, ensinando conhecimento real, opinando, matando mitos ou informa\u00e7\u00f5es falsas e proporcionando IPO real\u2026<br \/>\n&nbsp;<\/p>\n<div>\n<div style=\"float:left; width=50%;\">\n<a class=\"elementor-post__read-more\" href=\"\/pt\/partners\/ipo-institute\/\">Consulte Mais informa\u00e7\u00e3o &quot;<\/a>\n        <\/div>\n<div style=\"float:right; width=50%;\">\n<a href=\"https:\/\/ipoinstitute.com\/\" target=\"_blank\" class=\"elementor-button-link elementor-button elementor-size-xs\" role=\"button\" rel=\"noopener\"><span class=\"elementor-button-content-wrapper\"><span class=\"elementor-button-text\">Visite o site<\/span><\/span><\/a>\n        <\/div>\n<div style=\"clear:both;\"><\/div>\n<\/div>\n\t\t<\/div>\n\t\t\t\t<\/div>\n\t\t\t\t\t<\/div>\n\t\t<\/article>\n\t\t\t\t<article class=\"elementor-post elementor-grid-item post-1056 post type-post status-publish format-standard has-post-thumbnail hentry category-partners\">\n\t\t\t<div class=\"elementor-post__card\">\n\t\t\t\t<a class=\"elementor-post__thumbnail__link\" href=\"https:\/\/chateauentertainment.co\/pt\/partners\/deschenaux-partners-llp\/\" tabindex=\"-1\" ><div class=\"elementor-post__thumbnail\"><img decoding=\"async\" width=\"800\" height=\"450\" src=\"https:\/\/chateauentertainment.co\/wp-content\/uploads\/ghd-img.jpg\" class=\"attachment-large size-large wp-image-3271\" alt=\"\" srcset=\"https:\/\/chateauentertainment.co\/wp-content\/uploads\/ghd-img.jpg 800w, https:\/\/chateauentertainment.co\/wp-content\/uploads\/ghd-img-300x169.jpg 300w, https:\/\/chateauentertainment.co\/wp-content\/uploads\/ghd-img-768x432.jpg 768w, https:\/\/chateauentertainment.co\/wp-content\/uploads\/ghd-img-18x10.jpg 18w\" sizes=\"(max-width: 800px) 100vw, 800px\" \/><\/div><\/a>\n\t\t\t\t<div class=\"elementor-post__text\">\n\t\t\t\t<h3 class=\"elementor-post__title\">\n\t\t\t<a href=\"https:\/\/chateauentertainment.co\/pt\/partners\/deschenaux-partners-llp\/\" >\n\t\t\t\tDeschenaux &amp; Partners, LLP\t\t\t<\/a>\n\t\t<\/h3>\n\t\t\t\t<div class=\"elementor-post__excerpt\">\n\t\t\t<p>Somos juristas financeiros internacionais porque acreditamos que entrar em lit\u00edgio j\u00e1 \u00e9 um fracasso. N\u00e3o acreditamos em\u2026<br \/>\n&nbsp;<\/p>\n<div>\n<div style=\"float:left; width=50%;\">\n<a class=\"elementor-post__read-more\" href=\"\/pt\/partners\/greenberg-hornblower-deschenaux-partners-llp\/\">Consulte Mais informa\u00e7\u00e3o &quot;<\/a>\n        <\/div>\n<div style=\"float:right; width=50%;\">\n<a href=\"https:\/\/ghd-llp.com\/\" target=\"_blank\" class=\"elementor-button-link elementor-button elementor-size-xs\" role=\"button\" rel=\"noopener\"><span class=\"elementor-button-content-wrapper\"><span class=\"elementor-button-text\">Visite o site<\/span><\/span><\/a>\n        <\/div>\n<div style=\"clear:both;\"><\/div>\n<\/div>\n\t\t<\/div>\n\t\t\t\t<\/div>\n\t\t\t\t\t<\/div>\n\t\t<\/article>\n\t\t\t\t<\/div>\n\t\t\n\t\t\t\t\t\t<\/div>\n\t\t\t\t<\/div>\n\t\t\t\t\t<\/div>\n\t\t<\/div>\n\t\t\t\t\t<\/div>\n\t\t<\/section>\n\t\t\t\t<section class=\"elementor-section elementor-top-section elementor-element elementor-element-2db091b elementor-section-boxed elementor-section-height-default elementor-section-height-default\" data-id=\"2db091b\" data-element_type=\"section\" data-settings=\"{&quot;background_background&quot;:&quot;classic&quot;}\">\n\t\t\t\t\t\t<div class=\"elementor-container elementor-column-gap-default\">\n\t\t\t\t\t<div class=\"elementor-column elementor-col-100 elementor-top-column elementor-element elementor-element-9c2a521\" data-id=\"9c2a521\" data-element_type=\"column\">\n\t\t\t<div class=\"elementor-widget-wrap elementor-element-populated\">\n\t\t\t\t\t\t<div class=\"elementor-element elementor-element-9734ffd elementor-widget elementor-widget-heading\" data-id=\"9734ffd\" data-element_type=\"widget\" data-widget_type=\"heading.default\">\n\t\t\t\t<div class=\"elementor-widget-container\">\n\t\t\t\t\t<h3 class=\"elementor-heading-title elementor-size-default\">Para mais informa\u00e7\u00f5es sobre a Chateau Entertainment ou para firmar uma parceria conosco, entre em contato conosco hoje mesmo.<\/h3>\t\t\t\t<\/div>\n\t\t\t\t<\/div>\n\t\t\t\t<div class=\"elementor-element elementor-element-3db00c3 elementor-widget elementor-widget-heading\" data-id=\"3db00c3\" data-element_type=\"widget\" data-widget_type=\"heading.default\">\n\t\t\t\t<div class=\"elementor-widget-container\">\n\t\t\t\t\t<h3 class=\"elementor-heading-title elementor-size-default\">Vamos fazer hist\u00f3ria juntos.<\/h3>\t\t\t\t<\/div>\n\t\t\t\t<\/div>\n\t\t\t\t<div class=\"elementor-element elementor-element-e48e867 elementor-align-center elementor-widget elementor-widget-button\" data-id=\"e48e867\" data-element_type=\"widget\" data-widget_type=\"button.default\">\n\t\t\t\t<div class=\"elementor-widget-container\">\n\t\t\t\t\t\t\t\t\t<div class=\"elementor-button-wrapper\">\n\t\t\t\t\t<a class=\"elementor-button elementor-button-link elementor-size-sm\" href=\"\/pt\/contact\/\">\n\t\t\t\t\t\t<span class=\"elementor-button-content-wrapper\">\n\t\t\t\t\t\t\t\t\t<span class=\"elementor-button-text\">Contate agora<\/span>\n\t\t\t\t\t<\/span>\n\t\t\t\t\t<\/a>\n\t\t\t\t<\/div>\n\t\t\t\t\t\t\t\t<\/div>\n\t\t\t\t<\/div>\n\t\t\t\t\t<\/div>\n\t\t<\/div>\n\t\t\t\t\t<\/div>\n\t\t<\/section>\n\t\t\t\t<\/div>","protected":false},"excerpt":{"rendered":"<p>Focados em construir parcerias estrat\u00e9gicas de longo prazo e que agregam valor Na Chateau Entertainment, valorizamos nossos investidores e parceiros. Acreditamos que levantar fundos \u00e9 metade do sucesso do nosso SPAC, enquanto a outra metade depende de como colaboramos com nossos parceiros e usamos o capital levantado para adquirir propriedades-alvo. Portanto, nos esfor\u00e7amos para trabalhar com \u2026 <a title=\"Deschenaux &amp; Parceiros, LLP\" class=\"read-more\" href=\"https:\/\/chateauentertainment.co\/pt\/partners\/deschenaux-partners-llp\/\" aria-label=\"Leia mais sobre Deschenaux &amp; Partners, LLP\">Leia mais<\/a><\/p>","protected":false},"author":1,"featured_media":0,"parent":0,"menu_order":25,"comment_status":"closed","ping_status":"closed","template":"","meta":{"footnotes":""},"class_list":["post-505","page","type-page","status-publish","hentry"],"_links":{"self":[{"href":"https:\/\/chateauentertainment.co\/pt\/wp-json\/wp\/v2\/pages\/505","targetHints":{"allow":["GET"]}}],"collection":[{"href":"https:\/\/chateauentertainment.co\/pt\/wp-json\/wp\/v2\/pages"}],"about":[{"href":"https:\/\/chateauentertainment.co\/pt\/wp-json\/wp\/v2\/types\/page"}],"author":[{"embeddable":true,"href":"https:\/\/chateauentertainment.co\/pt\/wp-json\/wp\/v2\/users\/1"}],"replies":[{"embeddable":true,"href":"https:\/\/chateauentertainment.co\/pt\/wp-json\/wp\/v2\/comments?post=505"}],"version-history":[{"count":0,"href":"https:\/\/chateauentertainment.co\/pt\/wp-json\/wp\/v2\/pages\/505\/revisions"}],"wp:attachment":[{"href":"https:\/\/chateauentertainment.co\/pt\/wp-json\/wp\/v2\/media?parent=505"}],"curies":[{"name":"wp","href":"https:\/\/api.w.org\/{rel}","templated":true}]}}