{"id":80,"date":"2020-05-06T14:53:07","date_gmt":"2020-05-06T14:53:07","guid":{"rendered":"https:\/\/new.deschenaux.me\/?page_id=80"},"modified":"2021-09-09T10:39:50","modified_gmt":"2021-09-09T10:39:50","slug":"financials","status":"publish","type":"page","link":"https:\/\/chateauentertainment.co\/pt\/financials\/","title":{"rendered":"Finan\u00e7as"},"content":{"rendered":"<div data-elementor-type=\"wp-page\" data-elementor-id=\"80\" class=\"elementor elementor-80\" data-elementor-post-type=\"page\">\n\t\t\t\t\t\t<section class=\"elementor-section elementor-top-section elementor-element elementor-element-8972890 elementor-section-stretched elementor-section-boxed elementor-section-height-default elementor-section-height-default\" data-id=\"8972890\" data-element_type=\"section\" data-settings=\"{&quot;stretch_section&quot;:&quot;section-stretched&quot;}\">\n\t\t\t\t\t\t<div class=\"elementor-container elementor-column-gap-default\">\n\t\t\t\t\t<div class=\"elementor-column elementor-col-100 elementor-top-column elementor-element elementor-element-7cb295a\" data-id=\"7cb295a\" data-element_type=\"column\">\n\t\t\t<div class=\"elementor-widget-wrap elementor-element-populated\">\n\t\t\t\t\t\t<div class=\"elementor-element elementor-element-69689ba elementor-widget elementor-widget-heading\" data-id=\"69689ba\" data-element_type=\"widget\" data-widget_type=\"heading.default\">\n\t\t\t\t<div class=\"elementor-widget-container\">\n\t\t\t\t\t<h3 class=\"elementor-heading-title elementor-size-default\">N\u00f3s nos esfor\u00e7amos para gerar lucros enquanto mantemos as coisas transparentes.<\/h3>\t\t\t\t<\/div>\n\t\t\t\t<\/div>\n\t\t\t\t<div class=\"elementor-element elementor-element-e12b3f3 elementor-widget elementor-widget-text-editor\" data-id=\"e12b3f3\" data-element_type=\"widget\" data-widget_type=\"text-editor.default\">\n\t\t\t\t<div class=\"elementor-widget-container\">\n\t\t\t\t\t\t\t\t\t<p>No <strong>Chateau Entretenimento SPAC<\/strong>, estamos estritamente focados em levantar capital para adquirir <strong>castelos<\/strong> e <strong>marcos hist\u00f3ricos<\/strong> atrav\u00e9s da nossa <strong>ofertas p\u00fablicas iniciais<\/strong>. Nosso objetivo \u00e9 gerar fluxos cont\u00ednuos de lucros para nossos investidores e parceiros.<\/p><p>Para sermos rent\u00e1veis e sustent\u00e1veis, contamos com a nossa equipa. A vasta experi\u00eancia da nossa equipa de gest\u00e3o em <strong>assuntos financeiros<\/strong>, <strong>investimentos<\/strong>, <strong>empreendimento de capital<\/strong>, <strong>banc\u00e1rio<\/strong>, e <strong>Finan\u00e7as corporativas<\/strong> nos permite apresentar solu\u00e7\u00f5es de financiamento de IPO inovadoras e focadas em resultados.<\/p><p>Como nossa empresa \u00e9 financiada por investimentos e nosso objetivo \u00e9 a gera\u00e7\u00e3o de lucros para nossos investidores, mantemos a transpar\u00eancia. Damos-lhe acesso aos nossos relat\u00f3rios financeiros, incluindo balan\u00e7os, demonstra\u00e7\u00f5es de lucros\/perdas e notas do auditor. O objetivo \u00e9 fornecer a voc\u00ea uma compreens\u00e3o clara e aprofundada de como o Chateau Entertainment SPAC se saiu durante o exerc\u00edcio e atingiu as metas tra\u00e7adas para o ano.<\/p>\t\t\t\t\t\t\t\t<\/div>\n\t\t\t\t<\/div>\n\t\t\t\t<div class=\"elementor-element elementor-element-6b2ea2b elementor-widget elementor-widget-heading\" data-id=\"6b2ea2b\" data-element_type=\"widget\" data-widget_type=\"heading.default\">\n\t\t\t\t<div class=\"elementor-widget-container\">\n\t\t\t\t\t<h2 class=\"elementor-heading-title elementor-size-default\">Mantenha-se atualizado e informado \u2013 tome decis\u00f5es de investimento com total confian\u00e7a<\/h2>\t\t\t\t<\/div>\n\t\t\t\t<\/div>\n\t\t\t\t<div class=\"elementor-element elementor-element-138dcd6 elementor-widget elementor-widget-text-editor\" data-id=\"138dcd6\" data-element_type=\"widget\" data-widget_type=\"text-editor.default\">\n\t\t\t\t<div class=\"elementor-widget-container\">\n\t\t\t\t\t\t\t\t\t<p>Nossos relat\u00f3rios financeiros s\u00e3o confidenciais e compartilhados apenas com nossos investidores e parceiros. Com acesso a esses relat\u00f3rios, voc\u00ea pode avaliar facilmente a situa\u00e7\u00e3o financeira, mudan\u00e7as de entidade e desempenho do Chateau Entertainment SPAC. Fornecemos detalhes completos de nossas atividades financeiras para que voc\u00ea tenha conhecimento de onde e como investimos os recursos arrecadados e as atividades que realizamos para gerar lucros para os investidores.<\/p><p>Al\u00e9m disso, esses relat\u00f3rios financeiros fornecem enormes informa\u00e7\u00f5es sobre receitas, despesas, carga de d\u00edvida, lucratividade e a capacidade de cumprir nossas metas financeiras e de aquisi\u00e7\u00e3o de curto e longo prazo da nossa empresa. Todas essas informa\u00e7\u00f5es ajudam ainda mais os investidores e parceiros a tomar decis\u00f5es de investimento cr\u00edticas e futuras com confian\u00e7a, ao mesmo tempo em que financiam nosso empreendimento para garantir que as necessidades de capital e as metas espec\u00edficas sejam atendidas com sucesso.<\/p><p>Al\u00e9m disso, partilhamos pressupostos e proje\u00e7\u00f5es financeiras futuras para que estejamos cientes das melhores oportunidades de investimento e possamos tomar decis\u00f5es informadas, muito necess\u00e1rias para diversificar a sua carteira de investimentos e, ao mesmo tempo, mitigar o risco.<\/p>\t\t\t\t\t\t\t\t<\/div>\n\t\t\t\t<\/div>\n\t\t\t\t\t<\/div>\n\t\t<\/div>\n\t\t\t\t\t<\/div>\n\t\t<\/section>\n\t\t\t\t<section class=\"elementor-section elementor-top-section elementor-element elementor-element-8feeb75 elementor-section-boxed elementor-section-height-default elementor-section-height-default\" data-id=\"8feeb75\" data-element_type=\"section\" data-settings=\"{&quot;background_background&quot;:&quot;classic&quot;}\">\n\t\t\t\t\t\t<div class=\"elementor-container elementor-column-gap-default\">\n\t\t\t\t\t<div class=\"elementor-column elementor-col-100 elementor-top-column elementor-element elementor-element-dcdfc7d\" data-id=\"dcdfc7d\" data-element_type=\"column\">\n\t\t\t<div class=\"elementor-widget-wrap elementor-element-populated\">\n\t\t\t\t\t\t<div class=\"elementor-element elementor-element-e96862f elementor-widget elementor-widget-heading\" data-id=\"e96862f\" data-element_type=\"widget\" data-widget_type=\"heading.default\">\n\t\t\t\t<div class=\"elementor-widget-container\">\n\t\t\t\t\t<h3 class=\"elementor-heading-title elementor-size-default\">Para obter mais informa\u00e7\u00f5es ou para obter nossos relat\u00f3rios financeiros, entre em contato conosco hoje mesmo.<\/h3>\t\t\t\t<\/div>\n\t\t\t\t<\/div>\n\t\t\t\t<div class=\"elementor-element elementor-element-2f9ac27 elementor-align-center elementor-widget elementor-widget-button\" data-id=\"2f9ac27\" data-element_type=\"widget\" data-widget_type=\"button.default\">\n\t\t\t\t<div class=\"elementor-widget-container\">\n\t\t\t\t\t\t\t\t\t<div class=\"elementor-button-wrapper\">\n\t\t\t\t\t<a class=\"elementor-button elementor-button-link elementor-size-sm\" href=\"\/pt\/contact\/\">\n\t\t\t\t\t\t<span class=\"elementor-button-content-wrapper\">\n\t\t\t\t\t\t\t\t\t<span class=\"elementor-button-text\">Contate agora<\/span>\n\t\t\t\t\t<\/span>\n\t\t\t\t\t<\/a>\n\t\t\t\t<\/div>\n\t\t\t\t\t\t\t\t<\/div>\n\t\t\t\t<\/div>\n\t\t\t\t\t<\/div>\n\t\t<\/div>\n\t\t\t\t\t<\/div>\n\t\t<\/section>\n\t\t\t\t<\/div>","protected":false},"excerpt":{"rendered":"<p>N\u00f3s nos esfor\u00e7amos para gerar lucros enquanto mantemos as coisas transparentes. Na Chateau Entertainment SPAC, estamos estritamente focados em levantar capital para adquirir castelos abandonados e marcos hist\u00f3ricos por meio de nossas ofertas p\u00fablicas iniciais. Nosso objetivo \u00e9 gerar fluxos cont\u00ednuos de lucros para nossos investidores e parceiros. Para sermos rent\u00e1veis e sustent\u00e1veis, contamos com a nossa equipa. \u2026 <a title=\"Finan\u00e7as\" class=\"read-more\" href=\"https:\/\/chateauentertainment.co\/pt\/financials\/\" aria-label=\"Leia mais sobre Finan\u00e7as\">Leia mais<\/a><\/p>","protected":false},"author":1,"featured_media":0,"parent":0,"menu_order":13,"comment_status":"closed","ping_status":"closed","template":"","meta":{"footnotes":""},"class_list":["post-80","page","type-page","status-publish"],"_links":{"self":[{"href":"https:\/\/chateauentertainment.co\/pt\/wp-json\/wp\/v2\/pages\/80","targetHints":{"allow":["GET"]}}],"collection":[{"href":"https:\/\/chateauentertainment.co\/pt\/wp-json\/wp\/v2\/pages"}],"about":[{"href":"https:\/\/chateauentertainment.co\/pt\/wp-json\/wp\/v2\/types\/page"}],"author":[{"embeddable":true,"href":"https:\/\/chateauentertainment.co\/pt\/wp-json\/wp\/v2\/users\/1"}],"replies":[{"embeddable":true,"href":"https:\/\/chateauentertainment.co\/pt\/wp-json\/wp\/v2\/comments?post=80"}],"version-history":[{"count":0,"href":"https:\/\/chateauentertainment.co\/pt\/wp-json\/wp\/v2\/pages\/80\/revisions"}],"wp:attachment":[{"href":"https:\/\/chateauentertainment.co\/pt\/wp-json\/wp\/v2\/media?parent=80"}],"curies":[{"name":"wp","href":"https:\/\/api.w.org\/{rel}","templated":true}]}}