{"id":81,"date":"2020-05-06T14:53:39","date_gmt":"2020-05-06T14:53:39","guid":{"rendered":"https:\/\/new.deschenaux.me\/?page_id=81"},"modified":"2022-09-07T15:41:10","modified_gmt":"2022-09-07T15:41:10","slug":"news","status":"publish","type":"page","link":"https:\/\/chateauentertainment.co\/pt\/news\/","title":{"rendered":"Not\u00edcias"},"content":{"rendered":"<div data-elementor-type=\"wp-page\" data-elementor-id=\"81\" class=\"elementor elementor-81\" data-elementor-post-type=\"page\">\n\t\t\t\t\t\t<section class=\"elementor-section elementor-top-section elementor-element elementor-element-b6a7089 elementor-section-stretched elementor-section-boxed elementor-section-height-default elementor-section-height-default\" data-id=\"b6a7089\" data-element_type=\"section\" data-settings=\"{&quot;stretch_section&quot;:&quot;section-stretched&quot;}\">\n\t\t\t\t\t\t<div class=\"elementor-container elementor-column-gap-default\">\n\t\t\t\t\t<div class=\"elementor-column elementor-col-100 elementor-top-column elementor-element elementor-element-341ddaf\" data-id=\"341ddaf\" data-element_type=\"column\" data-settings=\"{&quot;background_background&quot;:&quot;classic&quot;}\">\n\t\t\t<div class=\"elementor-widget-wrap elementor-element-populated\">\n\t\t\t\t\t\t<div class=\"elementor-element elementor-element-d1b3fd7 elementor-widget elementor-widget-heading\" data-id=\"d1b3fd7\" data-element_type=\"widget\" data-widget_type=\"heading.default\">\n\t\t\t\t<div class=\"elementor-widget-container\">\n\t\t\t\t\t<h3 class=\"elementor-heading-title elementor-size-default\">Ficar atualizado. Bem informado.<\/h3>\t\t\t\t<\/div>\n\t\t\t\t<\/div>\n\t\t\t\t<div class=\"elementor-element elementor-element-3c54445 elementor-widget elementor-widget-text-editor\" data-id=\"3c54445\" data-element_type=\"widget\" data-widget_type=\"text-editor.default\">\n\t\t\t\t<div class=\"elementor-widget-container\">\n\t\t\t\t\t\t\t\t\t<p>A ind\u00fastria do entretenimento \u00e9 vol\u00e1til e altamente din\u00e2mica. Foi uma das ind\u00fastrias mais atingidas durante a pandemia, pois todas as vias de entretenimento ao vivo foram fechadas. Ap\u00f3s a pandemia, testemunhamos uma nova mudan\u00e7a com um crescimento crescente dos concorrentes online.<\/p><p>No entanto, na Chateau Entertainment, acreditamos que n\u00e3o h\u00e1 substituto para o entretenimento ao vivo e no palco. Portanto, avan\u00e7amos para revitalizar a ind\u00fastria, dando vida a castelos hist\u00f3ricos e emblem\u00e1ticos e depois alugando-os a artistas para atrair p\u00fablico e gerar lucros para os nossos investidores.<\/p><p>Com a entrada de novos concorrentes no mercado e a implementa\u00e7\u00e3o de estrat\u00e9gias para revitalizar a ind\u00fastria ap\u00f3s a pandemia, \u00e9 crucial que todos os associados \u00e0 ind\u00fastria estejam a par das \u00faltimas novidades, a fim de tomar decis\u00f5es informadas. Portanto, recomendamos que voc\u00ea visite nossa se\u00e7\u00e3o de not\u00edcias regularmente para ter certeza de que est\u00e1 bem informado sobre os \u00faltimos desenvolvimentos do setor.<\/p><p>Na Chateau Entertainment, por meio de nossa se\u00e7\u00e3o de not\u00edcias, mantemos nossos investidores, parceiros, m\u00e1gicos e artistas atualizados sobre nosso projeto SPAC, novos marcos, oportunidades de investimento e desenvolvimentos gerais da ind\u00fastria. Compartilharemos com voc\u00eas todas as novidades relacionadas ao nosso:<\/p>\t\t\t\t\t\t\t\t<\/div>\n\t\t\t\t<\/div>\n\t\t\t\t<div class=\"elementor-element elementor-element-058ff79 elementor-icon-list--layout-traditional elementor-list-item-link-full_width elementor-widget elementor-widget-icon-list\" data-id=\"058ff79\" data-element_type=\"widget\" data-widget_type=\"icon-list.default\">\n\t\t\t\t<div class=\"elementor-widget-container\">\n\t\t\t\t\t\t\t<ul class=\"elementor-icon-list-items\">\n\t\t\t\t\t\t\t<li class=\"elementor-icon-list-item\">\n\t\t\t\t\t\t\t\t\t\t\t<span class=\"elementor-icon-list-icon\">\n\t\t\t\t\t\t\t<i aria-hidden=\"true\" class=\"fas fa-dot-circle\"><\/i>\t\t\t\t\t\t<\/span>\n\t\t\t\t\t\t\t\t\t\t<span class=\"elementor-icon-list-text\">Novas aquisi\u00e7\u00f5es (como localiza\u00e7\u00e3o e nomes dos castelos abandonados e propriedades hist\u00f3ricas que continuamos a adquirir e rejuvenescer)<\/span>\n\t\t\t\t\t\t\t\t\t<\/li>\n\t\t\t\t\t\t\t\t<li class=\"elementor-icon-list-item\">\n\t\t\t\t\t\t\t\t\t\t\t<span class=\"elementor-icon-list-icon\">\n\t\t\t\t\t\t\t<i aria-hidden=\"true\" class=\"fas fa-dot-circle\"><\/i>\t\t\t\t\t\t<\/span>\n\t\t\t\t\t\t\t\t\t\t<span class=\"elementor-icon-list-text\">Parcerias (novos parceiros que se unem, incluindo investidores e artistas)<\/span>\n\t\t\t\t\t\t\t\t\t<\/li>\n\t\t\t\t\t\t\t\t<li class=\"elementor-icon-list-item\">\n\t\t\t\t\t\t\t\t\t\t\t<span class=\"elementor-icon-list-icon\">\n\t\t\t\t\t\t\t<i aria-hidden=\"true\" class=\"fas fa-dot-circle\"><\/i>\t\t\t\t\t\t<\/span>\n\t\t\t\t\t\t\t\t\t\t<span class=\"elementor-icon-list-text\">Financiamento de capital (fundos organizados de onde e como, e capital necess\u00e1rio)<\/span>\n\t\t\t\t\t\t\t\t\t<\/li>\n\t\t\t\t\t\t\t\t<li class=\"elementor-icon-list-item\">\n\t\t\t\t\t\t\t\t\t\t\t<span class=\"elementor-icon-list-icon\">\n\t\t\t\t\t\t\t<i aria-hidden=\"true\" class=\"fas fa-dot-circle\"><\/i>\t\t\t\t\t\t<\/span>\n\t\t\t\t\t\t\t\t\t\t<span class=\"elementor-icon-list-text\">Obras de restauro (obras pendentes, em curso ou projetos conclu\u00eddos)<\/span>\n\t\t\t\t\t\t\t\t\t<\/li>\n\t\t\t\t\t\t\t\t<li class=\"elementor-icon-list-item\">\n\t\t\t\t\t\t\t\t\t\t\t<span class=\"elementor-icon-list-icon\">\n\t\t\t\t\t\t\t<i aria-hidden=\"true\" class=\"fas fa-dot-circle\"><\/i>\t\t\t\t\t\t<\/span>\n\t\t\t\t\t\t\t\t\t\t<span class=\"elementor-icon-list-text\">Negocia\u00e7\u00f5es (negocia\u00e7\u00f5es pelas quais estamos ansiosos e que foram conclu\u00eddas com sucesso)<\/span>\n\t\t\t\t\t\t\t\t\t<\/li>\n\t\t\t\t\t\t\t\t<li class=\"elementor-icon-list-item\">\n\t\t\t\t\t\t\t\t\t\t\t<span class=\"elementor-icon-list-icon\">\n\t\t\t\t\t\t\t<i aria-hidden=\"true\" class=\"fas fa-dot-circle\"><\/i>\t\t\t\t\t\t<\/span>\n\t\t\t\t\t\t\t\t\t\t<span class=\"elementor-icon-list-text\">Oportunidades de investimento (caminhos lucrativos para diversificar e aumentar seu portf\u00f3lio)<\/span>\n\t\t\t\t\t\t\t\t\t<\/li>\n\t\t\t\t\t\t<\/ul>\n\t\t\t\t\t\t<\/div>\n\t\t\t\t<\/div>\n\t\t\t\t<div class=\"elementor-element elementor-element-d103b55 elementor-widget elementor-widget-text-editor\" data-id=\"d103b55\" data-element_type=\"widget\" data-widget_type=\"text-editor.default\">\n\t\t\t\t<div class=\"elementor-widget-container\">\n\t\t\t\t\t\t\t\t\t<p>Garantimos que voc\u00ea tenha informa\u00e7\u00f5es aut\u00eanticas e precisas para que esteja informado para tomar as decis\u00f5es de investimento corretas em tempo real, aumentando assim seu portf\u00f3lio e, ao mesmo tempo, mitigando os riscos.<\/p><p>Nesta se\u00e7\u00e3o, compartilharemos recursos, guias de investimento, comunicados \u00e0 imprensa, not\u00edcias do setor, relat\u00f3rios financeiros e muito mais. Continuaremos a atualiz\u00e1-lo sobre todos os acontecimentos mais recentes em tempo real.<\/p>\t\t\t\t\t\t\t\t<\/div>\n\t\t\t\t<\/div>\n\t\t\t\t<div class=\"elementor-element elementor-element-b6e7ab0 elementor-posts__hover-none elementor-hidden-desktop elementor-hidden-tablet elementor-hidden-mobile elementor-grid-3 elementor-grid-tablet-2 elementor-grid-mobile-1 elementor-posts--thumbnail-top elementor-widget elementor-widget-posts\" data-id=\"b6e7ab0\" data-element_type=\"widget\" data-settings=\"{&quot;cards_row_gap&quot;:{&quot;unit&quot;:&quot;px&quot;,&quot;size&quot;:15,&quot;sizes&quot;:[]},&quot;cards_columns&quot;:&quot;3&quot;,&quot;cards_columns_tablet&quot;:&quot;2&quot;,&quot;cards_columns_mobile&quot;:&quot;1&quot;,&quot;cards_row_gap_tablet&quot;:{&quot;unit&quot;:&quot;px&quot;,&quot;size&quot;:&quot;&quot;,&quot;sizes&quot;:[]},&quot;cards_row_gap_mobile&quot;:{&quot;unit&quot;:&quot;px&quot;,&quot;size&quot;:&quot;&quot;,&quot;sizes&quot;:[]}}\" data-widget_type=\"posts.cards\">\n\t\t\t\t<div class=\"elementor-widget-container\">\n\t\t\t\t\t\t\t<div class=\"elementor-posts-container elementor-posts elementor-posts--skin-cards elementor-grid\">\n\t\t\t\t<article class=\"elementor-post elementor-grid-item post-1020 post type-post status-publish format-standard has-post-thumbnail hentry category-news\">\n\t\t\t<div class=\"elementor-post__card\">\n\t\t\t\t<a class=\"elementor-post__thumbnail__link\" href=\"https:\/\/chateauentertainment.co\/pt\/news\/news-1\/\" tabindex=\"-1\" ><div class=\"elementor-post__thumbnail\"><img fetchpriority=\"high\" decoding=\"async\" width=\"900\" height=\"600\" src=\"https:\/\/chateauentertainment.co\/wp-content\/uploads\/2020\/05\/initial-advice.jpg\" class=\"attachment-large size-large wp-image-35\" alt=\"\" srcset=\"https:\/\/chateauentertainment.co\/wp-content\/uploads\/2020\/05\/initial-advice.jpg 900w, https:\/\/chateauentertainment.co\/wp-content\/uploads\/2020\/05\/initial-advice-600x400.jpg 600w, https:\/\/chateauentertainment.co\/wp-content\/uploads\/2020\/05\/initial-advice-300x200.jpg 300w, https:\/\/chateauentertainment.co\/wp-content\/uploads\/2020\/05\/initial-advice-768x512.jpg 768w\" sizes=\"(max-width: 900px) 100vw, 900px\" \/><\/div><\/a>\n\t\t\t\t<div class=\"elementor-post__text\">\n\t\t\t\t<h3 class=\"elementor-post__title\">\n\t\t\t<a href=\"https:\/\/chateauentertainment.co\/pt\/news\/news-1\/\" >\n\t\t\t\tNot\u00edcias 1\t\t\t<\/a>\n\t\t<\/h3>\n\t\t\t\t<div class=\"elementor-post__excerpt\">\n\t\t\t<p>A postagem 1 das primeiras frases do artigo aparecer\u00e1 aqui, e voc\u00ea pode modific\u00e1-la dentro do<\/p>\n\t\t<\/div>\n\t\t\n\t\t<a class=\"elementor-post__read-more\" href=\"https:\/\/chateauentertainment.co\/pt\/news\/news-1\/\" aria-label=\"Leia mais sobre Not\u00edcias 1\" tabindex=\"-1\" >\n\t\t\tConsulte Mais informa\u00e7\u00e3o &quot;\t\t<\/a>\n\n\t\t\t\t<\/div>\n\t\t\t\t\t<\/div>\n\t\t<\/article>\n\t\t\t\t<article class=\"elementor-post elementor-grid-item post-1019 post type-post status-publish format-standard has-post-thumbnail hentry category-news\">\n\t\t\t<div class=\"elementor-post__card\">\n\t\t\t\t<a class=\"elementor-post__thumbnail__link\" href=\"https:\/\/chateauentertainment.co\/pt\/news\/news-2\/\" tabindex=\"-1\" ><div class=\"elementor-post__thumbnail\"><img decoding=\"async\" width=\"600\" height=\"450\" src=\"https:\/\/chateauentertainment.co\/wp-content\/uploads\/2020\/05\/companies.jpg\" class=\"attachment-large size-large wp-image-34\" alt=\"\" srcset=\"https:\/\/chateauentertainment.co\/wp-content\/uploads\/2020\/05\/companies.jpg 600w, https:\/\/chateauentertainment.co\/wp-content\/uploads\/2020\/05\/companies-300x225.jpg 300w\" sizes=\"(max-width: 600px) 100vw, 600px\" \/><\/div><\/a>\n\t\t\t\t<div class=\"elementor-post__text\">\n\t\t\t\t<h3 class=\"elementor-post__title\">\n\t\t\t<a href=\"https:\/\/chateauentertainment.co\/pt\/news\/news-2\/\" >\n\t\t\t\tNot\u00edcias 2\t\t\t<\/a>\n\t\t<\/h3>\n\t\t\t\t<div class=\"elementor-post__excerpt\">\n\t\t\t<p>A postagem das 2 primeiras frases do artigo aparecer\u00e1 aqui, e voc\u00ea pode modific\u00e1-las dentro do<\/p>\n\t\t<\/div>\n\t\t\n\t\t<a class=\"elementor-post__read-more\" href=\"https:\/\/chateauentertainment.co\/pt\/news\/news-2\/\" aria-label=\"Leia mais sobre Not\u00edcias 2\" tabindex=\"-1\" >\n\t\t\tConsulte Mais informa\u00e7\u00e3o &quot;\t\t<\/a>\n\n\t\t\t\t<\/div>\n\t\t\t\t\t<\/div>\n\t\t<\/article>\n\t\t\t\t<article class=\"elementor-post elementor-grid-item post-1017 post type-post status-publish format-standard has-post-thumbnail hentry category-news\">\n\t\t\t<div class=\"elementor-post__card\">\n\t\t\t\t<a class=\"elementor-post__thumbnail__link\" href=\"https:\/\/chateauentertainment.co\/pt\/news\/news-3\/\" tabindex=\"-1\" ><div class=\"elementor-post__thumbnail\"><img decoding=\"async\" width=\"600\" height=\"450\" src=\"https:\/\/chateauentertainment.co\/wp-content\/uploads\/2020\/05\/invididuals.jpg\" class=\"attachment-large size-large wp-image-33\" alt=\"\" srcset=\"https:\/\/chateauentertainment.co\/wp-content\/uploads\/2020\/05\/invididuals.jpg 600w, https:\/\/chateauentertainment.co\/wp-content\/uploads\/2020\/05\/invididuals-300x225.jpg 300w\" sizes=\"(max-width: 600px) 100vw, 600px\" \/><\/div><\/a>\n\t\t\t\t<div class=\"elementor-post__text\">\n\t\t\t\t<h3 class=\"elementor-post__title\">\n\t\t\t<a href=\"https:\/\/chateauentertainment.co\/pt\/news\/news-3\/\" >\n\t\t\t\tNot\u00edcias 3\t\t\t<\/a>\n\t\t<\/h3>\n\t\t\t\t<div class=\"elementor-post__excerpt\">\n\t\t\t<p>A postagem das 3 primeiras frases do artigo aparecer\u00e1 aqui, e voc\u00ea pode modific\u00e1-las dentro do<\/p>\n\t\t<\/div>\n\t\t\n\t\t<a class=\"elementor-post__read-more\" href=\"https:\/\/chateauentertainment.co\/pt\/news\/news-3\/\" aria-label=\"Leia mais sobre Not\u00edcias 3\" tabindex=\"-1\" >\n\t\t\tConsulte Mais informa\u00e7\u00e3o &quot;\t\t<\/a>\n\n\t\t\t\t<\/div>\n\t\t\t\t\t<\/div>\n\t\t<\/article>\n\t\t\t\t<\/div>\n\t\t\n\t\t\t\t\t\t<\/div>\n\t\t\t\t<\/div>\n\t\t\t\t\t<\/div>\n\t\t<\/div>\n\t\t\t\t\t<\/div>\n\t\t<\/section>\n\t\t\t\t<\/div>","protected":false},"excerpt":{"rendered":"<p>Mantenha-se atualizado. Bem informado. A ind\u00fastria do entretenimento \u00e9 vol\u00e1til e altamente din\u00e2mica. Foi uma das ind\u00fastrias mais atingidas durante a pandemia, pois todas as vias para entretenimento ao vivo foram fechadas. Ap\u00f3s a pandemia, testemunhamos uma nova mudan\u00e7a com um crescimento crescente de concorrentes online. No entanto, na Chateau Entertainment, acreditamos que h\u00e1 \u2026 <a title=\"Not\u00edcias 3\" class=\"read-more\" href=\"https:\/\/chateauentertainment.co\/pt\/news\/news-3\/\" aria-label=\"Leia mais sobre News 3\">Leia mais<\/a><\/p>","protected":false},"author":1,"featured_media":0,"parent":0,"menu_order":20,"comment_status":"closed","ping_status":"closed","template":"","meta":{"footnotes":""},"class_list":["post-81","page","type-page","status-publish","hentry"],"_links":{"self":[{"href":"https:\/\/chateauentertainment.co\/pt\/wp-json\/wp\/v2\/pages\/81","targetHints":{"allow":["GET"]}}],"collection":[{"href":"https:\/\/chateauentertainment.co\/pt\/wp-json\/wp\/v2\/pages"}],"about":[{"href":"https:\/\/chateauentertainment.co\/pt\/wp-json\/wp\/v2\/types\/page"}],"author":[{"embeddable":true,"href":"https:\/\/chateauentertainment.co\/pt\/wp-json\/wp\/v2\/users\/1"}],"replies":[{"embeddable":true,"href":"https:\/\/chateauentertainment.co\/pt\/wp-json\/wp\/v2\/comments?post=81"}],"version-history":[{"count":0,"href":"https:\/\/chateauentertainment.co\/pt\/wp-json\/wp\/v2\/pages\/81\/revisions"}],"wp:attachment":[{"href":"https:\/\/chateauentertainment.co\/pt\/wp-json\/wp\/v2\/media?parent=81"}],"curies":[{"name":"wp","href":"https:\/\/api.w.org\/{rel}","templated":true}]}}