{"id":83,"date":"2020-05-06T14:53:32","date_gmt":"2020-05-06T14:53:32","guid":{"rendered":"https:\/\/new.deschenaux.me\/?page_id=83"},"modified":"2022-08-07T20:27:11","modified_gmt":"2022-08-07T20:27:11","slug":"team","status":"publish","type":"page","link":"https:\/\/chateauentertainment.co\/pt\/team\/","title":{"rendered":"Equipe"},"content":{"rendered":"<div data-elementor-type=\"wp-page\" data-elementor-id=\"83\" class=\"elementor elementor-83\" data-elementor-post-type=\"page\">\n\t\t\t\t\t\t<section class=\"elementor-section elementor-top-section elementor-element elementor-element-4c09c46 elementor-section-stretched elementor-section-boxed elementor-section-height-default elementor-section-height-default\" data-id=\"4c09c46\" data-element_type=\"section\" data-settings=\"{&quot;stretch_section&quot;:&quot;section-stretched&quot;}\">\n\t\t\t\t\t\t<div class=\"elementor-container elementor-column-gap-default\">\n\t\t\t\t\t<div class=\"elementor-column elementor-col-100 elementor-top-column elementor-element elementor-element-6a4d63a\" data-id=\"6a4d63a\" data-element_type=\"column\">\n\t\t\t<div class=\"elementor-widget-wrap elementor-element-populated\">\n\t\t\t\t\t\t<div class=\"elementor-element elementor-element-3576b00 elementor-widget elementor-widget-heading\" data-id=\"3576b00\" data-element_type=\"widget\" data-widget_type=\"heading.default\">\n\t\t\t\t<div class=\"elementor-widget-container\">\n\t\t\t\t\t<h3 class=\"elementor-heading-title elementor-size-default\">Apaixonado. Com experi\u00eancia. Dirigido.<\/h3>\t\t\t\t<\/div>\n\t\t\t\t<\/div>\n\t\t\t\t<div class=\"elementor-element elementor-element-646c58f elementor-widget elementor-widget-text-editor\" data-id=\"646c58f\" data-element_type=\"widget\" data-widget_type=\"text-editor.default\">\n\t\t\t\t<div class=\"elementor-widget-container\">\n\t\t\t\t\t\t\t\t\t<p>A Chateau Entertainment se orgulha de ter uma equipe de pessoas com ideias semelhantes, experientes, apaixonadas e motivadas para fazer o sucesso acontecer para seus investidores e parceiros. Nossa equipe \u00e9 liderada por Marc Deschenaux, s\u00f3cio fundador da Swiss Financiers e especialista de renome mundial em finan\u00e7as corporativas. Deschenaux tem uma vasta experi\u00eancia em gest\u00e3o, inova\u00e7\u00e3o, lideran\u00e7a e governan\u00e7a. Esta experi\u00eancia, quando combinada com a sua experi\u00eancia em investimento e capital de risco, garante que o sucesso \u00e9 inevit\u00e1vel.<\/p><p>Na Chateau Entertainment, nossa equipe, sob a forte lideran\u00e7a e orienta\u00e7\u00e3o de Marc Deschenaux, est\u00e1 focada em fornecer oportunidades de investimento geradoras de lucro aos nossos investidores e no crescimento de seus portf\u00f3lios.<\/p><p>Procuramos e adquirimos ativamente castelos abandonados e propriedades hist\u00f3ricas a pre\u00e7os acess\u00edveis. Uma vez adquiridos pela Chateau Entertainment SPAC, passaremos para a pr\u00f3xima etapa, rejuvenescendo essas propriedades restaurando seu apelo visual e mantendo seu legado intacto. Nossa equipe n\u00e3o para por aqui.<\/p><p>A recupera\u00e7\u00e3o destas propriedades abandonadas aumentar\u00e1 instantaneamente a sua procura. No entanto, pretendemos aproveitar a elevada procura destas propriedades no melhor interesse dos nossos investidores e parceiros, alugando-as a artistas, m\u00e1gicos e artistas que tenham a arte e o artesanato para atrair massas e gerar fluxos cont\u00ednuos de receitas. \u00c0 medida que a popularidade cresce, tamb\u00e9m aumentam os lucros dos nossos investidores. \u00c9 assim que nossa equipe se esfor\u00e7a para proporcionar altos retornos sobre os investimentos.<\/p><p>Continuamos a trabalhar diligentemente e a providenciar financiamento de capital para novas aquisi\u00e7\u00f5es de propriedades. Para a nossa equipe, \u00e9 um empreendimento que ir\u00e1 revitalizar a ind\u00fastria do entretenimento, dar vida a propriedades hist\u00f3ricas e abandonadas e provar ser uma fonte de gera\u00e7\u00e3o de lucros para os nossos investidores. Estamos prontos para fazer hist\u00f3ria.<\/p>\t\t\t\t\t\t\t\t<\/div>\n\t\t\t\t<\/div>\n\t\t\t\t\t<\/div>\n\t\t<\/div>\n\t\t\t\t\t<\/div>\n\t\t<\/section>\n\t\t\t\t<section class=\"elementor-section elementor-top-section elementor-element elementor-element-65d2e74c elementor-section-content-middle elementor-section-stretched elementor-section-boxed elementor-section-height-default elementor-section-height-default\" data-id=\"65d2e74c\" data-element_type=\"section\" data-settings=\"{&quot;stretch_section&quot;:&quot;section-stretched&quot;,&quot;background_background&quot;:&quot;classic&quot;}\">\n\t\t\t\t\t\t<div class=\"elementor-container elementor-column-gap-narrow\">\n\t\t\t\t\t<div class=\"elementor-column elementor-col-100 elementor-top-column elementor-element elementor-element-2d50462\" data-id=\"2d50462\" data-element_type=\"column\">\n\t\t\t<div class=\"elementor-widget-wrap elementor-element-populated\">\n\t\t\t\t\t\t<div class=\"elementor-element elementor-element-c67c9b0 elementor-posts--align-center elementor-grid-3 elementor-grid-tablet-2 elementor-grid-mobile-1 elementor-posts--thumbnail-top elementor-widget elementor-widget-posts\" data-id=\"c67c9b0\" data-element_type=\"widget\" data-settings=\"{&quot;classic_row_gap&quot;:{&quot;unit&quot;:&quot;px&quot;,&quot;size&quot;:15,&quot;sizes&quot;:[]},&quot;classic_columns&quot;:&quot;3&quot;,&quot;classic_columns_tablet&quot;:&quot;2&quot;,&quot;classic_columns_mobile&quot;:&quot;1&quot;,&quot;classic_row_gap_tablet&quot;:{&quot;unit&quot;:&quot;px&quot;,&quot;size&quot;:&quot;&quot;,&quot;sizes&quot;:[]},&quot;classic_row_gap_mobile&quot;:{&quot;unit&quot;:&quot;px&quot;,&quot;size&quot;:&quot;&quot;,&quot;sizes&quot;:[]}}\" data-widget_type=\"posts.classic\">\n\t\t\t\t<div class=\"elementor-widget-container\">\n\t\t\t\t\t\t\t<div class=\"elementor-posts-container elementor-posts elementor-posts--skin-classic elementor-grid\">\n\t\t\t\t<article class=\"elementor-post elementor-grid-item post-3471 post type-post status-publish format-standard has-post-thumbnail hentry category-board-of-directors category-management category-team\">\n\t\t\t\t<a class=\"elementor-post__thumbnail__link\" href=\"https:\/\/chateauentertainment.co\/pt\/team\/mark-setteducati-2\/\" tabindex=\"-1\" >\n\t\t\t<div class=\"elementor-post__thumbnail\"><img fetchpriority=\"high\" decoding=\"async\" width=\"1024\" height=\"682\" src=\"https:\/\/chateauentertainment.co\/wp-content\/uploads\/Mark_Setteducati-1024x682.jpeg\" class=\"attachment-large size-large wp-image-3488\" alt=\"Mark Setteducati\" \/><\/div>\n\t\t<\/a>\n\t\t\t\t<div class=\"elementor-post__text\">\n\t\t\t\t<h3 class=\"elementor-post__title\">\n\t\t\t<a href=\"https:\/\/chateauentertainment.co\/pt\/team\/mark-setteducati-2\/\" >\n\t\t\t\tMark Setteducati\t\t\t<\/a>\n\t\t<\/h3>\n\t\t\t\t<div class=\"elementor-post__excerpt\">\n\t\t\t<h3>Presidente<\/h3>\n<p style=\"text-align:justify;\">Mark Setteducati (nascido em 1 de novembro de 1955) \u00e9 um m\u00e1gico americano e inventor de magia, ilus\u00f5es, jogos e quebra-cabe\u00e7as. Ele tamb\u00e9m \u00e9 autor, conhecido pelo livro The Magic Show, e apresentado no PBS Inventors. Setteducati nasceu na cidade de Nova York, NY e cresceu em Emerson, Nova Jersey.<\/p>\n<p>&nbsp;<br \/>\n<a class=\"elementor-icon elementor-social-icon elementor-social-icon-linkedin elementor-repeater-item-c605892\" href=\"https:\/\/www.linkedin.com\/in\/mark-setteducati-3519a027\/\" target=\"_blank\" rel=\"noopener noreferrer\"><i class=\"fab fa-linkedin\"><\/i><\/a><\/p>\n\t\t<\/div>\n\t\t\n\t\t<a class=\"elementor-post__read-more\" href=\"https:\/\/chateauentertainment.co\/pt\/team\/mark-setteducati-2\/\" aria-label=\"Leia mais sobre Mark Setteducati\" tabindex=\"-1\" >\n\t\t\tSaber mais &quot;\t\t<\/a>\n\n\t\t\t\t<\/div>\n\t\t\t\t<\/article>\n\t\t\t\t<article class=\"elementor-post elementor-grid-item post-2791 post type-post status-publish format-standard has-post-thumbnail hentry category-board-of-directors category-management category-team\">\n\t\t\t\t<a class=\"elementor-post__thumbnail__link\" href=\"https:\/\/chateauentertainment.co\/pt\/team\/marc-deschenaux\/\" tabindex=\"-1\" >\n\t\t\t<div class=\"elementor-post__thumbnail\"><img decoding=\"async\" width=\"585\" height=\"585\" src=\"https:\/\/chateauentertainment.co\/wp-content\/uploads\/Marc-Deschenaux_CFO.jpg\" class=\"attachment-large size-large wp-image-3506\" alt=\"Marc Deschenaux\" srcset=\"https:\/\/chateauentertainment.co\/wp-content\/uploads\/Marc-Deschenaux_CFO.jpg 585w, https:\/\/chateauentertainment.co\/wp-content\/uploads\/Marc-Deschenaux_CFO-300x300.jpg 300w, https:\/\/chateauentertainment.co\/wp-content\/uploads\/Marc-Deschenaux_CFO-150x150.jpg 150w, https:\/\/chateauentertainment.co\/wp-content\/uploads\/Marc-Deschenaux_CFO-12x12.jpg 12w\" sizes=\"(max-width: 585px) 100vw, 585px\" \/><\/div>\n\t\t<\/a>\n\t\t\t\t<div class=\"elementor-post__text\">\n\t\t\t\t<h3 class=\"elementor-post__title\">\n\t\t\t<a href=\"https:\/\/chateauentertainment.co\/pt\/team\/marc-deschenaux\/\" >\n\t\t\t\tMarc Deschenaux\t\t\t<\/a>\n\t\t<\/h3>\n\t\t\t\t<div class=\"elementor-post__excerpt\">\n\t\t\t<h3>Diretor financeiro<\/h3>\n<p style=\"text-align:justify;\">Marc Deschenaux \u00e9 um especialista mundial em Finan\u00e7as Corporativas, desde ofertas privadas at\u00e9 ofertas p\u00fablicas iniciais (IPO&#039;s). Ele levantou capital privado e p\u00fablico, capital e d\u00edvida, para empresas internacionalmente. Ele tamb\u00e9m financiou v\u00e1rios tipos de opera\u00e7\u00f5es, desde transa\u00e7\u00f5es de importa\u00e7\u00e3o\/exporta\u00e7\u00e3o at\u00e9 Fundos de Investimento Imobili\u00e1rio e empr\u00e9stimos governamentais organizados.<\/p>\n<p>&nbsp;<br \/>\n<a class=\"elementor-icon elementor-social-icon elementor-social-icon-linkedin elementor-repeater-item-c605892\" href=\"https:\/\/www.linkedin.com\/in\/marcdeschenaux\/\" target=\"_blank\" rel=\"noopener noreferrer\"><i class=\"fab fa-linkedin\"><\/i><\/a><\/p>\n\t\t<\/div>\n\t\t\n\t\t<a class=\"elementor-post__read-more\" href=\"https:\/\/chateauentertainment.co\/pt\/team\/marc-deschenaux\/\" aria-label=\"Leia mais sobre Marc Deschenaux\" tabindex=\"-1\" >\n\t\t\tSaber mais &quot;\t\t<\/a>\n\n\t\t\t\t<\/div>\n\t\t\t\t<\/article>\n\t\t\t\t<\/div>\n\t\t\n\t\t\t\t\t\t<\/div>\n\t\t\t\t<\/div>\n\t\t\t\t\t<\/div>\n\t\t<\/div>\n\t\t\t\t\t<\/div>\n\t\t<\/section>\n\t\t\t\t<\/div>","protected":false},"excerpt":{"rendered":"<p>Apaixonado. Experiente. Motivado. A Chateau Entertainment se orgulha de ter uma equipe de pessoas com ideias semelhantes, experientes, apaixonadas e motivadas a fazer o sucesso acontecer para seus investidores e parceiros. Nossa equipe \u00e9 liderada por Marc Deschenaux, o s\u00f3cio fundador da Swiss Financiers e um especialista de renome mundial em finan\u00e7as corporativas. Deschenaux tem uma vasta experi\u00eancia \u2026 <a title=\"Marc Deschenaux\" class=\"read-more\" href=\"https:\/\/chateauentertainment.co\/pt\/team\/marc-deschenaux\/\" aria-label=\"Leia mais sobre Marc Deschenaux\">Leia mais<\/a><\/p>","protected":false},"author":1,"featured_media":0,"parent":0,"menu_order":24,"comment_status":"closed","ping_status":"closed","template":"","meta":{"footnotes":""},"class_list":["post-83","page","type-page","status-publish","hentry"],"_links":{"self":[{"href":"https:\/\/chateauentertainment.co\/pt\/wp-json\/wp\/v2\/pages\/83","targetHints":{"allow":["GET"]}}],"collection":[{"href":"https:\/\/chateauentertainment.co\/pt\/wp-json\/wp\/v2\/pages"}],"about":[{"href":"https:\/\/chateauentertainment.co\/pt\/wp-json\/wp\/v2\/types\/page"}],"author":[{"embeddable":true,"href":"https:\/\/chateauentertainment.co\/pt\/wp-json\/wp\/v2\/users\/1"}],"replies":[{"embeddable":true,"href":"https:\/\/chateauentertainment.co\/pt\/wp-json\/wp\/v2\/comments?post=83"}],"version-history":[{"count":0,"href":"https:\/\/chateauentertainment.co\/pt\/wp-json\/wp\/v2\/pages\/83\/revisions"}],"wp:attachment":[{"href":"https:\/\/chateauentertainment.co\/pt\/wp-json\/wp\/v2\/media?parent=83"}],"curies":[{"name":"wp","href":"https:\/\/api.w.org\/{rel}","templated":true}]}}